{"id":11148,"date":"2023-01-12T20:51:24","date_gmt":"2023-01-12T19:51:24","guid":{"rendered":"https:\/\/agora.xtec.cat\/iesterraroja\/?page_id=11148"},"modified":"2023-04-19T10:20:18","modified_gmt":"2023-04-19T08:20:18","slug":"pfi-comerc","status":"publish","type":"page","link":"https:\/\/agora.xtec.cat\/iesterraroja\/pfi\/pfi-comerc\/","title":{"rendered":"PFI auxiliar de vendes, oficina i atenci\u00f3 al p\u00fablic"},"content":{"rendered":"<p dir=\"ltr\" style=\"text-align: justify;\">Aquests estudis capaciten per dur a terme tasques auxiliars en l\u2019\u00e0mbit de vendes, oficina i atenci\u00f3 al p\u00fablic.<\/p>\n<p style=\"text-align: justify;\"><a href=\"https:\/\/xtec.gencat.cat\/web\/.content\/curriculum\/professionals\/pfi\/documents\/Auxiliar-vendes-oficinaiatencio-al-public-prof.pdf\">FITXA T\u00c8CNICA<\/a><\/p>\n<h6 dir=\"ltr\" style=\"text-align: justify;\">Qu\u00e8 aprendr\u00e0s a fer?<\/h6>\n<p dir=\"ltr\" style=\"text-align: justify;\">Realitzar operacions auxiliars de reposici\u00f3, disposici\u00f3 i condicionament de productes en el punt de venda; preparar comandes de forma efica\u00e7 i eficient, seguint procediments establerts; proporcionar atenci\u00f3 i informaci\u00f3 operativa, estructurada i protocol\u00b7litzada al client; realitzar i integrar operacions de suport administratiu b\u00e0sic; transmetre i rebre informaci\u00f3 operativa en gestions rutin\u00e0ries amb agents externs a l\u2019organitzaci\u00f3; realitzar operacions auxiliars de reproducci\u00f3 i arxiu en suport convencional o inform\u00e0tic.<\/p>\n<p dir=\"ltr\" style=\"text-align: justify;\">Caracter\u00edstiques del perfil professional<\/p>\n<ul>\n<li dir=\"ltr\" style=\"text-align: justify;\">Perfil professional: Auxiliar de vendes, oficina i atenci\u00f3 al p\u00fablic<\/li>\n<li dir=\"ltr\" style=\"text-align: justify;\">Codi: PFI CM01<\/li>\n<li dir=\"ltr\" style=\"text-align: justify;\">Fam\u00edlia professional: Comer\u00e7 i m\u00e0rqueting<\/li>\n<li dir=\"ltr\" style=\"text-align: justify;\">T\u00edtol de refer\u00e8ncia: t\u00edtol professional b\u00e0sic en serveis comercials<\/li>\n<li dir=\"ltr\" style=\"text-align: justify;\">Durada total: 1000 hores<\/li>\n<\/ul>\n<p>Requisits per la preinscripci\u00f3:<\/p>\n<ul>\n<li dir=\"ltr\" style=\"text-align: justify;\">Tenir, com a m\u00ednim, 16 anys i, com a m\u00e0xim 21, durant l\u2019any d\u2019inici del programa<\/li>\n<li dir=\"ltr\" style=\"text-align: justify;\">Aturat laboralment<\/li>\n<li dir=\"ltr\" style=\"text-align: justify;\">Sense el t\u00edtol de graduat en educaci\u00f3 secund\u00e0ria obligat\u00f2ria<\/li>\n<\/ul>\n<p dir=\"ltr\" style=\"text-align: justify;\">Continguts<\/p>\n<p dir=\"ltr\" style=\"text-align: justify;\">I. M\u00d2DULS DE FORMACI\u00d3 PROFESSIONAL<\/p>\n<ul>\n<li dir=\"ltr\" style=\"text-align: justify;\">T\u00e8cniques B\u00e0siques de Comercialitzaci\u00f3<\/li>\n<li dir=\"ltr\" style=\"text-align: justify;\">Atenci\u00f3 al Client<\/li>\n<li dir=\"ltr\" style=\"text-align: justify;\">Preparaci\u00f3 de Comandes i Venda de Productes<\/li>\n<li dir=\"ltr\" style=\"text-align: justify;\">Ofim\u00e0tica i T\u00e8cniques Administratives B\u00e0siques<\/li>\n<li dir=\"ltr\" style=\"text-align: justify;\">Projecte Integrat<\/li>\n<li dir=\"ltr\" style=\"text-align: justify;\">Formaci\u00f3 B\u00e0sica en Prevenci\u00f3 de Riscos Laborals<\/li>\n<li dir=\"ltr\" style=\"text-align: justify;\">Formaci\u00f3 Pr\u00e0ctica en Empreses (m\u00ednim 180 hores)<\/li>\n<\/ul>\n<p dir=\"ltr\" style=\"text-align: justify;\">II. M\u00d2DULS DE FORMACI\u00d3 GENERAL<\/p>\n<ul>\n<li dir=\"ltr\" style=\"text-align: justify;\">Estrat\u00e8gies i Eines de Comunicaci\u00f3<\/li>\n<li dir=\"ltr\" style=\"text-align: justify;\">Entorn Social i Territorial<\/li>\n<li dir=\"ltr\" style=\"text-align: justify;\">Estrat\u00e8gies i Eines Matem\u00e0tiques<\/li>\n<li dir=\"ltr\" style=\"text-align: justify;\">Incorporaci\u00f3 al M\u00f3n Professional Certificaci\u00f3:<\/li>\n<\/ul>\n<p dir=\"ltr\" style=\"text-align: justify;\">L\u2019alumne que aprova el curs obt\u00e9 un certificat acad\u00e8mic i professional que cont\u00e9 la qualificaci\u00f3 final obtinguda en el programa de formaci\u00f3 i inserci\u00f3 (PFI) i acredita les compet\u00e8ncies professionals assolides.<\/p>\n<h6 dir=\"ltr\" style=\"text-align: justify;\">I DESPR\u00c9S?<\/h6>\n<h6 dir=\"ltr\" style=\"text-align: justify;\">De qu\u00e8 podr\u00e9 treballar amb aquest certificat?<\/h6>\n<p dir=\"ltr\" style=\"text-align: justify;\">Les ocupacions i llocs de treball m\u00e9s rellevants s\u00f3n els seg\u00fcents:<\/p>\n<ul>\n<li dir=\"ltr\" style=\"text-align: justify;\">Dependent\/a amb atenci\u00f3 al client en la venda de productes<\/li>\n<li dir=\"ltr\" style=\"text-align: justify;\">Operador\/a de centre d\u2019atenci\u00f3 multicanal<\/li>\n<li dir=\"ltr\" style=\"text-align: justify;\">Preparador de comandes<\/li>\n<li dir=\"ltr\" style=\"text-align: justify;\">Auxiliar de tasques administratives i de comunicaci\u00f3<\/li>\n<li dir=\"ltr\" style=\"text-align: justify;\">Operador auxiliar de reproducci\u00f3 i arxiu<\/li>\n<\/ul>\n<h6 dir=\"ltr\" style=\"text-align: justify;\">Podr\u00e9 seguir formant-me?<\/h6>\n<ul>\n<li dir=\"ltr\" style=\"text-align: justify;\">Accedir a cicles formatius de grau mitja havent superat el PFI-PTT i el curs de formaci\u00f3 especi\u0301fic per a l&#8217;acc\u00e9s als cicles de grau mitj\u00e0 (CAM).<\/li>\n<li dir=\"ltr\" style=\"text-align: justify;\">Presentar-se a la prova d\u2019acc\u00e9s als cicles formatius de grau mitj\u00e0.<\/li>\n<li dir=\"ltr\" style=\"text-align: justify;\">Accedir als centres de formaci\u00f3 d\u2019adults per obtenir el GESO, sense complir el requisit de tenir 18 anys.<\/li>\n<li dir=\"ltr\" style=\"text-align: justify;\">Preinscripci\u00f3 a un curs de professional ocupacional per obtenir un certificat de professionalitat.<\/li>\n<\/ul>\n<p dir=\"ltr\"><a href=\"https:\/\/agora.xtec.cat\/iesterraroja\/wp-content\/uploads\/usu1553\/2023\/04\/Captura-de-pantalla-2023-04-19-a-les-9.49.32.png\"><img loading=\"lazy\" decoding=\"async\" class=\"alignnone size-large wp-image-11323\" src=\"https:\/\/agora.xtec.cat\/iesterraroja\/wp-content\/uploads\/usu1553\/2023\/04\/Captura-de-pantalla-2023-04-19-a-les-9.49.32.png\" alt=\"\" width=\"896\" height=\"668\" srcset=\"https:\/\/agora.xtec.cat\/iesterraroja\/wp-content\/uploads\/usu1553\/2023\/04\/Captura-de-pantalla-2023-04-19-a-les-9.49.32.png 896w, https:\/\/agora.xtec.cat\/iesterraroja\/wp-content\/uploads\/usu1553\/2023\/04\/Captura-de-pantalla-2023-04-19-a-les-9.49.32-300x224.png 300w, https:\/\/agora.xtec.cat\/iesterraroja\/wp-content\/uploads\/usu1553\/2023\/04\/Captura-de-pantalla-2023-04-19-a-les-9.49.32-768x573.png 768w, https:\/\/agora.xtec.cat\/iesterraroja\/wp-content\/uploads\/usu1553\/2023\/04\/Captura-de-pantalla-2023-04-19-a-les-9.49.32-200x150.png 200w\" sizes=\"auto, (max-width: 896px) 100vw, 896px\" \/><\/a><\/p>\n<p dir=\"ltr\"><a href=\"https:\/\/agora.xtec.cat\/iesterraroja\/wp-content\/uploads\/usu1553\/2023\/04\/Captura-de-pantalla-2023-04-19-a-les-9.49.57.png\"><img loading=\"lazy\" decoding=\"async\" class=\"alignnone size-full wp-image-11324\" src=\"https:\/\/agora.xtec.cat\/iesterraroja\/wp-content\/uploads\/usu1553\/2023\/04\/Captura-de-pantalla-2023-04-19-a-les-9.49.57.png\" alt=\"\" width=\"896\" height=\"668\" srcset=\"https:\/\/agora.xtec.cat\/iesterraroja\/wp-content\/uploads\/usu1553\/2023\/04\/Captura-de-pantalla-2023-04-19-a-les-9.49.57.png 896w, https:\/\/agora.xtec.cat\/iesterraroja\/wp-content\/uploads\/usu1553\/2023\/04\/Captura-de-pantalla-2023-04-19-a-les-9.49.57-300x224.png 300w, https:\/\/agora.xtec.cat\/iesterraroja\/wp-content\/uploads\/usu1553\/2023\/04\/Captura-de-pantalla-2023-04-19-a-les-9.49.57-768x573.png 768w, https:\/\/agora.xtec.cat\/iesterraroja\/wp-content\/uploads\/usu1553\/2023\/04\/Captura-de-pantalla-2023-04-19-a-les-9.49.57-200x150.png 200w\" sizes=\"auto, (max-width: 896px) 100vw, 896px\" \/><\/a><\/p>\n<p dir=\"ltr\" style=\"text-align: justify;\"><a href=\"https:\/\/agora.xtec.cat\/iesterraroja\/wp-content\/uploads\/usu1553\/2023\/04\/Captura-de-pantalla-2023-04-19-a-les-9.47.44.png\"><img loading=\"lazy\" decoding=\"async\" class=\"alignnone size-full wp-image-11321\" src=\"https:\/\/agora.xtec.cat\/iesterraroja\/wp-content\/uploads\/usu1553\/2023\/04\/Captura-de-pantalla-2023-04-19-a-les-9.47.44.png\" alt=\"\" width=\"896\" height=\"668\" srcset=\"https:\/\/agora.xtec.cat\/iesterraroja\/wp-content\/uploads\/usu1553\/2023\/04\/Captura-de-pantalla-2023-04-19-a-les-9.47.44.png 896w, https:\/\/agora.xtec.cat\/iesterraroja\/wp-content\/uploads\/usu1553\/2023\/04\/Captura-de-pantalla-2023-04-19-a-les-9.47.44-300x224.png 300w, https:\/\/agora.xtec.cat\/iesterraroja\/wp-content\/uploads\/usu1553\/2023\/04\/Captura-de-pantalla-2023-04-19-a-les-9.47.44-768x573.png 768w, https:\/\/agora.xtec.cat\/iesterraroja\/wp-content\/uploads\/usu1553\/2023\/04\/Captura-de-pantalla-2023-04-19-a-les-9.47.44-200x150.png 200w\" sizes=\"auto, (max-width: 896px) 100vw, 896px\" \/><\/a> <a href=\"https:\/\/agora.xtec.cat\/iesterraroja\/wp-content\/uploads\/usu1553\/2023\/04\/Captura-de-pantalla-2023-04-19-a-les-9.48.00.png\"><img loading=\"lazy\" decoding=\"async\" class=\"alignnone size-full wp-image-11322\" src=\"https:\/\/agora.xtec.cat\/iesterraroja\/wp-content\/uploads\/usu1553\/2023\/04\/Captura-de-pantalla-2023-04-19-a-les-9.48.00.png\" alt=\"\" width=\"896\" height=\"668\" srcset=\"https:\/\/agora.xtec.cat\/iesterraroja\/wp-content\/uploads\/usu1553\/2023\/04\/Captura-de-pantalla-2023-04-19-a-les-9.48.00.png 896w, https:\/\/agora.xtec.cat\/iesterraroja\/wp-content\/uploads\/usu1553\/2023\/04\/Captura-de-pantalla-2023-04-19-a-les-9.48.00-300x224.png 300w, https:\/\/agora.xtec.cat\/iesterraroja\/wp-content\/uploads\/usu1553\/2023\/04\/Captura-de-pantalla-2023-04-19-a-les-9.48.00-768x573.png 768w, https:\/\/agora.xtec.cat\/iesterraroja\/wp-content\/uploads\/usu1553\/2023\/04\/Captura-de-pantalla-2023-04-19-a-les-9.48.00-200x150.png 200w\" sizes=\"auto, (max-width: 896px) 100vw, 896px\" \/><\/a><\/p>\n","protected":false},"excerpt":{"rendered":"<p>Aquests estudis capaciten per dur a terme tasques auxiliars en l\u2019\u00e0mbit de vendes, oficina i atenci\u00f3 al p\u00fablic.<br \/>\n<a href=\"https:\/\/xtec.gencat.cat\/web\/.content\/curriculum\/professionals\/pfi\/documents\/Auxiliar-vendes-oficinaiatencio-al-public-prof.pdf\">FITXA T\u00c8CNICA<\/a><br \/>\nQu\u00e8 aprendr\u00e0s a fer?<br \/>\nRealitzar operacions auxiliars de reposici\u00f3, disposici\u00f3 i condicionament de productes en el punt de venda; preparar comandes de forma efica\u00e7 i eficient, seguint&hellip;  <a href=\"https:\/\/agora.xtec.cat\/iesterraroja\/pfi\/pfi-comerc\/\" title=\"Read PFI auxiliar de vendes, oficina i atenci\u00f3 al p\u00fablic\">Llegeix m\u00e9s\u00bb<\/a><\/p>\n","protected":false},"author":1,"featured_media":0,"parent":11136,"menu_order":0,"comment_status":"closed","ping_status":"closed","template":"page-templates\/side-menu.php","meta":{"_bbp_topic_count":0,"_bbp_reply_count":0,"_bbp_total_topic_count":0,"_bbp_total_reply_count":0,"_bbp_voice_count":0,"_bbp_anonymous_reply_count":0,"_bbp_topic_count_hidden":0,"_bbp_reply_count_hidden":0,"_bbp_forum_subforum_count":0,"footnotes":""},"class_list":["post-11148","page","type-page","status-publish","hentry"],"post_mailing_queue_ids":[],"_links":{"self":[{"href":"https:\/\/agora.xtec.cat\/iesterraroja\/wp-json\/wp\/v2\/pages\/11148","targetHints":{"allow":["GET"]}}],"collection":[{"href":"https:\/\/agora.xtec.cat\/iesterraroja\/wp-json\/wp\/v2\/pages"}],"about":[{"href":"https:\/\/agora.xtec.cat\/iesterraroja\/wp-json\/wp\/v2\/types\/page"}],"author":[{"embeddable":true,"href":"https:\/\/agora.xtec.cat\/iesterraroja\/wp-json\/wp\/v2\/users\/1"}],"replies":[{"embeddable":true,"href":"https:\/\/agora.xtec.cat\/iesterraroja\/wp-json\/wp\/v2\/comments?post=11148"}],"version-history":[{"count":3,"href":"https:\/\/agora.xtec.cat\/iesterraroja\/wp-json\/wp\/v2\/pages\/11148\/revisions"}],"predecessor-version":[{"id":11328,"href":"https:\/\/agora.xtec.cat\/iesterraroja\/wp-json\/wp\/v2\/pages\/11148\/revisions\/11328"}],"up":[{"embeddable":true,"href":"https:\/\/agora.xtec.cat\/iesterraroja\/wp-json\/wp\/v2\/pages\/11136"}],"wp:attachment":[{"href":"https:\/\/agora.xtec.cat\/iesterraroja\/wp-json\/wp\/v2\/media?parent=11148"}],"curies":[{"name":"wp","href":"https:\/\/api.w.org\/{rel}","templated":true}]}}