{"id":11136,"date":"2023-01-12T20:38:16","date_gmt":"2023-01-12T19:38:16","guid":{"rendered":"https:\/\/agora.xtec.cat\/iesterraroja\/?page_id=11136"},"modified":"2023-01-12T21:25:33","modified_gmt":"2023-01-12T20:25:33","slug":"pfi","status":"publish","type":"page","link":"https:\/\/agora.xtec.cat\/iesterraroja\/pfi\/","title":{"rendered":"PFI"},"content":{"rendered":"<p><span style=\"font-weight: 400;\">QU\u00c8 S\u00d3N ELS PFI?<\/span><\/p>\n<p><span style=\"font-weight: 400;\">Els PFI s\u00f3n estudis dirigits a joves que no han obtingut la titulaci\u00f3 de la ESO i es volen continuar formant. Els seus principals objectius s\u00f3n proporcionar als joves les compet\u00e8ncies que els hi permetin la incorporaci\u00f3 al m\u00f3n laboral o a continuar amb la seva formaci\u00f3.<\/span><\/p>\n<p><span style=\"font-weight: 400;\">A l\u2019Institut oferim els seg\u00fcents Programes de Formaci\u00f3 i Inserci\u00f3:<\/span><\/p>\n<ul>\n<li style=\"font-weight: 400;\" aria-level=\"1\"><em><strong>Auxiliar d&#8217;activitats esportives<\/strong><\/em><\/li>\n<li style=\"font-weight: 400;\" aria-level=\"1\"><em><strong>Auxiliar de vendes, oficina i atenci\u00f3 al p\u00fablic<\/strong><\/em><\/li>\n<\/ul>\n<p><span style=\"font-weight: 400;\">Per accedir a aquests programes cal complir amb els seg\u00fcents requisits:<\/span><\/p>\n<ol>\n<li style=\"list-style-type: none;\">\n<ol>\n<li style=\"font-weight: 400;\" aria-level=\"1\"><span style=\"font-weight: 400;\">Ser major de 16 anys i menor de 21 anys.<\/span><\/li>\n<li style=\"font-weight: 400;\" aria-level=\"1\"><span style=\"font-weight: 400;\">No haver obtingut el t\u00edtol de la ESO.<\/span><\/li>\n<\/ol>\n<\/li>\n<\/ol>\n<p><span style=\"font-weight: 400;\">Aquests ensenyaments tenen una durada de 1.000 hores (1 curs acad\u00e8mic) i s\u2019estructuren de la seg\u00fcent forma:<\/span><\/p>\n<table style=\"width: 100%; border-style: solid;\">\n<tbody>\n<tr>\n<td style=\"width: 48.544974%;\"><span style=\"font-weight: 400;\">M\u00f2duls de Formaci\u00f3 Professional<\/span><\/td>\n<td style=\"width: 50.396825%;\"><span style=\"font-weight: 400;\">M\u00f2duls de Formaci\u00f3 General<\/span><\/td>\n<\/tr>\n<tr>\n<td style=\"width: 48.544974%;\"><span style=\"font-weight: 400;\">Entre 615 i 665 hores.<\/span><span style=\"font-weight: 400;\"><br \/>\n<\/span><span style=\"font-weight: 400;\">Per a l\u2019assoliment de les compet\u00e8ncies professionals del perfil .<\/span><span style=\"font-weight: 400;\"><br \/>\n<\/span><span style=\"font-weight: 400;\">*Inclouen 180 h de pr\u00e0ctiques en empreses<\/span><\/td>\n<td style=\"width: 50.396825%;\"><span style=\"font-weight: 400;\">Entre 335 i 385 hores.<\/span><span style=\"font-weight: 400;\"><br \/>\n<\/span><span style=\"font-weight: 400;\">Per a l\u2019adquisici\u00f3 de compet\u00e8ncies instrumentals que han de facilitar l\u2019assoliment de les compet\u00e8ncies professionals: estrat\u00e8gies i eines de comunicaci\u00f3 i matem\u00e0tiques, entorn social i territorial i incorporaci\u00f3 al m\u00f3n laboral.<\/span><\/td>\n<\/tr>\n<tr>\n<td style=\"width: 98.941799%;\" colspan=\"2\"><span style=\"font-weight: 400;\">Tutoria individual, acompanyament i orientaci\u00f3<\/span><\/td>\n<\/tr>\n<\/tbody>\n<\/table>\n<p><span style=\"font-weight: 400;\">E<\/span><span style=\"font-weight: 400;\">n finalitzar aquesta formaci\u00f3 s\u2019obt\u00e9:<\/span><\/p>\n<ul>\n<li><b>Certificaci\u00f3 acad\u00e8mica <\/b><span style=\"font-weight: 400;\">que permet:<\/span><\/li>\n<li style=\"list-style-type: none;\">\n<ul>\n<li style=\"font-weight: 400;\" aria-level=\"1\"><span style=\"font-weight: 400;\">Facilitats en la prova d\u2019acc\u00e9s als CFGM<\/span><\/li>\n<li style=\"font-weight: 400;\" aria-level=\"1\"><span style=\"font-weight: 400;\">Convalidaci\u00f3 del Curs espec\u00edfic d\u2019acc\u00e8s a cicles de grau mitj\u00e0 (CAM)<\/span><\/li>\n<li style=\"font-weight: 400;\" aria-level=\"1\"><span style=\"font-weight: 400;\">Acc\u00e9s amb menys de 18 anys als centres d\u2019adults per obtenir el graduat d\u2019educaci\u00f3 secund\u00e0ria (GESO)<\/span><\/li>\n<li style=\"font-weight: 400;\" aria-level=\"1\"><span style=\"font-weight: 400;\">Reconeixement dels m\u00f2duls superats per a l\u2019obtenci\u00f3 del t\u00edtol professional b\u00e0sic de refer\u00e8ncia<\/span><\/li>\n<\/ul>\n<\/li>\n<li><b>Certificaci\u00f3 amb l\u2019acreditaci\u00f3 de compet\u00e8ncies professionals<\/b><span style=\"font-weight: 400;\">. Acreditaci\u00f3 d\u2019unitats de compet\u00e8ncia (UC) del sistema de qualificacions professionals, que permet obtenir un certificat professional.<\/span><\/li>\n<\/ul>\n","protected":false},"excerpt":{"rendered":"<p>QU\u00c8 S\u00d3N ELS PFI?<br \/>\nEls PFI s\u00f3n estudis dirigits a joves que no han obtingut la titulaci\u00f3 de la ESO i es volen continuar formant. Els seus principals objectius s\u00f3n proporcionar als joves les compet\u00e8ncies que els hi permetin la incorporaci\u00f3 al m\u00f3n laboral o a&hellip;  <a href=\"https:\/\/agora.xtec.cat\/iesterraroja\/pfi\/\" title=\"Read PFI\">Llegeix m\u00e9s\u00bb<\/a><\/p>\n","protected":false},"author":1,"featured_media":0,"parent":0,"menu_order":0,"comment_status":"closed","ping_status":"closed","template":"page-templates\/side-menu.php","meta":{"_bbp_topic_count":0,"_bbp_reply_count":0,"_bbp_total_topic_count":0,"_bbp_total_reply_count":0,"_bbp_voice_count":0,"_bbp_anonymous_reply_count":0,"_bbp_topic_count_hidden":0,"_bbp_reply_count_hidden":0,"_bbp_forum_subforum_count":0,"footnotes":""},"class_list":["post-11136","page","type-page","status-publish","hentry"],"post_mailing_queue_ids":[],"_links":{"self":[{"href":"https:\/\/agora.xtec.cat\/iesterraroja\/wp-json\/wp\/v2\/pages\/11136","targetHints":{"allow":["GET"]}}],"collection":[{"href":"https:\/\/agora.xtec.cat\/iesterraroja\/wp-json\/wp\/v2\/pages"}],"about":[{"href":"https:\/\/agora.xtec.cat\/iesterraroja\/wp-json\/wp\/v2\/types\/page"}],"author":[{"embeddable":true,"href":"https:\/\/agora.xtec.cat\/iesterraroja\/wp-json\/wp\/v2\/users\/1"}],"replies":[{"embeddable":true,"href":"https:\/\/agora.xtec.cat\/iesterraroja\/wp-json\/wp\/v2\/comments?post=11136"}],"version-history":[{"count":3,"href":"https:\/\/agora.xtec.cat\/iesterraroja\/wp-json\/wp\/v2\/pages\/11136\/revisions"}],"predecessor-version":[{"id":11156,"href":"https:\/\/agora.xtec.cat\/iesterraroja\/wp-json\/wp\/v2\/pages\/11136\/revisions\/11156"}],"wp:attachment":[{"href":"https:\/\/agora.xtec.cat\/iesterraroja\/wp-json\/wp\/v2\/media?parent=11136"}],"curies":[{"name":"wp","href":"https:\/\/api.w.org\/{rel}","templated":true}]}}