{"id":57,"date":"2014-09-17T17:01:07","date_gmt":"2014-09-17T17:01:07","guid":{"rendered":"http:\/\/agora.xtec.cat\/iesterraalta\/?page_id=57"},"modified":"2017-12-19T00:22:33","modified_gmt":"2017-12-18T23:22:33","slug":"projecte_educatiu","status":"publish","type":"page","link":"https:\/\/agora.xtec.cat\/iesterraalta\/linstitut\/projecte_educatiu\/","title":{"rendered":"Projecte educatiu"},"content":{"rendered":"<p style=\"text-align: justify;\">Podeu veure el <a href=\"https:\/\/agora.xtec.cat\/iesterraalta\/docs\/projecte-educatiu-de-centre-2017\/?bp-attachment=Projecte-educatiu-de-centre-2016-2020-.docx\" target=\"_blank\" rel=\"noopener noreferrer\">Projecte educatiu de centre<\/a>; la \u00faltima revisi\u00f3 \u00e9s del curs 2017 en base als decrets de l\u2019aplicaci\u00f3 de la LEC i de les posteriors lleis org\u00e0niques amb els decrets de desplegament del curr\u00edculum corresponents<\/p>\n<p style=\"text-align: justify;\"><strong>DOCUMENTS DE CENTRE:<\/strong><\/p>\n<p style=\"text-align: justify;\"><strong>Carta de comprom\u00eds educatiu, <\/strong>on queden reflectits els punts d\u2019acord entre les fam\u00edlies i el centre en forma de compromisos per ambdues parts. <strong>Normes d\u2019organitzaci\u00f3 i funcionament de centre,<\/strong> recull normatiu intern pel que fa a la <em>conviv\u00e8ncia<\/em> i a l\u2019<em>organitzaci\u00f3 del centre.<\/em><strong>Projecte de direcci\u00f3, <\/strong>aprovat i desenvolupat en el per\u00edode 2016\/20.\u00a0<strong>Projecte ling\u00fc\u00edstic, <\/strong>document del curs 2014\/15que marca les directrius del tractament de les lleng\u00fces en els processos d\u2019aprenentatge.<\/p>\n","protected":false},"excerpt":{"rendered":"<p>Podeu veure el Projecte educatiu de centre; la \u00faltima revisi\u00f3 \u00e9s del curs 2017 en base als decrets de l\u2019aplicaci\u00f3 de la LEC i de les posteriors lleis org\u00e0niques amb els decrets de desplegament del curr\u00edculum corresponents DOCUMENTS DE CENTRE: Carta de comprom\u00eds educatiu, on queden reflectits els punts d\u2019acord entre les fam\u00edlies i el [&hellip;]<\/p>\n","protected":false},"author":1,"featured_media":0,"parent":19,"menu_order":0,"comment_status":"closed","ping_status":"closed","template":"","meta":{"_bbp_topic_count":0,"_bbp_reply_count":0,"_bbp_total_topic_count":0,"_bbp_total_reply_count":0,"_bbp_voice_count":0,"_bbp_anonymous_reply_count":0,"_bbp_topic_count_hidden":0,"_bbp_reply_count_hidden":0,"_bbp_forum_subforum_count":0,"site-sidebar-layout":"default","site-content-layout":"","ast-site-content-layout":"","site-content-style":"default","site-sidebar-style":"default","ast-global-header-display":"","ast-banner-title-visibility":"","ast-main-header-display":"","ast-hfb-above-header-display":"","ast-hfb-below-header-display":"","ast-hfb-mobile-header-display":"","site-post-title":"","ast-breadcrumbs-content":"","ast-featured-img":"","footer-sml-layout":"","theme-transparent-header-meta":"","adv-header-id-meta":"","stick-header-meta":"","header-above-stick-meta":"","header-main-stick-meta":"","header-below-stick-meta":"","astra-migrate-meta-layouts":"default","ast-page-background-enabled":"default","ast-page-background-meta":{"desktop":{"background-color":"var(--ast-global-color-4)","background-image":"","background-repeat":"repeat","background-position":"center center","background-size":"auto","background-attachment":"scroll","background-type":"","background-media":"","overlay-type":"","overlay-color":"","overlay-opacity":"","overlay-gradient":""},"tablet":{"background-color":"","background-image":"","background-repeat":"repeat","background-position":"center center","background-size":"auto","background-attachment":"scroll","background-type":"","background-media":"","overlay-type":"","overlay-color":"","overlay-opacity":"","overlay-gradient":""},"mobile":{"background-color":"","background-image":"","background-repeat":"repeat","background-position":"center center","background-size":"auto","background-attachment":"scroll","background-type":"","background-media":"","overlay-type":"","overlay-color":"","overlay-opacity":"","overlay-gradient":""}},"ast-content-background-meta":{"desktop":{"background-color":"var(--ast-global-color-5)","background-image":"","background-repeat":"repeat","background-position":"center center","background-size":"auto","background-attachment":"scroll","background-type":"","background-media":"","overlay-type":"","overlay-color":"","overlay-opacity":"","overlay-gradient":""},"tablet":{"background-color":"var(--ast-global-color-5)","background-image":"","background-repeat":"repeat","background-position":"center center","background-size":"auto","background-attachment":"scroll","background-type":"","background-media":"","overlay-type":"","overlay-color":"","overlay-opacity":"","overlay-gradient":""},"mobile":{"background-color":"var(--ast-global-color-5)","background-image":"","background-repeat":"repeat","background-position":"center center","background-size":"auto","background-attachment":"scroll","background-type":"","background-media":"","overlay-type":"","overlay-color":"","overlay-opacity":"","overlay-gradient":""}},"footnotes":""},"class_list":["post-57","page","type-page","status-publish","hentry"],"post_mailing_queue_ids":[],"_links":{"self":[{"href":"https:\/\/agora.xtec.cat\/iesterraalta\/wp-json\/wp\/v2\/pages\/57","targetHints":{"allow":["GET"]}}],"collection":[{"href":"https:\/\/agora.xtec.cat\/iesterraalta\/wp-json\/wp\/v2\/pages"}],"about":[{"href":"https:\/\/agora.xtec.cat\/iesterraalta\/wp-json\/wp\/v2\/types\/page"}],"author":[{"embeddable":true,"href":"https:\/\/agora.xtec.cat\/iesterraalta\/wp-json\/wp\/v2\/users\/1"}],"replies":[{"embeddable":true,"href":"https:\/\/agora.xtec.cat\/iesterraalta\/wp-json\/wp\/v2\/comments?post=57"}],"version-history":[{"count":3,"href":"https:\/\/agora.xtec.cat\/iesterraalta\/wp-json\/wp\/v2\/pages\/57\/revisions"}],"predecessor-version":[{"id":1900,"href":"https:\/\/agora.xtec.cat\/iesterraalta\/wp-json\/wp\/v2\/pages\/57\/revisions\/1900"}],"up":[{"embeddable":true,"href":"https:\/\/agora.xtec.cat\/iesterraalta\/wp-json\/wp\/v2\/pages\/19"}],"wp:attachment":[{"href":"https:\/\/agora.xtec.cat\/iesterraalta\/wp-json\/wp\/v2\/media?parent=57"}],"curies":[{"name":"wp","href":"https:\/\/api.w.org\/{rel}","templated":true}]}}