{"id":492,"date":"2016-06-28T00:13:52","date_gmt":"2016-06-27T23:13:52","guid":{"rendered":"http:\/\/agora.xtec.cat\/iesterraalta\/?page_id=492"},"modified":"2018-06-28T11:15:46","modified_gmt":"2018-06-28T09:15:46","slug":"servei-fp","status":"publish","type":"page","link":"https:\/\/agora.xtec.cat\/iesterraalta\/servei-fp\/","title":{"rendered":"Servei FP"},"content":{"rendered":"<ol>\n<li><strong>Descripci\u00f3 del Servei d&#8217;Assessorament<\/strong><\/li>\n<\/ol>\n<p style=\"text-align: justify;\">Servei que presta el centre educatiu, a sol\u00b7licitud de la persona interessada, de forma personalitzada, que consisteix en la identificaci\u00f3 i l\u2019an\u00e0lisi detallat de les capacitats i expectatives professionals, i la identificaci\u00f3 i valoraci\u00f3 de les ofertes formatives amb les seves variants, i que conclou amb l\u2019elaboraci\u00f3 i lliurament de l\u2019informe d\u2019assessorament.<\/p>\n<p style=\"text-align: justify;\">Requisit previ per participar al Reconeixement acad\u00e8mic dels aprenentatges assolits mitjan\u00e7ant l\u2019experi\u00e8ncia laboral o en activitats socials.<\/p>\n<ol start=\"2\">\n<li><strong>Carta de comprom\u00eds<\/strong><\/li>\n<\/ol>\n<p>Cliqueu <a href=\"http:\/\/agora.xtec.cat\/iesterraalta\/wp-content\/uploads\/usu564\/2016\/06\/Carta_comp_servei_assessorament_.pdf\" target=\"_blank\" rel=\"noopener noreferrer\"><strong>aqu\u00ed<\/strong> <\/a>per accedir-hi.<\/p>\n<ol start=\"3\">\n<li><strong>Preu del Servei d&#8217;Assessorament<\/strong><\/li>\n<\/ol>\n<p>Preu del Servei: 60\u201900 \u20ac (centres p\u00fablics del Departament d\u2019Ensenyament)<\/p>\n<p>Seran aplicables, amb la justificaci\u00f3 documental pr\u00e8via, les exempcions i bonificacions:<\/p>\n<p>Bonificaci\u00f3<\/p>\n<p style=\"text-align: justify;\">Les persones membres de fam\u00edlies nombroses classificades en la de categoria general i les persones membres de fam\u00edlies monoparentals, tenen una bonificaci\u00f3 del 50% dels imports dels preus p\u00fablics, sense que ambdues bonificacions siguin acumulables<\/p>\n<p>Exempci\u00f3<\/p>\n<ul>\n<li>Les persones membres de fam\u00edlies nombroses de categoria especial.<\/li>\n<li>Les persones que posseeixin la declaraci\u00f3 legal de minusv\u00e0lua en un grau igual o superior al 33%.<\/li>\n<li>Les persones subjectes a mesures privatives de llibertat.<\/li>\n<li>Les v\u00edctimes d\u2019actes terroristes, els seus c\u00f2njuges i els seus fills.<\/li>\n<\/ul>\n<ol start=\"4\">\n<li><strong>Oferta de places del nostre centre per fam\u00edlies professionals<\/strong><\/li>\n<\/ol>\n<p>Oferta de places Institut Terra Alta convocat\u00f2ria del 01-09-2018 al 30-06-2019:<\/p>\n<table>\n<tbody>\n<tr>\n<td width=\"235\">FAM\u00cdLIA PROFESSIONAL<\/td>\n<td width=\"321\">CICLES FORMATIUS<\/td>\n<td width=\"104\">Places<\/td>\n<\/tr>\n<tr>\n<td width=\"235\">Administraci\u00f3 i gesti\u00f3<\/td>\n<td width=\"321\">CFGM de Gesti\u00f3 Administrativa<\/td>\n<td width=\"104\">2<\/td>\n<\/tr>\n<tr>\n<td width=\"235\">Instal\u00b7laci\u00f3 i manteniment<\/td>\n<td width=\"321\">CFGM de Manteniment Electromec\u00e0nic<\/td>\n<td width=\"104\">2<\/td>\n<\/tr>\n<\/tbody>\n<\/table>\n<ol start=\"5\">\n<li><strong>Criteris d&#8217;admissi\u00f3<\/strong><\/li>\n<\/ol>\n<p>L\u2019ordre d\u2019admissi\u00f3 es realitzar\u00e0 d\u2019acord amb la major edat de la persona sol\u00b7licitant.<\/p>\n<ol start=\"6\">\n<li><strong>Calendari <\/strong><\/li>\n<\/ol>\n<p>Cliqueu\u00a0<a href=\"https:\/\/drive.google.com\/file\/d\/1ev4OGVYCV1Ln3JqlRO35jnkbGqByp-rA\/view?usp=sharing\" target=\"_blank\" rel=\"noopener noreferrer\"><strong>aqu\u00ed<\/strong>\u00a0<\/a>per veure el calendari.<\/p>\n<ol start=\"7\">\n<li><strong>Full de sol\u00b7licitud del Servei<\/strong><\/li>\n<\/ol>\n<p>Per a fer la inscripci\u00f3 al Servei d\u2019Assessorament d\u2019FP cal fer la sol\u00b7licitud a la secretaria del centre. El per\u00edode d\u2019admissi\u00f3 de les sol\u00b7licituds pel servei d\u2019assessorament \u00e9s del 12 al 24 de setembre 2018. Cliqueu <a href=\"http:\/\/agora.xtec.cat\/iesterraalta\/wp-content\/uploads\/usu564\/2016\/06\/18_ASSESS_02_Y590_017_06_14_Pub_Solicitud-al-servei_dassessorament_Modif.doc\" target=\"_blank\" rel=\"noopener noreferrer\"><strong>aqu\u00ed<\/strong><\/a><strong>\u00a0<\/strong><a href=\"http:\/\/agora.xtec.cat\/iesterraalta\/wp-content\/uploads\/usu564\/2016\/06\/18_ASSESS_02_Y590_017_06_14_Pub_Solicitud-al-servei_dassessorament_Modif.doc\" target=\"_blank\" rel=\"noopener noreferrer\"><strong>\u00a0<\/strong><\/a>per obtenir l\u2019impr\u00e8s.<\/p>\n<div><a href=\"http:\/\/agora.xtec.cat\/iesterraalta\/wp-content\/uploads\/usu564\/2017\/02\/Campanya-de-difusio-del-servei-ASS-REC.pdf\">M\u00e9s informaci\u00f3\u00a0\u00a0&#8230;<\/a><\/div>\n","protected":false},"excerpt":{"rendered":"<p>Descripci\u00f3 del Servei d&#8217;Assessorament Servei que presta el centre educatiu, a sol\u00b7licitud de la persona interessada, de forma personalitzada, que consisteix en la identificaci\u00f3 i l\u2019an\u00e0lisi detallat de les capacitats i expectatives professionals, i la identificaci\u00f3 i valoraci\u00f3 de les ofertes formatives amb les seves variants, i que conclou amb l\u2019elaboraci\u00f3 i lliurament de l\u2019informe [&hellip;]<\/p>\n","protected":false},"author":1,"featured_media":0,"parent":0,"menu_order":0,"comment_status":"closed","ping_status":"closed","template":"","meta":{"_bbp_topic_count":0,"_bbp_reply_count":0,"_bbp_total_topic_count":0,"_bbp_total_reply_count":0,"_bbp_voice_count":0,"_bbp_anonymous_reply_count":0,"_bbp_topic_count_hidden":0,"_bbp_reply_count_hidden":0,"_bbp_forum_subforum_count":0,"site-sidebar-layout":"default","site-content-layout":"","ast-site-content-layout":"","site-content-style":"default","site-sidebar-style":"default","ast-global-header-display":"","ast-banner-title-visibility":"","ast-main-header-display":"","ast-hfb-above-header-display":"","ast-hfb-below-header-display":"","ast-hfb-mobile-header-display":"","site-post-title":"","ast-breadcrumbs-content":"","ast-featured-img":"","footer-sml-layout":"","theme-transparent-header-meta":"","adv-header-id-meta":"","stick-header-meta":"","header-above-stick-meta":"","header-main-stick-meta":"","header-below-stick-meta":"","astra-migrate-meta-layouts":"default","ast-page-background-enabled":"default","ast-page-background-meta":{"desktop":{"background-color":"var(--ast-global-color-4)","background-image":"","background-repeat":"repeat","background-position":"center center","background-size":"auto","background-attachment":"scroll","background-type":"","background-media":"","overlay-type":"","overlay-color":"","overlay-opacity":"","overlay-gradient":""},"tablet":{"background-color":"","background-image":"","background-repeat":"repeat","background-position":"center center","background-size":"auto","background-attachment":"scroll","background-type":"","background-media":"","overlay-type":"","overlay-color":"","overlay-opacity":"","overlay-gradient":""},"mobile":{"background-color":"","background-image":"","background-repeat":"repeat","background-position":"center center","background-size":"auto","background-attachment":"scroll","background-type":"","background-media":"","overlay-type":"","overlay-color":"","overlay-opacity":"","overlay-gradient":""}},"ast-content-background-meta":{"desktop":{"background-color":"var(--ast-global-color-5)","background-image":"","background-repeat":"repeat","background-position":"center center","background-size":"auto","background-attachment":"scroll","background-type":"","background-media":"","overlay-type":"","overlay-color":"","overlay-opacity":"","overlay-gradient":""},"tablet":{"background-color":"var(--ast-global-color-5)","background-image":"","background-repeat":"repeat","background-position":"center center","background-size":"auto","background-attachment":"scroll","background-type":"","background-media":"","overlay-type":"","overlay-color":"","overlay-opacity":"","overlay-gradient":""},"mobile":{"background-color":"var(--ast-global-color-5)","background-image":"","background-repeat":"repeat","background-position":"center center","background-size":"auto","background-attachment":"scroll","background-type":"","background-media":"","overlay-type":"","overlay-color":"","overlay-opacity":"","overlay-gradient":""}},"footnotes":""},"class_list":["post-492","page","type-page","status-publish","hentry"],"post_mailing_queue_ids":[],"_links":{"self":[{"href":"https:\/\/agora.xtec.cat\/iesterraalta\/wp-json\/wp\/v2\/pages\/492","targetHints":{"allow":["GET"]}}],"collection":[{"href":"https:\/\/agora.xtec.cat\/iesterraalta\/wp-json\/wp\/v2\/pages"}],"about":[{"href":"https:\/\/agora.xtec.cat\/iesterraalta\/wp-json\/wp\/v2\/types\/page"}],"author":[{"embeddable":true,"href":"https:\/\/agora.xtec.cat\/iesterraalta\/wp-json\/wp\/v2\/users\/1"}],"replies":[{"embeddable":true,"href":"https:\/\/agora.xtec.cat\/iesterraalta\/wp-json\/wp\/v2\/comments?post=492"}],"version-history":[{"count":4,"href":"https:\/\/agora.xtec.cat\/iesterraalta\/wp-json\/wp\/v2\/pages\/492\/revisions"}],"predecessor-version":[{"id":2280,"href":"https:\/\/agora.xtec.cat\/iesterraalta\/wp-json\/wp\/v2\/pages\/492\/revisions\/2280"}],"wp:attachment":[{"href":"https:\/\/agora.xtec.cat\/iesterraalta\/wp-json\/wp\/v2\/media?parent=492"}],"curies":[{"name":"wp","href":"https:\/\/api.w.org\/{rel}","templated":true}]}}