{"id":49,"date":"2014-09-17T16:55:55","date_gmt":"2014-09-17T16:55:55","guid":{"rendered":"http:\/\/agora.xtec.cat\/iesterraalta\/?page_id=49"},"modified":"2016-10-18T23:16:35","modified_gmt":"2016-10-18T22:16:35","slug":"normes-dorganitzacio-i-funcionament","status":"publish","type":"page","link":"https:\/\/agora.xtec.cat\/iesterraalta\/linstitut\/normes-dorganitzacio-i-funcionament\/","title":{"rendered":"Normes i funcionament"},"content":{"rendered":"<p style=\"text-align: justify;\">Podeu veure el document amb les<a href=\"https:\/\/www.scribd.com\/doc\/80025458\/NOFC-2011-1#fullscreen:on\" target=\"_blank\"> Normes d&#8217;organitzaci\u00f3 i funcionament de centre<\/a>.<\/p>\n<p style=\"text-align: justify;\">Si accediu al <a href=\"http:\/\/blocs.xtec.cat\/insterraaltacom\/\" target=\"_blank\">Bloc de comunicaci\u00f3<\/a> trobareu enlla\u00e7os al men\u00fa de la dreta que permeten accedir als seg\u00fcents documents:<\/p>\n<p style=\"text-align: justify;\"><strong>DOCUMENTS DE CENTRE:<\/strong><\/p>\n<p style=\"text-align: justify;\"><strong>Carta de comprom\u00eds educatiu, <\/strong>on queden reflectits els punts d\u2019acord entre les fam\u00edlies i el centre en forma de compromisos per ambdues parts. <strong>Normes d\u2019organitzaci\u00f3 i funcionament de centre,<\/strong> recull normatiu intern pel que fa a la <em>conviv\u00e8ncia<\/em> i a l\u2019<em>organitzaci\u00f3 del centre.<\/em><strong> Pla d\u2019autonomia de centre<\/strong>, conveni entre el departament d\u2019ensenyament i el centre per assolir perspectives de millora en la cohesi\u00f3 social i en el rendiment acad\u00e8mic a trav\u00e8s d\u2019un seguit d\u2019activitats programades a 4 anys vista (2010-2014). <strong>Projecte de direcci\u00f3, <\/strong>aprovat i desenvolupat en el per\u00edode 2012\/16. <strong>Projecte educatiu de centre, <\/strong>pendent de revisar despr\u00e9s de l\u2019aplicaci\u00f3 de la LEC i del decret d\u2019autonomia de centres. <strong>Projecte ling\u00fc\u00edstic, <\/strong>document del curs 2008\/09 que marca les directrius del tractament de les lleng\u00fces en els processos d\u2019aprenentatge.<\/p>\n","protected":false},"excerpt":{"rendered":"<p>Podeu veure el document amb les Normes d&#8217;organitzaci\u00f3 i funcionament de centre. Si accediu al Bloc de comunicaci\u00f3 trobareu enlla\u00e7os al men\u00fa de la dreta que permeten accedir als seg\u00fcents documents: DOCUMENTS DE CENTRE: Carta de comprom\u00eds educatiu, on queden reflectits els punts d\u2019acord entre les fam\u00edlies i el centre en forma de compromisos per [&hellip;]<\/p>\n","protected":false},"author":1,"featured_media":0,"parent":19,"menu_order":60,"comment_status":"closed","ping_status":"closed","template":"","meta":{"_bbp_topic_count":0,"_bbp_reply_count":0,"_bbp_total_topic_count":0,"_bbp_total_reply_count":0,"_bbp_voice_count":0,"_bbp_anonymous_reply_count":0,"_bbp_topic_count_hidden":0,"_bbp_reply_count_hidden":0,"_bbp_forum_subforum_count":0,"site-sidebar-layout":"default","site-content-layout":"","ast-site-content-layout":"","site-content-style":"default","site-sidebar-style":"default","ast-global-header-display":"","ast-banner-title-visibility":"","ast-main-header-display":"","ast-hfb-above-header-display":"","ast-hfb-below-header-display":"","ast-hfb-mobile-header-display":"","site-post-title":"","ast-breadcrumbs-content":"","ast-featured-img":"","footer-sml-layout":"","theme-transparent-header-meta":"","adv-header-id-meta":"","stick-header-meta":"","header-above-stick-meta":"","header-main-stick-meta":"","header-below-stick-meta":"","astra-migrate-meta-layouts":"default","ast-page-background-enabled":"default","ast-page-background-meta":{"desktop":{"background-color":"var(--ast-global-color-4)","background-image":"","background-repeat":"repeat","background-position":"center center","background-size":"auto","background-attachment":"scroll","background-type":"","background-media":"","overlay-type":"","overlay-color":"","overlay-opacity":"","overlay-gradient":""},"tablet":{"background-color":"","background-image":"","background-repeat":"repeat","background-position":"center center","background-size":"auto","background-attachment":"scroll","background-type":"","background-media":"","overlay-type":"","overlay-color":"","overlay-opacity":"","overlay-gradient":""},"mobile":{"background-color":"","background-image":"","background-repeat":"repeat","background-position":"center center","background-size":"auto","background-attachment":"scroll","background-type":"","background-media":"","overlay-type":"","overlay-color":"","overlay-opacity":"","overlay-gradient":""}},"ast-content-background-meta":{"desktop":{"background-color":"var(--ast-global-color-5)","background-image":"","background-repeat":"repeat","background-position":"center center","background-size":"auto","background-attachment":"scroll","background-type":"","background-media":"","overlay-type":"","overlay-color":"","overlay-opacity":"","overlay-gradient":""},"tablet":{"background-color":"var(--ast-global-color-5)","background-image":"","background-repeat":"repeat","background-position":"center center","background-size":"auto","background-attachment":"scroll","background-type":"","background-media":"","overlay-type":"","overlay-color":"","overlay-opacity":"","overlay-gradient":""},"mobile":{"background-color":"var(--ast-global-color-5)","background-image":"","background-repeat":"repeat","background-position":"center center","background-size":"auto","background-attachment":"scroll","background-type":"","background-media":"","overlay-type":"","overlay-color":"","overlay-opacity":"","overlay-gradient":""}},"footnotes":""},"class_list":["post-49","page","type-page","status-publish","hentry"],"post_mailing_queue_ids":[],"_links":{"self":[{"href":"https:\/\/agora.xtec.cat\/iesterraalta\/wp-json\/wp\/v2\/pages\/49","targetHints":{"allow":["GET"]}}],"collection":[{"href":"https:\/\/agora.xtec.cat\/iesterraalta\/wp-json\/wp\/v2\/pages"}],"about":[{"href":"https:\/\/agora.xtec.cat\/iesterraalta\/wp-json\/wp\/v2\/types\/page"}],"author":[{"embeddable":true,"href":"https:\/\/agora.xtec.cat\/iesterraalta\/wp-json\/wp\/v2\/users\/1"}],"replies":[{"embeddable":true,"href":"https:\/\/agora.xtec.cat\/iesterraalta\/wp-json\/wp\/v2\/comments?post=49"}],"version-history":[{"count":3,"href":"https:\/\/agora.xtec.cat\/iesterraalta\/wp-json\/wp\/v2\/pages\/49\/revisions"}],"predecessor-version":[{"id":770,"href":"https:\/\/agora.xtec.cat\/iesterraalta\/wp-json\/wp\/v2\/pages\/49\/revisions\/770"}],"up":[{"embeddable":true,"href":"https:\/\/agora.xtec.cat\/iesterraalta\/wp-json\/wp\/v2\/pages\/19"}],"wp:attachment":[{"href":"https:\/\/agora.xtec.cat\/iesterraalta\/wp-json\/wp\/v2\/media?parent=49"}],"curies":[{"name":"wp","href":"https:\/\/api.w.org\/{rel}","templated":true}]}}