{"id":439,"date":"2016-05-16T09:55:35","date_gmt":"2016-05-16T08:55:35","guid":{"rendered":"http:\/\/agora.xtec.cat\/iesterraalta\/?page_id=439"},"modified":"2022-07-12T19:32:08","modified_gmt":"2022-07-12T17:32:08","slug":"oferta-educativa","status":"publish","type":"page","link":"https:\/\/agora.xtec.cat\/iesterraalta\/linstitut\/oferta-educativa\/","title":{"rendered":"Oferta educativa"},"content":{"rendered":"<p style=\"text-align: justify;\">L&#8217;oferta educativa del centre est\u00e0 formada pels estudis d&#8217;<a href=\"#eso\">ESO<\/a>, <a href=\"#bat\">Batxillerat<\/a>\u00a0 (modalitat de ci\u00e8ncies i tecnologia i modalitat d\u2019humanitats i ci\u00e8ncies socials) i <a href=\"#cfp\">Cicles formatius de formaci\u00f3 professional<\/a> (<a href=\"#ga\">cicle de grau mitj\u00e0 de Gesti\u00f3 administrativa <\/a>i <a href=\"#me\">cicle de grau mitj\u00e0 de Manteniment electromec\u00e0nic<\/a>).<\/p>\n<h2 style=\"text-align: justify;\"><span style=\"color: #008000;\"><a id=\"eso\"><\/a>ESO<\/span><\/h2>\n<p style=\"text-align: justify;\">L&#8217;<strong>educaci\u00f3 secund\u00e0ria obligat\u00f2ria <\/strong>(ESO) \u00e9s gratu\u00efta. Compr\u00e8n quatre cursos acad\u00e8mics. Generalment s&#8217;inicia l&#8217;any natural en qu\u00e8 es compleixen 12 anys i s&#8217;acaba als 16, tot i que els alumnes tenen dret a romandre en el centre amb r\u00e8gim ordinari fins als 18.<\/p>\n<p>Cliqueu <strong><em><a href=\"http:\/\/queestudiar.gencat.cat\/ca\/estudis\/secundaria\/\" target=\"_blank\" rel=\"noopener\">aqu\u00ed<\/a><\/em><\/strong> per veure m\u00e9s informaci\u00f3 (ESO).<\/p>\n<h2 style=\"text-align: justify;\"><span style=\"color: #008000;\"><a id=\"bat\"><\/a>Batxillerat<\/span><\/h2>\n<p style=\"text-align: justify;\">El <strong>batxillerat<\/strong> es cursa generalment de manera presencial, tot i que tamb\u00e9 hi ha altres opcions. El batxillerat, o alguna o algunes de les mat\u00e8ries, es poden cursar a dist\u00e0ncia a l&#8217;Institut Obert de Catalunya (IOC). El nostre centre \u00e9s centre de suport de l&#8217;IOC.<\/p>\n<p style=\"text-align: justify;\">Al nostre centre, els alumnes poden cursar:<\/p>\n<ul>\n<li>Modalitat de ci\u00e8ncies i tecnologia<\/li>\n<li>Modalitat d\u2019 humanitats i ci\u00e8ncies socials<\/li>\n<\/ul>\n<p>Cliqueu <strong><em><a href=\"http:\/\/queestudiar.gencat.cat\/ca\/estudis\/batxillerat\/\" target=\"_blank\" rel=\"noopener\">aqu\u00ed<\/a><\/em><\/strong> per veure m\u00e9s informaci\u00f3 (batxillerat).<\/p>\n<h2><span style=\"color: #008000;\"><a id=\"cfp\"><\/a>Cicles formatius de formaci\u00f3 professional<\/span><\/h2>\n<p>La <strong>formaci\u00f3 professional<\/strong> capacita per a l&#8217;exercici qualificat de diverses professions i proporciona la formaci\u00f3 necess\u00e0ria per adquirir la compet\u00e8ncia professional i el coneixement propis de cada sector.<\/p>\n<p>Cliqueu <strong><em><a href=\"http:\/\/queestudiar.gencat.cat\/ca\/estudis\/fp\/\" target=\"_blank\" rel=\"noopener\">aqu\u00ed<\/a><\/em><\/strong> per veure m\u00e9s informaci\u00f3 (formaci\u00f3 professional).<\/p>\n<h2><a id=\"ga\"><\/a><span style=\"color: #008000;\">Cicle formatiu de grau mitj\u00e0 de <strong>Gesti\u00f3 administrativa<br \/>\n<\/strong><\/span><\/h2>\n<p>Aquests estudis postobligatoris capaciten per exercir tasques de suport administratiu en l\u2019\u00e0mbit laboral, comptable, comercial, financer i fiscal i tasques de suport a les persones, en empreses p\u00fabliques o privades.<\/p>\n<p>Continguts, m\u00f2duls professionals:<\/p>\n<ul>\n<li>Comunicaci\u00f3 empresarial i atenci\u00f3 al client<\/li>\n<li>Operacions administratives de compravenda<\/li>\n<li>Empresa i Administraci\u00f3<\/li>\n<li>Tractament inform\u00e0tic de la informaci\u00f3<\/li>\n<li>T\u00e8cnica comptable<\/li>\n<li>Operacions administratives de recursos humans<\/li>\n<li>Tractament de la documentaci\u00f3 comptable<\/li>\n<li>Operacions administratives de suport<\/li>\n<li>Angl\u00e8s<\/li>\n<li>Empresa a l&#8217;aula<\/li>\n<li>Operacions auxiliars de gesti\u00f3 de tresoreria<\/li>\n<li>Formaci\u00f3 i orientaci\u00f3 laboral<\/li>\n<li>Formaci\u00f3 en centres de treball<\/li>\n<\/ul>\n<p><a href=\"https:\/\/triaeducativa.gencat.cat\/ca\/fp\/gm\/families-professionals\/administracio-gestio\/?p_id=49&amp;estudi\"><strong><em>M\u00e9s informaci\u00f3&#8230;<\/em><\/strong><\/a><\/p>\n<h2><span style=\"color: #008000;\"><a id=\"me\" style=\"color: #008000;\"><\/a>Cicle formatiu de grau mitj\u00e0 de <strong>Manteniment electromec\u00e0nic<\/strong><\/span><\/h2>\n<p>Aquests estudis capaciten per muntar i mantenir maquin\u00e0ria i equips industrials i l\u00ednies automatitzades de producci\u00f3 d&#8217;acord amb els reglaments i les normes establertes, seguint els protocols de qualitat, seguretat i prevenci\u00f3 de riscos laborals i respecte ambiental.<\/p>\n<p>Continguts, m\u00f2duls professionals:<\/p>\n<ul>\n<li>T\u00e8cniques de Fabricaci\u00f3<\/li>\n<li>T\u00e8cniques d&#8217;Uni\u00f3 i Muntatge<\/li>\n<li>Electricitat i Automatismes El\u00e8ctrics<\/li>\n<li>Automatismes Pneum\u00e0tics i Hidr\u00e0ulics<\/li>\n<li>Muntatge i Manteniment Mec\u00e0nic<\/li>\n<li>Muntatge i Manteniment El\u00e8ctric\/Electr\u00f2nic<\/li>\n<li>Muntatge i Manteniment de L\u00ednies Automatitzades<\/li>\n<li>Formaci\u00f3 i Orientaci\u00f3 Laboral<\/li>\n<li>Empresa i Iniciativa Emprenedora<\/li>\n<li>Angl\u00e8s T\u00e8cnic<\/li>\n<li>S\u00edntesi<\/li>\n<li>Formaci\u00f3 en Centres de Treball<\/li>\n<\/ul>\n<p><a href=\"https:\/\/triaeducativa.gencat.cat\/ca\/fp\/gm\/families-professionals\/installacio-manteniment\/?p_id=1490&amp;estudi\"><strong><em>M\u00e9s informaci\u00f3&#8230;<\/em><\/strong><\/a><\/p>\n<h2><span style=\"color: #008000;\">FP Dual<\/span><\/h2>\n<p>Amb l&#8217;objectiu de millorar la capacitat de les empreses de disposar de persones qualificades adequadament per a les seves necessitats, a Catalunya s\u2019implanta la <a href=\"https:\/\/agora.xtec.cat\/fpdual\/\"><strong>Formaci\u00f3 Professional Dual<\/strong><\/a>.<\/p>\n<p>Al nostre centre, alumnes del cicle formatiu de grau mitj\u00e0 de Manteniment electromec\u00e0nic i del cicle formatiu de grau mitj\u00e0 de Gesti\u00f3 administrativa ja han comen\u00e7at el proc\u00e9s.<\/p>\n","protected":false},"excerpt":{"rendered":"<p>L&#8217;oferta educativa del centre est\u00e0 formada pels estudis d&#8217;ESO, Batxillerat\u00a0 (modalitat de ci\u00e8ncies i tecnologia i modalitat d\u2019humanitats i ci\u00e8ncies socials) i Cicles formatius de formaci\u00f3 professional (cicle de grau mitj\u00e0 de Gesti\u00f3 administrativa i cicle de grau mitj\u00e0 de Manteniment electromec\u00e0nic). ESO L&#8217;educaci\u00f3 secund\u00e0ria obligat\u00f2ria (ESO) \u00e9s gratu\u00efta. Compr\u00e8n quatre cursos acad\u00e8mics. Generalment s&#8217;inicia [&hellip;]<\/p>\n","protected":false},"author":1,"featured_media":0,"parent":19,"menu_order":100,"comment_status":"closed","ping_status":"closed","template":"","meta":{"_bbp_topic_count":0,"_bbp_reply_count":0,"_bbp_total_topic_count":0,"_bbp_total_reply_count":0,"_bbp_voice_count":0,"_bbp_anonymous_reply_count":0,"_bbp_topic_count_hidden":0,"_bbp_reply_count_hidden":0,"_bbp_forum_subforum_count":0,"site-sidebar-layout":"default","site-content-layout":"","ast-site-content-layout":"","site-content-style":"default","site-sidebar-style":"default","ast-global-header-display":"","ast-banner-title-visibility":"","ast-main-header-display":"","ast-hfb-above-header-display":"","ast-hfb-below-header-display":"","ast-hfb-mobile-header-display":"","site-post-title":"","ast-breadcrumbs-content":"","ast-featured-img":"","footer-sml-layout":"","theme-transparent-header-meta":"","adv-header-id-meta":"","stick-header-meta":"","header-above-stick-meta":"","header-main-stick-meta":"","header-below-stick-meta":"","astra-migrate-meta-layouts":"default","ast-page-background-enabled":"default","ast-page-background-meta":{"desktop":{"background-color":"var(--ast-global-color-4)","background-image":"","background-repeat":"repeat","background-position":"center center","background-size":"auto","background-attachment":"scroll","background-type":"","background-media":"","overlay-type":"","overlay-color":"","overlay-opacity":"","overlay-gradient":""},"tablet":{"background-color":"","background-image":"","background-repeat":"repeat","background-position":"center center","background-size":"auto","background-attachment":"scroll","background-type":"","background-media":"","overlay-type":"","overlay-color":"","overlay-opacity":"","overlay-gradient":""},"mobile":{"background-color":"","background-image":"","background-repeat":"repeat","background-position":"center center","background-size":"auto","background-attachment":"scroll","background-type":"","background-media":"","overlay-type":"","overlay-color":"","overlay-opacity":"","overlay-gradient":""}},"ast-content-background-meta":{"desktop":{"background-color":"var(--ast-global-color-5)","background-image":"","background-repeat":"repeat","background-position":"center center","background-size":"auto","background-attachment":"scroll","background-type":"","background-media":"","overlay-type":"","overlay-color":"","overlay-opacity":"","overlay-gradient":""},"tablet":{"background-color":"var(--ast-global-color-5)","background-image":"","background-repeat":"repeat","background-position":"center center","background-size":"auto","background-attachment":"scroll","background-type":"","background-media":"","overlay-type":"","overlay-color":"","overlay-opacity":"","overlay-gradient":""},"mobile":{"background-color":"var(--ast-global-color-5)","background-image":"","background-repeat":"repeat","background-position":"center center","background-size":"auto","background-attachment":"scroll","background-type":"","background-media":"","overlay-type":"","overlay-color":"","overlay-opacity":"","overlay-gradient":""}},"footnotes":""},"class_list":["post-439","page","type-page","status-publish","hentry"],"post_mailing_queue_ids":[],"_links":{"self":[{"href":"https:\/\/agora.xtec.cat\/iesterraalta\/wp-json\/wp\/v2\/pages\/439","targetHints":{"allow":["GET"]}}],"collection":[{"href":"https:\/\/agora.xtec.cat\/iesterraalta\/wp-json\/wp\/v2\/pages"}],"about":[{"href":"https:\/\/agora.xtec.cat\/iesterraalta\/wp-json\/wp\/v2\/types\/page"}],"author":[{"embeddable":true,"href":"https:\/\/agora.xtec.cat\/iesterraalta\/wp-json\/wp\/v2\/users\/1"}],"replies":[{"embeddable":true,"href":"https:\/\/agora.xtec.cat\/iesterraalta\/wp-json\/wp\/v2\/comments?post=439"}],"version-history":[{"count":3,"href":"https:\/\/agora.xtec.cat\/iesterraalta\/wp-json\/wp\/v2\/pages\/439\/revisions"}],"predecessor-version":[{"id":4268,"href":"https:\/\/agora.xtec.cat\/iesterraalta\/wp-json\/wp\/v2\/pages\/439\/revisions\/4268"}],"up":[{"embeddable":true,"href":"https:\/\/agora.xtec.cat\/iesterraalta\/wp-json\/wp\/v2\/pages\/19"}],"wp:attachment":[{"href":"https:\/\/agora.xtec.cat\/iesterraalta\/wp-json\/wp\/v2\/media?parent=439"}],"curies":[{"name":"wp","href":"https:\/\/api.w.org\/{rel}","templated":true}]}}