{"id":412,"date":"2016-05-16T06:53:13","date_gmt":"2016-05-16T05:53:13","guid":{"rendered":"http:\/\/agora.xtec.cat\/iesterraalta\/?page_id=412"},"modified":"2021-04-15T00:37:20","modified_gmt":"2021-04-14T22:37:20","slug":"perfil-del-contractant","status":"publish","type":"page","link":"https:\/\/agora.xtec.cat\/iesterraalta\/linstitut\/perfil-del-contractant\/","title":{"rendered":"Contractes"},"content":{"rendered":"<h3>Perfil del contractant<\/h3>\n<p><strong>Nom de l\u2019\u00f2rgan de contractaci\u00f3:<\/strong> Institut Terra Alta<br \/>\n<strong>Adre\u00e7a:<\/strong> Carrer Vilalba, 30<br \/>\n<strong>Poblaci\u00f3:<\/strong> 43780 Gandesa<br \/>\n<strong>Horari d&#8217;atenci\u00f3 al p\u00fablic:<\/strong> de 9:00 hores a 14:00 hores<br \/>\n<strong>Tel\u00e8fon:<\/strong> 977 420 195 | <strong>Fax:<\/strong> 977 420 764 | <strong>Correu electr\u00f2nic:<\/strong> e3006642@xtec.cat | <strong>Adre\u00e7a web:<\/strong> http:\/\/www.xtec.cat\/iesterraalta\/<\/p>\n<p>V\u00e9s a<\/p>\n<h3><a href=\"http:\/\/agora.xtec.cat\/iesterraalta\/licitacions-i-adjudicacions\/\">Licitacions i adjudicacions<\/a><\/h3>\n<p>&nbsp;<\/p>\n<p>&nbsp;<\/p>\n","protected":false},"excerpt":{"rendered":"<p>Perfil del contractant Nom de l\u2019\u00f2rgan de contractaci\u00f3: Institut Terra Alta Adre\u00e7a: Carrer Vilalba, 30 Poblaci\u00f3: 43780 Gandesa Horari d&#8217;atenci\u00f3 al p\u00fablic: de 9:00 hores a 14:00 hores Tel\u00e8fon: 977 420 195 | Fax: 977 420 764 | Correu electr\u00f2nic: e3006642@xtec.cat | Adre\u00e7a web: http:\/\/www.xtec.cat\/iesterraalta\/ V\u00e9s a Licitacions i adjudicacions &nbsp; &nbsp;<\/p>\n","protected":false},"author":1,"featured_media":0,"parent":19,"menu_order":0,"comment_status":"closed","ping_status":"closed","template":"","meta":{"_bbp_topic_count":0,"_bbp_reply_count":0,"_bbp_total_topic_count":0,"_bbp_total_reply_count":0,"_bbp_voice_count":0,"_bbp_anonymous_reply_count":0,"_bbp_topic_count_hidden":0,"_bbp_reply_count_hidden":0,"_bbp_forum_subforum_count":0,"site-sidebar-layout":"default","site-content-layout":"","ast-site-content-layout":"","site-content-style":"default","site-sidebar-style":"default","ast-global-header-display":"","ast-banner-title-visibility":"","ast-main-header-display":"","ast-hfb-above-header-display":"","ast-hfb-below-header-display":"","ast-hfb-mobile-header-display":"","site-post-title":"","ast-breadcrumbs-content":"","ast-featured-img":"","footer-sml-layout":"","theme-transparent-header-meta":"","adv-header-id-meta":"","stick-header-meta":"","header-above-stick-meta":"","header-main-stick-meta":"","header-below-stick-meta":"","astra-migrate-meta-layouts":"default","ast-page-background-enabled":"default","ast-page-background-meta":{"desktop":{"background-color":"var(--ast-global-color-4)","background-image":"","background-repeat":"repeat","background-position":"center center","background-size":"auto","background-attachment":"scroll","background-type":"","background-media":"","overlay-type":"","overlay-color":"","overlay-opacity":"","overlay-gradient":""},"tablet":{"background-color":"","background-image":"","background-repeat":"repeat","background-position":"center center","background-size":"auto","background-attachment":"scroll","background-type":"","background-media":"","overlay-type":"","overlay-color":"","overlay-opacity":"","overlay-gradient":""},"mobile":{"background-color":"","background-image":"","background-repeat":"repeat","background-position":"center center","background-size":"auto","background-attachment":"scroll","background-type":"","background-media":"","overlay-type":"","overlay-color":"","overlay-opacity":"","overlay-gradient":""}},"ast-content-background-meta":{"desktop":{"background-color":"var(--ast-global-color-5)","background-image":"","background-repeat":"repeat","background-position":"center center","background-size":"auto","background-attachment":"scroll","background-type":"","background-media":"","overlay-type":"","overlay-color":"","overlay-opacity":"","overlay-gradient":""},"tablet":{"background-color":"var(--ast-global-color-5)","background-image":"","background-repeat":"repeat","background-position":"center center","background-size":"auto","background-attachment":"scroll","background-type":"","background-media":"","overlay-type":"","overlay-color":"","overlay-opacity":"","overlay-gradient":""},"mobile":{"background-color":"var(--ast-global-color-5)","background-image":"","background-repeat":"repeat","background-position":"center center","background-size":"auto","background-attachment":"scroll","background-type":"","background-media":"","overlay-type":"","overlay-color":"","overlay-opacity":"","overlay-gradient":""}},"footnotes":""},"class_list":["post-412","page","type-page","status-publish","hentry"],"post_mailing_queue_ids":[],"_links":{"self":[{"href":"https:\/\/agora.xtec.cat\/iesterraalta\/wp-json\/wp\/v2\/pages\/412","targetHints":{"allow":["GET"]}}],"collection":[{"href":"https:\/\/agora.xtec.cat\/iesterraalta\/wp-json\/wp\/v2\/pages"}],"about":[{"href":"https:\/\/agora.xtec.cat\/iesterraalta\/wp-json\/wp\/v2\/types\/page"}],"author":[{"embeddable":true,"href":"https:\/\/agora.xtec.cat\/iesterraalta\/wp-json\/wp\/v2\/users\/1"}],"replies":[{"embeddable":true,"href":"https:\/\/agora.xtec.cat\/iesterraalta\/wp-json\/wp\/v2\/comments?post=412"}],"version-history":[{"count":2,"href":"https:\/\/agora.xtec.cat\/iesterraalta\/wp-json\/wp\/v2\/pages\/412\/revisions"}],"predecessor-version":[{"id":3038,"href":"https:\/\/agora.xtec.cat\/iesterraalta\/wp-json\/wp\/v2\/pages\/412\/revisions\/3038"}],"up":[{"embeddable":true,"href":"https:\/\/agora.xtec.cat\/iesterraalta\/wp-json\/wp\/v2\/pages\/19"}],"wp:attachment":[{"href":"https:\/\/agora.xtec.cat\/iesterraalta\/wp-json\/wp\/v2\/media?parent=412"}],"curies":[{"name":"wp","href":"https:\/\/api.w.org\/{rel}","templated":true}]}}