{"id":371,"date":"2016-05-08T22:19:10","date_gmt":"2016-05-08T21:19:10","guid":{"rendered":"http:\/\/agora.xtec.cat\/iesterraalta\/?page_id=371"},"modified":"2022-02-02T13:48:31","modified_gmt":"2022-02-02T12:48:31","slug":"criteris-davaluacio","status":"publish","type":"page","link":"https:\/\/agora.xtec.cat\/iesterraalta\/linstitut\/criteris-davaluacio\/","title":{"rendered":"Criteris d&#8217;avaluaci\u00f3"},"content":{"rendered":"<p style=\"padding-left: 60px;\"><a href=\"https:\/\/drive.google.com\/file\/d\/1gsLC__QWFdwMs2SDGBylnvWBpRhDH6oR\/view?usp=sharing\">Criteris d&#8217;avaluaci\u00f3 1r ESO<\/a><\/p>\n<p style=\"padding-left: 60px;\"><a href=\"https:\/\/drive.google.com\/file\/d\/1ov0SxVgAfBqCtPa1N6Rh0u-3nY3jDyOK\/view?usp=sharing\">Criteris d&#8217;avaluaci\u00f3 2n ESO<\/a><\/p>\n<p style=\"padding-left: 60px;\"><a href=\"https:\/\/drive.google.com\/file\/d\/1AT0JG72TAi47ANVAYrJyNVJlPXjvqScy\/view?usp=sharing\">Criteris d&#8217;avaluaci\u00f3 3r ESO<\/a><\/p>\n<p style=\"padding-left: 60px;\"><a href=\"https:\/\/drive.google.com\/file\/d\/1c2EsZghfYUxhwfARo_e8M9At7Y9mZlqs\/view?usp=sharing\">Criteris d&#8217;avaluaci\u00f3 4t ESO<\/a><\/p>\n<p style=\"padding-left: 60px;\"><a href=\"https:\/\/drive.google.com\/file\/d\/1NL68mtCnMacNsG_Mjk6ulGI69z1vqNnk\/view?usp=sharing\">Criteris d&#8217;avaluaci\u00f3 1r Bat HS<\/a><\/p>\n<p style=\"padding-left: 60px;\"><a href=\"https:\/\/drive.google.com\/file\/d\/1AZOdPb4Iy4Qu_I6p0SlzOAxza0Sp1BV-\/view?usp=sharing\">Criteris d&#8217;avaluaci\u00f3 1r Bat CT<\/a><\/p>\n<p style=\"padding-left: 60px;\"><a href=\"https:\/\/drive.google.com\/file\/d\/16K7M2fySmZQlnoa4sQrCJ-rItZf6JIUg\/view?usp=sharing\">Criteris d&#8217;avaluaci\u00f3 2n Bat HS<\/a><\/p>\n<p style=\"padding-left: 60px;\"><a href=\"https:\/\/drive.google.com\/file\/d\/1ISS30PilPel7HmsVQZGvtt-tG61o1E9S\/view?usp=sharing\">Criteris d&#8217;avaluaci\u00f3 2n Bat CT<\/a><\/p>\n<p>&nbsp;<\/p>\n","protected":false},"excerpt":{"rendered":"<p>Criteris d&#8217;avaluaci\u00f3 1r ESO Criteris d&#8217;avaluaci\u00f3 2n ESO Criteris d&#8217;avaluaci\u00f3 3r ESO Criteris d&#8217;avaluaci\u00f3 4t ESO Criteris d&#8217;avaluaci\u00f3 1r Bat HS Criteris d&#8217;avaluaci\u00f3 1r Bat CT Criteris d&#8217;avaluaci\u00f3 2n Bat HS Criteris d&#8217;avaluaci\u00f3 2n Bat CT &nbsp;<\/p>\n","protected":false},"author":1,"featured_media":0,"parent":19,"menu_order":100,"comment_status":"closed","ping_status":"closed","template":"","meta":{"_bbp_topic_count":0,"_bbp_reply_count":0,"_bbp_total_topic_count":0,"_bbp_total_reply_count":0,"_bbp_voice_count":0,"_bbp_anonymous_reply_count":0,"_bbp_topic_count_hidden":0,"_bbp_reply_count_hidden":0,"_bbp_forum_subforum_count":0,"site-sidebar-layout":"default","site-content-layout":"","ast-site-content-layout":"","site-content-style":"default","site-sidebar-style":"default","ast-global-header-display":"","ast-banner-title-visibility":"","ast-main-header-display":"","ast-hfb-above-header-display":"","ast-hfb-below-header-display":"","ast-hfb-mobile-header-display":"","site-post-title":"","ast-breadcrumbs-content":"","ast-featured-img":"","footer-sml-layout":"","theme-transparent-header-meta":"","adv-header-id-meta":"","stick-header-meta":"","header-above-stick-meta":"","header-main-stick-meta":"","header-below-stick-meta":"","astra-migrate-meta-layouts":"default","ast-page-background-enabled":"default","ast-page-background-meta":{"desktop":{"background-color":"var(--ast-global-color-4)","background-image":"","background-repeat":"repeat","background-position":"center center","background-size":"auto","background-attachment":"scroll","background-type":"","background-media":"","overlay-type":"","overlay-color":"","overlay-opacity":"","overlay-gradient":""},"tablet":{"background-color":"","background-image":"","background-repeat":"repeat","background-position":"center center","background-size":"auto","background-attachment":"scroll","background-type":"","background-media":"","overlay-type":"","overlay-color":"","overlay-opacity":"","overlay-gradient":""},"mobile":{"background-color":"","background-image":"","background-repeat":"repeat","background-position":"center center","background-size":"auto","background-attachment":"scroll","background-type":"","background-media":"","overlay-type":"","overlay-color":"","overlay-opacity":"","overlay-gradient":""}},"ast-content-background-meta":{"desktop":{"background-color":"var(--ast-global-color-5)","background-image":"","background-repeat":"repeat","background-position":"center center","background-size":"auto","background-attachment":"scroll","background-type":"","background-media":"","overlay-type":"","overlay-color":"","overlay-opacity":"","overlay-gradient":""},"tablet":{"background-color":"var(--ast-global-color-5)","background-image":"","background-repeat":"repeat","background-position":"center center","background-size":"auto","background-attachment":"scroll","background-type":"","background-media":"","overlay-type":"","overlay-color":"","overlay-opacity":"","overlay-gradient":""},"mobile":{"background-color":"var(--ast-global-color-5)","background-image":"","background-repeat":"repeat","background-position":"center center","background-size":"auto","background-attachment":"scroll","background-type":"","background-media":"","overlay-type":"","overlay-color":"","overlay-opacity":"","overlay-gradient":""}},"footnotes":""},"class_list":["post-371","page","type-page","status-publish","hentry"],"post_mailing_queue_ids":[],"_links":{"self":[{"href":"https:\/\/agora.xtec.cat\/iesterraalta\/wp-json\/wp\/v2\/pages\/371","targetHints":{"allow":["GET"]}}],"collection":[{"href":"https:\/\/agora.xtec.cat\/iesterraalta\/wp-json\/wp\/v2\/pages"}],"about":[{"href":"https:\/\/agora.xtec.cat\/iesterraalta\/wp-json\/wp\/v2\/types\/page"}],"author":[{"embeddable":true,"href":"https:\/\/agora.xtec.cat\/iesterraalta\/wp-json\/wp\/v2\/users\/1"}],"replies":[{"embeddable":true,"href":"https:\/\/agora.xtec.cat\/iesterraalta\/wp-json\/wp\/v2\/comments?post=371"}],"version-history":[{"count":3,"href":"https:\/\/agora.xtec.cat\/iesterraalta\/wp-json\/wp\/v2\/pages\/371\/revisions"}],"predecessor-version":[{"id":3865,"href":"https:\/\/agora.xtec.cat\/iesterraalta\/wp-json\/wp\/v2\/pages\/371\/revisions\/3865"}],"up":[{"embeddable":true,"href":"https:\/\/agora.xtec.cat\/iesterraalta\/wp-json\/wp\/v2\/pages\/19"}],"wp:attachment":[{"href":"https:\/\/agora.xtec.cat\/iesterraalta\/wp-json\/wp\/v2\/media?parent=371"}],"curies":[{"name":"wp","href":"https:\/\/api.w.org\/{rel}","templated":true}]}}