{"id":2615,"date":"2019-01-18T08:31:03","date_gmt":"2019-01-18T07:31:03","guid":{"rendered":"http:\/\/agora.xtec.cat\/iesterraalta\/?page_id=2615"},"modified":"2021-04-26T23:04:40","modified_gmt":"2021-04-26T21:04:40","slug":"geets-global-education-european-teaching-strategies","status":"publish","type":"page","link":"https:\/\/agora.xtec.cat\/iesterraalta\/programes-i-projectes\/geets-global-education-european-teaching-strategies\/","title":{"rendered":"GEETS"},"content":{"rendered":"<h3><span style=\"color: #008000;\">Global Education European Teaching Strategies\u00a0 2018-2019<\/span><a href=\"https:\/\/agora.xtec.cat\/iesterraalta\/wp-content\/uploads\/usu564\/2019\/07\/erasmusl.jpg\"><img loading=\"lazy\" decoding=\"async\" class=\"size-full wp-image-2990 aligncenter\" src=\"https:\/\/agora.xtec.cat\/iesterraalta\/wp-content\/uploads\/usu564\/2019\/07\/erasmusl.jpg\" alt=\"\" width=\"567\" height=\"212\" srcset=\"https:\/\/agora.xtec.cat\/iesterraalta\/wp-content\/uploads\/usu564\/2019\/07\/erasmusl.jpg 567w, https:\/\/agora.xtec.cat\/iesterraalta\/wp-content\/uploads\/usu564\/2019\/07\/erasmusl-300x112.jpg 300w\" sizes=\"auto, (max-width: 567px) 100vw, 567px\" \/><\/a><\/h3>\n<p>Durant aquest curs \u00a0el nostre institut participa en un projecte europeu juntament amb sis instituts m\u00e9s de tot el territori catal\u00e0. Ho fa a partir del Consorci creat de m\u00e0 de la\u00a0Subdirecci\u00f3 General de Llengua i Pluriling\u00fcisme, SLE.<\/p>\n<p>Els instituts participants s\u00f3n:<br \/>\nINS Terra Alta, Gandesa<br \/>\nINS Baetulo, Badalona<br \/>\nINS Antoni de Mart\u00ed i Franqu\u00e8s,Tarragona<br \/>\nINS Joan Or\u00f3, Lleida<br \/>\nINS Ridaura, Castell d\u2019Aro<br \/>\nINS Badia i Margarit, Igualada<br \/>\nINS La Valira, La Seu d\u2019Urgell<\/p>\n<p>Al llarg del curs, farem una s\u00e8rie d\u2019estades, formacions i intercanvis que serviran per millorar la nostra pr\u00e0ctica educativa.<\/p>\n<p>A continuaci\u00f3 teniu les presentacions que resumeixen les <strong>estades que el nostre professorat va fer durant l&#8217;estiu passat a Berl\u00edn i a Dubl\u00edn<\/strong>:<\/p>\n<p><a href=\"https:\/\/docs.google.com\/presentation\/d\/1teSFH0rAgzlZdOQNN6_UU52LINZAF5CjxeUcOLeRVvk\/edit?usp=sharing\">https:\/\/docs.google.com\/presentation\/d\/1teSFH0rAgzlZdOQNN6_UU52LINZAF5CjxeUcOLeRVvk\/edit?usp=sharing<\/a>\u00a0CLIL<\/p>\n<p><a href=\"https:\/\/agora.xtec.cat\/iesterraalta\/wp-content\/uploads\/usu564\/2019\/07\/erasl.jpg\"><img loading=\"lazy\" decoding=\"async\" class=\"alignleft wp-image-2996\" src=\"https:\/\/agora.xtec.cat\/iesterraalta\/wp-content\/uploads\/usu564\/2019\/07\/erasl.jpg\" alt=\"\" width=\"633\" height=\"297\" srcset=\"https:\/\/agora.xtec.cat\/iesterraalta\/wp-content\/uploads\/usu564\/2019\/07\/erasl.jpg 1013w, https:\/\/agora.xtec.cat\/iesterraalta\/wp-content\/uploads\/usu564\/2019\/07\/erasl-300x140.jpg 300w, https:\/\/agora.xtec.cat\/iesterraalta\/wp-content\/uploads\/usu564\/2019\/07\/erasl-768x359.jpg 768w\" sizes=\"auto, (max-width: 633px) 100vw, 633px\" \/><\/a><\/p>\n<p>&nbsp;<\/p>\n<p>&nbsp;<\/p>\n<p>&nbsp;<\/p>\n<p>&nbsp;<\/p>\n<p>&nbsp;<\/p>\n<p>&nbsp;<\/p>\n<p>&nbsp;<\/p>\n<p style=\"font-family: 'Helvetica Neue', Helvetica, Helvetica, Arial, sans-serif; font-size: 16px;\"><a href=\"https:\/\/drive.google.com\/open?id=1LcCWeB158t4-dqS3kVE-DiwBhps3TTJTtbIhUi7_A9U\">https:\/\/drive.google.com\/open?id=1LcCWeB158t4-dqS3kVE-DiwBhps3TTJTtbIhUi7_A9UPBL (Aprenentatge basat en projectes)<\/a><\/p>\n<p>Documents de la<strong> transfer\u00e8ncia INS Mart\u00ed i Franqu\u00e8s<\/strong>: <a href=\"https:\/\/drive.google.com\/drive\/folders\/1-5dAKzNWUbHUH-kzBUaFXQmDicOQrI8k\">https:\/\/drive.google.com\/drive\/folders\/1-5dAKzNWUbHUH-kzBUaFXQmDicOQrI8k<\/a><\/p>\n<p>Cr\u00f2nica de la transfer\u00e8ncia des <strong>del nostre centre a altres<\/strong>:\u00a0<a href=\"http:\/\/agora.xtec.cat\/iesterraalta\/transferencia-erasmus-ka1-geets\/\">http:\/\/agora.xtec.cat\/iesterraalta\/transferencia-erasmus-ka1-geets\/<\/a><\/p>\n<p><a href=\"https:\/\/agora.xtec.cat\/iesterraalta\/wp-content\/uploads\/usu564\/2019\/07\/verl.jpg\"><img loading=\"lazy\" decoding=\"async\" class=\"alignleft wp-image-2992\" src=\"https:\/\/agora.xtec.cat\/iesterraalta\/wp-content\/uploads\/usu564\/2019\/07\/verl.jpg\" alt=\"\" width=\"666\" height=\"354\" srcset=\"https:\/\/agora.xtec.cat\/iesterraalta\/wp-content\/uploads\/usu564\/2019\/07\/verl.jpg 902w, https:\/\/agora.xtec.cat\/iesterraalta\/wp-content\/uploads\/usu564\/2019\/07\/verl-300x160.jpg 300w, https:\/\/agora.xtec.cat\/iesterraalta\/wp-content\/uploads\/usu564\/2019\/07\/verl-768x409.jpg 768w\" sizes=\"auto, (max-width: 666px) 100vw, 666px\" \/><\/a><\/p>\n<p>&nbsp;<\/p>\n<p>&nbsp;<\/p>\n<p>&nbsp;<\/p>\n<p>&nbsp;<\/p>\n<p>&nbsp;<\/p>\n<p>&nbsp;<\/p>\n<p>&nbsp;<\/p>\n<p>&nbsp;<\/p>\n<p>&nbsp;<\/p>\n<p>Programa de la sessi\u00f3 de visita:\u00a0<a href=\"https:\/\/docs.google.com\/document\/d\/1J-nsq-WNqmT3yBo-yy6Q9diXWDgJ77fyejvLzNx1Goo\">https:\/\/docs.google.com\/document\/d\/1J-nsq-WNqmT3yBo-yy6Q9diXWDgJ77fyejvLzNx1Goo<\/a><\/p>\n<p><strong>Visita a l&#8217;INS Joan Or\u00f3<\/strong>:<a href=\"https:\/\/drive.google.com\/a\/xtec.cat\/file\/d\/19G8TGRueLvb719fx8w07wP6ue-3cpu_A\/view?usp=sharing\"> https:\/\/drive.google.com\/a\/xtec.cat\/file\/d\/19G8TGRueLvb719fx8w07wP6ue-3cpu_A\/view?usp=sharing<\/a><\/p>\n<p><a href=\"https:\/\/agora.xtec.cat\/iesterraalta\/wp-content\/uploads\/usu564\/2019\/07\/orol.jpg\"><img loading=\"lazy\" decoding=\"async\" class=\"alignleft wp-image-2993\" src=\"https:\/\/agora.xtec.cat\/iesterraalta\/wp-content\/uploads\/usu564\/2019\/07\/orol.jpg\" alt=\"\" width=\"673\" height=\"361\" srcset=\"https:\/\/agora.xtec.cat\/iesterraalta\/wp-content\/uploads\/usu564\/2019\/07\/orol.jpg 930w, https:\/\/agora.xtec.cat\/iesterraalta\/wp-content\/uploads\/usu564\/2019\/07\/orol-300x161.jpg 300w, https:\/\/agora.xtec.cat\/iesterraalta\/wp-content\/uploads\/usu564\/2019\/07\/orol-768x411.jpg 768w\" sizes=\"auto, (max-width: 673px) 100vw, 673px\" \/><\/a><\/p>\n<p>&nbsp;<\/p>\n<p>&nbsp;<\/p>\n","protected":false},"excerpt":{"rendered":"<p>Global Education European Teaching Strategies\u00a0 2018-2019 Durant aquest curs \u00a0el nostre institut participa en un projecte europeu juntament amb sis instituts m\u00e9s de tot el territori catal\u00e0. Ho fa a partir del Consorci creat de m\u00e0 de la\u00a0Subdirecci\u00f3 General de Llengua i Pluriling\u00fcisme, SLE. Els instituts participants s\u00f3n: INS Terra Alta, Gandesa INS Baetulo, Badalona [&hellip;]<\/p>\n","protected":false},"author":1,"featured_media":0,"parent":3588,"menu_order":0,"comment_status":"closed","ping_status":"closed","template":"","meta":{"_bbp_topic_count":0,"_bbp_reply_count":0,"_bbp_total_topic_count":0,"_bbp_total_reply_count":0,"_bbp_voice_count":0,"_bbp_anonymous_reply_count":0,"_bbp_topic_count_hidden":0,"_bbp_reply_count_hidden":0,"_bbp_forum_subforum_count":0,"site-sidebar-layout":"default","site-content-layout":"","ast-site-content-layout":"","site-content-style":"default","site-sidebar-style":"default","ast-global-header-display":"","ast-banner-title-visibility":"","ast-main-header-display":"","ast-hfb-above-header-display":"","ast-hfb-below-header-display":"","ast-hfb-mobile-header-display":"","site-post-title":"","ast-breadcrumbs-content":"","ast-featured-img":"","footer-sml-layout":"","theme-transparent-header-meta":"","adv-header-id-meta":"","stick-header-meta":"","header-above-stick-meta":"","header-main-stick-meta":"","header-below-stick-meta":"","astra-migrate-meta-layouts":"default","ast-page-background-enabled":"default","ast-page-background-meta":{"desktop":{"background-color":"var(--ast-global-color-4)","background-image":"","background-repeat":"repeat","background-position":"center center","background-size":"auto","background-attachment":"scroll","background-type":"","background-media":"","overlay-type":"","overlay-color":"","overlay-opacity":"","overlay-gradient":""},"tablet":{"background-color":"","background-image":"","background-repeat":"repeat","background-position":"center center","background-size":"auto","background-attachment":"scroll","background-type":"","background-media":"","overlay-type":"","overlay-color":"","overlay-opacity":"","overlay-gradient":""},"mobile":{"background-color":"","background-image":"","background-repeat":"repeat","background-position":"center center","background-size":"auto","background-attachment":"scroll","background-type":"","background-media":"","overlay-type":"","overlay-color":"","overlay-opacity":"","overlay-gradient":""}},"ast-content-background-meta":{"desktop":{"background-color":"var(--ast-global-color-5)","background-image":"","background-repeat":"repeat","background-position":"center center","background-size":"auto","background-attachment":"scroll","background-type":"","background-media":"","overlay-type":"","overlay-color":"","overlay-opacity":"","overlay-gradient":""},"tablet":{"background-color":"var(--ast-global-color-5)","background-image":"","background-repeat":"repeat","background-position":"center center","background-size":"auto","background-attachment":"scroll","background-type":"","background-media":"","overlay-type":"","overlay-color":"","overlay-opacity":"","overlay-gradient":""},"mobile":{"background-color":"var(--ast-global-color-5)","background-image":"","background-repeat":"repeat","background-position":"center center","background-size":"auto","background-attachment":"scroll","background-type":"","background-media":"","overlay-type":"","overlay-color":"","overlay-opacity":"","overlay-gradient":""}},"footnotes":""},"class_list":["post-2615","page","type-page","status-publish","hentry"],"post_mailing_queue_ids":[],"_links":{"self":[{"href":"https:\/\/agora.xtec.cat\/iesterraalta\/wp-json\/wp\/v2\/pages\/2615","targetHints":{"allow":["GET"]}}],"collection":[{"href":"https:\/\/agora.xtec.cat\/iesterraalta\/wp-json\/wp\/v2\/pages"}],"about":[{"href":"https:\/\/agora.xtec.cat\/iesterraalta\/wp-json\/wp\/v2\/types\/page"}],"author":[{"embeddable":true,"href":"https:\/\/agora.xtec.cat\/iesterraalta\/wp-json\/wp\/v2\/users\/1"}],"replies":[{"embeddable":true,"href":"https:\/\/agora.xtec.cat\/iesterraalta\/wp-json\/wp\/v2\/comments?post=2615"}],"version-history":[{"count":4,"href":"https:\/\/agora.xtec.cat\/iesterraalta\/wp-json\/wp\/v2\/pages\/2615\/revisions"}],"predecessor-version":[{"id":3601,"href":"https:\/\/agora.xtec.cat\/iesterraalta\/wp-json\/wp\/v2\/pages\/2615\/revisions\/3601"}],"up":[{"embeddable":true,"href":"https:\/\/agora.xtec.cat\/iesterraalta\/wp-json\/wp\/v2\/pages\/3588"}],"wp:attachment":[{"href":"https:\/\/agora.xtec.cat\/iesterraalta\/wp-json\/wp\/v2\/media?parent=2615"}],"curies":[{"name":"wp","href":"https:\/\/api.w.org\/{rel}","templated":true}]}}