{"id":922,"date":"2019-02-22T13:05:43","date_gmt":"2019-02-22T12:05:43","guid":{"rendered":"https:\/\/agora.xtec.cat\/iessitges\/?page_id=922"},"modified":"2019-02-27T11:25:49","modified_gmt":"2019-02-27T10:25:49","slug":"politica-de-qualitat","status":"publish","type":"page","link":"https:\/\/agora.xtec.cat\/iessitges\/linstitut\/politica-de-qualitat\/","title":{"rendered":"Pol\u00edtica de qualitat"},"content":{"rendered":"<p>Els principis b\u00e0sics de la Pol\u00edtica de Qualitat de l\u2019institut Joan Ramon Benapr\u00e8s s\u00f3n els seg\u00fcents:<\/p>\n<ol>\n<li><b><\/b> \u00a0\u00a0\u00a0<span style=\"color: #046bb6;\">Millorar els resultats acad\u00e8mics:<\/span> La millora dels resultats acad\u00e8mics a partir dels indicadors i els objectius per con\u00e8ixer el que s\u2019ha aconseguit.<\/li>\n<li><b><\/b> \u00a0\u00a0\u00a0<span style=\"color: #046bb6;\">Augmentar la satisfacci\u00f3:<\/span> La mesura i l\u2019an\u00e0lisi de la satisfacci\u00f3 de la nostra comunitat educativa.<\/li>\n<li><b><\/b> \u00a0\u00a0\u00a0<span style=\"color: #046bb6;\">Millora cont\u00ednua:<\/span> La gesti\u00f3 per processos orientada cap a la millora continua des de la planificaci\u00f3, el desenvolupament, l\u2019avaluaci\u00f3 i posterior reflexi\u00f3 i revisi\u00f3 que ens ha de conduir a la seva millora.<\/li>\n<\/ol>\n<p><b>4.<\/b> <span style=\"color: #046bb6;\">Compliment la normativa:<\/span> L&#8217;inter\u00e8s per acomplir els requisits establerts per l&#8217;Administraci\u00f3 Educativa i d&#8217;altres lleis i disposicions que siguin d&#8217;aplicaci\u00f3.<\/p>\n","protected":false},"excerpt":{"rendered":"<p>Els principis b\u00e0sics de la Pol\u00edtica de Qualitat de l\u2019institut Joan Ramon Benapr\u00e8s s\u00f3n els seg\u00fcents: \u00a0\u00a0\u00a0Millorar els resultats acad\u00e8mics: La millora dels resultats acad\u00e8mics a partir dels indicadors i els objectius per con\u00e8ixer el que s\u2019ha aconseguit. \u00a0\u00a0\u00a0Augmentar la satisfacci\u00f3: La mesura i l\u2019an\u00e0lisi de la satisfacci\u00f3 de la nostra comunitat educativa. \u00a0\u00a0\u00a0Millora cont\u00ednua: [&hellip;]<\/p>\n","protected":false},"author":1,"featured_media":0,"parent":19,"menu_order":30,"comment_status":"closed","ping_status":"closed","template":"page-templates\/side-menu.php","meta":{"site-sidebar-layout":"default","site-content-layout":"","ast-site-content-layout":"","site-content-style":"default","site-sidebar-style":"default","ast-global-header-display":"","ast-banner-title-visibility":"","ast-main-header-display":"","ast-hfb-above-header-display":"","ast-hfb-below-header-display":"","ast-hfb-mobile-header-display":"","site-post-title":"","ast-breadcrumbs-content":"","ast-featured-img":"","footer-sml-layout":"","theme-transparent-header-meta":"","adv-header-id-meta":"","stick-header-meta":"","header-above-stick-meta":"","header-main-stick-meta":"","header-below-stick-meta":"","astra-migrate-meta-layouts":"default","ast-page-background-enabled":"default","ast-page-background-meta":{"desktop":{"background-color":"var(--ast-global-color-4)","background-image":"","background-repeat":"repeat","background-position":"center center","background-size":"auto","background-attachment":"scroll","background-type":"","background-media":"","overlay-type":"","overlay-color":"","overlay-opacity":"","overlay-gradient":""},"tablet":{"background-color":"","background-image":"","background-repeat":"repeat","background-position":"center center","background-size":"auto","background-attachment":"scroll","background-type":"","background-media":"","overlay-type":"","overlay-color":"","overlay-opacity":"","overlay-gradient":""},"mobile":{"background-color":"","background-image":"","background-repeat":"repeat","background-position":"center center","background-size":"auto","background-attachment":"scroll","background-type":"","background-media":"","overlay-type":"","overlay-color":"","overlay-opacity":"","overlay-gradient":""}},"ast-content-background-meta":{"desktop":{"background-color":"var(--ast-global-color-5)","background-image":"","background-repeat":"repeat","background-position":"center center","background-size":"auto","background-attachment":"scroll","background-type":"","background-media":"","overlay-type":"","overlay-color":"","overlay-opacity":"","overlay-gradient":""},"tablet":{"background-color":"var(--ast-global-color-5)","background-image":"","background-repeat":"repeat","background-position":"center center","background-size":"auto","background-attachment":"scroll","background-type":"","background-media":"","overlay-type":"","overlay-color":"","overlay-opacity":"","overlay-gradient":""},"mobile":{"background-color":"var(--ast-global-color-5)","background-image":"","background-repeat":"repeat","background-position":"center center","background-size":"auto","background-attachment":"scroll","background-type":"","background-media":"","overlay-type":"","overlay-color":"","overlay-opacity":"","overlay-gradient":""}},"footnotes":""},"class_list":["post-922","page","type-page","status-publish","hentry"],"post_mailing_queue_ids":[],"_links":{"self":[{"href":"https:\/\/agora.xtec.cat\/iessitges\/wp-json\/wp\/v2\/pages\/922","targetHints":{"allow":["GET"]}}],"collection":[{"href":"https:\/\/agora.xtec.cat\/iessitges\/wp-json\/wp\/v2\/pages"}],"about":[{"href":"https:\/\/agora.xtec.cat\/iessitges\/wp-json\/wp\/v2\/types\/page"}],"author":[{"embeddable":true,"href":"https:\/\/agora.xtec.cat\/iessitges\/wp-json\/wp\/v2\/users\/1"}],"replies":[{"embeddable":true,"href":"https:\/\/agora.xtec.cat\/iessitges\/wp-json\/wp\/v2\/comments?post=922"}],"version-history":[{"count":5,"href":"https:\/\/agora.xtec.cat\/iessitges\/wp-json\/wp\/v2\/pages\/922\/revisions"}],"predecessor-version":[{"id":1155,"href":"https:\/\/agora.xtec.cat\/iessitges\/wp-json\/wp\/v2\/pages\/922\/revisions\/1155"}],"up":[{"embeddable":true,"href":"https:\/\/agora.xtec.cat\/iessitges\/wp-json\/wp\/v2\/pages\/19"}],"wp:attachment":[{"href":"https:\/\/agora.xtec.cat\/iessitges\/wp-json\/wp\/v2\/media?parent=922"}],"curies":[{"name":"wp","href":"https:\/\/api.w.org\/{rel}","templated":true}]}}