{"id":739,"date":"2019-02-08T17:02:17","date_gmt":"2019-02-08T16:02:17","guid":{"rendered":"https:\/\/agora.xtec.cat\/iessitges\/?page_id=739"},"modified":"2023-05-07T20:33:32","modified_gmt":"2023-05-07T18:33:32","slug":"cicles-formatius-de-grau-superior","status":"publish","type":"page","link":"https:\/\/agora.xtec.cat\/iessitges\/estudis\/cicles-formatius-de-grau-superior\/","title":{"rendered":"Cicles Formatius de Grau Superior"},"content":{"rendered":"<h2>LA NOSTRA OFERTA<\/h2>\n<ul>\n<li><a href=\"#Direcciocuina\">Direcci\u00f3 de Cuina i Seveis en Restauraci\u00f3<\/a><\/li>\n<li><a href=\"#gestio\">Gesti\u00f3 d&#8217;allotjaments tur\u00edstics<\/a><\/li>\n<li><a href=\"#dietetica\">Diet\u00e8tica<\/a><\/li>\n<\/ul>\n<p><a id=\"Direcciocuina\"><\/a><a href=\"https:\/\/agora.xtec.cat\/iessitges\/wp-content\/uploads\/usu1948\/2021\/03\/IRB-Portes-Obertes-2021-v1.06.jpg\"><img loading=\"lazy\" decoding=\"async\" class=\"alignnone wp-image-4566\" src=\"https:\/\/agora.xtec.cat\/iessitges\/wp-content\/uploads\/usu1948\/2021\/03\/IRB-Portes-Obertes-2021-v1.06.jpg\" alt=\"\" width=\"475\" height=\"475\" srcset=\"https:\/\/agora.xtec.cat\/iessitges\/wp-content\/uploads\/usu1948\/2021\/03\/IRB-Portes-Obertes-2021-v1.06.jpg 4500w, https:\/\/agora.xtec.cat\/iessitges\/wp-content\/uploads\/usu1948\/2021\/03\/IRB-Portes-Obertes-2021-v1.06-150x150.jpg 150w, https:\/\/agora.xtec.cat\/iessitges\/wp-content\/uploads\/usu1948\/2021\/03\/IRB-Portes-Obertes-2021-v1.06-300x300.jpg 300w, https:\/\/agora.xtec.cat\/iessitges\/wp-content\/uploads\/usu1948\/2021\/03\/IRB-Portes-Obertes-2021-v1.06-768x768.jpg 768w, https:\/\/agora.xtec.cat\/iessitges\/wp-content\/uploads\/usu1948\/2021\/03\/IRB-Portes-Obertes-2021-v1.06-1024x1024.jpg 1024w\" sizes=\"auto, (max-width: 475px) 100vw, 475px\" \/><\/a><\/p>\n<p><strong><span style=\"color: #046bb6;\">Objectius:<\/span> <\/strong>Dirigir i organitzar la producci\u00f3 i el servei en cuina,i el servei d\u2019aliments i begudes en restauraci\u00f3 , determinant ofertes i recursos, controlant les activitats pr\u00f2pies de l\u2019aprovisionament, producci\u00f3 i servei, complint els objectius econ\u00f2mics, seguint els protocols de qualitat establerts i actuant segons normes d\u2019higiene, prevenci\u00f3 de riscos laborals i protecci\u00f3 ambiental.<\/p>\n<p><span style=\"color: #046bb6;\"><strong>Durada dels estudis: <\/strong><\/span>2 + 1 cursos acad\u00e8mics: 2.792 hores. I 350 + 250 hores FCT en empreses del sector<\/p>\n<p><span style=\"color: #046bb6;\"><strong>Horari: <\/strong><\/span>De dilluns a divendres de 9.30 a 16.00 hores ( pr\u00e0ctiques) i de 15.00 a 21:20 (te\u00f2riques )<\/p>\n<p><strong><span style=\"color: #046bb6;\">Acreditaci\u00f3:<\/span> <\/strong>T\u00e8cnic\/a superior en Direcci\u00f3 de cuina i T\u00e8cnic\/a superior en Serveis en restauraci\u00f3<\/p>\n<p><span style=\"color: #046bb6;\"><strong>Compet\u00e8ncies professionals <\/strong><\/span><\/p>\n<ul>\n<li>Aplicar i supervisar l\u2019execuci\u00f3 de tot tipus de t\u00e8cniques de manipulaci\u00f3, conservaci\u00f3 i regeneraci\u00f3 d\u2019aliments.<\/li>\n<li>Desenvolupar i supervisar processos de preparaci\u00f3 i presentaci\u00f3 d\u2019elaboracions culin\u00e0ries b\u00e0siques, complexes i m\u00faltiples aplicacions.<\/li>\n<li>Desenvolupar i supervisar processos de preparaci\u00f3 i presentaci\u00f3 de plats de cuina creativa d\u2019autor.<\/li>\n<li>Desenvolupar i supervisar processos d\u2019elaboraci\u00f3 i presentaci\u00f3 de tot tipus de productes de rebosteria.<\/li>\n<li>Tastar aliments per a la seva selecci\u00f3 i \u00fas en hoteleria.<\/li>\n<li>Actuar sota normes de seguretat, higiene i protecci\u00f3 ambiental en hoteleria.<\/li>\n<li>Dissenyar ofertes gastron\u00f2miques.<\/li>\n<li>Gestionar processos d\u2019aprovisionament en restauraci\u00f3.<\/li>\n<li>Organitzar processos de producci\u00f3 culin\u00e0ria.<br \/>\nAdministrar unitats de producci\u00f3 culin\u00e0ria.<\/li>\n<li>Definir els productes i serveis que ofereix l\u2019empresa.<\/li>\n<li>Dissenyar els processos de producci\u00f3 i servei, determinar la seva estructura organitzativa i els recursos necessaris.<\/li>\n<li>Determinar l\u2019oferta de serveis d\u2019aliments i begudes.<\/li>\n<li>Programar activitats i organitzar recursos.<\/li>\n<li>Realitzarl\u2019aprovisionament, emmagatzematge i distribuci\u00f3 de vins, begudes i altres mat\u00e8ries.<\/li>\n<li>Realitzar o supervisar la preparaci\u00f3 d\u2019espais, maquin\u00e0ria i estris.<\/li>\n<li>Realitzar o supervisar els processos de preservei, servei i postservei<\/li>\n<\/ul>\n<p><span style=\"color: #046bb6;\"><strong>\u00c0mbit professional i de treball <\/strong><\/span><\/p>\n<ul>\n<li>Restaurants, hotels, bars, cafeteries, empreses de menjars preparats, pastisseries i ind\u00fastries agroaliment\u00e0ries.<\/li>\n<li>En grans, mitjanes i petites empreses de restauraci\u00f3, del sector p\u00fablic o privat, sota la depend\u00e8ncia de la direcci\u00f3 o ger\u00e8ncia d\u2019un restaurant, o del\/de la superior jer\u00e0rquic\/a equivalent.<\/li>\n<\/ul>\n<p><span style=\"color: #046bb6;\"><strong>Continguts <\/strong><\/span><\/p>\n<ul>\n<li>Control de prove\u00efment de mat\u00e8ries primeres<\/li>\n<li>Planificaci\u00f3 i direcci\u00f3 de serveis i esdeveniments de restauraci\u00f3<\/li>\n<li>Processos de serveis en bars i cafeteries<\/li>\n<li>Processos de serveis en restaurants<\/li>\n<li>Sommelieria<\/li>\n<li>Recursos humans i direcci\u00f3 d\u2019equips<\/li>\n<li>Processos de preelaboraci\u00f3 i conservaci\u00f3 en cuina<\/li>\n<li>Elaboracions de pastisseria i rebosteria en cuina<\/li>\n<li>Processos d\u2019elaboraci\u00f3 culin\u00e0ria<\/li>\n<li>Gesti\u00f3 de la producci\u00f3 en cuina<\/li>\n<li>Gesti\u00f3 de la qualitat i de la seguretat e higiene aliment\u00e0ria<\/li>\n<li>Gastronomia i nutrici\u00f3<\/li>\n<li>Gesti\u00f3 administrativa i comercial en restauraci\u00f3<\/li>\n<li>Recursos humans i direcci\u00f3 d\u2019equips en restauraci\u00f3<\/li>\n<li>Angl\u00e8s<\/li>\n<li>Segona llengua ( Franc\u00e8s)<\/li>\n<li>Formaci\u00f3 i orientaci\u00f3 laboral<\/li>\n<li>Empresa i iniciativa emprenedora<\/li>\n<li>Projecte de direcci\u00f3 de cuina<\/li>\n<li>FCT Formaci\u00f3 en centres de treball<\/li>\n<\/ul>\n<p><span style=\"color: #046bb6;\"><strong>Acc\u00e9s als cicles de GS <\/strong><\/span><\/p>\n<ul>\n<li>Tenir t\u00edtol de batxillerat<\/li>\n<li>Tenir un t\u00edtol de t\u00e8cnic\/a especialista (FP2), t\u00e8cnic superior (Cicle Superior) o t\u00e8cnic (Cicle Mitj\u00e0)<\/li>\n<li>Haver superat el segon curs de batxillerat de qualsevol modalitat de batxillerat<\/li>\n<li>Haver superat la prova d\u2019acc\u00e9s als CCFF de grau superior<\/li>\n<li>Tenir qualsevol titulaci\u00f3 universit\u00e0ria o una d\u2019equivalent<\/li>\n<li>Haver superat la prova d\u2019acc\u00e9s a la universitat per a majors de 25 anys<\/li>\n<\/ul>\n<p><span style=\"color: #046bb6;\"><strong>Continu\u00eftat: <\/strong><\/span>Altres Cicles formatius de grau superior iqualsevol estudi universitari oficial de grau<\/p>\n<p>M\u00e9s informaci\u00f3\u00a0web del departament:\u00a0<span id=\"elements_trobats\"><a href=\"https:\/\/triaeducativa.gencat.cat\/ca\/fp\/gs\/families-professionals\/hoteleria-turisme\/?p_id=710&amp;estudi\" target=\"_blank\" rel=\"noopener noreferrer\">Direcci\u00f3 de cuina i\u00a0<\/a><\/span><span id=\"elements_trobats\"><a href=\"https:\/\/triaeducativa.gencat.cat\/ca\/fp\/gs\/families-professionals\/hoteleria-turisme\/?p_id=690&amp;estudi\" target=\"_blank\" rel=\"noopener noreferrer\">Direcci\u00f3 de serveis en restauraci\u00f3<\/a><\/span><\/p>\n<p><a id=\"gestio\"><\/a><a href=\"https:\/\/agora.xtec.cat\/iessitges\/wp-content\/uploads\/usu1948\/2021\/03\/IRB-Portes-Obertes-2021-v1.07.jpg\"><img loading=\"lazy\" decoding=\"async\" class=\"alignnone wp-image-4565\" src=\"https:\/\/agora.xtec.cat\/iessitges\/wp-content\/uploads\/usu1948\/2021\/03\/IRB-Portes-Obertes-2021-v1.07.jpg\" alt=\"\" width=\"539\" height=\"539\" srcset=\"https:\/\/agora.xtec.cat\/iessitges\/wp-content\/uploads\/usu1948\/2021\/03\/IRB-Portes-Obertes-2021-v1.07.jpg 4500w, https:\/\/agora.xtec.cat\/iessitges\/wp-content\/uploads\/usu1948\/2021\/03\/IRB-Portes-Obertes-2021-v1.07-150x150.jpg 150w, https:\/\/agora.xtec.cat\/iessitges\/wp-content\/uploads\/usu1948\/2021\/03\/IRB-Portes-Obertes-2021-v1.07-300x300.jpg 300w, https:\/\/agora.xtec.cat\/iessitges\/wp-content\/uploads\/usu1948\/2021\/03\/IRB-Portes-Obertes-2021-v1.07-768x768.jpg 768w, https:\/\/agora.xtec.cat\/iessitges\/wp-content\/uploads\/usu1948\/2021\/03\/IRB-Portes-Obertes-2021-v1.07-1024x1024.jpg 1024w\" sizes=\"auto, (max-width: 539px) 100vw, 539px\" \/><\/a><\/p>\n<p>En el Cicle de Grau Superior de Gesti\u00f3 d&#8217;Allotjaments Tur\u00edstics et formar\u00e0s professionalment per poder gestionar el dia a dia de les recepcions dels establiments tur\u00edstics del nostre pa\u00eds. El terme dual es refereix al fet que una gran part de les hores te\u00f2riques del cicle es reconverteixen en hores pr\u00e0ctiques que es duen a terme dins les diferents empreses col\u00b7laboradores en el programa. Ho far\u00e0s amb dues estades a l&#8217;hotel: una, el primer any entre els mesos de juny i setembre; i la segona entre, el mar\u00e7 i juny del segon curs, tenint en compte que ets un alumne en formaci\u00f3 i per tan tens un contracte laboral.<\/p>\n<p>M\u00e9s informaci\u00f3 web del departament:\u00a0<span id=\"elements_trobats\"><a href=\"https:\/\/triaeducativa.gencat.cat\/ca\/fp\/gs\/families-professionals\/hoteleria-turisme\/?p_id=155&amp;estudi\" target=\"_blank\" rel=\"noopener noreferrer\">Gesti\u00f3 d&#8217;allotjaments tur\u00edstics<\/a><\/span><\/p>\n<p>&nbsp;<\/p>\n<p><strong>CICLE FORMATIUS DE Grau Superior de Guia , informaci\u00f3 i assist\u00e8ncies tur\u00edstiques , novetat curs 21\/22 !!<\/strong><\/p>\n<p><iframe loading=\"lazy\" src=\"\/\/www.youtube.com\/embed\/xv9K_IfCQ_Y\" width=\"560\" height=\"314\" allowfullscreen=\"allowfullscreen\"><\/iframe><\/p>\n<p>V\u00eddeo Presentaci\u00f3 &#8220;<a href=\"https:\/\/bit.ly\/TurismeBenapr\u00e9s\">Estudiar a Sitges IJR Benapr\u00e8s<\/a>&#8221;<\/p>\n<p>M\u00e9s informaci\u00f3 web del departament: <a href=\"https:\/\/triaeducativa.gencat.cat\/ca\/fp\/gs\/families-professionals\/hoteleria-turisme\/?p_id=157&amp;estudi\" target=\"_blank\" rel=\"noopener noreferrer\">Guia, Informaci\u00f3 i assist\u00e8ncies Tur\u00edstiques<\/a><\/p>\n<h1><a id=\"dietetica\"><\/a>Cicles formatiu de grau superior en Diet\u00e8tica<\/h1>\n<p>Aquests estudis postobligatoris capaciten per elaborar dietes, controlar la qualitat de l&#8217;alimentaci\u00f3 de les persones, analitzar-ne els comportaments alimentaris i programar i aplicar activitats educatives que millorin els h\u00e0bits d&#8217;alimentaci\u00f3 de la poblaci\u00f3.<\/p>\n<p>La durada \u00e9s de 2.000 hores distribu\u00efdes en dos cursos acad\u00e8mics.<\/p>\n<div class=\"panel-heading\">\n<h5 class=\"panel-title\">Sortides professionals<\/h5>\n<\/div>\n<div id=\"bloc1-2\" class=\"panel-collapse collapse in\">\n<div class=\"col-xs-12 columna_esquerra\">\n<p>La superaci\u00f3 d&#8217;aquest cicle formatiu permet accedir al\u00a0<strong>m\u00f3n laboral<\/strong>\u00a0com a:<\/p>\n<ul>\n<li>t\u00e8cnic o t\u00e8cnica en diet\u00e8tica i nutrici\u00f3,<\/li>\n<li>responsable d&#8217;alimentaci\u00f3 en empreses de servei d&#8217;\u00e0pats,<\/li>\n<li>t\u00e8cnic o t\u00e8cnica en higiene dels aliments,<\/li>\n<li>consultor o consultora en alimentaci\u00f3 i<\/li>\n<li>educador sanitari o educadora sanit\u00e0ria.<\/li>\n<\/ul>\n<div class=\"panel-heading\">\n<h5 class=\"panel-title\">Sortides acad\u00e8miques<\/h5>\n<\/div>\n<div id=\"bloc1-1\" class=\"panel-collapse collapse in\">\n<div class=\"col-xs-12 columna_esquerra\">\n<p>Amb aquests estudis s&#8217;obt\u00e9 el t\u00edtol de t\u00e8cnic superior o t\u00e8cnica superior, que permet accedir a qualsevol estudi universitari oficial de grau. Les persones que s&#8217;han graduat en un cicle formatiu de grau superior poden obtenir la convalidaci\u00f3 de cr\u00e8dits universitaris ECTS.<\/p>\n<p>Per a m\u00e9s informaci\u00f3, consulteu el\u00a0<a href=\"https:\/\/universitats.gencat.cat\/ca\/inici\" target=\"_blank\" rel=\"noopener\">Canal Universitats<\/a><\/p>\n<\/div>\n<\/div>\n<\/div>\n<\/div>\n<h5>Mat\u00e8ries i continguts que s&#8217;imparteixen<\/h5>\n<ul class=\"llista-especial\">\n<li>Organitzaci\u00f3 i Gesti\u00f3 de l&#8217;\u00c0rea de Treball Assignada en la Unitat\/Gabinet de Diet\u00e8tica<\/li>\n<li>Alimentaci\u00f3 Equilibrada<\/li>\n<li>Dietoter\u00e0pia<\/li>\n<li>Control Alimentari<\/li>\n<li>Microbiologia i Higiene Aliment\u00e0ria<\/li>\n<li>Educaci\u00f3 Sanit\u00e0ria i Promoci\u00f3 de la Salut<\/li>\n<li>Fisiopatologia Aplicada a la Diet\u00e8tica<\/li>\n<li>Relacions en l&#8217;Equip de Treball<\/li>\n<li>Formaci\u00f3 i Orientaci\u00f3 Laboral<\/li>\n<li>Formaci\u00f3 en Centres de Treball<\/li>\n<li>S\u00edntesi<\/li>\n<\/ul>\n<p>M\u00e9s informaci\u00f3 del <a title=\"V\u00e9s al DOGC\" href=\"http:\/\/www20.gencat.cat\/portal\/site\/portaldogc\/menuitem.c973d2fc58aa0083e4492d92b0c0e1a0\/?action=fitxa&amp;documentId=166421&amp;languageFitxa=ca_ES&amp;newLang=ca_ES\" target=\"_blank\" rel=\"noopener\">curr\u00edculum<\/a> a l&#8217;annex, apartat 3 &#8216;Cr\u00e8dits&#8217;<\/p>\n<h5>Qu\u00e8 necessito per accedir-hi<\/h5>\n<p>Tenen\u00a0<strong>acc\u00e9s directe<\/strong>\u00a0al cicle les persones que compleixen algun dels requisits seg\u00fcents:<\/p>\n<ul class=\"llista-especial\">\n<li>tenir el t\u00edtol de batxillerat,<\/li>\n<li>tenir el t\u00edtol de t\u00e8cnic de formaci\u00f3 professional o d\u2019arts pl\u00e0stiques i disseny, t\u00e8cnic superior de formaci\u00f3 professional o d&#8217;arts pl\u00e0stiques i disseny o t\u00e8cnic especialista,<\/li>\n<li>haver superat el segon curs de batxillerat de qualsevol modalitat de batxillerat experimental,<\/li>\n<li>haver superat el curs d&#8217;orientaci\u00f3 universit\u00e0ria (COU) o el preuniversitari,<\/li>\n<li>tenir el t\u00edtol de batxillerat per haver cursat el batxillerat unificat polivalent (BUP),<\/li>\n<li>tenir qualsevol titulaci\u00f3 universit\u00e0ria o una d&#8217;equivalent, o<\/li>\n<li>haver superat la prova d&#8217;acc\u00e9s a la universitat per a m\u00e9s grans de 25 anys o de 45 anys, o haver accedit a la universitat per haver acreditat experi\u00e8ncia laboral o professional tenint complerts 40 anys d&#8217;edat.<\/li>\n<\/ul>\n<p>Les persones que no compleixen cap dels requisits esmentats han de superar una <a href=\"https:\/\/educacio.gencat.cat\/ca\/serveis-tramits\/proves\/proves-acces\/gs-fp\/\" target=\"_blank\" rel=\"noopener\">prova d&#8217;acc\u00e9s<\/a>. Per presentar-s&#8217;hi cal tenir complerts 19 anys o b\u00e9 complir-los durant l&#8217;any natural en qu\u00e8 es realitza la prova.<\/p>\n<p>&nbsp;<\/p>\n","protected":false},"excerpt":{"rendered":"<p>LA NOSTRA OFERTA Direcci\u00f3 de Cuina i Seveis en Restauraci\u00f3 Gesti\u00f3 d&#8217;allotjaments tur\u00edstics Diet\u00e8tica Objectius: Dirigir i organitzar la producci\u00f3 i el servei en cuina,i el servei d\u2019aliments i begudes en restauraci\u00f3 , determinant ofertes i recursos, controlant les activitats pr\u00f2pies de l\u2019aprovisionament, producci\u00f3 i servei, complint els objectius econ\u00f2mics, seguint els protocols de qualitat [&hellip;]<\/p>\n","protected":false},"author":1,"featured_media":0,"parent":195,"menu_order":40,"comment_status":"closed","ping_status":"closed","template":"","meta":{"site-sidebar-layout":"default","site-content-layout":"","ast-site-content-layout":"","site-content-style":"default","site-sidebar-style":"default","ast-global-header-display":"","ast-banner-title-visibility":"","ast-main-header-display":"","ast-hfb-above-header-display":"","ast-hfb-below-header-display":"","ast-hfb-mobile-header-display":"","site-post-title":"","ast-breadcrumbs-content":"","ast-featured-img":"","footer-sml-layout":"","theme-transparent-header-meta":"","adv-header-id-meta":"","stick-header-meta":"","header-above-stick-meta":"","header-main-stick-meta":"","header-below-stick-meta":"","astra-migrate-meta-layouts":"default","ast-page-background-enabled":"default","ast-page-background-meta":{"desktop":{"background-color":"var(--ast-global-color-4)","background-image":"","background-repeat":"repeat","background-position":"center center","background-size":"auto","background-attachment":"scroll","background-type":"","background-media":"","overlay-type":"","overlay-color":"","overlay-opacity":"","overlay-gradient":""},"tablet":{"background-color":"","background-image":"","background-repeat":"repeat","background-position":"center center","background-size":"auto","background-attachment":"scroll","background-type":"","background-media":"","overlay-type":"","overlay-color":"","overlay-opacity":"","overlay-gradient":""},"mobile":{"background-color":"","background-image":"","background-repeat":"repeat","background-position":"center center","background-size":"auto","background-attachment":"scroll","background-type":"","background-media":"","overlay-type":"","overlay-color":"","overlay-opacity":"","overlay-gradient":""}},"ast-content-background-meta":{"desktop":{"background-color":"var(--ast-global-color-5)","background-image":"","background-repeat":"repeat","background-position":"center center","background-size":"auto","background-attachment":"scroll","background-type":"","background-media":"","overlay-type":"","overlay-color":"","overlay-opacity":"","overlay-gradient":""},"tablet":{"background-color":"var(--ast-global-color-5)","background-image":"","background-repeat":"repeat","background-position":"center center","background-size":"auto","background-attachment":"scroll","background-type":"","background-media":"","overlay-type":"","overlay-color":"","overlay-opacity":"","overlay-gradient":""},"mobile":{"background-color":"var(--ast-global-color-5)","background-image":"","background-repeat":"repeat","background-position":"center center","background-size":"auto","background-attachment":"scroll","background-type":"","background-media":"","overlay-type":"","overlay-color":"","overlay-opacity":"","overlay-gradient":""}},"footnotes":""},"class_list":["post-739","page","type-page","status-publish","hentry"],"post_mailing_queue_ids":[],"_links":{"self":[{"href":"https:\/\/agora.xtec.cat\/iessitges\/wp-json\/wp\/v2\/pages\/739","targetHints":{"allow":["GET"]}}],"collection":[{"href":"https:\/\/agora.xtec.cat\/iessitges\/wp-json\/wp\/v2\/pages"}],"about":[{"href":"https:\/\/agora.xtec.cat\/iessitges\/wp-json\/wp\/v2\/types\/page"}],"author":[{"embeddable":true,"href":"https:\/\/agora.xtec.cat\/iessitges\/wp-json\/wp\/v2\/users\/1"}],"replies":[{"embeddable":true,"href":"https:\/\/agora.xtec.cat\/iessitges\/wp-json\/wp\/v2\/comments?post=739"}],"version-history":[{"count":4,"href":"https:\/\/agora.xtec.cat\/iessitges\/wp-json\/wp\/v2\/pages\/739\/revisions"}],"predecessor-version":[{"id":10573,"href":"https:\/\/agora.xtec.cat\/iessitges\/wp-json\/wp\/v2\/pages\/739\/revisions\/10573"}],"up":[{"embeddable":true,"href":"https:\/\/agora.xtec.cat\/iessitges\/wp-json\/wp\/v2\/pages\/195"}],"wp:attachment":[{"href":"https:\/\/agora.xtec.cat\/iessitges\/wp-json\/wp\/v2\/media?parent=739"}],"curies":[{"name":"wp","href":"https:\/\/api.w.org\/{rel}","templated":true}]}}