{"id":7107,"date":"2022-02-02T18:16:14","date_gmt":"2022-02-02T17:16:14","guid":{"rendered":"https:\/\/agora.xtec.cat\/iessitges\/?page_id=7107"},"modified":"2025-05-08T09:30:07","modified_gmt":"2025-05-08T07:30:07","slug":"orientacio-i-despres-de-leso-que","status":"publish","type":"page","link":"https:\/\/agora.xtec.cat\/iessitges\/estudis\/orientacio-i-despres-de-leso-que\/","title":{"rendered":"Orientaci\u00f3. I despr\u00e9s de l&#8217;ESO, qu\u00e8?"},"content":{"rendered":"<p>S\u00f3n molts els moments a la vida de qualsevol persona en qu\u00e8 ha de prendre una decisi\u00f3 que definir\u00e0 el seu cam\u00ed. L&#8217;alumnat de 4t d&#8217;ESO, que normalment t\u00e9 entre 15 i 16 anys, segurament es troba davant del primer d&#8217;aquests moments i, en la majoria de casos, fa basarda.<\/p>\n<p>A continuaci\u00f3 us deixem la presentaci\u00f3 de la <a href=\"https:\/\/www.canva.com\/design\/DAGluvAXPsE\/enR0bIktVtJTZ6R8vQpf2g\/view?utm_content=DAGluvAXPsE&amp;utm_campaign=designshare&amp;utm_medium=link2&amp;utm_source=uniquelinks&amp;utlId=h2bec1209a6\">Xerrada orientaci\u00f3 CCFF<\/a> que fem al centre.<\/p>\n<p>En aquesta p\u00e0gina web us enllacem algun dels recursos que fem servir a les tutories de 4t per acompanyar-los en aquest proc\u00e9s tan important per a ells i elles, perqu\u00e8, des de casa, tamb\u00e9 en sigueu part\u00edceps.<\/p>\n<ol>\n<li>Q\u00fcestionari d&#8217;autoconeixement. <a href=\"http:\/\/queestudiar.gencat.cat\/ca\/orientacio\/joves\/conec-interessos\/questionari-autoconeixement\/\">Aplicaci\u00f3 de la Generalitat.<\/a> Aqu\u00ed es treballa amb: aptituds, interessos, personalitat i valors ocupacionals. Genera un informe amb els entorns professionals m\u00e9s adequats.<\/li>\n<li><a href=\"http:\/\/iessitges.xtec.cat\/course\/view.php?id=86\">Activitats de debat i reflexi\u00f3<\/a> a partir de seq\u00fc\u00e8ncies breus contextualitzades al voltant de:\n<ul>\n<li>Intel\u00b7lig\u00e8ncies m\u00faltiples<\/li>\n<li>Les meves compet\u00e8ncies intel\u00b7lectuals<\/li>\n<li>Les meves caracter\u00edstiques personals<\/li>\n<\/ul>\n<\/li>\n<li>Q\u00fcestionari d&#8217;autoconeixement. <a href=\"https:\/\/www.educaweb.cat\/orientacio\/interessos-professionals\/\">Aplicaci\u00f3 Educaweb<\/a>. Aqu\u00ed es treballa amb: interessos professionals i valors ocupacionals. Genera un document amb el grup ocupacional m\u00e9s adequat i el presenta amb les opcions de formaci\u00f3 relacionades.<\/li>\n<\/ol>\n<p>Aquest itinerari culmina amb la visita al <a href=\"https:\/\/www.ensenyament.com\/ca\/\">Sal\u00f3 de l&#8217;Ensenyament<\/a> (entre mar\u00e7 i abril), que es programa com a sortida de tutoria, en la qual l&#8217;alumnat pot aconseguir informaci\u00f3 directa de les opcions de formaci\u00f3 relacionades amb el seu grup ocupacional m\u00e9s adequat o descobrir-ne d&#8217;altres que ni tan sols havia imaginat.<\/p>\n<p>Arribats a aquest moment del curs, \u00e9s el moment de presentar-los de manera m\u00e9s detallada les opcions formatives despr\u00e9s de l&#8217;ESO:<\/p>\n<ul>\n<li><a href=\"https:\/\/agora.xtec.cat\/iessitges\/categoria\/batxillerat\/\">El Batxillerat al nostre centre<\/a><\/li>\n<li><a href=\"https:\/\/agora.xtec.cat\/iessitges\/estudis\/cicles-formatius-de-grau-mitja\/\">Els Cicles Formatius de Grau Mitj\u00e0 al nostre centre<\/a> i <a href=\"https:\/\/triaeducativa.gencat.cat\/ca\/fp\/gm\/\">en altres centres i localitats<\/a><\/li>\n<\/ul>\n<p>I per a aquell alumnat que no obt\u00e9 el Graduat en ESO:<\/p>\n<ul>\n<li><a href=\"https:\/\/educacio.gencat.cat\/ca\/serveis-tramits\/proves\/proves-acces\/gm-fp\/\">Proves d&#8217;acc\u00e9s a Cicles Formatius de Grau MItj\u00e0<\/a><\/li>\n<li><a href=\"https:\/\/triaeducativa.gencat.cat\/ca\/fp\/gb\/\">Graus Mitj\u00e0 B\u00e0sic<\/a><\/li>\n<li><a href=\"https:\/\/triaeducativa.gencat.cat\/ca\/fp\/pfi\/\">Programes d&#8217;Inserci\u00f3 i formaci\u00f3 laboral.<\/a><\/li>\n<\/ul>\n<p><strong>En general, aconsellem consultar el web del Departament d&#8217;Educaci\u00f3: <a href=\"http:\/\/queestudiar.gencat.cat\/ca\/index.html\">Qu\u00e8 estudiar<\/a>, perqu\u00e8 recull tota aquesta informaci\u00f3 i molta altra d&#8217;especial inter\u00e8s (calendaris de preinscripci\u00f3, matr\u00edcula, sortides professionals, vies d&#8217;acc\u00e9s, requisits, etc.) per a aquest moment tan important.<\/strong><\/p>\n","protected":false},"excerpt":{"rendered":"<p>S\u00f3n molts els moments a la vida de qualsevol persona en qu\u00e8 ha de prendre una decisi\u00f3 que definir\u00e0 el seu cam\u00ed. L&#8217;alumnat de 4t d&#8217;ESO, que normalment t\u00e9 entre 15 i 16 anys, segurament es troba davant del primer d&#8217;aquests moments i, en la majoria de casos, fa basarda. A continuaci\u00f3 us deixem la [&hellip;]<\/p>\n","protected":false},"author":5,"featured_media":0,"parent":195,"menu_order":30,"comment_status":"closed","ping_status":"closed","template":"page-templates\/side-menu.php","meta":{"site-sidebar-layout":"default","site-content-layout":"","ast-site-content-layout":"","site-content-style":"default","site-sidebar-style":"default","ast-global-header-display":"","ast-banner-title-visibility":"","ast-main-header-display":"","ast-hfb-above-header-display":"","ast-hfb-below-header-display":"","ast-hfb-mobile-header-display":"","site-post-title":"","ast-breadcrumbs-content":"","ast-featured-img":"","footer-sml-layout":"","theme-transparent-header-meta":"","adv-header-id-meta":"","stick-header-meta":"","header-above-stick-meta":"","header-main-stick-meta":"","header-below-stick-meta":"","astra-migrate-meta-layouts":"default","ast-page-background-enabled":"default","ast-page-background-meta":{"desktop":{"background-color":"var(--ast-global-color-4)","background-image":"","background-repeat":"repeat","background-position":"center center","background-size":"auto","background-attachment":"scroll","background-type":"","background-media":"","overlay-type":"","overlay-color":"","overlay-opacity":"","overlay-gradient":""},"tablet":{"background-color":"","background-image":"","background-repeat":"repeat","background-position":"center center","background-size":"auto","background-attachment":"scroll","background-type":"","background-media":"","overlay-type":"","overlay-color":"","overlay-opacity":"","overlay-gradient":""},"mobile":{"background-color":"","background-image":"","background-repeat":"repeat","background-position":"center center","background-size":"auto","background-attachment":"scroll","background-type":"","background-media":"","overlay-type":"","overlay-color":"","overlay-opacity":"","overlay-gradient":""}},"ast-content-background-meta":{"desktop":{"background-color":"var(--ast-global-color-5)","background-image":"","background-repeat":"repeat","background-position":"center center","background-size":"auto","background-attachment":"scroll","background-type":"","background-media":"","overlay-type":"","overlay-color":"","overlay-opacity":"","overlay-gradient":""},"tablet":{"background-color":"var(--ast-global-color-5)","background-image":"","background-repeat":"repeat","background-position":"center center","background-size":"auto","background-attachment":"scroll","background-type":"","background-media":"","overlay-type":"","overlay-color":"","overlay-opacity":"","overlay-gradient":""},"mobile":{"background-color":"var(--ast-global-color-5)","background-image":"","background-repeat":"repeat","background-position":"center center","background-size":"auto","background-attachment":"scroll","background-type":"","background-media":"","overlay-type":"","overlay-color":"","overlay-opacity":"","overlay-gradient":""}},"footnotes":""},"class_list":["post-7107","page","type-page","status-publish","hentry"],"post_mailing_queue_ids":[],"_links":{"self":[{"href":"https:\/\/agora.xtec.cat\/iessitges\/wp-json\/wp\/v2\/pages\/7107","targetHints":{"allow":["GET"]}}],"collection":[{"href":"https:\/\/agora.xtec.cat\/iessitges\/wp-json\/wp\/v2\/pages"}],"about":[{"href":"https:\/\/agora.xtec.cat\/iessitges\/wp-json\/wp\/v2\/types\/page"}],"author":[{"embeddable":true,"href":"https:\/\/agora.xtec.cat\/iessitges\/wp-json\/wp\/v2\/users\/5"}],"replies":[{"embeddable":true,"href":"https:\/\/agora.xtec.cat\/iessitges\/wp-json\/wp\/v2\/comments?post=7107"}],"version-history":[{"count":4,"href":"https:\/\/agora.xtec.cat\/iessitges\/wp-json\/wp\/v2\/pages\/7107\/revisions"}],"predecessor-version":[{"id":14447,"href":"https:\/\/agora.xtec.cat\/iessitges\/wp-json\/wp\/v2\/pages\/7107\/revisions\/14447"}],"up":[{"embeddable":true,"href":"https:\/\/agora.xtec.cat\/iessitges\/wp-json\/wp\/v2\/pages\/195"}],"wp:attachment":[{"href":"https:\/\/agora.xtec.cat\/iessitges\/wp-json\/wp\/v2\/media?parent=7107"}],"curies":[{"name":"wp","href":"https:\/\/api.w.org\/{rel}","templated":true}]}}