{"id":644,"date":"2019-01-29T17:19:36","date_gmt":"2019-01-29T16:19:36","guid":{"rendered":"https:\/\/agora.xtec.cat\/iessitges\/?page_id=644"},"modified":"2025-10-25T14:22:31","modified_gmt":"2025-10-25T12:22:31","slug":"salut-i-escola","status":"publish","type":"page","link":"https:\/\/agora.xtec.cat\/iessitges\/serveis-2\/salut-i-escola\/","title":{"rendered":"Serveis externs per a l&#8217;alumnat: Salut i Escola"},"content":{"rendered":"<p>Amb l&#8217;objectiu de millorar la salut dels nostres adolescents, el Departament de Salut de la Generalitat de Catalunya posa al servei de l&#8217;alumnat del centre els programes &#8220;Salut i Escola&#8221; .<\/p>\n<p>&nbsp;<\/p>\n<p>&nbsp;<\/p>\n<h4>Salut i Escola<\/h4>\n<p>Al nostre institut, la infermera Vanesa Llorca \u00e9s la professional referent del centre de salut i la seva consulta est\u00e0 ubicada al despatx de l&#8217;edifici Roig tots els dilluns lectius de 9 h a 11 h aproximadament. A ella s&#8217;hi pot adre\u00e7ar qualsevol alumne\/a que busqui assessorament en temes relacionats amb salut general, alimentaci\u00f3 o sexualitat.<\/p>\n<p>Per a m\u00e9s informaci\u00f3, podeu consultar la p\u00e0gina web del Departament d&#8217;Ensenyament del <a href=\"http:\/\/xtec.gencat.cat\/ca\/comunitat\/salutescola\/programasalutescola\/\">Programa Salut i Escola<\/a>.<\/p>\n<h4><a href=\"https:\/\/agora.xtec.cat\/iessitges\/wp-content\/uploads\/usu1948\/2019\/02\/consulta-oberta.jpg\"><img loading=\"lazy\" decoding=\"async\" class=\"size-full wp-image-958 aligncenter\" src=\"https:\/\/agora.xtec.cat\/iessitges\/wp-content\/uploads\/usu1948\/2019\/02\/consulta-oberta.jpg\" alt=\"\" width=\"166\" height=\"303\" srcset=\"https:\/\/agora.xtec.cat\/iessitges\/wp-content\/uploads\/usu1948\/2019\/02\/consulta-oberta.jpg 166w, https:\/\/agora.xtec.cat\/iessitges\/wp-content\/uploads\/usu1948\/2019\/02\/consulta-oberta-164x300.jpg 164w\" sizes=\"auto, (max-width: 166px) 100vw, 166px\" \/><\/a><\/h4>\n<p>&nbsp;<\/p>\n<p>&nbsp;<\/p>\n<h4><\/h4>\n<h4><\/h4>\n<h4><\/h4>\n<h4><\/h4>\n<h4><\/h4>\n<p>&nbsp;<\/p>\n","protected":false},"excerpt":{"rendered":"<p>Amb l&#8217;objectiu de millorar la salut dels nostres adolescents, el Departament de Salut de la Generalitat de Catalunya posa al servei de l&#8217;alumnat del centre els programes &#8220;Salut i Escola&#8221; . &nbsp; &nbsp; Salut i Escola Al nostre institut, la infermera Vanesa Llorca \u00e9s la professional referent del centre de salut i la seva consulta [&hellip;]<\/p>\n","protected":false},"author":1,"featured_media":0,"parent":674,"menu_order":70,"comment_status":"closed","ping_status":"closed","template":"page-templates\/side-menu.php","meta":{"site-sidebar-layout":"default","site-content-layout":"","ast-site-content-layout":"","site-content-style":"default","site-sidebar-style":"default","ast-global-header-display":"","ast-banner-title-visibility":"","ast-main-header-display":"","ast-hfb-above-header-display":"","ast-hfb-below-header-display":"","ast-hfb-mobile-header-display":"","site-post-title":"","ast-breadcrumbs-content":"","ast-featured-img":"","footer-sml-layout":"","theme-transparent-header-meta":"","adv-header-id-meta":"","stick-header-meta":"","header-above-stick-meta":"","header-main-stick-meta":"","header-below-stick-meta":"","astra-migrate-meta-layouts":"default","ast-page-background-enabled":"default","ast-page-background-meta":{"desktop":{"background-color":"var(--ast-global-color-4)","background-image":"","background-repeat":"repeat","background-position":"center center","background-size":"auto","background-attachment":"scroll","background-type":"","background-media":"","overlay-type":"","overlay-color":"","overlay-opacity":"","overlay-gradient":""},"tablet":{"background-color":"","background-image":"","background-repeat":"repeat","background-position":"center center","background-size":"auto","background-attachment":"scroll","background-type":"","background-media":"","overlay-type":"","overlay-color":"","overlay-opacity":"","overlay-gradient":""},"mobile":{"background-color":"","background-image":"","background-repeat":"repeat","background-position":"center center","background-size":"auto","background-attachment":"scroll","background-type":"","background-media":"","overlay-type":"","overlay-color":"","overlay-opacity":"","overlay-gradient":""}},"ast-content-background-meta":{"desktop":{"background-color":"var(--ast-global-color-5)","background-image":"","background-repeat":"repeat","background-position":"center center","background-size":"auto","background-attachment":"scroll","background-type":"","background-media":"","overlay-type":"","overlay-color":"","overlay-opacity":"","overlay-gradient":""},"tablet":{"background-color":"var(--ast-global-color-5)","background-image":"","background-repeat":"repeat","background-position":"center center","background-size":"auto","background-attachment":"scroll","background-type":"","background-media":"","overlay-type":"","overlay-color":"","overlay-opacity":"","overlay-gradient":""},"mobile":{"background-color":"var(--ast-global-color-5)","background-image":"","background-repeat":"repeat","background-position":"center center","background-size":"auto","background-attachment":"scroll","background-type":"","background-media":"","overlay-type":"","overlay-color":"","overlay-opacity":"","overlay-gradient":""}},"footnotes":""},"class_list":["post-644","page","type-page","status-publish","hentry"],"post_mailing_queue_ids":[],"_links":{"self":[{"href":"https:\/\/agora.xtec.cat\/iessitges\/wp-json\/wp\/v2\/pages\/644","targetHints":{"allow":["GET"]}}],"collection":[{"href":"https:\/\/agora.xtec.cat\/iessitges\/wp-json\/wp\/v2\/pages"}],"about":[{"href":"https:\/\/agora.xtec.cat\/iessitges\/wp-json\/wp\/v2\/types\/page"}],"author":[{"embeddable":true,"href":"https:\/\/agora.xtec.cat\/iessitges\/wp-json\/wp\/v2\/users\/1"}],"replies":[{"embeddable":true,"href":"https:\/\/agora.xtec.cat\/iessitges\/wp-json\/wp\/v2\/comments?post=644"}],"version-history":[{"count":7,"href":"https:\/\/agora.xtec.cat\/iessitges\/wp-json\/wp\/v2\/pages\/644\/revisions"}],"predecessor-version":[{"id":15219,"href":"https:\/\/agora.xtec.cat\/iessitges\/wp-json\/wp\/v2\/pages\/644\/revisions\/15219"}],"up":[{"embeddable":true,"href":"https:\/\/agora.xtec.cat\/iessitges\/wp-json\/wp\/v2\/pages\/674"}],"wp:attachment":[{"href":"https:\/\/agora.xtec.cat\/iessitges\/wp-json\/wp\/v2\/media?parent=644"}],"curies":[{"name":"wp","href":"https:\/\/api.w.org\/{rel}","templated":true}]}}