{"id":638,"date":"2019-01-29T17:17:29","date_gmt":"2019-01-29T16:17:29","guid":{"rendered":"https:\/\/agora.xtec.cat\/iessitges\/?page_id=638"},"modified":"2025-10-07T16:20:11","modified_gmt":"2025-10-07T14:20:11","slug":"horari","status":"publish","type":"page","link":"https:\/\/agora.xtec.cat\/iessitges\/secretaria\/horari\/","title":{"rendered":"Horari d&#8217;atenci\u00f3 al p\u00fablic de Secretaria"},"content":{"rendered":"<p>L&#8217;horari d&#8217;atenci\u00f3 al p\u00fablic ser\u00e0:<\/p>\n<ul style=\"list-style-type: circle;\">\n<li>de dilluns a divendres de 9 a 13:30 h<\/li>\n<li>dilluns de 16.30 a 19 h (excepte Juny, Juliol i Setembre)<\/li>\n<li>dimarts de 16.30 a 19 h (excepte Juny, Juliol i Setembre)<\/li>\n<li>dijous de 16 a 19.30 h (excepte Juny, Juliol i Setembre)<\/li>\n<\/ul>\n<p>\u00c9s recomanable demanar <strong>cita pr\u00e8via,<\/strong> trucant al tel\u00e8fon 93 894 37 12, perqu\u00e8 us puguem atendre sense esperes.<\/p>\n<p style=\"text-align: left;\">\n","protected":false},"excerpt":{"rendered":"<p>L&#8217;horari d&#8217;atenci\u00f3 al p\u00fablic ser\u00e0: de dilluns a divendres de 9 a 13:30 h dilluns de 16.30 a 19 h (excepte Juny, Juliol i Setembre) dimarts de 16.30 a 19 h (excepte Juny, Juliol i Setembre) dijous de 16 a 19.30 h (excepte Juny, Juliol i Setembre) \u00c9s recomanable demanar cita pr\u00e8via, trucant al tel\u00e8fon [&hellip;]<\/p>\n","protected":false},"author":1,"featured_media":0,"parent":81,"menu_order":10,"comment_status":"closed","ping_status":"closed","template":"page-templates\/side-menu.php","meta":{"site-sidebar-layout":"default","site-content-layout":"","ast-site-content-layout":"","site-content-style":"default","site-sidebar-style":"default","ast-global-header-display":"","ast-banner-title-visibility":"","ast-main-header-display":"","ast-hfb-above-header-display":"","ast-hfb-below-header-display":"","ast-hfb-mobile-header-display":"","site-post-title":"","ast-breadcrumbs-content":"","ast-featured-img":"","footer-sml-layout":"","theme-transparent-header-meta":"","adv-header-id-meta":"","stick-header-meta":"","header-above-stick-meta":"","header-main-stick-meta":"","header-below-stick-meta":"","astra-migrate-meta-layouts":"default","ast-page-background-enabled":"default","ast-page-background-meta":{"desktop":{"background-color":"var(--ast-global-color-4)","background-image":"","background-repeat":"repeat","background-position":"center center","background-size":"auto","background-attachment":"scroll","background-type":"","background-media":"","overlay-type":"","overlay-color":"","overlay-opacity":"","overlay-gradient":""},"tablet":{"background-color":"","background-image":"","background-repeat":"repeat","background-position":"center center","background-size":"auto","background-attachment":"scroll","background-type":"","background-media":"","overlay-type":"","overlay-color":"","overlay-opacity":"","overlay-gradient":""},"mobile":{"background-color":"","background-image":"","background-repeat":"repeat","background-position":"center center","background-size":"auto","background-attachment":"scroll","background-type":"","background-media":"","overlay-type":"","overlay-color":"","overlay-opacity":"","overlay-gradient":""}},"ast-content-background-meta":{"desktop":{"background-color":"var(--ast-global-color-5)","background-image":"","background-repeat":"repeat","background-position":"center center","background-size":"auto","background-attachment":"scroll","background-type":"","background-media":"","overlay-type":"","overlay-color":"","overlay-opacity":"","overlay-gradient":""},"tablet":{"background-color":"var(--ast-global-color-5)","background-image":"","background-repeat":"repeat","background-position":"center center","background-size":"auto","background-attachment":"scroll","background-type":"","background-media":"","overlay-type":"","overlay-color":"","overlay-opacity":"","overlay-gradient":""},"mobile":{"background-color":"var(--ast-global-color-5)","background-image":"","background-repeat":"repeat","background-position":"center center","background-size":"auto","background-attachment":"scroll","background-type":"","background-media":"","overlay-type":"","overlay-color":"","overlay-opacity":"","overlay-gradient":""}},"footnotes":""},"class_list":["post-638","page","type-page","status-publish","hentry"],"post_mailing_queue_ids":[],"_links":{"self":[{"href":"https:\/\/agora.xtec.cat\/iessitges\/wp-json\/wp\/v2\/pages\/638","targetHints":{"allow":["GET"]}}],"collection":[{"href":"https:\/\/agora.xtec.cat\/iessitges\/wp-json\/wp\/v2\/pages"}],"about":[{"href":"https:\/\/agora.xtec.cat\/iessitges\/wp-json\/wp\/v2\/types\/page"}],"author":[{"embeddable":true,"href":"https:\/\/agora.xtec.cat\/iessitges\/wp-json\/wp\/v2\/users\/1"}],"replies":[{"embeddable":true,"href":"https:\/\/agora.xtec.cat\/iessitges\/wp-json\/wp\/v2\/comments?post=638"}],"version-history":[{"count":7,"href":"https:\/\/agora.xtec.cat\/iessitges\/wp-json\/wp\/v2\/pages\/638\/revisions"}],"predecessor-version":[{"id":15161,"href":"https:\/\/agora.xtec.cat\/iessitges\/wp-json\/wp\/v2\/pages\/638\/revisions\/15161"}],"up":[{"embeddable":true,"href":"https:\/\/agora.xtec.cat\/iessitges\/wp-json\/wp\/v2\/pages\/81"}],"wp:attachment":[{"href":"https:\/\/agora.xtec.cat\/iessitges\/wp-json\/wp\/v2\/media?parent=638"}],"curies":[{"name":"wp","href":"https:\/\/api.w.org\/{rel}","templated":true}]}}