{"id":3354,"date":"2020-07-07T17:43:14","date_gmt":"2020-07-07T15:43:14","guid":{"rendered":"https:\/\/agora.xtec.cat\/iessitges\/?page_id=3354"},"modified":"2025-07-03T09:15:04","modified_gmt":"2025-07-03T07:15:04","slug":"llibres-de-text-i-material","status":"publish","type":"page","link":"https:\/\/agora.xtec.cat\/iessitges\/linstitut\/llibres-de-text-i-material\/","title":{"rendered":"Llibres de text i material: ESO, BAT, CCFF, PFI i IFE"},"content":{"rendered":"<h4>Material i Llibres<\/h4>\n<h5><strong>ESO- Batxillerat<\/strong><\/h5>\n<p><a href=\"https:\/\/agora.xtec.cat\/iessitges\/wp-content\/uploads\/usu1948\/2025\/06\/Llistat-llibres-ESO_BAT-25-26.pdf\">Llistat llibres ESO_BAT 25-26<\/a><\/p>\n<p>Us passem un lloc web espec\u00edfic on les fam\u00edlies podreu trobar totes les dades necess\u00e0ries dels diferents serveis que proporciona Iddink; com fer una comanda, quins preus i estalvis tenen i poden aconseguir, \u00a0projecte de reutilitzaci\u00f3 de llibres, qu\u00e8 son els ecobooks, com tractar i com retornar els ecoBooks, \u00a0i servei d\u2019atenci\u00f3 a les fam\u00edlies i estudiants i la compra d\u2019ordinadors.<\/p>\n<p><a href=\"http:\/\/microsites.iddink.es\/CA\/246_institut_joan_ramon_benapres\">http:\/\/microsites.iddink.es\/CA\/246_institut_joan_ramon_benapres<\/a><\/p>\n<div class=\"ast-oembed-container \" style=\"height: 100%;\"><iframe loading=\"lazy\" title=\"Presentaci\u00f3 d&#039;Iddink i els ecoBooks\" src=\"https:\/\/player.vimeo.com\/video\/953990128?dnt=1&amp;app_id=122963\" width=\"500\" height=\"281\" frameborder=\"0\" allow=\"autoplay; fullscreen; picture-in-picture; clipboard-write; encrypted-media; web-share\"><\/iframe><\/div>\n<h5><strong>CCFF<\/strong><\/h5>\n<p>Informaci\u00f3 llibres i material:<\/p>\n<ul>\n<li style=\"list-style-type: none;\">\n<ul>\n<li style=\"list-style-type: none;\">\n<ul>\n<li><a href=\"https:\/\/docs.google.com\/document\/d\/e\/2PACX-1vR6KCalzemoCHOGvOSh1RZfJe7jhwFw_ooNYfbDK2Rg4XR3tfX3y7kgF6TVp4LpeTe5g6caa74xPAxU\/pub\">PFI \u00a0i IFE\u00a0<\/a><\/li>\n<li><strong>\u00a0<\/strong><a href=\"https:\/\/docs.google.com\/document\/d\/e\/2PACX-1vQGa2r5cHhSH4L63Gm3i2sfDW1xfIz6KP7NX0ZJAsJ_3BJVrMsI5Z10etUENWKCPg\/pub\" target=\"_blank\" rel=\"noopener noreferrer\">GM Cuina. + Serveis <\/a><\/li>\n<li>\u00a0<a href=\"https:\/\/docs.google.com\/document\/d\/e\/2PACX-1vSK0m1fru1Ca3huWx3PmOt2ejcpO2ZlX2NSgCY8G7CR3X8HYhiCcnI5UsWH3WoYaw\/pub\" target=\"_blank\" rel=\"noopener noreferrer\">GM Serveis<\/a><\/li>\n<li><a href=\"https:\/\/docs.google.com\/document\/d\/e\/2PACX-1vTvlKKt-Ypc_wpDbVfkcGur4lgAoJVOR7pkfMms5nt8qe7QBo8j7rthed76Fqs_PQ\/pub\" target=\"_blank\" rel=\"noopener noreferrer\">GM Pastisseria<\/a><\/li>\n<li><a href=\"https:\/\/docs.google.com\/document\/d\/e\/2PACX-1vS0zbbL6H-mzYb8Tp6J33Q9Op9v8VIdGKJhscGgbK0eLmWd01TUA8LXC72cn-rftw\/pub\" target=\"_blank\" rel=\"noopener noreferrer\">GS Direcci\u00f3 Cuina i Serveis<\/a><\/li>\n<li><a href=\"https:\/\/docs.google.com\/document\/d\/e\/2PACX-1vQkls_Xp260D9oVe0K7TpUlkYMS6CfPP4LKNJLQJFiL1S2RFfTEv_jjer50lEXmjA\/pub\" target=\"_blank\" rel=\"noopener noreferrer\">GS Allotjaments<\/a><\/li>\n<li><a href=\"https:\/\/docs.google.com\/document\/d\/e\/2PACX-1vSSkjx2cvwK60UdO9xMSSiM0q-_MuyX7ezEwdRJq8CvTQWtPH2ZoipSnnb6N5klrV_fjajiDHJ_cAFw\/pub\">GS Diet\u00e8tica<\/a><\/li>\n<\/ul>\n<\/li>\n<\/ul>\n<\/li>\n<\/ul>\n<p><b>Informaci\u00f3 maletins d&#8217;eines<a href=\"https:\/\/docs.google.com\/document\/d\/19FDvT7neakCCav3Kmx7scRywxslasCvG72u756QtU0o\/edit?tab=t.0\"> aqu\u00ed\u00a0<\/a><\/b><\/p>\n<p><strong>Uniformitat, una vegada fet el tr\u00e0mit de matr\u00edcula cal anar al Coima a fer la reserva de la roba, abans del dia 4 agost.\u00a0<\/strong><\/p>\n<p>Descripci\u00f3 d&#8217;uniformitat i malet\u00ed de tots els CCFF, <a href=\"https:\/\/drive.google.com\/drive\/u\/0\/folders\/1HBfLfG-IrS2VMG8-5aJ0N3kEbNdBlnoy\">aqu\u00ed\u00a0<\/a><\/p>\n","protected":false},"excerpt":{"rendered":"<p>Material i Llibres ESO- Batxillerat Llistat llibres ESO_BAT 25-26 Us passem un lloc web espec\u00edfic on les fam\u00edlies podreu trobar totes les dades necess\u00e0ries dels diferents serveis que proporciona Iddink; com fer una comanda, quins preus i estalvis tenen i poden aconseguir, \u00a0projecte de reutilitzaci\u00f3 de llibres, qu\u00e8 son els ecobooks, com tractar i com [&hellip;]<\/p>\n","protected":false},"author":4,"featured_media":0,"parent":19,"menu_order":50,"comment_status":"closed","ping_status":"closed","template":"page-templates\/side-menu.php","meta":{"site-sidebar-layout":"default","site-content-layout":"","ast-site-content-layout":"","site-content-style":"default","site-sidebar-style":"default","ast-global-header-display":"","ast-banner-title-visibility":"","ast-main-header-display":"","ast-hfb-above-header-display":"","ast-hfb-below-header-display":"","ast-hfb-mobile-header-display":"","site-post-title":"","ast-breadcrumbs-content":"","ast-featured-img":"","footer-sml-layout":"","theme-transparent-header-meta":"","adv-header-id-meta":"","stick-header-meta":"","header-above-stick-meta":"","header-main-stick-meta":"","header-below-stick-meta":"","astra-migrate-meta-layouts":"default","ast-page-background-enabled":"default","ast-page-background-meta":{"desktop":{"background-color":"var(--ast-global-color-4)","background-image":"","background-repeat":"repeat","background-position":"center center","background-size":"auto","background-attachment":"scroll","background-type":"","background-media":"","overlay-type":"","overlay-color":"","overlay-opacity":"","overlay-gradient":""},"tablet":{"background-color":"","background-image":"","background-repeat":"repeat","background-position":"center center","background-size":"auto","background-attachment":"scroll","background-type":"","background-media":"","overlay-type":"","overlay-color":"","overlay-opacity":"","overlay-gradient":""},"mobile":{"background-color":"","background-image":"","background-repeat":"repeat","background-position":"center center","background-size":"auto","background-attachment":"scroll","background-type":"","background-media":"","overlay-type":"","overlay-color":"","overlay-opacity":"","overlay-gradient":""}},"ast-content-background-meta":{"desktop":{"background-color":"var(--ast-global-color-5)","background-image":"","background-repeat":"repeat","background-position":"center center","background-size":"auto","background-attachment":"scroll","background-type":"","background-media":"","overlay-type":"","overlay-color":"","overlay-opacity":"","overlay-gradient":""},"tablet":{"background-color":"var(--ast-global-color-5)","background-image":"","background-repeat":"repeat","background-position":"center center","background-size":"auto","background-attachment":"scroll","background-type":"","background-media":"","overlay-type":"","overlay-color":"","overlay-opacity":"","overlay-gradient":""},"mobile":{"background-color":"var(--ast-global-color-5)","background-image":"","background-repeat":"repeat","background-position":"center center","background-size":"auto","background-attachment":"scroll","background-type":"","background-media":"","overlay-type":"","overlay-color":"","overlay-opacity":"","overlay-gradient":""}},"footnotes":""},"class_list":["post-3354","page","type-page","status-publish","hentry"],"post_mailing_queue_ids":[],"_links":{"self":[{"href":"https:\/\/agora.xtec.cat\/iessitges\/wp-json\/wp\/v2\/pages\/3354","targetHints":{"allow":["GET"]}}],"collection":[{"href":"https:\/\/agora.xtec.cat\/iessitges\/wp-json\/wp\/v2\/pages"}],"about":[{"href":"https:\/\/agora.xtec.cat\/iessitges\/wp-json\/wp\/v2\/types\/page"}],"author":[{"embeddable":true,"href":"https:\/\/agora.xtec.cat\/iessitges\/wp-json\/wp\/v2\/users\/4"}],"replies":[{"embeddable":true,"href":"https:\/\/agora.xtec.cat\/iessitges\/wp-json\/wp\/v2\/comments?post=3354"}],"version-history":[{"count":8,"href":"https:\/\/agora.xtec.cat\/iessitges\/wp-json\/wp\/v2\/pages\/3354\/revisions"}],"predecessor-version":[{"id":14839,"href":"https:\/\/agora.xtec.cat\/iessitges\/wp-json\/wp\/v2\/pages\/3354\/revisions\/14839"}],"up":[{"embeddable":true,"href":"https:\/\/agora.xtec.cat\/iessitges\/wp-json\/wp\/v2\/pages\/19"}],"wp:attachment":[{"href":"https:\/\/agora.xtec.cat\/iessitges\/wp-json\/wp\/v2\/media?parent=3354"}],"curies":[{"name":"wp","href":"https:\/\/api.w.org\/{rel}","templated":true}]}}