{"id":3029,"date":"2020-05-18T22:40:13","date_gmt":"2020-05-18T20:40:13","guid":{"rendered":"https:\/\/agora.xtec.cat\/iessitges\/?page_id=3029"},"modified":"2025-07-05T20:15:23","modified_gmt":"2025-07-05T18:15:23","slug":"programes-de-formacio-i-insercio-pfi","status":"publish","type":"page","link":"https:\/\/agora.xtec.cat\/iessitges\/secretaria\/preinscripcio-i-matricula\/programes-de-formacio-i-insercio-pfi\/","title":{"rendered":"Programes de Formaci\u00f3 i Inserci\u00f3 (PFI)"},"content":{"rendered":"<p><strong>MATR\u00cdCULA<\/strong><\/p>\n<p>Consulteu a sota la informaci\u00f3 que cal adjuntar:<\/p>\n<table style=\"background-color: #f7be60; width: 903px;\" width=\"903\">\n<tbody>\n<tr>\n<td><em><strong>Per formalitzar la matr\u00edcula, es realitzar\u00e0 a trav\u00e9s del seg\u00fcent formulari de forma telem\u00e0tica:\u00a0 <a href=\"https:\/\/iessitges.xtec.cat\/matricula\/\" target=\"_blank\" rel=\"noopener noreferrer\">eMatr\u00edcula Benapr\u00e8s<\/a><br \/>\n<\/strong><\/em><\/td>\n<\/tr>\n<\/tbody>\n<\/table>\n<h6>UTILITZEU ORDINADOR PER REALITZAR LA MATR\u00cdCULA (millor utilitzar navegador Mozilla Firefox)<\/h6>\n<h1 style=\"text-align: center;\">\u00a0 \u00a0 \u00a0 \u00a0 \u00a0 \u00a0 \u00a0\u00a0 <a href=\"https:\/\/preinscripcio.gencat.cat\/ca\/estudis\/pfi\/inici\/\" target=\"_blank\" rel=\"noopener noreferrer\"><strong><em>\u21d2 Preinscripci\u00f3 2025-2026 \u21d0<\/em><\/strong><\/a><\/h1>\n<h4><strong>La nostra oferta:<\/strong><\/h4>\n<h1><a href=\"http:\/\/educacio.gencat.cat\/ca\/tramits\/tramits-temes\/identificador-alumne\" target=\"_blank\" rel=\"noopener noreferrer\"><img loading=\"lazy\" decoding=\"async\" class=\"wp-image-4406 alignright\" src=\"https:\/\/agora.xtec.cat\/iessitges\/wp-content\/uploads\/usu1948\/2021\/03\/Sense-t\u00edtol.png\" alt=\"\" width=\"341\" height=\"68\" srcset=\"https:\/\/agora.xtec.cat\/iessitges\/wp-content\/uploads\/usu1948\/2021\/03\/Sense-t\u00edtol.png 351w, https:\/\/agora.xtec.cat\/iessitges\/wp-content\/uploads\/usu1948\/2021\/03\/Sense-t\u00edtol-300x60.png 300w\" sizes=\"auto, (max-width: 341px) 100vw, 341px\" \/><\/a><\/h1>\n<table style=\"height: 256px; background-color: #49fcee; width: 309px;\" width=\"309\">\n<tbody>\n<tr>\n<td style=\"width: 303px;\">&nbsp;<\/p>\n<p><strong><a href=\"https:\/\/agora.xtec.cat\/iessitges\/categoria\/pfi\/\" target=\"_blank\" rel=\"noopener noreferrer\"><img loading=\"lazy\" decoding=\"async\" class=\"alignnone wp-image-4563\" src=\"https:\/\/agora.xtec.cat\/iessitges\/wp-content\/uploads\/usu1948\/2021\/03\/IRB-Portes-Obertes-2021-v1.08-1024x1024.jpg\" alt=\"\" width=\"175\" height=\"175\" srcset=\"https:\/\/agora.xtec.cat\/iessitges\/wp-content\/uploads\/usu1948\/2021\/03\/IRB-Portes-Obertes-2021-v1.08-1024x1024.jpg 1024w, https:\/\/agora.xtec.cat\/iessitges\/wp-content\/uploads\/usu1948\/2021\/03\/IRB-Portes-Obertes-2021-v1.08-150x150.jpg 150w, https:\/\/agora.xtec.cat\/iessitges\/wp-content\/uploads\/usu1948\/2021\/03\/IRB-Portes-Obertes-2021-v1.08-300x300.jpg 300w, https:\/\/agora.xtec.cat\/iessitges\/wp-content\/uploads\/usu1948\/2021\/03\/IRB-Portes-Obertes-2021-v1.08-768x768.jpg 768w\" sizes=\"auto, (max-width: 175px) 100vw, 175px\" \/><\/a><\/strong><\/p>\n<p><strong>CODI: <\/strong><\/p>\n<p><strong>PFI HT03 (CUINA I SERVEIS) <\/strong><\/p>\n<p><strong>PFI HT02 (CUINA I C\u00c0TERING)<\/strong><\/td>\n<\/tr>\n<\/tbody>\n<\/table>\n<h4><a href=\"https:\/\/triaeducativa.gencat.cat\/ca\/fp\/pfi\/\" target=\"_blank\" rel=\"noopener\">Fitxa etapa educativa &#8211;&gt; PFI<\/a><\/h4>\n<h1><a href=\"https:\/\/web.gencat.cat\/ca\/tramits\/com-tramitar-en-linia\/identificacio-digital\/id-cat-mobil\/\" target=\"_blank\" rel=\"noopener\"><img loading=\"lazy\" decoding=\"async\" class=\"wp-image-7377 alignright\" src=\"https:\/\/agora.xtec.cat\/iessitges\/wp-content\/uploads\/usu1948\/2022\/03\/idcat.png\" alt=\"\" width=\"150\" height=\"60\" \/><\/a><\/h1>\n<p>&nbsp;<\/p>\n<p>&nbsp;<\/p>\n<p><a href=\"https:\/\/preinscripcio.gencat.cat\/ca\/estudis\/pfi\/preinscriute\/sollicitud\/\" target=\"_blank\" rel=\"noopener noreferrer\"><img loading=\"lazy\" decoding=\"async\" class=\"alignright wp-image-4521 size-full\" src=\"https:\/\/agora.xtec.cat\/iessitges\/wp-content\/uploads\/usu1948\/2021\/03\/FES-LA-SOL\u00b7LICITUDE-PREINSCRIPCI\u00d3.png\" alt=\"\" width=\"267\" height=\"71\" \/><\/a><\/p>\n<p>&nbsp;<\/p>\n<ul style=\"list-style-type: square;\">\n<li>\n<h3><span style=\"color: #000080;\"><strong>Calendari<br \/>\n<\/strong><\/span><\/h3>\n<\/li>\n<\/ul>\n<div class=\"FW_sPregunta FW_sImpacte\">\n<p><strong>\u00a0\u00a0\u00a0 Preinscripci\u00f3\u00a0\u00a0\u00a0\u00a0\u00a0\u00a0\u00a0\u00a0\u00a0\u00a0\u00a0\u00a0 \u00a0 \u00a0 \u00a0 \u00a0 \u00a0 \u00a0 \u00a0 \u00a0 \u00a0 \u00a0 \u00a0 \u00a0 \u00a0 \u00a0 \u00a0 \u00a0 \u00a0 \u00a0 \u00a0 \u00a0 \u00a0 \u00a0 \u00a0 \u00a0 \u00a0 \u00a0 \u00a0 \u00a0 \u00a0 \u00a0 \u00a0 \u00a0\u00a0 \u00a0 El codi del nostre Institut \u00e9s: 08043981<br \/>\n<\/strong><\/p>\n<ul>\n<li>Oferta inicial de places escolars: <strong>2 de maig de 2025.<\/strong> Podeu consultar <a href=\"https:\/\/agora.xtec.cat\/iessitges\/wp-content\/uploads\/usu1948\/2025\/05\/INFORME_OFERTA_OME_INFORME_OFERTA.pdf\" target=\"_blank\" rel=\"noopener\">aqu\u00ed.<\/a><\/li>\n<li>Presentaci\u00f3 de sol\u00b7licituds:<strong> del 6 al 13 de maig de 2025, <\/strong>ambd\u00f3s inclosos.<strong><a href=\"https:\/\/preinscripcio.gencat.cat\/ca\/estudis\/pfi\/preinscriute\/sollicitud\/\" target=\"_blank\" rel=\"noopener\">Fes la sol\u00b7licitud\u00a0<\/a><\/strong><\/li>\n<li>Presentaci\u00f3 de sol\u00b7licituds presencialment amb cita pr\u00e8via: <strong>6 al 13 de maig de 2025, <\/strong>ambd\u00f3s inclosos. (93 894 3712). <strong>De manera excepcional i, nom\u00e9s quan no sigui possible fer la preinscripci\u00f3 per via telem\u00e0tica. <\/strong><em>(Els centres educatius i les oficines municipals d\u2019escolaritzaci\u00f3 t\u2019ajudaran si tens dificultats o no disposes dels recursos necessaris per fer la preinscripci\u00f3 telem\u00e0tica. Tamb\u00e9 t\u2019assessoraran si se\u2019t presenta cap dubte).<\/em><\/li>\n<li>Presentaci\u00f3 de documentaci\u00f3: <strong>fins al 14 de maig de 2025<\/strong><\/li>\n<li>Entrevistes d&#8217;orientaci\u00f3 i valoraci\u00f3 de l&#8217;adequaci\u00f3 del programa a la situaci\u00f3 del sol\u00b7licitant: <strong>del 6 al 27 de maig de 2025<\/strong>, segons la convocat\u00f2ria individual feta pel centre<\/li>\n<li>Llista de sol\u00b7licituds amb la puntuaci\u00f3 provisional: <strong>28 de maig de 2025<\/strong>. Podeu consultar <a href=\"https:\/\/agora.xtec.cat\/iessitges\/wp-content\/uploads\/usu1948\/2025\/05\/INFORME_BAREM_PROVISIONAL_BAREM-7-1.pdf\" target=\"_blank\" rel=\"noopener\">aqu\u00ed.<\/a><\/li>\n<li>Presentaci\u00f3 de reclamacions: <strong>del 28 de maig al 3 de juny de 2025. <a href=\"https:\/\/preinscripcio.gencat.cat\/ca\/estudis\/pfi\/preinscriute\/seguiment-sollicitud\/llista-sollicituds-puntuacio\/\" target=\"_blank\" rel=\"noopener\">Aqu\u00ed<\/a><\/strong><\/li>\n<li>Sorteig del n\u00famero de desempat: <strong>6 de juny de 2025, a les 11 hores.<\/strong>\n<ul>\n<li>N\u00famero per determinar l&#8217;ordre de les sol\u00b7licituds en cas d&#8217;empat als\u00a0<strong>programes de formaci\u00f3 i inserci\u00f3:\u00a0 1.715<\/strong><\/li>\n<\/ul>\n<\/li>\n<li>Llista de sol\u00b7licituds amb la puntuaci\u00f3 un cop resoltes les reclamacions:<strong>6 de juny de 2025<\/strong>. Podeu consultar <a href=\"https:\/\/agora.xtec.cat\/iessitges\/wp-content\/uploads\/usu1948\/2025\/06\/INFORME_BAREM_RESOLTES_BAREM-7.pdf\" target=\"_blank\" rel=\"noopener\">aqu\u00ed.<\/a><\/li>\n<li>Publicaci\u00f3 llista ordenada definitiva: <strong>12 de juny de 2025. <\/strong>Podeu consultar <a href=\"https:\/\/agora.xtec.cat\/iessitges\/wp-content\/uploads\/usu1948\/2025\/06\/INFORME_BAREM_DEFINITIU_BAREM-2.pdf\" target=\"_blank\" rel=\"noopener\">aqu\u00ed.<\/a><\/li>\n<li>Ampliaci\u00f3 de peticions de preinscripcions per alumnes sense pla\u00e7a assignada a cap centre: <strong>del 26 al 30 de juny de 2025, <\/strong>ambd\u00f3s inclosos.<strong><br \/>\n<\/strong><\/li>\n<li>Oferta final de places escolars: <strong>4 de juliol de 2025<\/strong>. Podeu consultar aqu\u00ed.<\/li>\n<\/ul>\n<ul>\n<li>Llista d&#8217;alumnes admesos: <strong>4 de juliol de 2024. <\/strong>Podeu consultar:\n<ul>\n<li>Llistat d\u2019alumnes preinscrits al centre assignat (PFI).\u00a0 Podeu consultar <a href=\"https:\/\/agora.xtec.cat\/iessitges\/wp-content\/uploads\/usu1948\/2025\/07\/INFORME_PREINSCRITES_OME_INFORME_PREINSCRITES_OME-16.pdf\" target=\"_blank\" rel=\"noopener\">aqu\u00ed.<\/a><\/li>\n<li><strong>Llistat d&#8217;alumnes assignats al centre.<\/strong> Podeu consultar <a href=\"https:\/\/agora.xtec.cat\/iessitges\/wp-content\/uploads\/usu1948\/2025\/07\/INFORME_ASSIGNADES_INFORME_ASSIGNADES-22.pdf\" target=\"_blank\" rel=\"noopener\">aqu\u00ed<\/a><\/li>\n<li>Llista d\u2019espera del centre. Podeu consultar <a href=\"https:\/\/agora.xtec.cat\/iessitges\/wp-content\/uploads\/usu1948\/2025\/07\/INFORME_LLISTA_ESPERA_OME_LLISTA_ESPERA-4.pdf\" target=\"_blank\" rel=\"noopener\">aqu\u00ed<\/a><\/li>\n<\/ul>\n<\/li>\n<\/ul>\n<p>&nbsp;<\/p>\n<p><strong>Matr\u00edcula<\/strong><\/p>\n<ul>\n<li>Alumnes preinscrits amb pla\u00e7a assignada: <strong>del 7 de juliol al 11 de juliol de 2025, <\/strong>ambd\u00f3s inclosos.<\/li>\n<\/ul>\n<\/div>\n<p><a href=\"https:\/\/agora.xtec.cat\/iessitges\/wp-content\/uploads\/usu1948\/2025\/03\/pfi-bola2.png_223078711.png\"><img loading=\"lazy\" decoding=\"async\" class=\"alignnone size-full wp-image-14053\" src=\"https:\/\/agora.xtec.cat\/iessitges\/wp-content\/uploads\/usu1948\/2025\/03\/pfi-bola2.png_223078711.png\" alt=\"\" width=\"832\" height=\"468\" srcset=\"https:\/\/agora.xtec.cat\/iessitges\/wp-content\/uploads\/usu1948\/2025\/03\/pfi-bola2.png_223078711.png 832w, https:\/\/agora.xtec.cat\/iessitges\/wp-content\/uploads\/usu1948\/2025\/03\/pfi-bola2.png_223078711-300x169.png 300w, https:\/\/agora.xtec.cat\/iessitges\/wp-content\/uploads\/usu1948\/2025\/03\/pfi-bola2.png_223078711-768x432.png 768w\" sizes=\"auto, (max-width: 832px) 100vw, 832px\" \/><\/a><\/p>\n<h4><\/h4>\n<p>&nbsp;<\/p>\n<ul style=\"list-style-type: square;\">\n<li>\n<h2><span style=\"color: #000080;\"><strong>Com fer la preinscripci\u00f3?<\/strong><\/span><\/h2>\n<\/li>\n<\/ul>\n<h3><strong>INFORMA\u2019T ABANS DE FER LA PREINSCRIPCI\u00d3:<\/strong><\/h3>\n<h3><a href=\"https:\/\/preinscripcio.gencat.cat\/ca\/estudis\/pfi\/informat\/prepara-documentacio\/\" target=\"_blank\" rel=\"noopener noreferrer\">&#8211; Prepara la documentaci\u00f3 (documentaci\u00f3 identificativa i documentaci\u00f3 criteris de prioritat)<\/a><\/h3>\n<h3><a href=\"https:\/\/preinscripcio.gencat.cat\/ca\/estudis\/pfi\/informat\/criteris-assignacio\/\" target=\"_blank\" rel=\"noopener noreferrer\">&#8211; Criteris d\u2019assignaci\u00f3 de pla\u00e7a<\/a><\/h3>\n<p>&nbsp;<\/p>\n<div>\n<div>\n<p>&nbsp;<\/p>\n<\/div>\n<\/div>\n<div>\n<div>\n<p>&nbsp;<\/p>\n<p>&nbsp;<\/p>\n<\/div>\n<\/div>\n<h1>MATR\u00cdCULA<\/h1>\n<p><strong>NOTA<\/strong>: &#8220;<em><strong>Els alumnes que no formalitzen la matr\u00edcula en el per\u00edode establert es considera que renuncien a la pla\u00e7a adjudicada<\/strong>, llevat que es produeixi un endarreriment per causes justificades i sempre que el centre no hagi comen\u00e7at encara la gesti\u00f3 de la llista d&#8217;espera o de noves sol\u00b7licituds d&#8217;admissi\u00f3&#8221; , segons la <a href=\"http:\/\/queestudiar.gencat.cat\/ca\/preinscripcio\/normativa\/\">normativa<\/a> vigent.<\/em><\/p>\n<h6>L&#8217;alumnat del nostre centre que far\u00e0 PFI, no utilitzar\u00e0 l&#8217;aplicatiu sin\u00f3 que s&#8217;enviar\u00e0,via correu, un formulari per omplir.<\/h6>\n<table style=\"background-color: #f5c116; width: 110.928%; height: 33px;\" width=\"903\">\n<tbody>\n<tr style=\"height: 33px;\">\n<td style=\"width: 897px; height: 33px;\"><em><strong>Per formalitzar la matr\u00edcula, es realitzar\u00e0 a trav\u00e9s del seg\u00fcent formulari de forma telem\u00e0tica:\u00a0 <a href=\"https:\/\/iessitges.xtec.cat\/matricula\/\" target=\"_blank\" rel=\"noopener noreferrer\" data-saferedirecturl=\"https:\/\/www.google.com\/url?q=http:\/\/matricula.iessitges.cat&amp;source=gmail&amp;ust=1623663199013000&amp;usg=AFQjCNF3YHIzDd08yG_B8ey4pklT7N6huQ\">eMatricula Benapres<\/a>.<br \/>\n<\/strong><\/em><\/td>\n<\/tr>\n<\/tbody>\n<\/table>\n<h6><\/h6>\n<p>&nbsp;<\/p>\n<h6>UTILITZEU ORDINADOR PER REALITZAR LA MATR\u00cdCULA (millor utilitzar navegador Mozilla Firefox)<\/h6>\n<p>&nbsp;<\/p>\n<p><a href=\"https:\/\/agora.xtec.cat\/iessitges\/wp-content\/uploads\/usu1948\/2023\/06\/Guia-eMatricula-Benapres-.pdf\">Aqu\u00ed<\/a> teniu unes petites instruccions per formalitzar la matr\u00edcula.<\/p>\n<h6><\/h6>\n<p>&nbsp;<\/p>\n<table style=\"border-collapse: collapse; width: 100%;\">\n<tbody>\n<tr>\n<td style=\"width: 100%;\">\n<h6><strong>El dia d\u2019inici de la matriculaci\u00f3, us enviarem, al correu que vau indicar a la preinscripci\u00f3, l\u2019enlla\u00e7 al formulari de matr\u00edcula, aix\u00ed com les claus necess\u00e0ries per accedir-hi.<\/strong><\/h6>\n<p>&nbsp;<\/p>\n<p>Si renuncia a la pla\u00e7a i no vol fer matr\u00edcula, si us plau, envia un correu a\u00a0 <strong>a8043981@xtec.cat<\/strong>, adjuntant DNI del pare\/mare\/alumne major d&#8217;edat indicant la renuncia a la pla\u00e7a de l\u2019alumne\/a i el curs.<\/td>\n<\/tr>\n<tr>\n<td style=\"width: 100%;\"><\/td>\n<\/tr>\n<tr>\n<td style=\"width: 100%;\">Si no heu rebut l\u2019enlla\u00e7 al formulari amb les claus o teniu algun problema per accedir a l\u2019aplicatiu, contacteu amb<strong> convivenciaidisciplina@iessitges.cat<\/strong><\/p>\n<p>Si teniu qualsevol dubte en la formalitzaci\u00f3 de la matr\u00edcula, contacteu amb Secretaria.<\/td>\n<\/tr>\n<\/tbody>\n<\/table>\n<h3><strong>Informaci\u00f3 pr\u00e8via: Documentaci\u00f3 que cal adjuntar:<\/strong><\/h3>\n<table>\n<tbody>\n<tr>\n<td><strong>FOTOGRAFIA <\/strong>ACTUAL ALUMNE\/A<\/td>\n<\/tr>\n<tr>\n<td><strong>DNI <\/strong>ALUMNE\/A (per les dues cares)\u00a0\u00a0\u00a0\u00a0\u00a0\u00a0\u00a0\u00a0\u00a0\u00a0 <em>&#8220;una imatge anvers i altra imatge revers&#8221;<\/em><\/td>\n<\/tr>\n<tr>\n<td><strong>DNI <\/strong>TUTORS (en cas de menor d&#8217;edat) per les dues cares\u00a0\u00a0\u00a0\u00a0\u00a0\u00a0\u00a0\u00a0\u00a0\u00a0 \u00a0 \u00a0 \u00a0\u00a0 <em>&#8220;una imatge anvers i altra imatge revers&#8221;<\/em><\/td>\n<\/tr>\n<tr>\n<td><strong>LLIBRE <\/strong>DE FAM\u00cdLIA (les p\u00e0gines dels titulars (pare\/mare) i de l&#8217;alumne\/a)\u00a0\u00a0\u00a0\u00a0\u00a0\u00a0\u00a0\u00a0\u00a0 <em>&#8220;una imatge titulars i altra imatge alumne\/a&#8221;<\/em><\/td>\n<\/tr>\n<tr>\n<td>TARGETA <strong>SANIT\u00c0RIA <\/strong>INDIVIDUAL (TSI)<\/td>\n<\/tr>\n<tr>\n<td><strong>CUST\u00d2DIA<\/strong> (si s&#8217;escau)<\/td>\n<\/tr>\n<tr>\n<td>En cas de ser alumne tutelat, adjuntar <strong>RESOLUCI\u00d3 D&#8217;ACOLLIDA O DE TUTELA LEGAL<\/strong><\/td>\n<\/tr>\n<tr>\n<td><strong>INFORME o DICTAMEN D\u2019ESCOLARITZACI\u00d3<\/strong>. [Acreditant trastorn aprenentatge o necessitat educativa especifica, o qualsevol altra informaci\u00f3 que es vulgui fer arribar al centre].<\/td>\n<\/tr>\n<tr>\n<td><\/td>\n<\/tr>\n<tr>\n<td>COMPROVANT (RESGUARD) <strong>INGR\u00c9S <\/strong>BANCARI\u00a0 \u00a0(si s&#8217;escau)<\/p>\n<p><strong><a href=\"https:\/\/agora.xtec.cat\/iessitges\/secretaria\/pagaments-i-retorns\/pagament-pfi\/\" target=\"_blank\" rel=\"noopener noreferrer\">Informaci\u00f3 pagament.\u00a0\u00a0 <\/a><\/strong><\/p>\n<p><strong>Concepte: Cognoms i Nom de l&#8217;alumne\/a<\/strong><\/p>\n<p>Pagament :<\/p>\n<p>opci\u00f3 1:Transfer\u00e8ncia banc\u00e0ria Iban: ES64 0081 1682 630001020608<\/p>\n<p>opci\u00f3 2: Ingr\u00e9s en caixer (codi operaci\u00f3: 930)<\/td>\n<\/tr>\n<\/tbody>\n<\/table>\n<p>&nbsp;<\/p>\n<p>De manera excepcional i quan no sigui possible fer la matr\u00edcula per via telem\u00e0tica, podeu demanar cita trucant al tel\u00e8fon 93 894 3712, entre les 9:00 i les 13:30h.<\/p>\n<p>&nbsp;<\/p>\n<p>&nbsp;<\/p>\n<p><em>Informaci\u00f3 actualitzada: Consulteu regularment la p\u00e0gina web del centre\u00a0per disposar de la informaci\u00f3 m\u00e9s actualitzada.\u00a0<\/em><\/p>\n<p><em>M\u00e9s informaci\u00f3 a la web del <a href=\"https:\/\/triaeducativa.gencat.cat\/ca\/inici\" target=\"_blank\" rel=\"noopener noreferrer\">Departament d\u2019Educaci\u00f3<\/a><\/em><\/p>\n<p>&nbsp;<\/p>\n","protected":false},"excerpt":{"rendered":"<p>MATR\u00cdCULA Consulteu a sota la informaci\u00f3 que cal adjuntar: Per formalitzar la matr\u00edcula, es realitzar\u00e0 a trav\u00e9s del seg\u00fcent formulari de forma telem\u00e0tica:\u00a0 eMatr\u00edcula Benapr\u00e8s UTILITZEU ORDINADOR PER REALITZAR LA MATR\u00cdCULA (millor utilitzar navegador Mozilla Firefox) \u00a0 \u00a0 \u00a0 \u00a0 \u00a0 \u00a0 \u00a0\u00a0 \u21d2 Preinscripci\u00f3 2025-2026 \u21d0 La nostra oferta: &nbsp; CODI: PFI HT03 (CUINA [&hellip;]<\/p>\n","protected":false},"author":4,"featured_media":0,"parent":640,"menu_order":40,"comment_status":"closed","ping_status":"closed","template":"page-templates\/side-menu.php","meta":{"site-sidebar-layout":"default","site-content-layout":"","ast-site-content-layout":"","site-content-style":"default","site-sidebar-style":"default","ast-global-header-display":"","ast-banner-title-visibility":"","ast-main-header-display":"","ast-hfb-above-header-display":"","ast-hfb-below-header-display":"","ast-hfb-mobile-header-display":"","site-post-title":"","ast-breadcrumbs-content":"","ast-featured-img":"","footer-sml-layout":"","theme-transparent-header-meta":"","adv-header-id-meta":"","stick-header-meta":"","header-above-stick-meta":"","header-main-stick-meta":"","header-below-stick-meta":"","astra-migrate-meta-layouts":"default","ast-page-background-enabled":"default","ast-page-background-meta":{"desktop":{"background-color":"var(--ast-global-color-4)","background-image":"","background-repeat":"repeat","background-position":"center center","background-size":"auto","background-attachment":"scroll","background-type":"","background-media":"","overlay-type":"","overlay-color":"","overlay-opacity":"","overlay-gradient":""},"tablet":{"background-color":"","background-image":"","background-repeat":"repeat","background-position":"center center","background-size":"auto","background-attachment":"scroll","background-type":"","background-media":"","overlay-type":"","overlay-color":"","overlay-opacity":"","overlay-gradient":""},"mobile":{"background-color":"","background-image":"","background-repeat":"repeat","background-position":"center center","background-size":"auto","background-attachment":"scroll","background-type":"","background-media":"","overlay-type":"","overlay-color":"","overlay-opacity":"","overlay-gradient":""}},"ast-content-background-meta":{"desktop":{"background-color":"var(--ast-global-color-5)","background-image":"","background-repeat":"repeat","background-position":"center center","background-size":"auto","background-attachment":"scroll","background-type":"","background-media":"","overlay-type":"","overlay-color":"","overlay-opacity":"","overlay-gradient":""},"tablet":{"background-color":"var(--ast-global-color-5)","background-image":"","background-repeat":"repeat","background-position":"center center","background-size":"auto","background-attachment":"scroll","background-type":"","background-media":"","overlay-type":"","overlay-color":"","overlay-opacity":"","overlay-gradient":""},"mobile":{"background-color":"var(--ast-global-color-5)","background-image":"","background-repeat":"repeat","background-position":"center center","background-size":"auto","background-attachment":"scroll","background-type":"","background-media":"","overlay-type":"","overlay-color":"","overlay-opacity":"","overlay-gradient":""}},"footnotes":""},"class_list":["post-3029","page","type-page","status-publish","hentry"],"post_mailing_queue_ids":[],"_links":{"self":[{"href":"https:\/\/agora.xtec.cat\/iessitges\/wp-json\/wp\/v2\/pages\/3029","targetHints":{"allow":["GET"]}}],"collection":[{"href":"https:\/\/agora.xtec.cat\/iessitges\/wp-json\/wp\/v2\/pages"}],"about":[{"href":"https:\/\/agora.xtec.cat\/iessitges\/wp-json\/wp\/v2\/types\/page"}],"author":[{"embeddable":true,"href":"https:\/\/agora.xtec.cat\/iessitges\/wp-json\/wp\/v2\/users\/4"}],"replies":[{"embeddable":true,"href":"https:\/\/agora.xtec.cat\/iessitges\/wp-json\/wp\/v2\/comments?post=3029"}],"version-history":[{"count":6,"href":"https:\/\/agora.xtec.cat\/iessitges\/wp-json\/wp\/v2\/pages\/3029\/revisions"}],"predecessor-version":[{"id":14846,"href":"https:\/\/agora.xtec.cat\/iessitges\/wp-json\/wp\/v2\/pages\/3029\/revisions\/14846"}],"up":[{"embeddable":true,"href":"https:\/\/agora.xtec.cat\/iessitges\/wp-json\/wp\/v2\/pages\/640"}],"wp:attachment":[{"href":"https:\/\/agora.xtec.cat\/iessitges\/wp-json\/wp\/v2\/media?parent=3029"}],"curies":[{"name":"wp","href":"https:\/\/api.w.org\/{rel}","templated":true}]}}