{"id":3001,"date":"2020-05-18T13:53:34","date_gmt":"2020-05-18T11:53:34","guid":{"rendered":"https:\/\/agora.xtec.cat\/iessitges\/?page_id=3001"},"modified":"2026-04-19T12:52:16","modified_gmt":"2026-04-19T10:52:16","slug":"batxillerat","status":"publish","type":"page","link":"https:\/\/agora.xtec.cat\/iessitges\/secretaria\/preinscripcio-i-matricula\/batxillerat\/","title":{"rendered":"Batxillerat (BAT)"},"content":{"rendered":"<h1 style=\"text-align: center;\"><a href=\"https:\/\/preinscripcio.gencat.cat\/ca\/estudis\/batxillerat\/inici\/\" target=\"_blank\" rel=\"noopener noreferrer\"><strong><em>\u21d2 Preinscripci\u00f3 2026-2027 \u21d0<\/em><\/strong><\/a><\/h1>\n<h1><\/h1>\n<h1><span style=\"background-color: #99ccff; color: #000080;\"><strong>PREINSCRIPCI\u00d3<\/strong><\/span><\/h1>\n<table style=\"height: 129px; width: 100%; border-color: #000000;\">\n<tbody>\n<tr style=\"height: 129px;\">\n<td style=\"height: 129px; border-color: #000000;\"><a href=\"https:\/\/tramits.gencat.cat\/ca\/tramits\/tramits-temes\/identificador-alumne\" target=\"_blank\" rel=\"noopener\"><img loading=\"lazy\" decoding=\"async\" class=\"alignnone wp-image-16004 size-full\" src=\"https:\/\/agora.xtec.cat\/iessitges\/wp-content\/uploads\/usu1948\/2026\/02\/IDALU.jpg\" alt=\"\" width=\"303\" height=\"59\" srcset=\"https:\/\/agora.xtec.cat\/iessitges\/wp-content\/uploads\/usu1948\/2026\/02\/IDALU.jpg 303w, https:\/\/agora.xtec.cat\/iessitges\/wp-content\/uploads\/usu1948\/2026\/02\/IDALU-300x58.jpg 300w\" sizes=\"auto, (max-width: 303px) 100vw, 303px\" \/><\/a><\/td>\n<td style=\"height: 129px; border-color: #000000;\">\u00a0 \u00a0 \u00a0 \u00a0 \u00a0 \u00a0 \u00a0 \u00a0 \u00a0 \u00a0 <a href=\"https:\/\/idcat.aoc.cat\/\" target=\"_blank\" rel=\"noopener\"><img loading=\"lazy\" decoding=\"async\" class=\"alignnone wp-image-16005 size-full\" src=\"https:\/\/agora.xtec.cat\/iessitges\/wp-content\/uploads\/usu1948\/2026\/02\/idCAT.jpg\" alt=\"\" width=\"156\" height=\"62\" \/><\/a><\/td>\n<td style=\"height: 129px; border-color: #000000;\"><a href=\"https:\/\/preinscripcio.gencat.cat\/ca\/estudis\/batxillerat\/preinscriute\/sollicitud\/\" target=\"_blank\" rel=\"noopener\"><img loading=\"lazy\" decoding=\"async\" class=\"alignnone wp-image-16006\" src=\"https:\/\/agora.xtec.cat\/iessitges\/wp-content\/uploads\/usu1948\/2026\/02\/fes-la-sol.licitud-azul.jpg\" alt=\"\" width=\"247\" height=\"106\" \/><\/a><\/td>\n<\/tr>\n<\/tbody>\n<\/table>\n<h4><a href=\"https:\/\/triaeducativa.gencat.cat\/ca\/batxillerat\/\" target=\"_blank\" rel=\"noopener\">Fitxa etapa educativa &#8211;&gt; BAT<\/a><\/h4>\n<h4><\/h4>\n<h4><strong><a href=\"https:\/\/agora.xtec.cat\/iessitges\/wp-content\/uploads\/usu1948\/2026\/02\/batxillerat-bola2.png_223078711.png\"><img loading=\"lazy\" decoding=\"async\" class=\"aligncenter wp-image-16026\" src=\"https:\/\/agora.xtec.cat\/iessitges\/wp-content\/uploads\/usu1948\/2026\/02\/batxillerat-bola2.png_223078711.png\" alt=\"\" width=\"760\" height=\"428\" srcset=\"https:\/\/agora.xtec.cat\/iessitges\/wp-content\/uploads\/usu1948\/2026\/02\/batxillerat-bola2.png_223078711.png 832w, https:\/\/agora.xtec.cat\/iessitges\/wp-content\/uploads\/usu1948\/2026\/02\/batxillerat-bola2.png_223078711-300x169.png 300w, https:\/\/agora.xtec.cat\/iessitges\/wp-content\/uploads\/usu1948\/2026\/02\/batxillerat-bola2.png_223078711-768x432.png 768w\" sizes=\"auto, (max-width: 760px) 100vw, 760px\" \/><\/a><\/strong><\/h4>\n<p><strong><a href=\"https:\/\/preinscripcio.gencat.cat\/ca\/estudis\/batxillerat\/informat\/busca-centre\/adscripcio-centres\/\" target=\"_blank\" rel=\"noopener\">Adscripci\u00f3 de centres d&#8217;educaci\u00f3 secund\u00e0ria obligat\u00f2ria a centres de batxillerat per a la preinscripci\u00f3 del curs 2026-2027<\/a><br \/>\n<\/strong><\/p>\n<p><strong>Serveis Territorials del Pened\u00e8s:\u00a0\u00a0\u00a0\u00a0\u00a0\u00a0\u00a0\u00a0 <\/strong><strong>Institut Joan Ramon Benapr\u00e8s<\/strong><\/p>\n<h3><strong>Calendari<\/strong><\/h3>\n<p><strong>\u00a0 \u00a0 \u00a0 \u00a0 \u00a0 \u00a0 \u00a0 \u00a0 \u00a0 \u00a0 \u00a0 \u00a0 \u00a0 \u00a0 \u00a0 \u00a0 \u00a0 \u00a0 \u00a0 \u00a0 \u00a0 \u00a0 \u00a0 \u00a0 \u00a0 \u00a0 \u00a0 \u00a0 \u00a0 \u00a0 \u00a0 \u00a0 \u00a0 \u00a0 \u00a0 \u00a0 \u00a0 \u00a0 \u00a0 \u00a0 \u00a0 \u00a0 \u00a0 \u00a0 \u00a0 \u00a0 \u00a0 \u00a0 \u00a0 \u00a0 \u00a0 \u00a0 \u00a0 \u00a0 \u00a0 \u00a0 \u00a0 \u00a0 \u00a0 \u00a0 \u00a0 \u00a0<\/strong>El <strong>codi<\/strong> del nostre Institut \u00e9s: <strong>08043981<\/strong><\/p>\n<ul>\n<li>Difusi\u00f3 de l\u2019oferta inicial:<strong> 8 d&#8217;abril de 2026. <\/strong>Podeu consultar <a href=\"https:\/\/agora.xtec.cat\/iessitges\/wp-content\/uploads\/usu1948\/2026\/04\/INFORME_OFERTA_OME_INFORME_OFERTA-BTX-08043981.pdf\">aqu\u00ed<\/a><strong><br \/>\n<\/strong><\/li>\n<li>Presentaci\u00f3 de sol\u00b7licituds: <strong>del 9 d&#8217;abril al 16 d&#8217;abril de 2026, <\/strong>ambd\u00f3s inclosos<strong>. <a href=\"https:\/\/preinscripcio.gencat.cat\/ca\/estudis\/batxillerat\/preinscriute\/sollicitud\/\" target=\"_blank\" rel=\"noopener noreferrer\">Fes la sol\u00b7licitud<\/a><br \/>\n<\/strong><\/li>\n<li>Presentaci\u00f3 de sol\u00b7licituds presencialment amb cita pr\u00e8via:\u00a0<strong>del 9 al 16 d&#8217;abril\u00a0 de 2026, <\/strong>ambd\u00f3s inclosos. (93 894 3712).<strong> De manera excepcional i, nom\u00e9s quan no sigui possible fer la preinscripci\u00f3 per via telem\u00e0tica. <\/strong><em>(Els centres educatius i les oficines municipals d&#8217;escolaritzaci\u00f3 t&#8217;ajudaran si tens dificultats o no disposes dels recursos necessaris per fer la preinscripci\u00f3 telem\u00e0tica. Tamb\u00e9 t&#8217;assessoraran si se&#8217;t presenta cap dubte).<\/em><\/li>\n<li>Presentaci\u00f3 de documentaci\u00f3 (no sol\u00b7licituds): <strong>fins a l&#8217;17 d&#8217;abril de 2026.<\/strong> <strong><br \/>\n<\/strong><\/li>\n<li>Publicaci\u00f3 de les llistes amb barem provisional: <strong>14 de maig<\/strong><strong> de 2026.\u00a0 <\/strong>Podeu consultar aqu\u00ed.<\/li>\n<li>Presentaci\u00f3 de reclamacions:<strong> del 14 de maig al 20 de maig de 2026. <\/strong><a href=\"https:\/\/preinscripcio.gencat.cat\/ca\/estudis\/batxillerat\/preinscriute\/seguiment-sollicitud\/llista-sollicituds-puntuacio\/\">Aqu\u00ed<\/a><strong><br \/>\n<\/strong><\/li>\n<li>Publicaci\u00f3 de les llistes amb barem definitiu un cop resoltes les reclamacions:<strong> 26 de maig de 2026. <\/strong>Podeu consultar aqu\u00ed.<\/li>\n<li>Sorteig del n\u00famero de desempat: <strong>26 de maig de 2026<\/strong>, a les 11 hores\n<ul>\n<li>N\u00famero per determinar l&#8217;ordre de les sol\u00b7licituds en cas d&#8217;empat al\u00a0<strong>batxillerat:\u00a0<\/strong><\/li>\n<\/ul>\n<\/li>\n<\/ul>\n<ul>\n<li>Publicaci\u00f3 llista ordenada definitiva: <strong>29 de maig de 2026. <\/strong>Podeu consultar aqu\u00ed.<\/li>\n<li>Difusi\u00f3 de l\u2019oferta final: <strong>17 de juny de 2026.<\/strong> Podeu consultar aqu\u00ed<\/li>\n<li>Publicaci\u00f3 llista d\u2019alumnat adm\u00e8s i llista d\u2019espera:<strong> 17 de juny de 2026. <\/strong>Podeu consultar:\n<ul>\n<li>Alumnes preinscrits al centre amb centre assignat. Podeu consultar aqu\u00ed.<\/li>\n<li><strong>Alumnes assignats al centre amb indicaci\u00f3 de la primera petici\u00f3.<\/strong> Podeu consultar aqu\u00ed.<\/li>\n<li>Llista d\u2019espera del centre. Podeu consultar aqu\u00ed.\n<ul>\n<li style=\"list-style-type: none;\">\n<ul>\n<li style=\"list-style-type: none;\">\n<ul>\n<li><a href=\"https:\/\/tramits.gencat.cat\/ca\/tramits\/tramits-temes\/reclamacio-preinscripcio-postobligatoris?category=74447ed8-a82c-11e3-a972-000c29052e2c\" target=\"_blank\" rel=\"noopener\">Reclamacions davant la comissi\u00f3 de garanties d\u2019admissi\u00f3: del 17 al 19 de juny de 2026, ambd\u00f3s inclosos.<\/a><\/li>\n<\/ul>\n<\/li>\n<\/ul>\n<\/li>\n<\/ul>\n<\/li>\n<\/ul>\n<\/li>\n<\/ul>\n<p><em>Nota: El s\u00edmbol * indica que, a mesura que es vagin publicant les llistes, s\u2019afegiran els documents.<\/em><\/p>\n<h5><span style=\"color: #000000;\"><strong>\u00a0 <\/strong><\/span><\/h5>\n<table style=\"height: 159px; background-color: #1f7fed; width: 101.466%;\" width=\"819\">\n<tbody>\n<tr style=\"height: 159px;\">\n<td style=\"border-color: #0e0eed; background-color: #4b9abf; height: 159px; width: 806px;\"><strong>RECORDEU: <\/strong><strong>Si el seu fill\/a \u00e9s de 4t d&#8217;ESO i vol fer Batxillerat art\u00edstic S\u00cd ha de fer preinscripci\u00f3\u00a0 (tant si \u00e9s alumnat de centre com si no ho \u00e9s).\u00a0 <\/strong><strong>Tamb\u00e9 ha de fer preinscripci\u00f3, si vol fer alg\u00fan cicle<\/strong><strong>Si el vostre fill\/a ja est\u00e0 estudiant al centre i el proper curs far\u00e0 2n de Batx o repeteix 1r, NO ha de fer preinscripci\u00f3<br \/>\n<\/strong><\/td>\n<\/tr>\n<\/tbody>\n<\/table>\n<h3><\/h3>\n<h4><strong>INFORMA\u2019T ABANS DE FER LA PREINSCRIPCI\u00d3:<\/strong><\/h4>\n<h4><a href=\"https:\/\/preinscripcio.gencat.cat\/ca\/estudis\/batxillerat\/informat\/prepara-documentacio\/\" target=\"_blank\" rel=\"noopener noreferrer\">&#8211; Prepara la documentaci\u00f3 (identitat de l&#8217;alumne i criteris de prioritat)<\/a><\/h4>\n<h4><a href=\"https:\/\/preinscripcio.gencat.cat\/ca\/estudis\/batxillerat\/informat\/criteris-assignacio\/\" target=\"_blank\" rel=\"noopener noreferrer\">&#8211; Criteris d\u2019assignaci\u00f3 de pla\u00e7a<\/a><\/h4>\n<h4><a href=\"https:\/\/preinscripcio.gencat.cat\/ca\/estudis\/batxillerat\/ajuda\/pindoles-multimedia\/\" target=\"_blank\" rel=\"noopener\">&#8211; P\u00edndoles multim\u00e8dia (si tens dubtes com fer la preinscripci\u00f3, consulta els v\u00eddeos)<\/a><\/h4>\n<hr \/>\n<hr \/>\n<hr \/>\n<h1><span style=\"background-color: #99ccff; color: #000080;\"><strong>MATR\u00cdCULA<\/strong><\/span><\/h1>\n<ul>\n<li>Per\u00edode de matr\u00edcula per alumnes preinscrits amb pla\u00e7a assignada: <strong>del 18 de juny al 30 de juny de 2026, <\/strong>ambd\u00f3s inclosos.<\/li>\n<\/ul>\n<p><strong>NOTA<\/strong>: &#8220;<em><strong>Els alumnes que no formalitzen la matr\u00edcula en el per\u00edode establert es considera que renuncien a la pla\u00e7a adjudicada<\/strong>, llevat que es produeixi un endarreriment per causes justificades i sempre que el centre no hagi comen\u00e7at encara la gesti\u00f3 de la llista d&#8217;espera o de noves sol\u00b7licituds d&#8217;admissi\u00f3&#8221; , segons la <a href=\"http:\/\/queestudiar.gencat.cat\/ca\/preinscripcio\/normativa\/\">normativa<\/a> vigent.\u00a0<\/em><\/p>\n<table style=\"background-color: #0af7f3;\">\n<tbody>\n<tr>\n<td style=\"width: 819px;\"><strong>RECORDEU: <\/strong><strong>L&#8217;alumnat que ve de fora del centre, que ha fet preinscripci\u00f3 i estigui assignat a l&#8217;Institut Joan Ramon Benapr\u00e8s, haur\u00e0 de fer matr\u00edcula.<\/strong><strong>L&#8217;alumnat de centre (de 4t d&#8217;ESO) que vol ver Batxillerat art\u00edstic, ja haur\u00e0 fet la matr\u00edcula amb la confirmaci\u00f3 de pla\u00e7a, per tant no ha d&#8217;utilitzar l&#8217;aplicatiu de matr\u00edcula.\u00a0 <\/strong><strong>Els\/Les de 4t que volen fer la resta de batxillerats, ja hauran fet la confirmaci\u00f3 de pla\u00e7a.<\/strong><\/p>\n<p><strong>Si el vostre fill\/a ja est\u00e0 estudiant al centre i el proper curs far\u00e0 2n de batx o repeteix 1r, far\u00e0 confirmaci\u00f3 de pla\u00e7a. <\/strong><strong>Si \u00e9s repetidor de 2n, per matricular-se, poseu-vos en contacte amb Secretaria.<br \/>\n<\/strong><\/td>\n<\/tr>\n<\/tbody>\n<\/table>\n<ul>\n<li style=\"list-style-type: none;\">\n<ul>\n<li style=\"list-style-type: none;\"><\/li>\n<\/ul>\n<\/li>\n<\/ul>\n<table style=\"background-color: #f2aa18; width: 99.4912%; height: 56px;\" width=\"903\">\n<tbody>\n<tr style=\"height: 33px;\">\n<td style=\"height: 33px;\"><em><strong>Per formalitzar la matr\u00edcula, es realitzar\u00e0 a trav\u00e9s del seg\u00fcent formulari de forma telem\u00e0tica:\u00a0 <a href=\"https:\/\/iessitges.xtec.cat\/matricula\/\" target=\"_blank\" rel=\"noopener noreferrer\">eMatr\u00edcula Benapr\u00e8s<\/a><br \/>\n<\/strong><\/em><\/td>\n<\/tr>\n<\/tbody>\n<\/table>\n<h6>UTILITZEU ORDINADOR PER REALITZAR LA MATR\u00cdCULA<\/h6>\n<table>\n<tbody>\n<tr>\n<td>\n<ul>\n<li>El dia d&#8217;inici de la matriculaci\u00f3, us enviarem, al correu que vau indicar a la preinscripci\u00f3, l&#8217;enlla\u00e7 al formulari de matr\u00edcula.<\/li>\n<\/ul>\n<h6><\/h6>\n<ul>\n<li><strong>Si renuncia a la pla\u00e7a i no vol fer matr\u00edcula, si us plau, envia un correu a\u00a0 a8043981@xtec.cat, adjuntant DNI del pare\/mare indicant la renuncia a la pla\u00e7a de l&#8217;alumne\/a i el curs.<\/strong><\/li>\n<\/ul>\n<h6><\/h6>\n<ul>\n<li>Si no heu rebut l&#8217;enlla\u00e7 al formulari o teniu algun problema per accedir-hi, contacteu amb convivenciaidisciplina@iessitges.cat. Si teniu qualsevol dubte en la formalitzaci\u00f3 de la matr\u00edcula, contacteu amb Secretaria.<\/li>\n<\/ul>\n<\/td>\n<\/tr>\n<\/tbody>\n<\/table>\n<h3><strong>\u00a0Documentaci\u00f3 que cal adjuntar en el proc\u00e9s de matriculaci\u00f3:<br \/>\n<\/strong><\/h3>\n<p><em>Les imatges digitals no han ser de pes elevat (assegurar-se de tenir tota la documentaci\u00f3 abans de comen\u00e7ar):<\/em><\/p>\n<ul>\n<li><strong>FOTOGRAFIA <\/strong>ACTUAL ALUMNE\/A<\/li>\n<li><strong>DNI <\/strong>ALUMNE\/A\u00a0 per les dues cares\u00a0\u00a0\u00a0<em> \u00a0 &#8220;una imatge anvers i altra imatge revers&#8221;<\/em><\/li>\n<li><strong>DNI <\/strong>TUTORS (per les dues cares)\u00a0\u00a0 <em> &#8220;una imatge anvers i altra imatge revers&#8221;<\/em><\/li>\n<li><strong>LLIBRE <\/strong>DE FAM\u00cdLIA (les p\u00e0gines dels titulars (pare\/mare) i de l&#8217;alumne\/a .\u00a0\u00a0\u00a0 <em>&#8220;una imatge titulars i altra imatge alumne\/a&#8221;<\/em><\/li>\n<li><strong>TARGETA SANIT\u00c0RIA INDIVIDUAL (TSI)<\/strong><\/li>\n<li><strong>CERTIFICAT (O VOLANT) DE CONVIV\u00c8NCIA VIGENT <\/strong>(m\u00e0x. darrers 6 mesos) <a href=\"https:\/\/carpeta.sitges.cat\/Ciutadania\/DetallTramit.aspx?IdTema=32&amp;IdTramit=570\" target=\"_blank\" rel=\"noopener\">(Sol\u00b7licitar volant de conviv\u00e8ncia digital (Sitges))<\/a><\/li>\n<li><strong>T\u00cdTOL DE ESO o prova acc\u00e9s o sol\u00b7licitud de convalidaci\u00f3 d&#8217;estudis o equivalent (per a 1r batx i no sigui repetidor) o INFORME ULTIMES QUALIFICACIONS<\/strong> (si ets repetidor de 1r batx o 2n batx o si et matricules per a 2n batx)<\/li>\n<li><strong>CARNET DE MINUSVALIDESA (si s\u2019escau)<\/strong><\/li>\n<li><strong>INFORME o DICTAMEN D\u2019ESCOLARITZACI\u00d3 (si s\u2019escau). <\/strong>[Acreditant trastorn aprenentatge o necessitat educativa especifica, o qualsevol altra informaci\u00f3 que es vulgui fer arribar al centre]<\/li>\n<li><strong>CUSTODIA\/TUTELA\u00a0 (si s\u2019escau)<\/strong><\/li>\n<li><strong>COMPROVANT<\/strong> (RESGUARD) <strong>INGR\u00c9S <\/strong>BANCARI:\n<p style=\"text-align: center;\"><strong><a href=\"https:\/\/agora.xtec.cat\/iessitges\/secretaria\/pagaments-i-retorns\/pagaments-eso-i-batxillerat\/\" target=\"_blank\" rel=\"noopener noreferrer\">Informaci\u00f3 pagament<\/a><\/strong><\/p>\n<p style=\"text-align: center;\"><strong>Concepte: Cognoms i Nom de l&#8217;alumne\/a<\/strong><\/p>\n<\/li>\n<li style=\"text-align: center;\">opci\u00f3 1:Transfer\u00e8ncia banc\u00e0ria Iban: ES64 0081 1682 630001020608<\/li>\n<li>\n<p style=\"text-align: center;\">opci\u00f3 2: Ingr\u00e9s en caixer (codi operaci\u00f3: 930)<\/p>\n<\/li>\n<\/ul>\n<h6><\/h6>\n<p>De manera excepcional i quan no sigui possible fer la matr\u00edcula per via telem\u00e0tica, podeu demanar cita trucant al tel\u00e8fon 93 894 3712, entre les 9:00 i les 13:30h.<\/p>\n<p><em>Informaci\u00f3 actualitzada: Consulteu regularment la p\u00e0gina web del centre\u00a0per disposar de la informaci\u00f3 m\u00e9s actualitzada.\u00a0<\/em><\/p>\n<p><em>M\u00e9s informaci\u00f3 a la web del <a href=\"http:\/\/queestudiar.gencat.cat\/ca\/preinscripcio\/estudis\/batxillerat\/\" target=\"_blank\" rel=\"noopener noreferrer\">Departament d\u2019Educaci\u00f3<\/a><\/em><\/p>\n","protected":false},"excerpt":{"rendered":"<p>\u21d2 Preinscripci\u00f3 2026-2027 \u21d0 PREINSCRIPCI\u00d3 \u00a0 \u00a0 \u00a0 \u00a0 \u00a0 \u00a0 \u00a0 \u00a0 \u00a0 \u00a0 Fitxa etapa educativa &#8211;&gt; BAT Adscripci\u00f3 de centres d&#8217;educaci\u00f3 secund\u00e0ria obligat\u00f2ria a centres de batxillerat per a la preinscripci\u00f3 del curs 2026-2027 Serveis Territorials del Pened\u00e8s:\u00a0\u00a0\u00a0\u00a0\u00a0\u00a0\u00a0\u00a0 Institut Joan Ramon Benapr\u00e8s Calendari \u00a0 \u00a0 \u00a0 \u00a0 \u00a0 \u00a0 \u00a0 \u00a0 \u00a0 [&hellip;]<\/p>\n","protected":false},"author":4,"featured_media":0,"parent":640,"menu_order":10,"comment_status":"closed","ping_status":"closed","template":"","meta":{"site-sidebar-layout":"default","site-content-layout":"","ast-site-content-layout":"default","site-content-style":"default","site-sidebar-style":"default","ast-global-header-display":"","ast-banner-title-visibility":"","ast-main-header-display":"","ast-hfb-above-header-display":"","ast-hfb-below-header-display":"","ast-hfb-mobile-header-display":"","site-post-title":"","ast-breadcrumbs-content":"","ast-featured-img":"","footer-sml-layout":"","theme-transparent-header-meta":"default","adv-header-id-meta":"","stick-header-meta":"","header-above-stick-meta":"","header-main-stick-meta":"","header-below-stick-meta":"","astra-migrate-meta-layouts":"set","ast-page-background-enabled":"default","ast-page-background-meta":{"desktop":{"background-color":"var(--ast-global-color-4)","background-image":"","background-repeat":"repeat","background-position":"center center","background-size":"auto","background-attachment":"scroll","background-type":"","background-media":"","overlay-type":"","overlay-color":"","overlay-opacity":"","overlay-gradient":""},"tablet":{"background-color":"","background-image":"","background-repeat":"repeat","background-position":"center center","background-size":"auto","background-attachment":"scroll","background-type":"","background-media":"","overlay-type":"","overlay-color":"","overlay-opacity":"","overlay-gradient":""},"mobile":{"background-color":"","background-image":"","background-repeat":"repeat","background-position":"center center","background-size":"auto","background-attachment":"scroll","background-type":"","background-media":"","overlay-type":"","overlay-color":"","overlay-opacity":"","overlay-gradient":""}},"ast-content-background-meta":{"desktop":{"background-color":"var(--ast-global-color-5)","background-image":"","background-repeat":"repeat","background-position":"center center","background-size":"auto","background-attachment":"scroll","background-type":"","background-media":"","overlay-type":"","overlay-color":"","overlay-opacity":"","overlay-gradient":""},"tablet":{"background-color":"var(--ast-global-color-5)","background-image":"","background-repeat":"repeat","background-position":"center center","background-size":"auto","background-attachment":"scroll","background-type":"","background-media":"","overlay-type":"","overlay-color":"","overlay-opacity":"","overlay-gradient":""},"mobile":{"background-color":"var(--ast-global-color-5)","background-image":"","background-repeat":"repeat","background-position":"center center","background-size":"auto","background-attachment":"scroll","background-type":"","background-media":"","overlay-type":"","overlay-color":"","overlay-opacity":"","overlay-gradient":""}},"footnotes":""},"class_list":["post-3001","page","type-page","status-publish","hentry"],"post_mailing_queue_ids":[],"_links":{"self":[{"href":"https:\/\/agora.xtec.cat\/iessitges\/wp-json\/wp\/v2\/pages\/3001","targetHints":{"allow":["GET"]}}],"collection":[{"href":"https:\/\/agora.xtec.cat\/iessitges\/wp-json\/wp\/v2\/pages"}],"about":[{"href":"https:\/\/agora.xtec.cat\/iessitges\/wp-json\/wp\/v2\/types\/page"}],"author":[{"embeddable":true,"href":"https:\/\/agora.xtec.cat\/iessitges\/wp-json\/wp\/v2\/users\/4"}],"replies":[{"embeddable":true,"href":"https:\/\/agora.xtec.cat\/iessitges\/wp-json\/wp\/v2\/comments?post=3001"}],"version-history":[{"count":6,"href":"https:\/\/agora.xtec.cat\/iessitges\/wp-json\/wp\/v2\/pages\/3001\/revisions"}],"predecessor-version":[{"id":16468,"href":"https:\/\/agora.xtec.cat\/iessitges\/wp-json\/wp\/v2\/pages\/3001\/revisions\/16468"}],"up":[{"embeddable":true,"href":"https:\/\/agora.xtec.cat\/iessitges\/wp-json\/wp\/v2\/pages\/640"}],"wp:attachment":[{"href":"https:\/\/agora.xtec.cat\/iessitges\/wp-json\/wp\/v2\/media?parent=3001"}],"curies":[{"name":"wp","href":"https:\/\/api.w.org\/{rel}","templated":true}]}}