{"id":1940,"date":"2019-09-27T12:04:31","date_gmt":"2019-09-27T10:04:31","guid":{"rendered":"https:\/\/agora.xtec.cat\/iessitges\/?page_id=1940"},"modified":"2026-03-06T19:54:52","modified_gmt":"2026-03-06T18:54:52","slug":"reunions-dinici-de-curs-amb-les-families","status":"publish","type":"page","link":"https:\/\/agora.xtec.cat\/iessitges\/","title":{"rendered":""},"content":{"rendered":"\n<div class=\"wp-block-columns is-layout-flex wp-container-core-columns-is-layout-1 wp-block-columns-is-layout-flex\">\n<div class=\"wp-block-column is-layout-flow wp-block-column-is-layout-flow\">\n<h3 class=\"wp-block-heading\"><strong>PRESENTACI\u00d3 INSTITUT JOAN RAMON BENAPR\u00c8S<\/strong><\/h3>\n\n\n\n<h3 class=\"wp-block-heading\"><iframe loading=\"lazy\" title=\"YouTube video player\" src=\"https:\/\/www.youtube.com\/embed\/yHp-ANqNCLI?si=RxAapMbGXL1jmewB\" width=\"426\" height=\"240\" frameborder=\"0\" allowfullscreen=\"allowfullscreen\"><\/iframe><\/h3>\n<\/div>\n\n\n\n<div class=\"wp-block-column is-layout-flow wp-block-column-is-layout-flow\">\n<p><a href=\"https:\/\/agora.xtec.cat\/iessitges\/general\/jornada-de-portes-obertes\/\">ENLLA\u00c7 INSCRIPCI\u00d3 PORTES OBERTES<\/a><\/p>\n\n\n\n<ul class=\"wp-block-list\">\n<li>ESO: 3 I 4 DE MAR\u00c7<\/li>\n\n\n\n<li>Batxillerat 24 de mar\u00e7<\/li>\n\n\n\n<li>CCFF. PFI i IFE: 8 d&#8217;abril<\/li>\n<\/ul>\n<\/div>\n<\/div>\n\n\n\n<h2 class=\"wp-block-heading has-text-align-center\"><mark style=\"background-color:rgba(0, 0, 0, 0)\" class=\"has-inline-color has-ast-global-color-1-color\"><strong>\u00a0&lt;&lt;\u00a0 PREINSCRIPCI\u00d3 I MATR\u00cdCULA\u00a0 2026 &#8211; 2027\u00a0 >><\/strong><\/mark><\/h2>\n\n\n\n<figure class=\"wp-block-image aligncenter size-large is-resized\"><a href=\"https:\/\/agora.xtec.cat\/iessitges\/secretaria\/preinscripcio-i-matricula\/\" target=\"_blank\" rel=\" noreferrer noopener\"><img loading=\"lazy\" decoding=\"async\" width=\"1024\" height=\"585\" src=\"https:\/\/agora.xtec.cat\/iessitges\/wp-content\/uploads\/usu1948\/2026\/03\/Preinscripcio-i-Matricula-1024x585.png\" alt=\"\" class=\"wp-image-16216\" style=\"width:696px;height:auto\" srcset=\"https:\/\/agora.xtec.cat\/iessitges\/wp-content\/uploads\/usu1948\/2026\/03\/Preinscripcio-i-Matricula-1024x585.png 1024w, https:\/\/agora.xtec.cat\/iessitges\/wp-content\/uploads\/usu1948\/2026\/03\/Preinscripcio-i-Matricula-300x171.png 300w, https:\/\/agora.xtec.cat\/iessitges\/wp-content\/uploads\/usu1948\/2026\/03\/Preinscripcio-i-Matricula-768x439.png 768w, https:\/\/agora.xtec.cat\/iessitges\/wp-content\/uploads\/usu1948\/2026\/03\/Preinscripcio-i-Matricula.png 1050w\" sizes=\"auto, (max-width: 1024px) 100vw, 1024px\" \/><\/a><\/figure>\n","protected":false},"excerpt":{"rendered":"<p>PRESENTACI\u00d3 INSTITUT JOAN RAMON BENAPR\u00c8S ENLLA\u00c7 INSCRIPCI\u00d3 PORTES OBERTES \u00a0&lt;&lt;\u00a0 PREINSCRIPCI\u00d3 I MATR\u00cdCULA\u00a0 2026 &#8211; 2027\u00a0 >><\/p>\n","protected":false},"author":5,"featured_media":0,"parent":0,"menu_order":0,"comment_status":"closed","ping_status":"closed","template":"","meta":{"site-sidebar-layout":"default","site-content-layout":"","ast-site-content-layout":"default","site-content-style":"default","site-sidebar-style":"default","ast-global-header-display":"","ast-banner-title-visibility":"","ast-main-header-display":"","ast-hfb-above-header-display":"","ast-hfb-below-header-display":"","ast-hfb-mobile-header-display":"","site-post-title":"","ast-breadcrumbs-content":"","ast-featured-img":"","footer-sml-layout":"","theme-transparent-header-meta":"default","adv-header-id-meta":"","stick-header-meta":"","header-above-stick-meta":"","header-main-stick-meta":"","header-below-stick-meta":"","astra-migrate-meta-layouts":"set","ast-page-background-enabled":"default","ast-page-background-meta":{"desktop":{"background-color":"var(--ast-global-color-4)","background-image":"","background-repeat":"repeat","background-position":"center center","background-size":"auto","background-attachment":"scroll","background-type":"","background-media":"","overlay-type":"","overlay-color":"","overlay-opacity":"","overlay-gradient":""},"tablet":{"background-color":"","background-image":"","background-repeat":"repeat","background-position":"center center","background-size":"auto","background-attachment":"scroll","background-type":"","background-media":"","overlay-type":"","overlay-color":"","overlay-opacity":"","overlay-gradient":""},"mobile":{"background-color":"","background-image":"","background-repeat":"repeat","background-position":"center center","background-size":"auto","background-attachment":"scroll","background-type":"","background-media":"","overlay-type":"","overlay-color":"","overlay-opacity":"","overlay-gradient":""}},"ast-content-background-meta":{"desktop":{"background-color":"var(--ast-global-color-5)","background-image":"","background-repeat":"repeat","background-position":"center center","background-size":"auto","background-attachment":"scroll","background-type":"","background-media":"","overlay-type":"","overlay-color":"","overlay-opacity":"","overlay-gradient":""},"tablet":{"background-color":"var(--ast-global-color-5)","background-image":"","background-repeat":"repeat","background-position":"center center","background-size":"auto","background-attachment":"scroll","background-type":"","background-media":"","overlay-type":"","overlay-color":"","overlay-opacity":"","overlay-gradient":""},"mobile":{"background-color":"var(--ast-global-color-5)","background-image":"","background-repeat":"repeat","background-position":"center center","background-size":"auto","background-attachment":"scroll","background-type":"","background-media":"","overlay-type":"","overlay-color":"","overlay-opacity":"","overlay-gradient":""}},"footnotes":""},"class_list":["post-1940","page","type-page","status-publish","hentry"],"post_mailing_queue_ids":[],"_links":{"self":[{"href":"https:\/\/agora.xtec.cat\/iessitges\/wp-json\/wp\/v2\/pages\/1940","targetHints":{"allow":["GET"]}}],"collection":[{"href":"https:\/\/agora.xtec.cat\/iessitges\/wp-json\/wp\/v2\/pages"}],"about":[{"href":"https:\/\/agora.xtec.cat\/iessitges\/wp-json\/wp\/v2\/types\/page"}],"author":[{"embeddable":true,"href":"https:\/\/agora.xtec.cat\/iessitges\/wp-json\/wp\/v2\/users\/5"}],"replies":[{"embeddable":true,"href":"https:\/\/agora.xtec.cat\/iessitges\/wp-json\/wp\/v2\/comments?post=1940"}],"version-history":[{"count":6,"href":"https:\/\/agora.xtec.cat\/iessitges\/wp-json\/wp\/v2\/pages\/1940\/revisions"}],"predecessor-version":[{"id":16219,"href":"https:\/\/agora.xtec.cat\/iessitges\/wp-json\/wp\/v2\/pages\/1940\/revisions\/16219"}],"wp:attachment":[{"href":"https:\/\/agora.xtec.cat\/iessitges\/wp-json\/wp\/v2\/media?parent=1940"}],"curies":[{"name":"wp","href":"https:\/\/api.w.org\/{rel}","templated":true}]}}