{"id":19,"date":"2014-09-17T14:56:56","date_gmt":"2014-09-17T14:56:56","guid":{"rendered":"http:\/\/agora.xtec.cat\/iessitges\/?page_id=19"},"modified":"2020-05-18T10:53:07","modified_gmt":"2020-05-18T08:53:07","slug":"linstitut","status":"publish","type":"page","link":"https:\/\/agora.xtec.cat\/iessitges\/linstitut\/","title":{"rendered":"L&#8217;institut"},"content":{"rendered":"<p>L\u2019Institut \u00e9s un centre d\u2019educaci\u00f3 secund\u00e0ria certificat segons la norma UNE-EN ISO 9001:2015, que participa des de fa m\u00e9s de deu cursos escolars en la xarxa de qualitat i millora cont\u00ednua.<\/p>\n<p>L\u2019Institut \u00a0\u00e9s un centre educatiu p\u00fablic, la titularitat del qual correspon al Departament d\u2019Ensenyament de la Generalitat de Catalunya. Est\u00e0 ubicat al barri del Poble Sec, de Sitges, al Cam\u00ed de la Fita s\/n, i s\u2019hi imparteixen els seg\u00fcents estudis: educaci\u00f3 secund\u00e0ria obligat\u00f2ria, cicles formatius de les fam\u00edlies d\u2019hoteleria i turisme i d\u2019ind\u00fastries aliment\u00e0ries com cuina i gatronomia, pastisseria i rebosteria, Serveis en retauraci\u00f3 i cicles formatius de grau superior de cuina i serveis i gesti\u00f3 d\u2019allotjaments tur\u00edstics, Batxillerat de totes modalitats: ci\u00e8ncies i tecnologia, humanitats i ci\u00e8ncies socials i Art\u00edstic, \u00a0i PFI de cuina i serveis.<\/p>\n<p>Els seus or\u00edgens es remunten al curs 1978\/1979, quan neix l\u2019Institut de Sitges, sense edifici propi per\u00f2 amb molta il\u00b7lusi\u00f3. La primera ubicaci\u00f3 fou l\u2019Hotel Miramar de Sitges i all\u00ed es van impartir les primeres classes de BUP fins al curs 1984\/85, en qu\u00e8 ja es va estrenar l\u2019edifici actual. El curs 1987\/88 el centre pass\u00e0 d\u2019Institut de Batxillerat a Institut d\u2019Ensenyament Secundari, i amb la construcci\u00f3 d\u2019una nova edificaci\u00f3 (anomenada el \u201cxalet\u201d) s\u2019incorpora la formaci\u00f3 professional a les activitats educatives del centre. Amb un seguit de canvis en la formaci\u00f3 professional, el curs 1992\/93 comen\u00e7a un curs pilot d\u2019hoteleria. El curs 1995\/96 es matriculen els primers alumnes de 3r d\u2019ESO i a partir d\u2019aquest curs comen\u00e7a la implantaci\u00f3 de la Reforma al Benapr\u00e8s. Aquell mateix any el Departament acorda la construcci\u00f3 d\u2019un nou edifici on s\u2019ubicar\u00e0 la formaci\u00f3 professional d\u2019hoteleria fins al dia d\u2019avui.<\/p>\n<p>A partir del curs 1997\/98 el centre ja comen\u00e7a a estar definit com el coneixem actualment, i amb el pas d\u2019uns pocs anys queden els estudis actuals i desapareixen la formaci\u00f3 professional de metall, administratiu i el BUP i COU.<\/p>\n<p>Ara fa dotze cursos el centre va ser reformat estructuralment, amb un canvi molt significatiu de la seva imatge. Els darrers anys el centre ha experimentat una evoluci\u00f3 molt positiva pel que fa a la demanda, arribant<\/p>\n<p>als nivells actuals on gaireb\u00e9 no hi ha vacants en cap dels ensenyaments que imparteix, amb un claustre amb molta estabilitat i experi\u00e8ncia, i entre tots hem pogut consolidar-nos com un referent a la vila. Cal tenir en compte que hi ha un altre centre a la vila que ha suposat una desmassificaci\u00f3 del nostre i, a la vegada, una sana compet\u00e8ncia, molt profitosa per la comunitat educativa, ja que aquests dos aspectes fan que millori el servei.<\/p>\n","protected":false},"excerpt":{"rendered":"<p>L\u2019Institut \u00e9s un centre d\u2019educaci\u00f3 secund\u00e0ria certificat segons la norma UNE-EN ISO 9001:2015, que participa des de fa m\u00e9s de deu cursos escolars en la xarxa de qualitat i millora cont\u00ednua. L\u2019Institut \u00a0\u00e9s un centre educatiu p\u00fablic, la titularitat del qual correspon al Departament d\u2019Ensenyament de la Generalitat de Catalunya. Est\u00e0 ubicat al barri del [&hellip;]<\/p>\n","protected":false},"author":1,"featured_media":0,"parent":0,"menu_order":0,"comment_status":"closed","ping_status":"closed","template":"page-templates\/side-menu.php","meta":{"site-sidebar-layout":"default","site-content-layout":"","ast-site-content-layout":"","site-content-style":"default","site-sidebar-style":"default","ast-global-header-display":"","ast-banner-title-visibility":"","ast-main-header-display":"","ast-hfb-above-header-display":"","ast-hfb-below-header-display":"","ast-hfb-mobile-header-display":"","site-post-title":"","ast-breadcrumbs-content":"","ast-featured-img":"","footer-sml-layout":"","theme-transparent-header-meta":"","adv-header-id-meta":"","stick-header-meta":"","header-above-stick-meta":"","header-main-stick-meta":"","header-below-stick-meta":"","astra-migrate-meta-layouts":"default","ast-page-background-enabled":"default","ast-page-background-meta":{"desktop":{"background-color":"var(--ast-global-color-4)","background-image":"","background-repeat":"repeat","background-position":"center center","background-size":"auto","background-attachment":"scroll","background-type":"","background-media":"","overlay-type":"","overlay-color":"","overlay-opacity":"","overlay-gradient":""},"tablet":{"background-color":"","background-image":"","background-repeat":"repeat","background-position":"center center","background-size":"auto","background-attachment":"scroll","background-type":"","background-media":"","overlay-type":"","overlay-color":"","overlay-opacity":"","overlay-gradient":""},"mobile":{"background-color":"","background-image":"","background-repeat":"repeat","background-position":"center center","background-size":"auto","background-attachment":"scroll","background-type":"","background-media":"","overlay-type":"","overlay-color":"","overlay-opacity":"","overlay-gradient":""}},"ast-content-background-meta":{"desktop":{"background-color":"var(--ast-global-color-5)","background-image":"","background-repeat":"repeat","background-position":"center center","background-size":"auto","background-attachment":"scroll","background-type":"","background-media":"","overlay-type":"","overlay-color":"","overlay-opacity":"","overlay-gradient":""},"tablet":{"background-color":"var(--ast-global-color-5)","background-image":"","background-repeat":"repeat","background-position":"center center","background-size":"auto","background-attachment":"scroll","background-type":"","background-media":"","overlay-type":"","overlay-color":"","overlay-opacity":"","overlay-gradient":""},"mobile":{"background-color":"var(--ast-global-color-5)","background-image":"","background-repeat":"repeat","background-position":"center center","background-size":"auto","background-attachment":"scroll","background-type":"","background-media":"","overlay-type":"","overlay-color":"","overlay-opacity":"","overlay-gradient":""}},"footnotes":""},"class_list":["post-19","page","type-page","status-publish","hentry"],"post_mailing_queue_ids":[],"_links":{"self":[{"href":"https:\/\/agora.xtec.cat\/iessitges\/wp-json\/wp\/v2\/pages\/19","targetHints":{"allow":["GET"]}}],"collection":[{"href":"https:\/\/agora.xtec.cat\/iessitges\/wp-json\/wp\/v2\/pages"}],"about":[{"href":"https:\/\/agora.xtec.cat\/iessitges\/wp-json\/wp\/v2\/types\/page"}],"author":[{"embeddable":true,"href":"https:\/\/agora.xtec.cat\/iessitges\/wp-json\/wp\/v2\/users\/1"}],"replies":[{"embeddable":true,"href":"https:\/\/agora.xtec.cat\/iessitges\/wp-json\/wp\/v2\/comments?post=19"}],"version-history":[{"count":3,"href":"https:\/\/agora.xtec.cat\/iessitges\/wp-json\/wp\/v2\/pages\/19\/revisions"}],"predecessor-version":[{"id":2983,"href":"https:\/\/agora.xtec.cat\/iessitges\/wp-json\/wp\/v2\/pages\/19\/revisions\/2983"}],"wp:attachment":[{"href":"https:\/\/agora.xtec.cat\/iessitges\/wp-json\/wp\/v2\/media?parent=19"}],"curies":[{"name":"wp","href":"https:\/\/api.w.org\/{rel}","templated":true}]}}