{"id":1539,"date":"2019-04-09T13:50:25","date_gmt":"2019-04-09T11:50:25","guid":{"rendered":"https:\/\/agora.xtec.cat\/iessitges\/?page_id=1539"},"modified":"2025-04-10T09:00:28","modified_gmt":"2025-04-10T07:00:28","slug":"convivencia-i-mediacio","status":"publish","type":"page","link":"https:\/\/agora.xtec.cat\/iessitges\/serveis-2\/convivencia-i-mediacio\/","title":{"rendered":"Conviv\u00e8ncia i mediaci\u00f3"},"content":{"rendered":"<p><span style=\"color: #ff6600;\"><strong>PROJECTE DE CONVIV\u00c8NCIA<\/strong><\/span><\/p>\n<p>El <strong>Projecte de conviv\u00e8ncia<\/strong> ha de reflectir les accions que el centre educatiu desenvolupa per capacitar tot l\u2019alumnat\u00a0 i la resta de la comunitat escolar per a la conviv\u00e8ncia i la gesti\u00f3 positiva dels conflictes. T\u00e9 com a <u>missi\u00f3<\/u> contribuir al m\u00e0xim desenvolupament personal, acad\u00e8mic i social de tot l\u2019alumnat, aix\u00ed com prevenir l\u2019absentisme (protocol d\u2019absentisme) i facilitar la reincorporaci\u00f3 de l\u2019alumnat absentista.<\/p>\n<p>T\u00e9 els seg\u00fcents objectius:<\/p>\n<ul>\n<li>Ajudar a cada alumne a relacionar-se amb si mateix, amb els altres i amb el m\u00f3n.<\/li>\n<li>Potenciar l\u2019equitat i el respecte a la diversitat de l\u2019alumnat en un marc de valors compartits.<\/li>\n<li>Promoure la cultura inclusiva<\/li>\n<li>Prevenir l\u2019absentisme i facilitar la reincorporaci\u00f3 de l\u2019alumnat absentista.<\/li>\n<li>Fomentar la mediaci\u00f3 escolar i la cultura del di\u00e0leg com a eina b\u00e0sica en la gesti\u00f3 del conflicte.<\/li>\n<\/ul>\n<p>&nbsp;<\/p>\n<p><strong><span style=\"color: #0000ff;\">SERVEI DE CONVIV\u00c8NCIA I MEDIACI\u00d3<\/span> <\/strong><\/p>\n<p>El centre disposa d\u2019un servei de conviv\u00e8ncia i mediaci\u00f3 per portar a terme una tasca de prevenci\u00f3 i resoluci\u00f3 de dificultats i conflictes relacionats amb la conviv\u00e8ncia dels membres de la comunitat educativa.<\/p>\n<p>El principal objectiu \u00e9s el <strong>di\u00e0leg<\/strong> amb els implicats en un conflicte. Un cop a la setmana, el professorat de l\u2019equip de conviv\u00e8ncia i mediaci\u00f3 es reuneix per avaluar els casos sobre possibles conflictes al centre. A continuaci\u00f3, es planifica les mediacions per a la resoluci\u00f3 dels conflictes.<\/p>\n<p>El paper del professorat \u00e9s el de <strong>mediador\/a<\/strong>, escoltant en tot moment el que diu l\u2019alumnat. Aix\u00ed que, quan es presenta un conflicte, es parla amb les dues parts implicades. Una vegada s\u00b4ha escoltat les dues versions, es decideix si \u00e9s adequat fer la mediaci\u00f3 entre els dos alumnes\/as implicats\/des i arribar a les causes i solucions del conflicte.<\/p>\n<p>La majoria dels casos que es troba se solucionen amb aquesta mediaci\u00f3, resolent les seves difer\u00e8ncies. Si no \u00e9s el cas, es continua fent futures mediacions i seguiment del cas.<\/p>\n<p>&nbsp;<\/p>\n<div style=\"width: 854px;\" class=\"wp-video\"><!--[if lt IE 9]><script>document.createElement('video');<\/script><![endif]-->\n<video class=\"wp-video-shortcode\" id=\"video-1539-1\" width=\"854\" height=\"480\" preload=\"metadata\" controls=\"controls\"><source type=\"video\/mp4\" src=\"https:\/\/agora.xtec.cat\/iessitges\/wp-content\/uploads\/usu1948\/2021\/04\/Que-\u00e9s-la-Mediaci\u00f3.mp4?_=1\" \/><a href=\"https:\/\/agora.xtec.cat\/iessitges\/wp-content\/uploads\/usu1948\/2021\/04\/Que-\u00e9s-la-Mediaci\u00f3.mp4\">https:\/\/agora.xtec.cat\/iessitges\/wp-content\/uploads\/usu1948\/2021\/04\/Que-\u00e9s-la-Mediaci\u00f3.mp4<\/a><\/video><\/div>\n<p>&nbsp;<\/p>\n<p>&nbsp;<\/p>\n<p>&nbsp;<\/p>\n<p><a href=\"https:\/\/agora.xtec.cat\/iessitges\/serveis-2\/convivencia-i-mediacio\/es\/\" target=\"_blank\" rel=\"noopener\"><strong>COM GESTIONAR L&#8217;ESTR\u00c8S ESCOLAR?<\/strong><\/a><\/p>\n<div>En aquesta web es presenten de forma clara i senzilla:<\/div>\n<div><\/div>\n<div><b>-c<\/b>onceptes b\u00e0sics\u00a0<span style=\"color: #212121;\">per entendre l\u2019estr\u00e8s\u00a0<\/span>\u00a0(test, fases, fonts d\u2019estr\u00e8s, tipus, s\u00edmptomes i bones i males pr\u00e0ctiques)<\/div>\n<div><b>-consells<\/b>\u00a0per preveure\u2019l<\/div>\n<div>&#8211;<b>estrat\u00e8gies<\/b>\u00a0b\u00e0siques per gestionar-lo.<\/div>\n","protected":false},"excerpt":{"rendered":"<p>PROJECTE DE CONVIV\u00c8NCIA El Projecte de conviv\u00e8ncia ha de reflectir les accions que el centre educatiu desenvolupa per capacitar tot l\u2019alumnat\u00a0 i la resta de la comunitat escolar per a la conviv\u00e8ncia i la gesti\u00f3 positiva dels conflictes. T\u00e9 com a missi\u00f3 contribuir al m\u00e0xim desenvolupament personal, acad\u00e8mic i social de tot l\u2019alumnat, aix\u00ed com [&hellip;]<\/p>\n","protected":false},"author":4,"featured_media":0,"parent":674,"menu_order":60,"comment_status":"closed","ping_status":"closed","template":"page-templates\/side-menu.php","meta":{"site-sidebar-layout":"default","site-content-layout":"","ast-site-content-layout":"","site-content-style":"default","site-sidebar-style":"default","ast-global-header-display":"","ast-banner-title-visibility":"","ast-main-header-display":"","ast-hfb-above-header-display":"","ast-hfb-below-header-display":"","ast-hfb-mobile-header-display":"","site-post-title":"","ast-breadcrumbs-content":"","ast-featured-img":"","footer-sml-layout":"","theme-transparent-header-meta":"","adv-header-id-meta":"","stick-header-meta":"","header-above-stick-meta":"","header-main-stick-meta":"","header-below-stick-meta":"","astra-migrate-meta-layouts":"default","ast-page-background-enabled":"default","ast-page-background-meta":{"desktop":{"background-color":"var(--ast-global-color-4)","background-image":"","background-repeat":"repeat","background-position":"center center","background-size":"auto","background-attachment":"scroll","background-type":"","background-media":"","overlay-type":"","overlay-color":"","overlay-opacity":"","overlay-gradient":""},"tablet":{"background-color":"","background-image":"","background-repeat":"repeat","background-position":"center center","background-size":"auto","background-attachment":"scroll","background-type":"","background-media":"","overlay-type":"","overlay-color":"","overlay-opacity":"","overlay-gradient":""},"mobile":{"background-color":"","background-image":"","background-repeat":"repeat","background-position":"center center","background-size":"auto","background-attachment":"scroll","background-type":"","background-media":"","overlay-type":"","overlay-color":"","overlay-opacity":"","overlay-gradient":""}},"ast-content-background-meta":{"desktop":{"background-color":"var(--ast-global-color-5)","background-image":"","background-repeat":"repeat","background-position":"center center","background-size":"auto","background-attachment":"scroll","background-type":"","background-media":"","overlay-type":"","overlay-color":"","overlay-opacity":"","overlay-gradient":""},"tablet":{"background-color":"var(--ast-global-color-5)","background-image":"","background-repeat":"repeat","background-position":"center center","background-size":"auto","background-attachment":"scroll","background-type":"","background-media":"","overlay-type":"","overlay-color":"","overlay-opacity":"","overlay-gradient":""},"mobile":{"background-color":"var(--ast-global-color-5)","background-image":"","background-repeat":"repeat","background-position":"center center","background-size":"auto","background-attachment":"scroll","background-type":"","background-media":"","overlay-type":"","overlay-color":"","overlay-opacity":"","overlay-gradient":""}},"footnotes":""},"class_list":["post-1539","page","type-page","status-publish","hentry"],"post_mailing_queue_ids":[],"_links":{"self":[{"href":"https:\/\/agora.xtec.cat\/iessitges\/wp-json\/wp\/v2\/pages\/1539","targetHints":{"allow":["GET"]}}],"collection":[{"href":"https:\/\/agora.xtec.cat\/iessitges\/wp-json\/wp\/v2\/pages"}],"about":[{"href":"https:\/\/agora.xtec.cat\/iessitges\/wp-json\/wp\/v2\/types\/page"}],"author":[{"embeddable":true,"href":"https:\/\/agora.xtec.cat\/iessitges\/wp-json\/wp\/v2\/users\/4"}],"replies":[{"embeddable":true,"href":"https:\/\/agora.xtec.cat\/iessitges\/wp-json\/wp\/v2\/comments?post=1539"}],"version-history":[{"count":6,"href":"https:\/\/agora.xtec.cat\/iessitges\/wp-json\/wp\/v2\/pages\/1539\/revisions"}],"predecessor-version":[{"id":14314,"href":"https:\/\/agora.xtec.cat\/iessitges\/wp-json\/wp\/v2\/pages\/1539\/revisions\/14314"}],"up":[{"embeddable":true,"href":"https:\/\/agora.xtec.cat\/iessitges\/wp-json\/wp\/v2\/pages\/674"}],"wp:attachment":[{"href":"https:\/\/agora.xtec.cat\/iessitges\/wp-json\/wp\/v2\/media?parent=1539"}],"curies":[{"name":"wp","href":"https:\/\/api.w.org\/{rel}","templated":true}]}}