{"id":14851,"date":"2025-07-10T09:31:59","date_gmt":"2025-07-10T07:31:59","guid":{"rendered":"https:\/\/agora.xtec.cat\/iessitges\/?page_id=14851"},"modified":"2025-09-15T12:27:32","modified_gmt":"2025-09-15T10:27:32","slug":"nova-aplicacio-de-gestio-academica-ieduca","status":"publish","type":"page","link":"https:\/\/agora.xtec.cat\/iessitges\/serveis-2\/nova-aplicacio-de-gestio-academica-ieduca\/","title":{"rendered":"iEduca, la nova aplicaci\u00f3 de centre per la gesti\u00f3 acad\u00e8mica,"},"content":{"rendered":"<div class=\"page\" title=\"Page 1\">\n<div class=\"layoutArea\">\n<div class=\"column\">\n<h2>Guia d\u2019u\u0301s per les fami\u0301lies<\/h2>\n<p><a href=\"https:\/\/agora.xtec.cat\/iessitges\/general\/ieduca-la-nova-plataforma-educativa-del-centre\/\">Comunicat iEduca per les fam\u00edlies inici de curs.<\/a><\/p>\n<div class=\"page\" title=\"Page 1\">\n<div class=\"layoutArea\">\n<div class=\"column\">\n<p>Un cop el centre us ha facilitat l\u2019usuari i contrasenya d\u2019acce\u0301s a iEduca, ja podeu accedir per consultar la informacio\u0301 dels vostres fills. Podeu fer-ho de dues maneres:<\/p>\n<p>Des d\u2019un ordinador podeu dirigir-vos a l\u2019adrec\u0327a: <a href=\"https:\/\/login.ieduca.com\/\">https:\/\/login.ieduca.com\/<\/a> buscar el nom del centre i introduir l\u2019usuari i contrasenya.<\/p>\n<h5>Un cop dins d\u2019iEduca trobareu diferents menu\u0301s:<\/h5>\n<p><strong>Calendari i Tasques:<\/strong> accedireu a un sistema d\u2019agenda on veureu la vostra i la dels<\/p>\n<p>vostres fills i les activitats del dia. A sota, podreu visualitzar l\u2019horari del vostre fill o filla.<\/p>\n<p><a href=\"https:\/\/agora.xtec.cat\/iessitges\/wp-content\/uploads\/usu1948\/2025\/07\/Captura-de-pantalla-2025-07-10-a-les-9.20.44.png\"><img loading=\"lazy\" decoding=\"async\" class=\"alignnone size-full wp-image-14852\" src=\"https:\/\/agora.xtec.cat\/iessitges\/wp-content\/uploads\/usu1948\/2025\/07\/Captura-de-pantalla-2025-07-10-a-les-9.20.44.png\" alt=\"\" width=\"1043\" height=\"498\" srcset=\"https:\/\/agora.xtec.cat\/iessitges\/wp-content\/uploads\/usu1948\/2025\/07\/Captura-de-pantalla-2025-07-10-a-les-9.20.44.png 1043w, https:\/\/agora.xtec.cat\/iessitges\/wp-content\/uploads\/usu1948\/2025\/07\/Captura-de-pantalla-2025-07-10-a-les-9.20.44-300x143.png 300w, https:\/\/agora.xtec.cat\/iessitges\/wp-content\/uploads\/usu1948\/2025\/07\/Captura-de-pantalla-2025-07-10-a-les-9.20.44-1024x489.png 1024w, https:\/\/agora.xtec.cat\/iessitges\/wp-content\/uploads\/usu1948\/2025\/07\/Captura-de-pantalla-2025-07-10-a-les-9.20.44-768x367.png 768w\" sizes=\"auto, (max-width: 1043px) 100vw, 1043px\" \/><\/a><\/p>\n<\/div>\n<div class=\"page\" title=\"Page 1\">\n<div class=\"layoutArea\">\n<div class=\"column\">\n<p>El menu\u0301 me\u0301s important e\u0301s el de Control de Faltes: Aqui\u0301 trobareu diferents pestanyes:<\/p>\n<p><strong>Incide\u0300ncies:<\/strong> un resum amb diferents filtres de les abse\u0300ncies, incide\u0300ncies, amonestacions i altres registres que te\u0301 el tutor, respecte el vostre fill\/a. En el calendari que trobareu podreu veure el dia a dia (feu clic als dies marcats per veure el detall de les observacions que han escrit els professors).<\/p>\n<p><a href=\"https:\/\/agora.xtec.cat\/iessitges\/wp-content\/uploads\/usu1948\/2025\/07\/Captura-de-pantalla-2025-07-10-a-les-9.21.06.png\"><img loading=\"lazy\" decoding=\"async\" class=\"alignnone size-full wp-image-14853\" src=\"https:\/\/agora.xtec.cat\/iessitges\/wp-content\/uploads\/usu1948\/2025\/07\/Captura-de-pantalla-2025-07-10-a-les-9.21.06.png\" alt=\"\" width=\"1301\" height=\"574\" srcset=\"https:\/\/agora.xtec.cat\/iessitges\/wp-content\/uploads\/usu1948\/2025\/07\/Captura-de-pantalla-2025-07-10-a-les-9.21.06.png 1301w, https:\/\/agora.xtec.cat\/iessitges\/wp-content\/uploads\/usu1948\/2025\/07\/Captura-de-pantalla-2025-07-10-a-les-9.21.06-300x132.png 300w, https:\/\/agora.xtec.cat\/iessitges\/wp-content\/uploads\/usu1948\/2025\/07\/Captura-de-pantalla-2025-07-10-a-les-9.21.06-1024x452.png 1024w, https:\/\/agora.xtec.cat\/iessitges\/wp-content\/uploads\/usu1948\/2025\/07\/Captura-de-pantalla-2025-07-10-a-les-9.21.06-768x339.png 768w\" sizes=\"auto, (max-width: 1301px) 100vw, 1301px\" \/><\/a><\/p>\n<\/div>\n<div class=\"page\" title=\"Page 2\">\n<div class=\"layoutArea\">\n<div class=\"column\">\n<p><strong>Observacions:<\/strong> Aqui\u0301 trobareu un llistat amb data i hora de les observacions que ha posat el centre per cada fill i per curs.<\/p>\n<p><a href=\"https:\/\/agora.xtec.cat\/iessitges\/wp-content\/uploads\/usu1948\/2025\/07\/Captura-de-pantalla-2025-07-10-a-les-9.21.15.png\"><img loading=\"lazy\" decoding=\"async\" class=\"alignnone size-full wp-image-14854\" src=\"https:\/\/agora.xtec.cat\/iessitges\/wp-content\/uploads\/usu1948\/2025\/07\/Captura-de-pantalla-2025-07-10-a-les-9.21.15.png\" alt=\"\" width=\"1303\" height=\"426\" srcset=\"https:\/\/agora.xtec.cat\/iessitges\/wp-content\/uploads\/usu1948\/2025\/07\/Captura-de-pantalla-2025-07-10-a-les-9.21.15.png 1303w, https:\/\/agora.xtec.cat\/iessitges\/wp-content\/uploads\/usu1948\/2025\/07\/Captura-de-pantalla-2025-07-10-a-les-9.21.15-300x98.png 300w, https:\/\/agora.xtec.cat\/iessitges\/wp-content\/uploads\/usu1948\/2025\/07\/Captura-de-pantalla-2025-07-10-a-les-9.21.15-1024x335.png 1024w, https:\/\/agora.xtec.cat\/iessitges\/wp-content\/uploads\/usu1948\/2025\/07\/Captura-de-pantalla-2025-07-10-a-les-9.21.15-768x251.png 768w\" sizes=\"auto, (max-width: 1303px) 100vw, 1303px\" \/><\/a><\/p>\n<div class=\"page\" title=\"Page 2\">\n<div class=\"layoutArea\">\n<div class=\"column\">\n<p><strong>Notes:<\/strong> Al final de trimestre tambe\u0301 podreu descarregar els butlletins oficials de notes per cadascun dels vostres fills. A la part superior dret hi ha l\u2019acce\u0301s als butlletins.<\/p>\n<p><a href=\"https:\/\/agora.xtec.cat\/iessitges\/wp-content\/uploads\/usu1948\/2025\/07\/Captura-de-pantalla-2025-07-10-a-les-9.21.24.png\"><img loading=\"lazy\" decoding=\"async\" class=\"alignnone wp-image-14855\" src=\"https:\/\/agora.xtec.cat\/iessitges\/wp-content\/uploads\/usu1948\/2025\/07\/Captura-de-pantalla-2025-07-10-a-les-9.21.24.png\" alt=\"\" width=\"553\" height=\"186\" srcset=\"https:\/\/agora.xtec.cat\/iessitges\/wp-content\/uploads\/usu1948\/2025\/07\/Captura-de-pantalla-2025-07-10-a-les-9.21.24.png 817w, https:\/\/agora.xtec.cat\/iessitges\/wp-content\/uploads\/usu1948\/2025\/07\/Captura-de-pantalla-2025-07-10-a-les-9.21.24-300x101.png 300w, https:\/\/agora.xtec.cat\/iessitges\/wp-content\/uploads\/usu1948\/2025\/07\/Captura-de-pantalla-2025-07-10-a-les-9.21.24-768x259.png 768w\" sizes=\"auto, (max-width: 553px) 100vw, 553px\" \/><\/a><\/p>\n<\/div>\n<div class=\"page\" title=\"Page 3\">\n<div class=\"layoutArea\">\n<div class=\"column\">\n<p>Tornem al menu\u0301 principal i hi trobem Missatges, que ve a ser un correu electro\u0300nic intern del centre.<\/p>\n<p><a href=\"https:\/\/agora.xtec.cat\/iessitges\/wp-content\/uploads\/usu1948\/2025\/07\/Captura-de-pantalla-2025-07-10-a-les-9.21.40.png\"><img loading=\"lazy\" decoding=\"async\" class=\"alignnone size-full wp-image-14856\" src=\"https:\/\/agora.xtec.cat\/iessitges\/wp-content\/uploads\/usu1948\/2025\/07\/Captura-de-pantalla-2025-07-10-a-les-9.21.40.png\" alt=\"\" width=\"1291\" height=\"443\" srcset=\"https:\/\/agora.xtec.cat\/iessitges\/wp-content\/uploads\/usu1948\/2025\/07\/Captura-de-pantalla-2025-07-10-a-les-9.21.40.png 1291w, https:\/\/agora.xtec.cat\/iessitges\/wp-content\/uploads\/usu1948\/2025\/07\/Captura-de-pantalla-2025-07-10-a-les-9.21.40-300x103.png 300w, https:\/\/agora.xtec.cat\/iessitges\/wp-content\/uploads\/usu1948\/2025\/07\/Captura-de-pantalla-2025-07-10-a-les-9.21.40-1024x351.png 1024w, https:\/\/agora.xtec.cat\/iessitges\/wp-content\/uploads\/usu1948\/2025\/07\/Captura-de-pantalla-2025-07-10-a-les-9.21.40-768x264.png 768w\" sizes=\"auto, (max-width: 1291px) 100vw, 1291px\" \/><\/a><\/p>\n<\/div>\n<div class=\"page\" title=\"Page 3\">\n<div class=\"layoutArea\">\n<div class=\"column\">\n<p>Per enviar un missatge feu-ho amb el boto\u0301 \u201cRedacta un missatge\u201d.<\/p>\n<p>Escriviu un \u201cAssumpte\u201d i el text que vulgueu enviar. Us recomanem que hi poseu el nom i cognom de l\u2019alumne per facilitar la feina al tutor.<\/p>\n<p><a href=\"https:\/\/agora.xtec.cat\/iessitges\/wp-content\/uploads\/usu1948\/2025\/07\/Captura-de-pantalla-2025-07-10-a-les-9.21.50.png\"><img loading=\"lazy\" decoding=\"async\" class=\"alignnone size-full wp-image-14857\" src=\"https:\/\/agora.xtec.cat\/iessitges\/wp-content\/uploads\/usu1948\/2025\/07\/Captura-de-pantalla-2025-07-10-a-les-9.21.50.png\" alt=\"\" width=\"1289\" height=\"579\" srcset=\"https:\/\/agora.xtec.cat\/iessitges\/wp-content\/uploads\/usu1948\/2025\/07\/Captura-de-pantalla-2025-07-10-a-les-9.21.50.png 1289w, https:\/\/agora.xtec.cat\/iessitges\/wp-content\/uploads\/usu1948\/2025\/07\/Captura-de-pantalla-2025-07-10-a-les-9.21.50-300x135.png 300w, https:\/\/agora.xtec.cat\/iessitges\/wp-content\/uploads\/usu1948\/2025\/07\/Captura-de-pantalla-2025-07-10-a-les-9.21.50-1024x460.png 1024w, https:\/\/agora.xtec.cat\/iessitges\/wp-content\/uploads\/usu1948\/2025\/07\/Captura-de-pantalla-2025-07-10-a-les-9.21.50-768x345.png 768w\" sizes=\"auto, (max-width: 1289px) 100vw, 1289px\" \/><\/a><\/p>\n<\/div>\n<div class=\"page\" title=\"Page 3\">\n<div class=\"layoutArea\">\n<div class=\"column\">\n<p>Per indicar el destinatari feu clic al boto\u0301 \u201cPer a\u201d i s\u2019obrira\u0300 una finestra nova.<\/p>\n<p><a href=\"https:\/\/agora.xtec.cat\/iessitges\/wp-content\/uploads\/usu1948\/2025\/07\/Captura-de-pantalla-2025-07-10-a-les-9.21.57.png\"><img loading=\"lazy\" decoding=\"async\" class=\"alignnone size-full wp-image-14858\" src=\"https:\/\/agora.xtec.cat\/iessitges\/wp-content\/uploads\/usu1948\/2025\/07\/Captura-de-pantalla-2025-07-10-a-les-9.21.57.png\" alt=\"\" width=\"620\" height=\"227\" srcset=\"https:\/\/agora.xtec.cat\/iessitges\/wp-content\/uploads\/usu1948\/2025\/07\/Captura-de-pantalla-2025-07-10-a-les-9.21.57.png 620w, https:\/\/agora.xtec.cat\/iessitges\/wp-content\/uploads\/usu1948\/2025\/07\/Captura-de-pantalla-2025-07-10-a-les-9.21.57-300x110.png 300w\" sizes=\"auto, (max-width: 620px) 100vw, 620px\" \/><\/a><\/p>\n<div class=\"page\" title=\"Page 4\">\n<div class=\"layoutArea\">\n<div class=\"column\">\n<p>El marqueu i premeu el boto\u0301 \u201cafegir\u201d i despre\u0301s el boto\u0301 \u201cassignar persones\u201d. Ara ja podeu enviar el missatge:<\/p>\n<p><a href=\"https:\/\/agora.xtec.cat\/iessitges\/wp-content\/uploads\/usu1948\/2025\/07\/Captura-de-pantalla-2025-07-10-a-les-9.22.10.png\"><img loading=\"lazy\" decoding=\"async\" class=\"alignnone size-full wp-image-14859\" src=\"https:\/\/agora.xtec.cat\/iessitges\/wp-content\/uploads\/usu1948\/2025\/07\/Captura-de-pantalla-2025-07-10-a-les-9.22.10.png\" alt=\"\" width=\"523\" height=\"349\" srcset=\"https:\/\/agora.xtec.cat\/iessitges\/wp-content\/uploads\/usu1948\/2025\/07\/Captura-de-pantalla-2025-07-10-a-les-9.22.10.png 523w, https:\/\/agora.xtec.cat\/iessitges\/wp-content\/uploads\/usu1948\/2025\/07\/Captura-de-pantalla-2025-07-10-a-les-9.22.10-300x200.png 300w\" sizes=\"auto, (max-width: 523px) 100vw, 523px\" \/><\/a><\/p>\n<\/div>\n<div class=\"page\" title=\"Page 4\">\n<div class=\"layoutArea\">\n<div class=\"column\">\n<p>Altres mo\u0300duls opcionals per donar acce\u0301s:<\/p>\n<p>&#8211; <strong>Enquestes:<\/strong> El centre pot enviar enquestes per saber que\u0300 opinen els familiars sobre el centre i aixi\u0301 millorar.<\/p>\n<p>&#8211; <strong>Documents compartits:<\/strong> El centre pot compartir documentacio\u0301 que cregui necessa\u0300ria amb les fami\u0301lies.<\/p>\n<p>&#8211; <strong>Enllac\u0327os d\u2019intere\u0300s:<\/strong> El centre pot recomanar enllac\u0327os a web d\u2019intere\u0300s<br \/>\n&#8211; Organigrama: el centre pot compartir l\u2019organigrama perque\u0300 les fami\u0301lies coneguin l\u2019estructura del centre.<\/p>\n<div class=\"page\" title=\"Page 5\">\n<div class=\"layoutArea\">\n<div class=\"column\">\n<p><strong>Mobilitat<\/strong><\/p>\n<p>Tambe\u0301 podeu accedir a iEduca des d\u2019un dispositiu mo\u0300bil o tauleta descarregant l\u2019app iEduca Tokapp disponible a:<\/p>\n<p><a href=\"https:\/\/play.google.com\/store\/apps\/details?id=com.MultiExpo.ieduca&amp;hl=es&amp;pli=1\"><img loading=\"lazy\" decoding=\"async\" class=\"alignnone size-full wp-image-14860\" src=\"https:\/\/agora.xtec.cat\/iessitges\/wp-content\/uploads\/usu1948\/2025\/07\/Captura-de-pantalla-2025-07-10-a-les-9.22.36.png\" alt=\"\" width=\"181\" height=\"53\" \/><\/a>\u00a0 \u00a0 \u00a0 <a href=\"https:\/\/apps.apple.com\/es\/app\/ieduca-tokapp\/id1082664178?l=ca\"><img loading=\"lazy\" decoding=\"async\" class=\"alignnone size-full wp-image-14861\" src=\"https:\/\/agora.xtec.cat\/iessitges\/wp-content\/uploads\/usu1948\/2025\/07\/Captura-de-pantalla-2025-07-10-a-les-9.22.46.png\" alt=\"\" width=\"176\" height=\"60\" \/><\/a><\/p>\n<ul>\n<li>Crea\u2019t un usuari tokapp, aquest et servira\u0300 per a tots els centres que tinguin aquesta app de comunicacio\u0301 amb fami\u0301lies.<\/li>\n<li>Valida\u2019l amb el tele\u0300fon o el correu per si mai necessites recuperar la contrasenya.<\/li>\n<li>Un cop a dins de l\u2019app has d\u2019anar al boto\u0301 \u201cIntranet\u201d et demanara\u0300 cercar el centre on nome\u0301s hem d\u2019escriure el nom i ens apareixera\u0300 un desplegable amb una o me\u0301s opcions, l\u2019usuari i contrasenya tota aquesta informacio\u0301 te l\u2019ha de facilitar el centre.<\/li>\n<\/ul>\n<h5>Guia \u00fas app iEduca Tokapp per les fam\u00edlies:<\/h5>\n<p><a href=\"https:\/\/agora.xtec.cat\/iessitges\/wp-content\/uploads\/usu1948\/2025\/07\/Guia-aplicaciA\u00b3-iEduca-Tokapp-v.05.pdf\"><img loading=\"lazy\" decoding=\"async\" class=\"alignnone size-full wp-image-14865\" src=\"https:\/\/agora.xtec.cat\/iessitges\/wp-content\/uploads\/usu1948\/2025\/07\/Captura-de-pantalla-2025-07-10-a-les-9.33.24.png\" alt=\"\" width=\"559\" height=\"110\" srcset=\"https:\/\/agora.xtec.cat\/iessitges\/wp-content\/uploads\/usu1948\/2025\/07\/Captura-de-pantalla-2025-07-10-a-les-9.33.24.png 559w, https:\/\/agora.xtec.cat\/iessitges\/wp-content\/uploads\/usu1948\/2025\/07\/Captura-de-pantalla-2025-07-10-a-les-9.33.24-300x59.png 300w\" sizes=\"auto, (max-width: 559px) 100vw, 559px\" \/><\/a><\/p>\n<p>&nbsp;<\/p>\n<\/div>\n<\/div>\n<\/div>\n<\/div>\n<\/div>\n<\/div>\n<\/div>\n<\/div>\n<\/div>\n<\/div>\n<\/div>\n<\/div>\n<\/div>\n<\/div>\n<\/div>\n<\/div>\n<\/div>\n<\/div>\n<\/div>\n<\/div>\n<\/div>\n<\/div>\n<\/div>\n<\/div>\n<\/div>\n<\/div>\n<\/div>\n","protected":false},"excerpt":{"rendered":"<p>Guia d\u2019u\u0301s per les fami\u0301lies Comunicat iEduca per les fam\u00edlies inici de curs. Un cop el centre us ha facilitat l\u2019usuari i contrasenya d\u2019acce\u0301s a iEduca, ja podeu accedir per consultar la informacio\u0301 dels vostres fills. Podeu fer-ho de dues maneres: Des d\u2019un ordinador podeu dirigir-vos a l\u2019adrec\u0327a: https:\/\/login.ieduca.com\/ buscar el nom del centre i [&hellip;]<\/p>\n","protected":false},"author":4,"featured_media":0,"parent":674,"menu_order":0,"comment_status":"closed","ping_status":"closed","template":"","meta":{"site-sidebar-layout":"default","site-content-layout":"","ast-site-content-layout":"","site-content-style":"default","site-sidebar-style":"default","ast-global-header-display":"","ast-banner-title-visibility":"","ast-main-header-display":"","ast-hfb-above-header-display":"","ast-hfb-below-header-display":"","ast-hfb-mobile-header-display":"","site-post-title":"","ast-breadcrumbs-content":"","ast-featured-img":"","footer-sml-layout":"","theme-transparent-header-meta":"","adv-header-id-meta":"","stick-header-meta":"","header-above-stick-meta":"","header-main-stick-meta":"","header-below-stick-meta":"","astra-migrate-meta-layouts":"default","ast-page-background-enabled":"default","ast-page-background-meta":{"desktop":{"background-color":"var(--ast-global-color-4)","background-image":"","background-repeat":"repeat","background-position":"center center","background-size":"auto","background-attachment":"scroll","background-type":"","background-media":"","overlay-type":"","overlay-color":"","overlay-opacity":"","overlay-gradient":""},"tablet":{"background-color":"","background-image":"","background-repeat":"repeat","background-position":"center center","background-size":"auto","background-attachment":"scroll","background-type":"","background-media":"","overlay-type":"","overlay-color":"","overlay-opacity":"","overlay-gradient":""},"mobile":{"background-color":"","background-image":"","background-repeat":"repeat","background-position":"center center","background-size":"auto","background-attachment":"scroll","background-type":"","background-media":"","overlay-type":"","overlay-color":"","overlay-opacity":"","overlay-gradient":""}},"ast-content-background-meta":{"desktop":{"background-color":"var(--ast-global-color-5)","background-image":"","background-repeat":"repeat","background-position":"center center","background-size":"auto","background-attachment":"scroll","background-type":"","background-media":"","overlay-type":"","overlay-color":"","overlay-opacity":"","overlay-gradient":""},"tablet":{"background-color":"var(--ast-global-color-5)","background-image":"","background-repeat":"repeat","background-position":"center center","background-size":"auto","background-attachment":"scroll","background-type":"","background-media":"","overlay-type":"","overlay-color":"","overlay-opacity":"","overlay-gradient":""},"mobile":{"background-color":"var(--ast-global-color-5)","background-image":"","background-repeat":"repeat","background-position":"center center","background-size":"auto","background-attachment":"scroll","background-type":"","background-media":"","overlay-type":"","overlay-color":"","overlay-opacity":"","overlay-gradient":""}},"footnotes":""},"class_list":["post-14851","page","type-page","status-publish","hentry"],"post_mailing_queue_ids":[],"_links":{"self":[{"href":"https:\/\/agora.xtec.cat\/iessitges\/wp-json\/wp\/v2\/pages\/14851","targetHints":{"allow":["GET"]}}],"collection":[{"href":"https:\/\/agora.xtec.cat\/iessitges\/wp-json\/wp\/v2\/pages"}],"about":[{"href":"https:\/\/agora.xtec.cat\/iessitges\/wp-json\/wp\/v2\/types\/page"}],"author":[{"embeddable":true,"href":"https:\/\/agora.xtec.cat\/iessitges\/wp-json\/wp\/v2\/users\/4"}],"replies":[{"embeddable":true,"href":"https:\/\/agora.xtec.cat\/iessitges\/wp-json\/wp\/v2\/comments?post=14851"}],"version-history":[{"count":6,"href":"https:\/\/agora.xtec.cat\/iessitges\/wp-json\/wp\/v2\/pages\/14851\/revisions"}],"predecessor-version":[{"id":15002,"href":"https:\/\/agora.xtec.cat\/iessitges\/wp-json\/wp\/v2\/pages\/14851\/revisions\/15002"}],"up":[{"embeddable":true,"href":"https:\/\/agora.xtec.cat\/iessitges\/wp-json\/wp\/v2\/pages\/674"}],"wp:attachment":[{"href":"https:\/\/agora.xtec.cat\/iessitges\/wp-json\/wp\/v2\/media?parent=14851"}],"curies":[{"name":"wp","href":"https:\/\/api.w.org\/{rel}","templated":true}]}}