{"id":13268,"date":"2024-09-20T14:19:11","date_gmt":"2024-09-20T12:19:11","guid":{"rendered":"https:\/\/agora.xtec.cat\/iessitges\/?page_id=13268"},"modified":"2026-03-02T19:59:18","modified_gmt":"2026-03-02T18:59:18","slug":"que-hem-fet-avui-a-classe","status":"publish","type":"page","link":"https:\/\/agora.xtec.cat\/iessitges\/que-hem-fet-avui-a-classe\/","title":{"rendered":"Qu\u00e8 hem fet avui a classe?"},"content":{"rendered":"\n<p>En aquestes taules es poden consultar per a cada grup, les mat\u00e8ries que cursa l&#8217;alumnat.<br>Al costat, es troba el professorat i els fulls de seguiment de qu\u00e8 s&#8217;ha fet dia a dia a classe.<br>A m\u00e9s, hi ha una graella on es mostren les avaluacions.<\/p>\n\n\n\n<figure class=\"wp-block-table aligncenter\"><table class=\"has-fixed-layout\"><tbody><tr><td colspan=\"4\"><span style=\"color: #ffffff;\"><strong>ESO<\/strong><\/span><\/td><\/tr><tr><td><a href=\"https:\/\/docs.google.com\/spreadsheets\/d\/e\/2PACX-1vQ6-ZoQh3TuVznc_8oFbpRH1Zn3baaMoBbmlq7-QEHgwTrvi9cMJHu94ZuGywoRN4R2AJYI51WtGciI\/pubhtml?gid=337280883&amp;single=true\"><strong>1r ESO A<\/strong><\/a><\/td><td><a href=\"https:\/\/docs.google.com\/spreadsheets\/d\/e\/2PACX-1vQ6-ZoQh3TuVznc_8oFbpRH1Zn3baaMoBbmlq7-QEHgwTrvi9cMJHu94ZuGywoRN4R2AJYI51WtGciI\/pubhtml?gid=1584195791&amp;single=true\"><strong>1r ESO B<\/strong><\/a><\/td><td><a href=\"https:\/\/docs.google.com\/spreadsheets\/d\/e\/2PACX-1vQ6-ZoQh3TuVznc_8oFbpRH1Zn3baaMoBbmlq7-QEHgwTrvi9cMJHu94ZuGywoRN4R2AJYI51WtGciI\/pubhtml?gid=2108846134&amp;single=true\"><strong>1r ESO C<\/strong><\/a><\/td><td><a href=\"https:\/\/docs.google.com\/spreadsheets\/d\/e\/2PACX-1vQ6-ZoQh3TuVznc_8oFbpRH1Zn3baaMoBbmlq7-QEHgwTrvi9cMJHu94ZuGywoRN4R2AJYI51WtGciI\/pubhtml?gid=1704663649&amp;single=true\"><strong>1r ESO D<\/strong><\/a><\/td><\/tr><tr><td><a href=\"https:\/\/docs.google.com\/spreadsheets\/d\/e\/2PACX-1vRC5M3h1sQCd6-TMm06IvAKJLhQiKQ6BCogjwdvAcVf29wCbTSugybhKug5ygHo9M7VQ1lNT8t1KlQQ\/pubhtml?gid=337280883&amp;single=true\"><strong>2n ESO A<\/strong><\/a><\/td><td><a href=\"https:\/\/docs.google.com\/spreadsheets\/d\/e\/2PACX-1vRC5M3h1sQCd6-TMm06IvAKJLhQiKQ6BCogjwdvAcVf29wCbTSugybhKug5ygHo9M7VQ1lNT8t1KlQQ\/pubhtml?gid=1106406729&amp;single=true\"><strong>2n ESO B<\/strong><\/a><\/td><td><a href=\"https:\/\/docs.google.com\/spreadsheets\/d\/e\/2PACX-1vRC5M3h1sQCd6-TMm06IvAKJLhQiKQ6BCogjwdvAcVf29wCbTSugybhKug5ygHo9M7VQ1lNT8t1KlQQ\/pubhtml?gid=1718372665&amp;single=true\"><strong>2n ESO C<\/strong><\/a><\/td><td><a href=\"https:\/\/docs.google.com\/spreadsheets\/d\/e\/2PACX-1vRC5M3h1sQCd6-TMm06IvAKJLhQiKQ6BCogjwdvAcVf29wCbTSugybhKug5ygHo9M7VQ1lNT8t1KlQQ\/pubhtml?gid=373178654&amp;single=true\"><strong>2n ESO D<\/strong><\/a><\/td><\/tr><tr><td><a href=\"https:\/\/docs.google.com\/spreadsheets\/d\/e\/2PACX-1vRgKaIgUdDBGnZUB1cwapnK9p4mcX0c5W-iszBcngFI1gU1Wob8POuOAVvL5w6j4c1U3ZRtNYXNgB-s\/pubhtml?gid=337280883&amp;single=true\"><strong>3r ESO A<\/strong><\/a><\/td><td><a href=\"https:\/\/docs.google.com\/spreadsheets\/d\/e\/2PACX-1vRgKaIgUdDBGnZUB1cwapnK9p4mcX0c5W-iszBcngFI1gU1Wob8POuOAVvL5w6j4c1U3ZRtNYXNgB-s\/pubhtml?gid=595682340&amp;single=true\"><strong>3r ESO B<\/strong><\/a><\/td><td><a href=\"https:\/\/docs.google.com\/spreadsheets\/d\/e\/2PACX-1vRgKaIgUdDBGnZUB1cwapnK9p4mcX0c5W-iszBcngFI1gU1Wob8POuOAVvL5w6j4c1U3ZRtNYXNgB-s\/pubhtml?gid=739879891&amp;single=true\"><strong>3r ESO C<\/strong><\/a><\/td><td>&nbsp;<\/td><\/tr><tr><td><a href=\"https:\/\/docs.google.com\/spreadsheets\/d\/e\/2PACX-1vSyP5HSDyVwiQIVkzFGx8xj5gM-0B3yIZ8rZCah1xJV1PHNswS79YNoFSgUQ3hhxDabtx_p4TAghUxM\/pubhtml?gid=337280883&amp;single=true\"><strong>4t ESO A<\/strong><\/a><\/td><td><a href=\"https:\/\/docs.google.com\/spreadsheets\/d\/e\/2PACX-1vSyP5HSDyVwiQIVkzFGx8xj5gM-0B3yIZ8rZCah1xJV1PHNswS79YNoFSgUQ3hhxDabtx_p4TAghUxM\/pubhtml?gid=1144631219&amp;single=true\"><strong>4t ESO B<\/strong><\/a><\/td><td><a href=\"https:\/\/docs.google.com\/spreadsheets\/d\/e\/2PACX-1vSyP5HSDyVwiQIVkzFGx8xj5gM-0B3yIZ8rZCah1xJV1PHNswS79YNoFSgUQ3hhxDabtx_p4TAghUxM\/pubhtml?gid=1525116153&amp;single=true\"><strong>4t ESO C<\/strong><\/a><\/td><td>&nbsp;<\/td><\/tr><\/tbody><\/table><\/figure>\n\n\n\n<figure class=\"wp-block-table aligncenter\"><table class=\"has-fixed-layout\"><tbody><tr><td colspan=\"4\"><span style=\"color: #ffffff;\"><strong>BAT<\/strong><\/span><\/td><\/tr><tr><td><a href=\"https:\/\/docs.google.com\/spreadsheets\/d\/e\/2PACX-1vQwPjqQqAE91xU1DI7LuV3z-Fqhpmmg3YVdP0dz_gsknwP0_5sFTU-FmnHtYMYC2uPVNaXB-UanesjO\/pubhtml?gid=1695260475&amp;single=true\"><strong>1r BAT A<\/strong><\/a><\/td><td><a href=\"https:\/\/docs.google.com\/spreadsheets\/d\/e\/2PACX-1vQwPjqQqAE91xU1DI7LuV3z-Fqhpmmg3YVdP0dz_gsknwP0_5sFTU-FmnHtYMYC2uPVNaXB-UanesjO\/pubhtml?gid=716358750&amp;single=true\"><strong>1r BAT B<\/strong><\/a><\/td><td><a href=\"https:\/\/docs.google.com\/spreadsheets\/d\/e\/2PACX-1vQwPjqQqAE91xU1DI7LuV3z-Fqhpmmg3YVdP0dz_gsknwP0_5sFTU-FmnHtYMYC2uPVNaXB-UanesjO\/pubhtml?gid=534931538&amp;single=true\"><strong>1r BAT C<\/strong><\/a><\/td><td><a href=\"https:\/\/docs.google.com\/spreadsheets\/d\/e\/2PACX-1vQwPjqQqAE91xU1DI7LuV3z-Fqhpmmg3YVdP0dz_gsknwP0_5sFTU-FmnHtYMYC2uPVNaXB-UanesjO\/pubhtml?gid=585780144&amp;single=true\"><strong>1r BAT D<\/strong><\/a><\/td><\/tr><tr><td><a href=\"https:\/\/docs.google.com\/spreadsheets\/d\/e\/2PACX-1vRHukO45PI-0u5_rsngW7txTGiSylP2sq9XAeKXtIldQPLE7ztCpgNfms94zgZPHFOF3fZ7LeFCHlYY\/pubhtml?gid=1344292448&amp;single=true\"><strong>2n BAT A<\/strong><\/a><\/td><td><a href=\"https:\/\/docs.google.com\/spreadsheets\/d\/e\/2PACX-1vRHukO45PI-0u5_rsngW7txTGiSylP2sq9XAeKXtIldQPLE7ztCpgNfms94zgZPHFOF3fZ7LeFCHlYY\/pubhtml?gid=548203365&amp;single=true\"><strong>2n BAT B<\/strong><\/a><\/td><td><a href=\"https:\/\/docs.google.com\/spreadsheets\/d\/e\/2PACX-1vRHukO45PI-0u5_rsngW7txTGiSylP2sq9XAeKXtIldQPLE7ztCpgNfms94zgZPHFOF3fZ7LeFCHlYY\/pubhtml?gid=41485706&amp;single=true\"><strong>2n BAT C<\/strong><\/a><\/td><td><a href=\"https:\/\/docs.google.com\/spreadsheets\/d\/e\/2PACX-1vRHukO45PI-0u5_rsngW7txTGiSylP2sq9XAeKXtIldQPLE7ztCpgNfms94zgZPHFOF3fZ7LeFCHlYY\/pubhtml?gid=1683478093&amp;single=true\"><strong>2n BAT D<\/strong><\/a><\/td><\/tr><\/tbody><\/table><\/figure>\n\n\n\n<p>&nbsp;<\/p>\n\n\n\n<div style=\"height: 2em;\">&nbsp;<\/div>\n\n\n\n<p><\/p>\n\n\n\n<figure class=\"wp-block-table aligncenter\"><table class=\"has-fixed-layout\"><tbody><tr><td colspan=\"3\"><span style=\"color: #ffffff;\"><strong>CFGM<\/strong><\/span><\/td><\/tr><tr><td><a href=\"https:\/\/docs.google.com\/spreadsheets\/d\/e\/2PACX-1vSQxEXLFpQR08ckqZDTAayXQKgj5dq9b58UWZ4b22VkAIfrb5yo5IO9S2BkTWrEXA\/pubhtml?gid=659959239&amp;single=true\"><strong>1r CFGM Cuina A<\/strong><\/a><\/td><td><a href=\"https:\/\/docs.google.com\/spreadsheets\/d\/e\/2PACX-1vRMG-Y63I4NOpaDns-bGDkuDx84wITwMnvsEgvwRDiR2xtqnJNfOpMWrKWMcZoqYw\/pubhtml?gid=1144215077&amp;single=true\"><strong>1r CFGM Cuina B<\/strong><\/a><\/td><td><a href=\"https:\/\/docs.google.com\/spreadsheets\/d\/e\/2PACX-1vSrconLVMCpFYkhkowy0UiEYkxQ4RNrBoL2Z7Dra0tuB0R7E5jQo20BRLvd0GSZMA\/pubhtml?gid=1289791426&amp;single=true\"><strong>1r CFGM Serveis<\/strong><\/a><\/td><\/tr><tr><td><a href=\"https:\/\/docs.google.com\/spreadsheets\/d\/e\/2PACX-1vS8p1QjJswnM5KFEz69Huk8JrmpEipub97mOXM9fanMHN05hakJaTdSD9ocKG-N6Q\/pubhtml?gid=647384087&amp;single=true\"><strong>2n CFGM Cuina A<\/strong><\/a><\/td><td><a href=\"https:\/\/docs.google.com\/spreadsheets\/d\/e\/2PACX-1vRq508YxpQvMmFpXDog7CT_MhSS4aQJ3HC-94UTyyR4Hjf79h9DOYr9IC9RdOYrUQ\/pubhtml?gid=501076136&amp;single=true\"><strong>2n CFGM Cuina B<\/strong><\/a><\/td><td><a href=\"https:\/\/docs.google.com\/spreadsheets\/d\/e\/2PACX-1vTn5v-YxUjw02idGX5RwMia99wCsJDmku0XPePZ0lFD4LV1lgB-WrP7sMgfjw1Azg\/pubhtml?gid=2106001686&amp;single=true\"><strong>2n CFGM Serveis<\/strong><\/a><\/td><\/tr><tr><td><a href=\"https:\/\/docs.google.com\/spreadsheets\/d\/e\/2PACX-1vQqT1tvZJHZRVERl1HZXOGavi6914_MRF05QvZvEE_a5k23nABOlbuPjwACO9FkJA\/pubhtml?gid=1751684870&amp;single=true\"><strong>1r CFGM Pastisseria<\/strong><\/a><\/td><td><a href=\"https:\/\/docs.google.com\/spreadsheets\/d\/e\/2PACX-1vS79dngtjHIQT60CqXOxKzgRXrf8lxQMTYOoBiiukMKFtnrFziA1NRSUYxHML4Q6w\/pubhtml?gid=1452109075&amp;single=true\"><strong>2n CFGM Pastisseria<\/strong><\/a><\/td><td>&nbsp;<\/td><\/tr><\/tbody><\/table><\/figure>\n\n\n\n<p>&nbsp;<\/p>\n\n\n\n<figure class=\"wp-block-table aligncenter\"><table class=\"has-fixed-layout\"><tbody><tr><td colspan=\"3\"><strong><span style=\"color: #ffffff;\">CFGS<\/span><\/strong><\/td><\/tr><tr><td><strong><a href=\"https:\/\/docs.google.com\/spreadsheets\/d\/e\/2PACX-1vTgp3TgS2AZByRdCkfdcSPGUHUbbpmgVSxez6C4y4IJRqDGc2dChe3pdcarnEF2YA\/pubhtml?gid=1844013177&amp;single=true\"><br>1r CFGS Allotjaments<\/a><\/strong><\/td><td><strong><a href=\"https:\/\/docs.google.com\/spreadsheets\/d\/e\/2PACX-1vRtx8ReqE3PQB2u8iB7Vg2ur3gY2E8JS_GrdlQnDMLu5rcV-1jX2oOzTdEyReynWw\/pubhtml?gid=1837803496&amp;single=true\"><br>1r CFGS Direcci\u00f3 i Serveis<\/a><\/strong><\/td><td><strong><a href=\"https:\/\/docs.google.com\/spreadsheets\/d\/e\/2PACX-1vTseTIPbZqA9nyAKtOPbhr3kbNw58lWVit5RpBmV4Nb4K242GNMh56QONNHl8thzg\/pubhtml?gid=170046753&amp;single=true\"><br>1r CFGS Diet\u00e8tica<\/a><\/strong><\/td><\/tr><tr><td><strong><a href=\"https:\/\/docs.google.com\/spreadsheets\/d\/e\/2PACX-1vTwbo8LgJcQGZnw7_pbZulih-nq1a3SJX3qMobs6Oeu4C9QSksfysxkn4dGhdxwog\/pubhtml?gid=111905757&amp;single=true\"><br>2n CFGS Allotjaments<\/a><\/strong><\/td><td><strong><a href=\"https:\/\/docs.google.com\/spreadsheets\/d\/e\/2PACX-1vQRUf8gXXqxblpOHeEVSJYvA6NPYwKe7Z4eRYjhs46omKGCusUh84UU9OGkkMXCLg\/pubhtml?gid=638569722&amp;single=true\"><br>2n CFGS Direcci\u00f3 de Cuina<\/a><\/strong><\/td><td><strong><a href=\"https:\/\/docs.google.com\/spreadsheets\/d\/e\/2PACX-1vS6qsNDCVsh_vkCiFNYJBWJcv7VJQA1GBdibpFu-2bomciBwyykRgFHZ5TgHJS6MQ\/pubhtml?gid=1447905899&amp;single=true\"><br>2n CFGS Diet\u00e8tica<\/a><\/strong><\/td><\/tr><tr><td>&nbsp;<\/td><td><strong><a href=\"https:\/\/docs.google.com\/spreadsheets\/d\/e\/2PACX-1vR-eZGS5vN96a9XpEmtg73r1TF-9b6kJ186_2O_MNZ8t0CBJVdODads6oKNgP2k6A\/pubhtml?gid=1110045461&amp;single=true\"><br>2n CFGS Direcci\u00f3 de Serveis<\/a><\/strong><\/td><td>&nbsp;<\/td><\/tr><\/tbody><\/table><\/figure>\n\n\n\n<p>&nbsp;<\/p>\n\n\n\n<div style=\"height: 4em;\">&nbsp;<\/div>\n\n\n\n<p><\/p>\n\n\n\n<figure class=\"wp-block-table aligncenter\"><table class=\"has-fixed-layout\"><tbody><tr><td colspan=\"3\"><span style=\"color: #ffffff;\"><strong>PFI<\/strong><\/span><\/td><\/tr><tr><td><a href=\"https:\/\/docs.google.com\/spreadsheets\/d\/e\/2PACX-1vRLi8ezp4FXDU34DnlBSdBsBBUsImhqmGNuP0_FgtVmvqEmMMKghIEiP6nrtwWBdg\/pubhtml?gid=259652039&amp;single=true\"><br><strong>PFI Auxiliar de Cuina<\/strong><\/a><\/td><td><a href=\"https:\/\/docs.google.com\/spreadsheets\/d\/e\/2PACX-1vSBi_flY0cYFi4fmxKxB0a-vsKa2iosjRmDYE-_f4lEYVNG7qKyTXPLM3sbUg0OTQ\/pubhtml?gid=770874565&amp;single=true\"><br><strong>PFI Auxiliar de Serveis i Cuina<\/strong><\/a><\/td><td><a href=\"https:\/\/docs.google.com\/spreadsheets\/d\/e\/2PACX-1vTEO52yN6AZWcTt9LBoEHratoGvwEaAmGj0p76LJ_N-6nO5KvBt5Z9TKsFeucf4sg\/pubhtml\"><br><strong>PFI Auxiliar de Vivers i Jardins<\/strong><\/a><\/td><\/tr><\/tbody><\/table><\/figure>\n\n\n\n<div style=\"height: 4em;\">&nbsp;<\/div>\n\n\n\n<p><\/p>\n\n\n\n<figure class=\"wp-block-table aligncenter\"><table class=\"has-fixed-layout\"><tbody><tr><td><span style=\"color: #ffffff;\"><strong>IFE<\/strong><\/span><\/td><\/tr><tr><td><a href=\"https:\/\/docs.google.com\/spreadsheets\/d\/e\/2PACX-1vTUgAkroz3uXu4yInlWiQhLDS9FWQPMxHEvV8yzBDO3GnJ2kGnk08_Oydj6ilGQZg\/pubhtml?gid=1421271826&amp;single=true\"><br><strong>Auxiliar en Serveis de Restauraci\u00f3 i Elaboraci\u00f3 d&#8217;\u00c0pats<\/strong><br><\/a><\/td><\/tr><\/tbody><\/table><\/figure>\n\n\n\n<div style=\"height: 2em;\">\u00a0<\/div>\n","protected":false},"excerpt":{"rendered":"<p>En aquestes taules es poden consultar per a cada grup, les mat\u00e8ries que cursa l&#8217;alumnat.Al costat, es troba el professorat i els fulls de seguiment de qu\u00e8 s&#8217;ha fet dia a dia a classe.A m\u00e9s, hi ha una graella on es mostren les avaluacions. ESO 1r ESO A 1r ESO B 1r ESO C 1r [&hellip;]<\/p>\n","protected":false},"author":5,"featured_media":0,"parent":0,"menu_order":0,"comment_status":"closed","ping_status":"closed","template":"","meta":{"site-sidebar-layout":"default","site-content-layout":"","ast-site-content-layout":"default","site-content-style":"default","site-sidebar-style":"default","ast-global-header-display":"","ast-banner-title-visibility":"","ast-main-header-display":"","ast-hfb-above-header-display":"","ast-hfb-below-header-display":"","ast-hfb-mobile-header-display":"","site-post-title":"","ast-breadcrumbs-content":"","ast-featured-img":"","footer-sml-layout":"","theme-transparent-header-meta":"default","adv-header-id-meta":"","stick-header-meta":"","header-above-stick-meta":"","header-main-stick-meta":"","header-below-stick-meta":"","astra-migrate-meta-layouts":"set","ast-page-background-enabled":"default","ast-page-background-meta":{"desktop":{"background-color":"var(--ast-global-color-4)","background-image":"","background-repeat":"repeat","background-position":"center center","background-size":"auto","background-attachment":"scroll","background-type":"","background-media":"","overlay-type":"","overlay-color":"","overlay-opacity":"","overlay-gradient":""},"tablet":{"background-color":"","background-image":"","background-repeat":"repeat","background-position":"center center","background-size":"auto","background-attachment":"scroll","background-type":"","background-media":"","overlay-type":"","overlay-color":"","overlay-opacity":"","overlay-gradient":""},"mobile":{"background-color":"","background-image":"","background-repeat":"repeat","background-position":"center center","background-size":"auto","background-attachment":"scroll","background-type":"","background-media":"","overlay-type":"","overlay-color":"","overlay-opacity":"","overlay-gradient":""}},"ast-content-background-meta":{"desktop":{"background-color":"var(--ast-global-color-5)","background-image":"","background-repeat":"repeat","background-position":"center center","background-size":"auto","background-attachment":"scroll","background-type":"","background-media":"","overlay-type":"","overlay-color":"","overlay-opacity":"","overlay-gradient":""},"tablet":{"background-color":"var(--ast-global-color-5)","background-image":"","background-repeat":"repeat","background-position":"center center","background-size":"auto","background-attachment":"scroll","background-type":"","background-media":"","overlay-type":"","overlay-color":"","overlay-opacity":"","overlay-gradient":""},"mobile":{"background-color":"var(--ast-global-color-5)","background-image":"","background-repeat":"repeat","background-position":"center center","background-size":"auto","background-attachment":"scroll","background-type":"","background-media":"","overlay-type":"","overlay-color":"","overlay-opacity":"","overlay-gradient":""}},"footnotes":""},"class_list":["post-13268","page","type-page","status-publish","hentry"],"post_mailing_queue_ids":[],"_links":{"self":[{"href":"https:\/\/agora.xtec.cat\/iessitges\/wp-json\/wp\/v2\/pages\/13268","targetHints":{"allow":["GET"]}}],"collection":[{"href":"https:\/\/agora.xtec.cat\/iessitges\/wp-json\/wp\/v2\/pages"}],"about":[{"href":"https:\/\/agora.xtec.cat\/iessitges\/wp-json\/wp\/v2\/types\/page"}],"author":[{"embeddable":true,"href":"https:\/\/agora.xtec.cat\/iessitges\/wp-json\/wp\/v2\/users\/5"}],"replies":[{"embeddable":true,"href":"https:\/\/agora.xtec.cat\/iessitges\/wp-json\/wp\/v2\/comments?post=13268"}],"version-history":[{"count":6,"href":"https:\/\/agora.xtec.cat\/iessitges\/wp-json\/wp\/v2\/pages\/13268\/revisions"}],"predecessor-version":[{"id":16139,"href":"https:\/\/agora.xtec.cat\/iessitges\/wp-json\/wp\/v2\/pages\/13268\/revisions\/16139"}],"wp:attachment":[{"href":"https:\/\/agora.xtec.cat\/iessitges\/wp-json\/wp\/v2\/media?parent=13268"}],"curies":[{"name":"wp","href":"https:\/\/api.w.org\/{rel}","templated":true}]}}