{"id":1270,"date":"2019-03-10T10:43:33","date_gmt":"2019-03-10T09:43:33","guid":{"rendered":"https:\/\/agora.xtec.cat\/iessitges\/?page_id=1270"},"modified":"2024-07-01T12:33:35","modified_gmt":"2024-07-01T10:33:35","slug":"proteccio-de-dades","status":"publish","type":"page","link":"https:\/\/agora.xtec.cat\/iessitges\/linstitut\/proteccio-de-dades\/","title":{"rendered":"Protecci\u00f3 de dades"},"content":{"rendered":"<blockquote><p><strong>Totes les dades, el centre les tractar\u00e0 i utilitzar\u00e0 amb finalitats educatives<\/strong><\/p>\n<h5><strong>MARC LEGISLATIU<\/strong><\/h5>\n<p>El model de gesti\u00f3 de la privacitat i la protecci\u00f3 de dades de l\u2019Institut Joan Ramon Benapr\u00e8s es fonamenta en el marc jur\u00eddic seg\u00fcent:<\/p>\n<ul>\n<li>Reglament 2016\/679 del Parlament Europeu i del Consell de 27 d\u2019abril de 2016 (RGPD), relatiu a la protecci\u00f3 de les persones f\u00edsiques pel que fa al tractament de dades personals i a la lliure circulaci\u00f3 d\u2019aquestes dades, i pel qual es deroga la Directiva 95\/46\/CE.<\/li>\n<li>Llei org\u00e0nica 15\/1999, de 13 de desembre, de protecci\u00f3 de dades de car\u00e0cter personal (vigent fins l\u2019aprovaci\u00f3 de la nova Llei org\u00e0nica de protecci\u00f3 de dades).<\/li>\n<\/ul>\n<p>En cas que se sol\u00b7licitin dades personals als usuaris, aquestes es tractaran d\u2019acord amb el principi de protecci\u00f3 de dades personals establert pel marc legislatiu indicat.<\/p>\n<div><\/div>\n<table style=\"height: 289px; width: 56.176339%;\" width=\"812\">\n<tbody>\n<tr style=\"height: 35px;\">\n<td style=\"width: 806px; height: 35px;\" colspan=\"2\"><strong>Informaci\u00f3 b\u00e0sica sobre protecci\u00f3 de dades<\/strong><\/td>\n<\/tr>\n<tr style=\"height: 51px;\">\n<td style=\"width: 192.767px; height: 51px;\"><strong>Responsable del tractament<\/strong><\/td>\n<td style=\"width: 611.233px; height: 51px;\">Direcci\u00f3 del centre educatiu<\/td>\n<\/tr>\n<tr style=\"height: 35px;\">\n<td style=\"width: 192.767px; height: 35px;\"><strong>Finalitat<\/strong><\/td>\n<td style=\"width: 611.233px; height: 35px;\">Gesti\u00f3 de l\u2019acci\u00f3 educativa i orientadora<\/td>\n<\/tr>\n<tr style=\"height: 35px;\">\n<td style=\"width: 192.767px; height: 35px;\"><strong>Legitimaci\u00f3<\/strong><\/td>\n<td style=\"width: 611.233px; height: 35px;\">Missi\u00f3 d\u2019inter\u00e8s p\u00fablic<\/td>\n<\/tr>\n<tr style=\"height: 35px;\">\n<td style=\"width: 192.767px; height: 35px;\"><strong>Destinataris<\/strong><\/td>\n<td style=\"width: 611.233px; height: 35px;\">No se cediran les dades a tercers, llevat d&#8217;obligaci\u00f3 legal.<\/td>\n<\/tr>\n<tr style=\"height: 49px;\">\n<td style=\"width: 192.767px; height: 49px;\"><strong>Drets<\/strong><\/td>\n<td style=\"width: 611.233px; height: 49px;\">Accedir a les dades, rectificar-les, suprimir-les, oposar-se al tractament i sol\u00b7licitar-ne la limitaci\u00f3.<\/td>\n<\/tr>\n<tr style=\"height: 49px;\">\n<td style=\"width: 192.767px; height: 49px;\"><strong>Informaci\u00f3 addicional<\/strong><\/td>\n<td style=\"width: 611.233px; height: 49px;\">Es pot consultar la informaci\u00f3 addicional i detallada sobre protecci\u00f3 de dades a:<a href=\"http:\/\/ensenyament.gencat.cat\/ca\/departament\/proteccio-dades\/informacio-addicional-tractaments\/alumnes-centres-departament.html\"><em>\u00a0http:\/\/ensenyament.gencat.cat\/ca\/Detall\/alumnes-centres-departament<\/em><\/a><\/td>\n<\/tr>\n<\/tbody>\n<\/table>\n<\/blockquote>\n<h5><b>Condicions de Serveis de Google Workspace for Education<\/b><\/h5>\n<p>Per consultar les condicions del servei de Google Workspace for Education que fa servir el centre piqueu <a href=\"https:\/\/docs.google.com\/document\/d\/1T3OOM4XjVVFSYIMbZAeSc7GfUJvgL-od3XS9r04zV-I\/edit#heading=h.wduyu2iu0dk6\">AQU\u00cd<\/a><\/p>\n","protected":false},"excerpt":{"rendered":"<p>Totes les dades, el centre les tractar\u00e0 i utilitzar\u00e0 amb finalitats educatives MARC LEGISLATIU El model de gesti\u00f3 de la privacitat i la protecci\u00f3 de dades de l\u2019Institut Joan Ramon Benapr\u00e8s es fonamenta en el marc jur\u00eddic seg\u00fcent: Reglament 2016\/679 del Parlament Europeu i del Consell de 27 d\u2019abril de 2016 (RGPD), relatiu a la [&hellip;]<\/p>\n","protected":false},"author":3,"featured_media":0,"parent":19,"menu_order":35,"comment_status":"closed","ping_status":"closed","template":"page-templates\/side-menu.php","meta":{"site-sidebar-layout":"default","site-content-layout":"","ast-site-content-layout":"","site-content-style":"default","site-sidebar-style":"default","ast-global-header-display":"","ast-banner-title-visibility":"","ast-main-header-display":"","ast-hfb-above-header-display":"","ast-hfb-below-header-display":"","ast-hfb-mobile-header-display":"","site-post-title":"","ast-breadcrumbs-content":"","ast-featured-img":"","footer-sml-layout":"","theme-transparent-header-meta":"","adv-header-id-meta":"","stick-header-meta":"","header-above-stick-meta":"","header-main-stick-meta":"","header-below-stick-meta":"","astra-migrate-meta-layouts":"default","ast-page-background-enabled":"default","ast-page-background-meta":{"desktop":{"background-color":"var(--ast-global-color-4)","background-image":"","background-repeat":"repeat","background-position":"center center","background-size":"auto","background-attachment":"scroll","background-type":"","background-media":"","overlay-type":"","overlay-color":"","overlay-opacity":"","overlay-gradient":""},"tablet":{"background-color":"","background-image":"","background-repeat":"repeat","background-position":"center center","background-size":"auto","background-attachment":"scroll","background-type":"","background-media":"","overlay-type":"","overlay-color":"","overlay-opacity":"","overlay-gradient":""},"mobile":{"background-color":"","background-image":"","background-repeat":"repeat","background-position":"center center","background-size":"auto","background-attachment":"scroll","background-type":"","background-media":"","overlay-type":"","overlay-color":"","overlay-opacity":"","overlay-gradient":""}},"ast-content-background-meta":{"desktop":{"background-color":"var(--ast-global-color-5)","background-image":"","background-repeat":"repeat","background-position":"center center","background-size":"auto","background-attachment":"scroll","background-type":"","background-media":"","overlay-type":"","overlay-color":"","overlay-opacity":"","overlay-gradient":""},"tablet":{"background-color":"var(--ast-global-color-5)","background-image":"","background-repeat":"repeat","background-position":"center center","background-size":"auto","background-attachment":"scroll","background-type":"","background-media":"","overlay-type":"","overlay-color":"","overlay-opacity":"","overlay-gradient":""},"mobile":{"background-color":"var(--ast-global-color-5)","background-image":"","background-repeat":"repeat","background-position":"center center","background-size":"auto","background-attachment":"scroll","background-type":"","background-media":"","overlay-type":"","overlay-color":"","overlay-opacity":"","overlay-gradient":""}},"footnotes":""},"class_list":["post-1270","page","type-page","status-publish","hentry"],"post_mailing_queue_ids":[],"_links":{"self":[{"href":"https:\/\/agora.xtec.cat\/iessitges\/wp-json\/wp\/v2\/pages\/1270","targetHints":{"allow":["GET"]}}],"collection":[{"href":"https:\/\/agora.xtec.cat\/iessitges\/wp-json\/wp\/v2\/pages"}],"about":[{"href":"https:\/\/agora.xtec.cat\/iessitges\/wp-json\/wp\/v2\/types\/page"}],"author":[{"embeddable":true,"href":"https:\/\/agora.xtec.cat\/iessitges\/wp-json\/wp\/v2\/users\/3"}],"replies":[{"embeddable":true,"href":"https:\/\/agora.xtec.cat\/iessitges\/wp-json\/wp\/v2\/comments?post=1270"}],"version-history":[{"count":5,"href":"https:\/\/agora.xtec.cat\/iessitges\/wp-json\/wp\/v2\/pages\/1270\/revisions"}],"predecessor-version":[{"id":13155,"href":"https:\/\/agora.xtec.cat\/iessitges\/wp-json\/wp\/v2\/pages\/1270\/revisions\/13155"}],"up":[{"embeddable":true,"href":"https:\/\/agora.xtec.cat\/iessitges\/wp-json\/wp\/v2\/pages\/19"}],"wp:attachment":[{"href":"https:\/\/agora.xtec.cat\/iessitges\/wp-json\/wp\/v2\/media?parent=1270"}],"curies":[{"name":"wp","href":"https:\/\/api.w.org\/{rel}","templated":true}]}}