{"id":9707,"date":"2024-12-18T11:36:57","date_gmt":"2024-12-18T10:36:57","guid":{"rendered":"https:\/\/agora.xtec.cat\/iessert\/?page_id=9707"},"modified":"2025-05-14T11:18:43","modified_gmt":"2025-05-14T09:18:43","slug":"families","status":"publish","type":"page","link":"https:\/\/agora.xtec.cat\/iessert\/families\/","title":{"rendered":"Fam\u00edlies"},"content":{"rendered":"\n<h3 class=\"wp-block-heading\"><strong>Benvingudes i benvinguts a l&#8217;espai dedicat a les fam\u00edlies del nostre institut!<\/strong><\/h3>\n\n\n\n<p>Aquest espai est\u00e0 pensat per facilitar la comunicaci\u00f3 i oferir recursos \u00fatils per al seguiment i suport a l&#8217;educaci\u00f3 dels vostres fills i filles. Aqu\u00ed trobareu informaci\u00f3 essencial sobre diferents serveis i iniciatives que promouen la implicaci\u00f3 de les fam\u00edlies en la comunitat educativa:<\/p>\n\n\n\n<ul class=\"wp-block-list\">\n<li><strong><a href=\"https:\/\/agora.xtec.cat\/iessert\/orientacio-i-families\/\" data-type=\"page\" data-id=\"1954\">Orientaci\u00f3 i fam\u00edlies<\/a><\/strong>: Un apartat dedicat a l\u2019acompanyament acad\u00e8mic, personal i professional de l\u2019alumnat, amb recursos i eines perqu\u00e8 pugueu acompanyar els vostres fills i filles en les seves decisions educatives i de futur.<\/li>\n\n\n\n<li><strong><a href=\"https:\/\/agora.xtec.cat\/iessert\/ampa\/\" data-type=\"page\" data-id=\"3528\">Associaci\u00f3 de Fam\u00edlies d&#8217;Alumnes (AFA)<\/a><\/strong>: L\u2019AFA \u00e9s un espai clau per a la participaci\u00f3 activa de les fam\u00edlies en la vida del centre. Coneixeu les activitats, projectes i serveis que impulsa per enriquir la nostra comunitat educativa.<\/li>\n\n\n\n<li><strong><a href=\"https:\/\/agora.xtec.cat\/iessert\/taquilles\/\" data-type=\"page\" data-id=\"4529\">Servei de taquilles<\/a><\/strong>: Informaci\u00f3 pr\u00e0ctica sobre la gesti\u00f3 i disponibilitat de taquilles per facilitar el dia a dia de l\u2019alumnat.<\/li>\n<\/ul>\n\n\n\n<p>Desitgem que aquest espai sigui un punt de trobada on les fam\u00edlies puguin sentir-se part activa i protagonista del proc\u00e9s educatiu dels seus fills i filles. Estem al vostre costat per col\u00b7laborar i treballar plegats pel seu \u00e8xit acad\u00e8mic i personal.<\/p>\n\n\n\n<p>No dubteu a posar-vos en contacte amb nosaltres per qualsevol q\u00fcesti\u00f3 o suggeriment!<\/p>\n","protected":false},"excerpt":{"rendered":"<p>Benvingudes i benvinguts a l&#8217;espai dedicat a les fam\u00edlies del nostre institut! Aquest espai est\u00e0 pensat per facilitar la comunicaci\u00f3 i oferir recursos \u00fatils per al seguiment i suport a l&#8217;educaci\u00f3 dels vostres fills i filles. Aqu\u00ed trobareu informaci\u00f3 essencial sobre diferents serveis i iniciatives que promouen la implicaci\u00f3 de les fam\u00edlies en la comunitat [&hellip;]<\/p>\n","protected":false},"author":1,"featured_media":0,"parent":0,"menu_order":0,"comment_status":"closed","ping_status":"close","template":"","meta":{"_bbp_topic_count":0,"_bbp_reply_count":0,"_bbp_total_topic_count":0,"_bbp_total_reply_count":0,"_bbp_voice_count":0,"_bbp_anonymous_reply_count":0,"_bbp_topic_count_hidden":0,"_bbp_reply_count_hidden":0,"_bbp_forum_subforum_count":0,"site-sidebar-layout":"default","site-content-layout":"","ast-site-content-layout":"default","site-content-style":"default","site-sidebar-style":"default","ast-global-header-display":"","ast-banner-title-visibility":"","ast-main-header-display":"","ast-hfb-above-header-display":"","ast-hfb-below-header-display":"","ast-hfb-mobile-header-display":"","site-post-title":"","ast-breadcrumbs-content":"","ast-featured-img":"","footer-sml-layout":"","theme-transparent-header-meta":"","adv-header-id-meta":"","stick-header-meta":"","header-above-stick-meta":"","header-main-stick-meta":"","header-below-stick-meta":"","astra-migrate-meta-layouts":"set","ast-page-background-enabled":"default","ast-page-background-meta":{"desktop":{"background-color":"var(--ast-global-color-4)","background-image":"","background-repeat":"repeat","background-position":"center center","background-size":"auto","background-attachment":"scroll","background-type":"","background-media":"","overlay-type":"","overlay-color":"","overlay-opacity":"","overlay-gradient":""},"tablet":{"background-color":"","background-image":"","background-repeat":"repeat","background-position":"center center","background-size":"auto","background-attachment":"scroll","background-type":"","background-media":"","overlay-type":"","overlay-color":"","overlay-opacity":"","overlay-gradient":""},"mobile":{"background-color":"","background-image":"","background-repeat":"repeat","background-position":"center center","background-size":"auto","background-attachment":"scroll","background-type":"","background-media":"","overlay-type":"","overlay-color":"","overlay-opacity":"","overlay-gradient":""}},"ast-content-background-meta":{"desktop":{"background-color":"var(--ast-global-color-5)","background-image":"","background-repeat":"repeat","background-position":"center center","background-size":"auto","background-attachment":"scroll","background-type":"","background-media":"","overlay-type":"","overlay-color":"","overlay-opacity":"","overlay-gradient":""},"tablet":{"background-color":"var(--ast-global-color-5)","background-image":"","background-repeat":"repeat","background-position":"center center","background-size":"auto","background-attachment":"scroll","background-type":"","background-media":"","overlay-type":"","overlay-color":"","overlay-opacity":"","overlay-gradient":""},"mobile":{"background-color":"var(--ast-global-color-5)","background-image":"","background-repeat":"repeat","background-position":"center center","background-size":"auto","background-attachment":"scroll","background-type":"","background-media":"","overlay-type":"","overlay-color":"","overlay-opacity":"","overlay-gradient":""}},"footnotes":""},"class_list":["post-9707","page","type-page","status-publish","hentry"],"post_mailing_queue_ids":[],"_links":{"self":[{"href":"https:\/\/agora.xtec.cat\/iessert\/wp-json\/wp\/v2\/pages\/9707","targetHints":{"allow":["GET"]}}],"collection":[{"href":"https:\/\/agora.xtec.cat\/iessert\/wp-json\/wp\/v2\/pages"}],"about":[{"href":"https:\/\/agora.xtec.cat\/iessert\/wp-json\/wp\/v2\/types\/page"}],"author":[{"embeddable":true,"href":"https:\/\/agora.xtec.cat\/iessert\/wp-json\/wp\/v2\/users\/1"}],"replies":[{"embeddable":true,"href":"https:\/\/agora.xtec.cat\/iessert\/wp-json\/wp\/v2\/comments?post=9707"}],"version-history":[{"count":3,"href":"https:\/\/agora.xtec.cat\/iessert\/wp-json\/wp\/v2\/pages\/9707\/revisions"}],"predecessor-version":[{"id":10432,"href":"https:\/\/agora.xtec.cat\/iessert\/wp-json\/wp\/v2\/pages\/9707\/revisions\/10432"}],"wp:attachment":[{"href":"https:\/\/agora.xtec.cat\/iessert\/wp-json\/wp\/v2\/media?parent=9707"}],"curies":[{"name":"wp","href":"https:\/\/api.w.org\/{rel}","templated":true}]}}