{"id":9588,"date":"2024-11-20T18:58:36","date_gmt":"2024-11-20T17:58:36","guid":{"rendered":"https:\/\/agora.xtec.cat\/iessert\/?page_id=9588"},"modified":"2025-05-14T11:29:33","modified_gmt":"2025-05-14T09:29:33","slug":"recollida-de-titols","status":"publish","type":"page","link":"https:\/\/agora.xtec.cat\/iessert\/recollida-de-titols\/","title":{"rendered":"Recollida de t\u00edtols oficials"},"content":{"rendered":"\n<p>Els t\u00edtols acad\u00e8mics (ESO i Batxillerat) s\u2019han de recollir <strong>presencialment a la secretaria del centre<\/strong>, dins de l\u2019horari d\u2019atenci\u00f3 al p\u00fablic.<\/p>\n\n\n\n<h4 class=\"wp-block-heading\">\ud83d\udcec Av\u00eds de disponibilitat<\/h4>\n\n\n\n<p>Quan el t\u00edtol oficial arriba al centre, s\u2019envia un <strong>av\u00eds per correu postal<\/strong> a l\u2019adre\u00e7a facilitada per l\u2019alumne\/a. A partir d\u2019aquell moment, ja es pot passar a recollir-lo.<\/p>\n\n\n\n<h4 class=\"wp-block-heading\">\ud83d\udccd Documentaci\u00f3 necess\u00e0ria per recollir el t\u00edtol<\/h4>\n\n\n\n<p>Per tal de formalitzar la recollida, cal presentar:<\/p>\n\n\n\n<ul class=\"wp-block-list\">\n<li>El <strong>resguard del t\u00edtol<\/strong> amb el segell del centre (lliurat el dia de la sol\u00b7licitud).<\/li>\n\n\n\n<li>El <strong>DNI del titular<\/strong>.<\/li>\n<\/ul>\n\n\n\n<p>\ud83d\udd12 <strong>Important<\/strong>:  Fins que no es recull el t\u00edtol oficial, <strong>el resguard t\u00e9 la mateixa validesa legal<\/strong> que el t\u00edtol. Per aquest motiu, cal conservar-lo amb cura i <strong>no lliurar mai l\u2019original a tercers<\/strong>.<\/p>\n\n\n\n<h4 class=\"wp-block-heading\">\ud83d\udc65 Si el t\u00edtol el recull una altra persona:<\/h4>\n\n\n\n<ul class=\"wp-block-list\">\n<li>Cal una <strong>autoritzaci\u00f3 escrita<\/strong> signada pel titular.<\/li>\n\n\n\n<li>I una <strong>c\u00f2pia del DNI<\/strong> del titular.<\/li>\n<\/ul>\n\n\n\n<p>\ud83d\udd17 <a href=\"https:\/\/drive.google.com\/file\/d\/1xd2ns3onDiVXeQ05mnIPsURgfynPzZIi\/view?usp=drive_link\" data-type=\"link\" data-id=\"https:\/\/drive.google.com\/file\/d\/1xd2ns3onDiVXeQ05mnIPsURgfynPzZIi\/view?usp=drive_link\">Model d\u2019autoritzaci\u00f3<\/a><\/p>\n","protected":false},"excerpt":{"rendered":"<p>Els t\u00edtols acad\u00e8mics (ESO i Batxillerat) s\u2019han de recollir presencialment a la secretaria del centre, dins de l\u2019horari d\u2019atenci\u00f3 al p\u00fablic. \ud83d\udcec Av\u00eds de disponibilitat Quan el t\u00edtol oficial arriba al centre, s\u2019envia un av\u00eds per correu postal a l\u2019adre\u00e7a facilitada per l\u2019alumne\/a. A partir d\u2019aquell moment, ja es pot passar a recollir-lo. \ud83d\udccd Documentaci\u00f3 [&hellip;]<\/p>\n","protected":false},"author":1,"featured_media":0,"parent":0,"menu_order":0,"comment_status":"closed","ping_status":"close","template":"","meta":{"_bbp_topic_count":0,"_bbp_reply_count":0,"_bbp_total_topic_count":0,"_bbp_total_reply_count":0,"_bbp_voice_count":0,"_bbp_anonymous_reply_count":0,"_bbp_topic_count_hidden":0,"_bbp_reply_count_hidden":0,"_bbp_forum_subforum_count":0,"site-sidebar-layout":"default","site-content-layout":"","ast-site-content-layout":"default","site-content-style":"default","site-sidebar-style":"default","ast-global-header-display":"","ast-banner-title-visibility":"","ast-main-header-display":"","ast-hfb-above-header-display":"","ast-hfb-below-header-display":"","ast-hfb-mobile-header-display":"","site-post-title":"","ast-breadcrumbs-content":"","ast-featured-img":"","footer-sml-layout":"","theme-transparent-header-meta":"","adv-header-id-meta":"","stick-header-meta":"","header-above-stick-meta":"","header-main-stick-meta":"","header-below-stick-meta":"","astra-migrate-meta-layouts":"set","ast-page-background-enabled":"default","ast-page-background-meta":{"desktop":{"background-color":"var(--ast-global-color-4)","background-image":"","background-repeat":"repeat","background-position":"center center","background-size":"auto","background-attachment":"scroll","background-type":"","background-media":"","overlay-type":"","overlay-color":"","overlay-opacity":"","overlay-gradient":""},"tablet":{"background-color":"","background-image":"","background-repeat":"repeat","background-position":"center center","background-size":"auto","background-attachment":"scroll","background-type":"","background-media":"","overlay-type":"","overlay-color":"","overlay-opacity":"","overlay-gradient":""},"mobile":{"background-color":"","background-image":"","background-repeat":"repeat","background-position":"center center","background-size":"auto","background-attachment":"scroll","background-type":"","background-media":"","overlay-type":"","overlay-color":"","overlay-opacity":"","overlay-gradient":""}},"ast-content-background-meta":{"desktop":{"background-color":"var(--ast-global-color-5)","background-image":"","background-repeat":"repeat","background-position":"center center","background-size":"auto","background-attachment":"scroll","background-type":"","background-media":"","overlay-type":"","overlay-color":"","overlay-opacity":"","overlay-gradient":""},"tablet":{"background-color":"var(--ast-global-color-5)","background-image":"","background-repeat":"repeat","background-position":"center center","background-size":"auto","background-attachment":"scroll","background-type":"","background-media":"","overlay-type":"","overlay-color":"","overlay-opacity":"","overlay-gradient":""},"mobile":{"background-color":"var(--ast-global-color-5)","background-image":"","background-repeat":"repeat","background-position":"center center","background-size":"auto","background-attachment":"scroll","background-type":"","background-media":"","overlay-type":"","overlay-color":"","overlay-opacity":"","overlay-gradient":""}},"footnotes":""},"class_list":["post-9588","page","type-page","status-publish","hentry"],"post_mailing_queue_ids":[],"_links":{"self":[{"href":"https:\/\/agora.xtec.cat\/iessert\/wp-json\/wp\/v2\/pages\/9588","targetHints":{"allow":["GET"]}}],"collection":[{"href":"https:\/\/agora.xtec.cat\/iessert\/wp-json\/wp\/v2\/pages"}],"about":[{"href":"https:\/\/agora.xtec.cat\/iessert\/wp-json\/wp\/v2\/types\/page"}],"author":[{"embeddable":true,"href":"https:\/\/agora.xtec.cat\/iessert\/wp-json\/wp\/v2\/users\/1"}],"replies":[{"embeddable":true,"href":"https:\/\/agora.xtec.cat\/iessert\/wp-json\/wp\/v2\/comments?post=9588"}],"version-history":[{"count":5,"href":"https:\/\/agora.xtec.cat\/iessert\/wp-json\/wp\/v2\/pages\/9588\/revisions"}],"predecessor-version":[{"id":10444,"href":"https:\/\/agora.xtec.cat\/iessert\/wp-json\/wp\/v2\/pages\/9588\/revisions\/10444"}],"wp:attachment":[{"href":"https:\/\/agora.xtec.cat\/iessert\/wp-json\/wp\/v2\/media?parent=9588"}],"curies":[{"name":"wp","href":"https:\/\/api.w.org\/{rel}","templated":true}]}}