{"id":9526,"date":"2024-11-19T13:08:55","date_gmt":"2024-11-19T12:08:55","guid":{"rendered":"https:\/\/agora.xtec.cat\/iessert\/?page_id=9526"},"modified":"2025-05-14T11:38:54","modified_gmt":"2025-05-14T09:38:54","slug":"reconeixement-llengua-catalana","status":"publish","type":"page","link":"https:\/\/agora.xtec.cat\/iessert\/reconeixement-llengua-catalana\/","title":{"rendered":"Reconeixement llengua catalana"},"content":{"rendered":"\n<p>Tots els instituts p\u00fablics de secund\u00e0ria de Catalunya estan autoritzats a <strong>expedir certificats oficials de coneixement de la llengua catalana<\/strong>, corresponents als nivells <strong>B2 o C1<\/strong>, d\u2019acord amb la normativa vigent i les condicions establertes pel Departament d\u2019Educaci\u00f3. (<a href=\"https:\/\/drive.google.com\/file\/d\/1XiQhzgp8gIHUy-FuNfZpGuBaR2B3z4ns\/view?usp=sharing\">Certificats de catal\u00e0<\/a>)<\/p>\n\n\n\n<p><\/p>\n\n\n\n<h3 class=\"wp-block-heading\">\ud83d\udcdd Sol\u00b7licitud del certificat<\/h3>\n\n\n\n<p>La sol\u00b7licitud s\u2019ha de fer <strong>presencialment a la secretaria<\/strong> del centre, mitjan\u00e7ant el formulari corresponent de <strong>reconeixement d\u2019equival\u00e8ncia del nivell B2 o C1<\/strong>.<\/p>\n\n\n\n<p>\ud83d\udd17 <a href=\"https:\/\/drive.google.com\/file\/d\/1SiNdPAB6mmWVvpuUltbQgQnTqa_ZGgac\/view?usp=sharing\">Sol\u00b7licitud de reconeixement del nivell de catal\u00e0<\/a><\/p>\n\n\n\n<h3 class=\"wp-block-heading\">\ud83d\udce9 Lliurament del certificat<\/h3>\n\n\n\n<p>Un cop tramitada la sol\u00b7licitud, el certificat es lliura en un termini de <strong>24 a 48 hores<\/strong>. Es pot rebre de dues maneres:<\/p>\n\n\n\n<ul class=\"wp-block-list\">\n<li><strong>Per correu electr\u00f2nic<\/strong>:<br>S&#8217;enviar\u00e0 una <strong>c\u00f2pia aut\u00e8ntica electr\u00f2nica<\/strong> del certificat a l\u2019adre\u00e7a indicada.<\/li>\n\n\n\n<li><strong>Presencialment al centre<\/strong>:<br>Es pot recollir directament a secretaria dins del mateix termini.<\/li>\n<\/ul>\n\n\n\n<p>\ud83d\udccc En cas de recollida presencial, cal:<\/p>\n\n\n\n<ul class=\"wp-block-list\">\n<li>El <strong>DNI de l\u2019interessat\/da<\/strong>.<\/li>\n\n\n\n<li>Si \u00e9s menor d\u2019edat, pot venir el <strong>pare o la mare amb el seu DNI<\/strong>.<\/li>\n\n\n\n<li>Si el recull una altra persona:\n<ul class=\"wp-block-list\">\n<li><strong>Autoritzaci\u00f3 escrita<\/strong> signada per l\u2019interessat\/da.<\/li>\n\n\n\n<li><strong>C\u00f2pia del DNI<\/strong> de l\u2019interessat\/da.<\/li>\n<\/ul>\n<\/li>\n<\/ul>\n\n\n\n<p>\ud83d\udd17 <a href=\"https:\/\/drive.google.com\/file\/d\/1xd2ns3onDiVXeQ05mnIPsURgfynPzZIi\/view?usp=drive_link\" data-type=\"link\" data-id=\"https:\/\/drive.google.com\/file\/d\/1xd2ns3onDiVXeQ05mnIPsURgfynPzZIi\/view?usp=drive_link\">Model d\u2019autoritzaci\u00f3<\/a><\/p>\n\n\n\n<p><\/p>\n\n\n\n<p><\/p>\n","protected":false},"excerpt":{"rendered":"<p>Tots els instituts p\u00fablics de secund\u00e0ria de Catalunya estan autoritzats a expedir certificats oficials de coneixement de la llengua catalana, corresponents als nivells B2 o C1, d\u2019acord amb la normativa vigent i les condicions establertes pel Departament d\u2019Educaci\u00f3. (Certificats de catal\u00e0) \ud83d\udcdd Sol\u00b7licitud del certificat La sol\u00b7licitud s\u2019ha de fer presencialment a la secretaria del [&hellip;]<\/p>\n","protected":false},"author":1,"featured_media":0,"parent":0,"menu_order":0,"comment_status":"closed","ping_status":"close","template":"","meta":{"_bbp_topic_count":0,"_bbp_reply_count":0,"_bbp_total_topic_count":0,"_bbp_total_reply_count":0,"_bbp_voice_count":0,"_bbp_anonymous_reply_count":0,"_bbp_topic_count_hidden":0,"_bbp_reply_count_hidden":0,"_bbp_forum_subforum_count":0,"site-sidebar-layout":"default","site-content-layout":"","ast-site-content-layout":"default","site-content-style":"default","site-sidebar-style":"default","ast-global-header-display":"","ast-banner-title-visibility":"","ast-main-header-display":"","ast-hfb-above-header-display":"","ast-hfb-below-header-display":"","ast-hfb-mobile-header-display":"","site-post-title":"","ast-breadcrumbs-content":"","ast-featured-img":"","footer-sml-layout":"","theme-transparent-header-meta":"","adv-header-id-meta":"","stick-header-meta":"","header-above-stick-meta":"","header-main-stick-meta":"","header-below-stick-meta":"","astra-migrate-meta-layouts":"set","ast-page-background-enabled":"default","ast-page-background-meta":{"desktop":{"background-color":"var(--ast-global-color-4)","background-image":"","background-repeat":"repeat","background-position":"center center","background-size":"auto","background-attachment":"scroll","background-type":"","background-media":"","overlay-type":"","overlay-color":"","overlay-opacity":"","overlay-gradient":""},"tablet":{"background-color":"","background-image":"","background-repeat":"repeat","background-position":"center center","background-size":"auto","background-attachment":"scroll","background-type":"","background-media":"","overlay-type":"","overlay-color":"","overlay-opacity":"","overlay-gradient":""},"mobile":{"background-color":"","background-image":"","background-repeat":"repeat","background-position":"center center","background-size":"auto","background-attachment":"scroll","background-type":"","background-media":"","overlay-type":"","overlay-color":"","overlay-opacity":"","overlay-gradient":""}},"ast-content-background-meta":{"desktop":{"background-color":"var(--ast-global-color-5)","background-image":"","background-repeat":"repeat","background-position":"center center","background-size":"auto","background-attachment":"scroll","background-type":"","background-media":"","overlay-type":"","overlay-color":"","overlay-opacity":"","overlay-gradient":""},"tablet":{"background-color":"var(--ast-global-color-5)","background-image":"","background-repeat":"repeat","background-position":"center center","background-size":"auto","background-attachment":"scroll","background-type":"","background-media":"","overlay-type":"","overlay-color":"","overlay-opacity":"","overlay-gradient":""},"mobile":{"background-color":"var(--ast-global-color-5)","background-image":"","background-repeat":"repeat","background-position":"center center","background-size":"auto","background-attachment":"scroll","background-type":"","background-media":"","overlay-type":"","overlay-color":"","overlay-opacity":"","overlay-gradient":""}},"footnotes":""},"class_list":["post-9526","page","type-page","status-publish","hentry"],"post_mailing_queue_ids":[],"_links":{"self":[{"href":"https:\/\/agora.xtec.cat\/iessert\/wp-json\/wp\/v2\/pages\/9526","targetHints":{"allow":["GET"]}}],"collection":[{"href":"https:\/\/agora.xtec.cat\/iessert\/wp-json\/wp\/v2\/pages"}],"about":[{"href":"https:\/\/agora.xtec.cat\/iessert\/wp-json\/wp\/v2\/types\/page"}],"author":[{"embeddable":true,"href":"https:\/\/agora.xtec.cat\/iessert\/wp-json\/wp\/v2\/users\/1"}],"replies":[{"embeddable":true,"href":"https:\/\/agora.xtec.cat\/iessert\/wp-json\/wp\/v2\/comments?post=9526"}],"version-history":[{"count":6,"href":"https:\/\/agora.xtec.cat\/iessert\/wp-json\/wp\/v2\/pages\/9526\/revisions"}],"predecessor-version":[{"id":10455,"href":"https:\/\/agora.xtec.cat\/iessert\/wp-json\/wp\/v2\/pages\/9526\/revisions\/10455"}],"wp:attachment":[{"href":"https:\/\/agora.xtec.cat\/iessert\/wp-json\/wp\/v2\/media?parent=9526"}],"curies":[{"name":"wp","href":"https:\/\/api.w.org\/{rel}","templated":true}]}}