{"id":4748,"date":"2019-10-09T17:34:54","date_gmt":"2019-10-09T15:34:54","guid":{"rendered":"http:\/\/agora.xtec.cat\/iessert\/?page_id=4748"},"modified":"2026-04-22T11:28:31","modified_gmt":"2026-04-22T09:28:31","slug":"documents-dorganitzacio-del-centre","status":"publish","type":"page","link":"https:\/\/agora.xtec.cat\/iessert\/documents-dorganitzacio-del-centre\/","title":{"rendered":"Documents d&#8217;organitzaci\u00f3 del centre"},"content":{"rendered":"\n<p>En aquest apartat trobareu els documents clau que defineixen el funcionament i l&#8217;estructura del nostre institut. Aquests documents s\u00f3n essencials per comprendre les directrius pedag\u00f2giques, les normes de conviv\u00e8ncia i les pol\u00edtiques educatives que guien la nostra comunitat educativa.<\/p>\n\n\n\n<ul class=\"wp-block-list\">\n<li><strong>Projecte Educatiu de Centre (PEC)<\/strong>: Estableix els objectius, valors i l\u00ednies pedag\u00f2giques que defineixen la identitat i missi\u00f3 del nostre institut.<\/li>\n\n\n\n<li><strong>Normes d&#8217;Organitzaci\u00f3 i Funcionament de Centre (NOFC)<\/strong>: Detallen les normes internes que regulen la conviv\u00e8ncia, l&#8217;organitzaci\u00f3 i els procediments administratius del centre.<\/li>\n\n\n\n<li><strong>Projecte Ling\u00fc\u00edstic de Centre (PLC)<\/strong>: defineix la pol\u00edtica ling\u00fc\u00edstica del nostre institut, garantint una formaci\u00f3 de qualitat que promou el pluriling\u00fcisme, la inclusi\u00f3 i la cohesi\u00f3 social.<\/li>\n\n\n\n<li><strong>Estrat\u00e8gia digital de centre (EDC)<\/strong>: defineix i concreta les l\u00ednies d&#8217;actuaci\u00f3 d&#8217;un centre que fan possible que docents, alumnat i centre assoleixin la compet\u00e8ncia digital.<\/li>\n<\/ul>\n\n\n\n<p>Aquests documents s\u00f3n p\u00fablics i estan a disposici\u00f3 de tota la comunitat educativa per fomentar la transpar\u00e8ncia i la participaci\u00f3 en la vida del centre. Podeu consultar-los en els enlla\u00e7os proporcionats a continuaci\u00f3.<\/p>\n\n\n\n<details class=\"wp-block-details is-layout-flow wp-block-details-is-layout-flow\"><summary>PEC<\/summary>\n<p><\/p>\n\n\n\n<div data-wp-interactive=\"core\/file\" class=\"wp-block-file\"><object data-wp-bind--hidden=\"!state.hasPdfPreview\" hidden class=\"wp-block-file__embed\" data=\"https:\/\/agora.xtec.cat\/iessert\/wp-content\/uploads\/usu642\/2019\/10\/PEC.pdf\" type=\"application\/pdf\" style=\"width:100%;height:600px\" aria-label=\"Incrustaci\u00f3 del fitxer PEC.\"><\/object><a id=\"wp-block-file--media-781ff533-7203-4455-a889-e15ca6977e1d\" href=\"https:\/\/agora.xtec.cat\/iessert\/wp-content\/uploads\/usu642\/2019\/10\/PEC.pdf\">PEC<\/a><a href=\"https:\/\/agora.xtec.cat\/iessert\/wp-content\/uploads\/usu642\/2019\/10\/PEC.pdf\" class=\"wp-block-file__button wp-element-button\" download aria-describedby=\"wp-block-file--media-781ff533-7203-4455-a889-e15ca6977e1d\">Baixa<\/a><\/div>\n<\/details>\n\n\n\n<div class=\"wp-block-getwid-advanced-spacer\" style=\"height:27px\" aria-hidden=\"true\"><\/div>\n\n\n\n<details class=\"wp-block-details is-layout-flow wp-block-details-is-layout-flow\"><summary>Projecte ling\u00fc\u00edstic de centre<\/summary>\n<p><\/p>\n\n\n\n<div data-wp-interactive=\"core\/file\" class=\"wp-block-file\"><object data-wp-bind--hidden=\"!state.hasPdfPreview\" hidden class=\"wp-block-file__embed\" data=\"https:\/\/agora.xtec.cat\/iessert\/wp-content\/uploads\/usu642\/2024\/06\/PLC-23-24-SERT.pdf\" type=\"application\/pdf\" style=\"width:100%;height:600px\" aria-label=\"Incrustaci\u00f3 del fitxer PLC 23-24 SERT.\"><\/object><a id=\"wp-block-file--media-acd81c91-1e04-4bce-97d3-b5a815beb736\" href=\"https:\/\/agora.xtec.cat\/iessert\/wp-content\/uploads\/usu642\/2024\/06\/PLC-23-24-SERT.pdf\">PLC 23-24 SERT<\/a><a href=\"https:\/\/agora.xtec.cat\/iessert\/wp-content\/uploads\/usu642\/2024\/06\/PLC-23-24-SERT.pdf\" class=\"wp-block-file__button wp-element-button\" download aria-describedby=\"wp-block-file--media-acd81c91-1e04-4bce-97d3-b5a815beb736\">Baixa<\/a><\/div>\n<\/details>\n\n\n\n<div class=\"wp-block-getwid-advanced-spacer\" style=\"height:27px\" aria-hidden=\"true\"><\/div>\n\n\n\n<details class=\"wp-block-details is-layout-flow wp-block-details-is-layout-flow\"><summary>NOFC<\/summary>\n<p><\/p>\n\n\n\n<div data-wp-interactive=\"core\/file\" class=\"wp-block-file\"><object data-wp-bind--hidden=\"!state.hasPdfPreview\" hidden class=\"wp-block-file__embed\" data=\"https:\/\/agora.xtec.cat\/iessert\/wp-content\/uploads\/usu642\/2026\/04\/NOFC-130326.pdf\" type=\"application\/pdf\" style=\"width:100%;height:600px\" aria-label=\"Incrustaci\u00f3 del fitxer NOFC .\"><\/object><a id=\"wp-block-file--media-1f7e9b85-b153-4eba-ac1f-02e9be68f853\" href=\"https:\/\/agora.xtec.cat\/iessert\/wp-content\/uploads\/usu642\/2026\/04\/NOFC-130326.pdf\">NOFC <\/a><a href=\"https:\/\/agora.xtec.cat\/iessert\/wp-content\/uploads\/usu642\/2026\/04\/NOFC-130326.pdf\" class=\"wp-block-file__button wp-element-button\" download aria-describedby=\"wp-block-file--media-1f7e9b85-b153-4eba-ac1f-02e9be68f853\">Baixa<\/a><\/div>\n<\/details>\n\n\n\n<div class=\"wp-block-getwid-advanced-spacer\" style=\"height:33px\" aria-hidden=\"true\"><\/div>\n\n\n\n<details class=\"wp-block-details is-layout-flow wp-block-details-is-layout-flow\"><summary>EDC<\/summary>\n<p><a href=\"https:\/\/sites.google.com\/xtec.cat\/edc-ins-sert\/estrat%C3%A8gia-digital-de-centre\">Estrat\u00e8gia Digital de Centre<\/a><\/p>\n<\/details>\n","protected":false},"excerpt":{"rendered":"<p>En aquest apartat trobareu els documents clau que defineixen el funcionament i l&#8217;estructura del nostre institut. Aquests documents s\u00f3n essencials per comprendre les directrius pedag\u00f2giques, les normes de conviv\u00e8ncia i les pol\u00edtiques educatives que guien la nostra comunitat educativa. Aquests documents s\u00f3n p\u00fablics i estan a disposici\u00f3 de tota la comunitat educativa per fomentar la [&hellip;]<\/p>\n","protected":false},"author":1,"featured_media":0,"parent":0,"menu_order":0,"comment_status":"closed","ping_status":"closed","template":"","meta":{"_bbp_topic_count":0,"_bbp_reply_count":0,"_bbp_total_topic_count":0,"_bbp_total_reply_count":0,"_bbp_voice_count":0,"_bbp_anonymous_reply_count":0,"_bbp_topic_count_hidden":0,"_bbp_reply_count_hidden":0,"_bbp_forum_subforum_count":0,"site-sidebar-layout":"default","site-content-layout":"","ast-site-content-layout":"default","site-content-style":"default","site-sidebar-style":"default","ast-global-header-display":"","ast-banner-title-visibility":"","ast-main-header-display":"","ast-hfb-above-header-display":"","ast-hfb-below-header-display":"","ast-hfb-mobile-header-display":"","site-post-title":"","ast-breadcrumbs-content":"","ast-featured-img":"","footer-sml-layout":"","theme-transparent-header-meta":"","adv-header-id-meta":"","stick-header-meta":"","header-above-stick-meta":"","header-main-stick-meta":"","header-below-stick-meta":"","astra-migrate-meta-layouts":"set","ast-page-background-enabled":"default","ast-page-background-meta":{"desktop":{"background-color":"var(--ast-global-color-4)","background-image":"","background-repeat":"repeat","background-position":"center center","background-size":"auto","background-attachment":"scroll","background-type":"","background-media":"","overlay-type":"","overlay-color":"","overlay-opacity":"","overlay-gradient":""},"tablet":{"background-color":"","background-image":"","background-repeat":"repeat","background-position":"center center","background-size":"auto","background-attachment":"scroll","background-type":"","background-media":"","overlay-type":"","overlay-color":"","overlay-opacity":"","overlay-gradient":""},"mobile":{"background-color":"","background-image":"","background-repeat":"repeat","background-position":"center center","background-size":"auto","background-attachment":"scroll","background-type":"","background-media":"","overlay-type":"","overlay-color":"","overlay-opacity":"","overlay-gradient":""}},"ast-content-background-meta":{"desktop":{"background-color":"var(--ast-global-color-5)","background-image":"","background-repeat":"repeat","background-position":"center center","background-size":"auto","background-attachment":"scroll","background-type":"","background-media":"","overlay-type":"","overlay-color":"","overlay-opacity":"","overlay-gradient":""},"tablet":{"background-color":"var(--ast-global-color-5)","background-image":"","background-repeat":"repeat","background-position":"center center","background-size":"auto","background-attachment":"scroll","background-type":"","background-media":"","overlay-type":"","overlay-color":"","overlay-opacity":"","overlay-gradient":""},"mobile":{"background-color":"var(--ast-global-color-5)","background-image":"","background-repeat":"repeat","background-position":"center center","background-size":"auto","background-attachment":"scroll","background-type":"","background-media":"","overlay-type":"","overlay-color":"","overlay-opacity":"","overlay-gradient":""}},"footnotes":""},"class_list":["post-4748","page","type-page","status-publish","hentry"],"post_mailing_queue_ids":[],"_links":{"self":[{"href":"https:\/\/agora.xtec.cat\/iessert\/wp-json\/wp\/v2\/pages\/4748","targetHints":{"allow":["GET"]}}],"collection":[{"href":"https:\/\/agora.xtec.cat\/iessert\/wp-json\/wp\/v2\/pages"}],"about":[{"href":"https:\/\/agora.xtec.cat\/iessert\/wp-json\/wp\/v2\/types\/page"}],"author":[{"embeddable":true,"href":"https:\/\/agora.xtec.cat\/iessert\/wp-json\/wp\/v2\/users\/1"}],"replies":[{"embeddable":true,"href":"https:\/\/agora.xtec.cat\/iessert\/wp-json\/wp\/v2\/comments?post=4748"}],"version-history":[{"count":6,"href":"https:\/\/agora.xtec.cat\/iessert\/wp-json\/wp\/v2\/pages\/4748\/revisions"}],"predecessor-version":[{"id":11024,"href":"https:\/\/agora.xtec.cat\/iessert\/wp-json\/wp\/v2\/pages\/4748\/revisions\/11024"}],"wp:attachment":[{"href":"https:\/\/agora.xtec.cat\/iessert\/wp-json\/wp\/v2\/media?parent=4748"}],"curies":[{"name":"wp","href":"https:\/\/api.w.org\/{rel}","templated":true}]}}