{"id":4415,"date":"2019-04-29T11:32:32","date_gmt":"2019-04-29T09:32:32","guid":{"rendered":"http:\/\/agora.xtec.cat\/iessert\/?page_id=4415"},"modified":"2019-09-04T12:07:42","modified_gmt":"2019-09-04T10:07:42","slug":"aicle","status":"publish","type":"page","link":"https:\/\/agora.xtec.cat\/iessert\/projectes\/aicle\/","title":{"rendered":"AICLE"},"content":{"rendered":"<p style=\"text-align: justify;\">El nostre centre aplica la metodologia AICLE (aprenentatge integrat de contingut i llengua estrangera) en llengua anglesa en algunes mat\u00e8ries impartides a l&#8217;ESO. Aix\u00f2 implica que, a m\u00e9s de la mat\u00e8ria d&#8217;angl\u00e8s, altres assignatures es fan parcialment en llengua anglesa. Aix\u00ed,els nostres alumnes augmenten el nombre d&#8217;hores en contacte amb l&#8217;angl\u00e8s i poden millorar la seva compet\u00e8ncia en aquesta llengua.<\/p>\n<p>Les mat\u00e8ries en q\u00fcesti\u00f3 s\u00f3n les seg\u00fcents:<\/p>\n<p>1r ESO: Educaci\u00f3 F\u00edsica<\/p>\n<p>2n ESO: Educaci\u00f3 F\u00edsica<\/p>\n<p>3r ESO: Biologia i Geologia<\/p>\n","protected":false},"excerpt":{"rendered":"<p>El nostre centre aplica la metodologia AICLE (aprenentatge integrat de contingut i llengua estrangera) en llengua anglesa en algunes mat\u00e8ries impartides a l&#8217;ESO. Aix\u00f2 implica que, a m\u00e9s de la mat\u00e8ria d&#8217;angl\u00e8s, altres assignatures es fan parcialment en llengua anglesa. Aix\u00ed,els nostres alumnes augmenten el nombre d&#8217;hores en contacte amb l&#8217;angl\u00e8s i poden millorar la [&hellip;]<\/p>\n","protected":false},"author":1,"featured_media":0,"parent":627,"menu_order":0,"comment_status":"closed","ping_status":"closed","template":"","meta":{"_bbp_topic_count":0,"_bbp_reply_count":0,"_bbp_total_topic_count":0,"_bbp_total_reply_count":0,"_bbp_voice_count":0,"_bbp_anonymous_reply_count":0,"_bbp_topic_count_hidden":0,"_bbp_reply_count_hidden":0,"_bbp_forum_subforum_count":0,"site-sidebar-layout":"default","site-content-layout":"","ast-site-content-layout":"","site-content-style":"default","site-sidebar-style":"default","ast-global-header-display":"","ast-banner-title-visibility":"","ast-main-header-display":"","ast-hfb-above-header-display":"","ast-hfb-below-header-display":"","ast-hfb-mobile-header-display":"","site-post-title":"","ast-breadcrumbs-content":"","ast-featured-img":"","footer-sml-layout":"","theme-transparent-header-meta":"","adv-header-id-meta":"","stick-header-meta":"","header-above-stick-meta":"","header-main-stick-meta":"","header-below-stick-meta":"","astra-migrate-meta-layouts":"default","ast-page-background-enabled":"default","ast-page-background-meta":{"desktop":{"background-color":"var(--ast-global-color-4)","background-image":"","background-repeat":"repeat","background-position":"center center","background-size":"auto","background-attachment":"scroll","background-type":"","background-media":"","overlay-type":"","overlay-color":"","overlay-opacity":"","overlay-gradient":""},"tablet":{"background-color":"","background-image":"","background-repeat":"repeat","background-position":"center center","background-size":"auto","background-attachment":"scroll","background-type":"","background-media":"","overlay-type":"","overlay-color":"","overlay-opacity":"","overlay-gradient":""},"mobile":{"background-color":"","background-image":"","background-repeat":"repeat","background-position":"center center","background-size":"auto","background-attachment":"scroll","background-type":"","background-media":"","overlay-type":"","overlay-color":"","overlay-opacity":"","overlay-gradient":""}},"ast-content-background-meta":{"desktop":{"background-color":"var(--ast-global-color-5)","background-image":"","background-repeat":"repeat","background-position":"center center","background-size":"auto","background-attachment":"scroll","background-type":"","background-media":"","overlay-type":"","overlay-color":"","overlay-opacity":"","overlay-gradient":""},"tablet":{"background-color":"var(--ast-global-color-5)","background-image":"","background-repeat":"repeat","background-position":"center center","background-size":"auto","background-attachment":"scroll","background-type":"","background-media":"","overlay-type":"","overlay-color":"","overlay-opacity":"","overlay-gradient":""},"mobile":{"background-color":"var(--ast-global-color-5)","background-image":"","background-repeat":"repeat","background-position":"center center","background-size":"auto","background-attachment":"scroll","background-type":"","background-media":"","overlay-type":"","overlay-color":"","overlay-opacity":"","overlay-gradient":""}},"footnotes":""},"class_list":["post-4415","page","type-page","status-publish","hentry"],"post_mailing_queue_ids":[],"_links":{"self":[{"href":"https:\/\/agora.xtec.cat\/iessert\/wp-json\/wp\/v2\/pages\/4415","targetHints":{"allow":["GET"]}}],"collection":[{"href":"https:\/\/agora.xtec.cat\/iessert\/wp-json\/wp\/v2\/pages"}],"about":[{"href":"https:\/\/agora.xtec.cat\/iessert\/wp-json\/wp\/v2\/types\/page"}],"author":[{"embeddable":true,"href":"https:\/\/agora.xtec.cat\/iessert\/wp-json\/wp\/v2\/users\/1"}],"replies":[{"embeddable":true,"href":"https:\/\/agora.xtec.cat\/iessert\/wp-json\/wp\/v2\/comments?post=4415"}],"version-history":[{"count":2,"href":"https:\/\/agora.xtec.cat\/iessert\/wp-json\/wp\/v2\/pages\/4415\/revisions"}],"predecessor-version":[{"id":4419,"href":"https:\/\/agora.xtec.cat\/iessert\/wp-json\/wp\/v2\/pages\/4415\/revisions\/4419"}],"up":[{"embeddable":true,"href":"https:\/\/agora.xtec.cat\/iessert\/wp-json\/wp\/v2\/pages\/627"}],"wp:attachment":[{"href":"https:\/\/agora.xtec.cat\/iessert\/wp-json\/wp\/v2\/media?parent=4415"}],"curies":[{"name":"wp","href":"https:\/\/api.w.org\/{rel}","templated":true}]}}