{"id":434,"date":"2016-03-09T11:34:05","date_gmt":"2016-03-09T10:34:05","guid":{"rendered":"http:\/\/agora.xtec.cat\/iessert\/?page_id=434"},"modified":"2025-05-14T11:51:36","modified_gmt":"2025-05-14T09:51:36","slug":"secretaria-2","status":"publish","type":"page","link":"https:\/\/agora.xtec.cat\/iessert\/secretaria-2\/","title":{"rendered":"Secretaria"},"content":{"rendered":"\n<p>La Secretaria de l\u2019Institut \u00e9s el servei administratiu encarregat de gestionar la documentaci\u00f3 acad\u00e8mica i els tr\u00e0mits administratius de l\u2019alumnat. Des d\u2019aquest espai, volem oferir-te informaci\u00f3 clara i accessible sobre els serveis que oferim, els horaris d\u2019atenci\u00f3 i els canals de comunicaci\u00f3 disponibles.<\/p>\n\n\n\n<p>Si necessites fer alguna gesti\u00f3, pots consultar els diferents apartats de tr\u00e0mits o posar-te en contacte amb nosaltres.<\/p>\n\n\n\n<p><strong>\ud83d\udd52<\/strong> <strong>Horari d&#8217;Atenci\u00f3 al P\u00fablic:<\/strong><\/p>\n\n\n\n<ul class=\"wp-block-list\">\n<li>Dilluns a divendres de 9:00 a 13:30h<\/li>\n\n\n\n<li>Dimarts tarda de 15:30 a 17:00h<\/li>\n<\/ul>\n\n\n\n<p><strong>Contacte<\/strong>:  <a href=\"mailto:secretaria@sert.cat\">secretaria@sert.cat<\/a><\/p>\n\n\n\n<p><\/p>\n\n\n\n<h3 class=\"wp-block-heading\"><strong>\ud83d\uddc2\ufe0f<\/strong> Tr\u00e0mits disponibles:<\/h3>\n\n\n\n<p>En aquest espai trobar\u00e0s els tr\u00e0mits acad\u00e8mics i administratius m\u00e9s habituals que pots fer al centre. T\u2019oferim informaci\u00f3 perqu\u00e8 puguis gestionar f\u00e0cilment les teves sol\u00b7licituds, com ara certificats, recollida de t\u00edtols o acreditaci\u00f3 ling\u00fc\u00edstica. Fes clic en cada secci\u00f3 per con\u00e8ixer els detalls i com procedir i si tens dubtes, pots contactar-nos a trav\u00e9s del correu electr\u00f2nic: <a>secretaria@sert.cat<\/a>.<\/p>\n\n\n\n<h3 class=\"wp-block-heading\">\ud83d\udd17 Tr\u00e0mits disponibles:<\/h3>\n\n\n\n<ul class=\"wp-block-list\">\n<li>\ud83d\udc49<a href=\"https:\/\/agora.xtec.cat\/iessert\/certificats-2\/\" data-type=\"link\" data-id=\"https:\/\/agora.xtec.cat\/iessert\/certificats-2\/\"> <strong>Sol\u00b7licitud de certificats acad\u00e8mics<\/strong><\/a><br>Informa\u2019t sobre com demanar certificats de matr\u00edcula, d\u2019assist\u00e8ncia o d\u2019estudis.<\/li>\n\n\n\n<li>\ud83d\udc49 <a href=\"https:\/\/agora.xtec.cat\/iessert\/recollida-de-titols\/\"><strong>Recollida de t\u00edtols oficials<\/strong><\/a><br>Consulta qu\u00e8 cal fer per recollir el t\u00edtol de l\u2019ESO o Batxillerat.<\/li>\n\n\n\n<li>\ud83d\udc49 <a href=\"https:\/\/agora.xtec.cat\/iessert\/reconeixement-llengua-catalana\/\"><strong>Acreditaci\u00f3 del nivell de catal\u00e0<\/strong><\/a><br>Descobreix com obtenir l\u2019acreditaci\u00f3 oficial del teu nivell ling\u00fc\u00edstic al final de l\u2019ESO o Batxillerat.<\/li>\n<\/ul>\n","protected":false},"excerpt":{"rendered":"<p>La Secretaria de l\u2019Institut \u00e9s el servei administratiu encarregat de gestionar la documentaci\u00f3 acad\u00e8mica i els tr\u00e0mits administratius de l\u2019alumnat. Des d\u2019aquest espai, volem oferir-te informaci\u00f3 clara i accessible sobre els serveis que oferim, els horaris d\u2019atenci\u00f3 i els canals de comunicaci\u00f3 disponibles. Si necessites fer alguna gesti\u00f3, pots consultar els diferents apartats de tr\u00e0mits [&hellip;]<\/p>\n","protected":false},"author":1,"featured_media":0,"parent":0,"menu_order":0,"comment_status":"closed","ping_status":"closed","template":"","meta":{"_bbp_topic_count":0,"_bbp_reply_count":0,"_bbp_total_topic_count":0,"_bbp_total_reply_count":0,"_bbp_voice_count":0,"_bbp_anonymous_reply_count":0,"_bbp_topic_count_hidden":0,"_bbp_reply_count_hidden":0,"_bbp_forum_subforum_count":0,"site-sidebar-layout":"default","site-content-layout":"","ast-site-content-layout":"default","site-content-style":"default","site-sidebar-style":"default","ast-global-header-display":"","ast-banner-title-visibility":"","ast-main-header-display":"","ast-hfb-above-header-display":"","ast-hfb-below-header-display":"","ast-hfb-mobile-header-display":"","site-post-title":"","ast-breadcrumbs-content":"","ast-featured-img":"","footer-sml-layout":"","theme-transparent-header-meta":"","adv-header-id-meta":"","stick-header-meta":"","header-above-stick-meta":"","header-main-stick-meta":"","header-below-stick-meta":"","astra-migrate-meta-layouts":"set","ast-page-background-enabled":"default","ast-page-background-meta":{"desktop":{"background-color":"var(--ast-global-color-4)","background-image":"","background-repeat":"repeat","background-position":"center center","background-size":"auto","background-attachment":"scroll","background-type":"","background-media":"","overlay-type":"","overlay-color":"","overlay-opacity":"","overlay-gradient":""},"tablet":{"background-color":"","background-image":"","background-repeat":"repeat","background-position":"center center","background-size":"auto","background-attachment":"scroll","background-type":"","background-media":"","overlay-type":"","overlay-color":"","overlay-opacity":"","overlay-gradient":""},"mobile":{"background-color":"","background-image":"","background-repeat":"repeat","background-position":"center center","background-size":"auto","background-attachment":"scroll","background-type":"","background-media":"","overlay-type":"","overlay-color":"","overlay-opacity":"","overlay-gradient":""}},"ast-content-background-meta":{"desktop":{"background-color":"var(--ast-global-color-5)","background-image":"","background-repeat":"repeat","background-position":"center center","background-size":"auto","background-attachment":"scroll","background-type":"","background-media":"","overlay-type":"","overlay-color":"","overlay-opacity":"","overlay-gradient":""},"tablet":{"background-color":"var(--ast-global-color-5)","background-image":"","background-repeat":"repeat","background-position":"center center","background-size":"auto","background-attachment":"scroll","background-type":"","background-media":"","overlay-type":"","overlay-color":"","overlay-opacity":"","overlay-gradient":""},"mobile":{"background-color":"var(--ast-global-color-5)","background-image":"","background-repeat":"repeat","background-position":"center center","background-size":"auto","background-attachment":"scroll","background-type":"","background-media":"","overlay-type":"","overlay-color":"","overlay-opacity":"","overlay-gradient":""}},"footnotes":""},"class_list":["post-434","page","type-page","status-publish","hentry"],"post_mailing_queue_ids":[],"_links":{"self":[{"href":"https:\/\/agora.xtec.cat\/iessert\/wp-json\/wp\/v2\/pages\/434","targetHints":{"allow":["GET"]}}],"collection":[{"href":"https:\/\/agora.xtec.cat\/iessert\/wp-json\/wp\/v2\/pages"}],"about":[{"href":"https:\/\/agora.xtec.cat\/iessert\/wp-json\/wp\/v2\/types\/page"}],"author":[{"embeddable":true,"href":"https:\/\/agora.xtec.cat\/iessert\/wp-json\/wp\/v2\/users\/1"}],"replies":[{"embeddable":true,"href":"https:\/\/agora.xtec.cat\/iessert\/wp-json\/wp\/v2\/comments?post=434"}],"version-history":[{"count":6,"href":"https:\/\/agora.xtec.cat\/iessert\/wp-json\/wp\/v2\/pages\/434\/revisions"}],"predecessor-version":[{"id":10456,"href":"https:\/\/agora.xtec.cat\/iessert\/wp-json\/wp\/v2\/pages\/434\/revisions\/10456"}],"wp:attachment":[{"href":"https:\/\/agora.xtec.cat\/iessert\/wp-json\/wp\/v2\/media?parent=434"}],"curies":[{"name":"wp","href":"https:\/\/api.w.org\/{rel}","templated":true}]}}