{"id":366,"date":"2016-03-01T12:05:19","date_gmt":"2016-03-01T11:05:19","guid":{"rendered":"http:\/\/agora.xtec.cat\/iessert\/?page_id=366"},"modified":"2025-11-10T13:24:48","modified_gmt":"2025-11-10T12:24:48","slug":"el-centre","status":"publish","type":"page","link":"https:\/\/agora.xtec.cat\/iessert\/el-centre\/","title":{"rendered":"L&#8217;institut"},"content":{"rendered":"\n<figure class=\"wp-block-image alignright size-large is-resized is-style-default\" style=\"margin-top:0;margin-bottom:0\"><img decoding=\"async\" src=\"https:\/\/agora.xtec.cat\/iessert\/wp-content\/uploads\/usu642\/2024\/11\/44609E96-D506-4DF2-9D94-F415E1C764C6.png\" alt=\"\" style=\"object-fit:cover;width:800px;height:400px\"\/><\/figure>\n\n\n\n<p><\/p>\n\n\n\n<p><strong><span style=\"text-decoration: underline;\">Hist\u00f2ria de l\u2019Institut Josep Llu\u00eds Sert de Castelldefels&nbsp;<\/span><\/strong><br><\/p>\n\n\n\n<p><strong>Inicis i primers anys<\/strong>&nbsp;(1987-1990)<\/p>\n\n\n\n<p>L\u2019Institut Josep Llu\u00eds Sert va iniciar la seva traject\u00f2ria educativa l\u2019any 1987, centrant-se inicialment en la impartici\u00f3 d\u2019estudis de Formaci\u00f3 Professional en les especialitats d\u2019Administraci\u00f3, Mec\u00e0nica i Delineaci\u00f3. Aquesta primera etapa va consolidar el centre com una refer\u00e8ncia a Castelldefels per a la formaci\u00f3 t\u00e8cnica i professional de joves i adults.<\/p>\n\n\n\n<p><strong>Evoluci\u00f3 i ampliaci\u00f3 de l\u2019oferta educativa<\/strong><\/p>\n\n\n\n<p>Amb el pas dels anys, l\u2019institut va ampliar la seva oferta educativa, incorporant l\u2019Educaci\u00f3 Secund\u00e0ria Obligat\u00f2ria (ESO), el Batxillerat i, m\u00e9s recentment, el programa Batxibac, que permet obtenir la doble titulaci\u00f3 de Batxillerat espanyol i el Baccalaur\u00e9at franc\u00e8s. Aquesta diversificaci\u00f3 ha anat acompanyada d\u2019una aposta per la innovaci\u00f3 pedag\u00f2gica i la internacionalitzaci\u00f3.<\/p>\n\n\n\n<p><strong>Internacionalitzaci\u00f3 i programes europeus<\/strong><\/p>\n\n\n\n<p>L\u2019Institut Josep Llu\u00eds Sert destaca per la seva participaci\u00f3 en programes de mobilitat internacional, especialment el programa Erasmus+, pel qual est\u00e0 acreditat per al per\u00edode 2021-2027. Aquesta aposta ha perm\u00e8s a l\u2019alumnat gaudir d\u2019experi\u00e8ncies d\u2019aprenentatge a l\u2019estranger i ha fomentat la dimensi\u00f3 europea del centre.<\/p>\n\n\n\n<p><strong>Reconeixements recents i projecci\u00f3 europea<\/strong><\/p>\n\n\n\n<p>El curs 2024-2025, l\u2019institut va ser seleccionat com a Escola Ambaixadora del Parlament Europeu, sent el primer centre de Castelldefels en obtenir aquest reconeixement. Aquesta distinci\u00f3 implica la realitzaci\u00f3 d\u2019activitats relacionades amb la Uni\u00f3 Europea, la celebraci\u00f3 del Dia d\u2019Europa i la participaci\u00f3 en tallers de simulaci\u00f3 del Parlament Europeu, consolidant el comprom\u00eds del centre amb la formaci\u00f3 ciutadana i europea de l\u2019alumnat.<\/p>\n\n\n\n<p><strong>Actualitat i perspectives<\/strong>&nbsp;<\/p>\n\n\n\n<p>Avui, l\u2019Institut Josep Llu\u00eds Sert \u00e9s un centre de refer\u00e8ncia a Castelldefels, amb una oferta educativa \u00e0mplia, una clara vocaci\u00f3 internacional i un comprom\u00eds ferm amb els valors democr\u00e0tics i europeus. El centre continua apostant per la innovaci\u00f3, la inclusi\u00f3 i la qualitat educativa, preparant els estudiants per als reptes del futur.<\/p>\n","protected":false},"excerpt":{"rendered":"<p>Hist\u00f2ria de l\u2019Institut Josep Llu\u00eds Sert de Castelldefels&nbsp; Inicis i primers anys&nbsp;(1987-1990) L\u2019Institut Josep Llu\u00eds Sert va iniciar la seva traject\u00f2ria educativa l\u2019any 1987, centrant-se inicialment en la impartici\u00f3 d\u2019estudis de Formaci\u00f3 Professional en les especialitats d\u2019Administraci\u00f3, Mec\u00e0nica i Delineaci\u00f3. Aquesta primera etapa va consolidar el centre com una refer\u00e8ncia a Castelldefels per a la [&hellip;]<\/p>\n","protected":false},"author":1,"featured_media":0,"parent":0,"menu_order":0,"comment_status":"closed","ping_status":"closed","template":"","meta":{"_bbp_topic_count":0,"_bbp_reply_count":0,"_bbp_total_topic_count":0,"_bbp_total_reply_count":0,"_bbp_voice_count":0,"_bbp_anonymous_reply_count":0,"_bbp_topic_count_hidden":0,"_bbp_reply_count_hidden":0,"_bbp_forum_subforum_count":0,"site-sidebar-layout":"default","site-content-layout":"","ast-site-content-layout":"default","site-content-style":"default","site-sidebar-style":"default","ast-global-header-display":"","ast-banner-title-visibility":"","ast-main-header-display":"","ast-hfb-above-header-display":"","ast-hfb-below-header-display":"","ast-hfb-mobile-header-display":"","site-post-title":"disabled","ast-breadcrumbs-content":"","ast-featured-img":"","footer-sml-layout":"","theme-transparent-header-meta":"","adv-header-id-meta":"","stick-header-meta":"","header-above-stick-meta":"","header-main-stick-meta":"","header-below-stick-meta":"","astra-migrate-meta-layouts":"set","ast-page-background-enabled":"default","ast-page-background-meta":{"desktop":{"background-color":"var(--ast-global-color-4)","background-image":"","background-repeat":"repeat","background-position":"center center","background-size":"auto","background-attachment":"scroll","background-type":"","background-media":"","overlay-type":"","overlay-color":"","overlay-opacity":"","overlay-gradient":""},"tablet":{"background-color":"","background-image":"","background-repeat":"repeat","background-position":"center center","background-size":"auto","background-attachment":"scroll","background-type":"","background-media":"","overlay-type":"","overlay-color":"","overlay-opacity":"","overlay-gradient":""},"mobile":{"background-color":"","background-image":"","background-repeat":"repeat","background-position":"center center","background-size":"auto","background-attachment":"scroll","background-type":"","background-media":"","overlay-type":"","overlay-color":"","overlay-opacity":"","overlay-gradient":""}},"ast-content-background-meta":{"desktop":{"background-color":"var(--ast-global-color-5)","background-image":"","background-repeat":"repeat","background-position":"center center","background-size":"auto","background-attachment":"scroll","background-type":"","background-media":"","overlay-type":"","overlay-color":"","overlay-opacity":"","overlay-gradient":""},"tablet":{"background-color":"var(--ast-global-color-5)","background-image":"","background-repeat":"repeat","background-position":"center center","background-size":"auto","background-attachment":"scroll","background-type":"","background-media":"","overlay-type":"","overlay-color":"","overlay-opacity":"","overlay-gradient":""},"mobile":{"background-color":"var(--ast-global-color-5)","background-image":"","background-repeat":"repeat","background-position":"center center","background-size":"auto","background-attachment":"scroll","background-type":"","background-media":"","overlay-type":"","overlay-color":"","overlay-opacity":"","overlay-gradient":""}},"footnotes":""},"class_list":["post-366","page","type-page","status-publish","hentry"],"post_mailing_queue_ids":[],"_links":{"self":[{"href":"https:\/\/agora.xtec.cat\/iessert\/wp-json\/wp\/v2\/pages\/366","targetHints":{"allow":["GET"]}}],"collection":[{"href":"https:\/\/agora.xtec.cat\/iessert\/wp-json\/wp\/v2\/pages"}],"about":[{"href":"https:\/\/agora.xtec.cat\/iessert\/wp-json\/wp\/v2\/types\/page"}],"author":[{"embeddable":true,"href":"https:\/\/agora.xtec.cat\/iessert\/wp-json\/wp\/v2\/users\/1"}],"replies":[{"embeddable":true,"href":"https:\/\/agora.xtec.cat\/iessert\/wp-json\/wp\/v2\/comments?post=366"}],"version-history":[{"count":7,"href":"https:\/\/agora.xtec.cat\/iessert\/wp-json\/wp\/v2\/pages\/366\/revisions"}],"predecessor-version":[{"id":10747,"href":"https:\/\/agora.xtec.cat\/iessert\/wp-json\/wp\/v2\/pages\/366\/revisions\/10747"}],"wp:attachment":[{"href":"https:\/\/agora.xtec.cat\/iessert\/wp-json\/wp\/v2\/media?parent=366"}],"curies":[{"name":"wp","href":"https:\/\/api.w.org\/{rel}","templated":true}]}}