{"id":2843,"date":"2018-01-22T18:30:31","date_gmt":"2018-01-22T17:30:31","guid":{"rendered":"http:\/\/agora.xtec.cat\/iessert\/?page_id=2843"},"modified":"2024-06-25T11:48:07","modified_gmt":"2024-06-25T09:48:07","slug":"la-revista","status":"publish","type":"page","link":"https:\/\/agora.xtec.cat\/iessert\/la-revista\/","title":{"rendered":"La Revista"},"content":{"rendered":"<p style=\"text-align: justify;\">En aquest projecte convertim les aules en redaccions d&#8217;una revista. Els alumnes treballen en grups col.laboratius per crear una revista digital en com\u00fa. A cada grup els alumnes escullen el seu rol per ser editors, il.lustradors o dissenyadors. Entre tots decideixen quin tipus d&#8217;articles volen redactar; poden escollir entre text argumentatiu en catal\u00e0, entrevista en castell\u00e0, text descriptiu en angl\u00e8s o una tira c\u00f2mica. Finalment tamb\u00e9 han de crear una activitat de mots encreuats en franc\u00e8s.<\/p>\n<p>Per veure els \u00faltims exemplars de La Revista i els titulars del dia, cliqueu als seg\u00fcents enlla\u00e7os:<\/p>\n<h4><a href=\"https:\/\/www.calameo.com\/read\/006286261e0072f61575f\">LA REVISTA n.6<\/a><\/h4>\n<h4><a href=\"https:\/\/www.calameo.com\/read\/006286261d6e992963944\">LA REVISTA n.5<\/a><\/h4>\n<h4><a href=\"https:\/\/www.calameo.com\/read\/00628626129ccf8583f6a\">LA REVISTA n.4<\/a><\/h4>\n<h4><a href=\"https:\/\/es.calameo.com\/read\/0050029359f5fc4f1c77e\">LA REVISTA n.2<\/a><\/h4>\n<h4><a href=\"https:\/\/es.calameo.com\/read\/00500293509bc69b5803a\">LA REVISTA n.1<\/a><\/h4>\n<h4><a href=\"http:\/\/agora.xtec.cat\/iessert\/categoria\/la-revista\/\">TITULARS DEL DIA<\/a><\/h4>\n","protected":false},"excerpt":{"rendered":"<p>En aquest projecte convertim les aules en redaccions d&#8217;una revista. Els alumnes treballen en grups col.laboratius per crear una revista digital en com\u00fa. A cada grup els alumnes escullen el seu rol per ser editors, il.lustradors o dissenyadors. Entre tots decideixen quin tipus d&#8217;articles volen redactar; poden escollir entre text argumentatiu en catal\u00e0, entrevista en [&hellip;]<\/p>\n","protected":false},"author":1,"featured_media":0,"parent":0,"menu_order":0,"comment_status":"closed","ping_status":"closed","template":"","meta":{"_bbp_topic_count":0,"_bbp_reply_count":0,"_bbp_total_topic_count":0,"_bbp_total_reply_count":0,"_bbp_voice_count":0,"_bbp_anonymous_reply_count":0,"_bbp_topic_count_hidden":0,"_bbp_reply_count_hidden":0,"_bbp_forum_subforum_count":0,"site-sidebar-layout":"default","site-content-layout":"","ast-site-content-layout":"","site-content-style":"default","site-sidebar-style":"default","ast-global-header-display":"","ast-banner-title-visibility":"","ast-main-header-display":"","ast-hfb-above-header-display":"","ast-hfb-below-header-display":"","ast-hfb-mobile-header-display":"","site-post-title":"","ast-breadcrumbs-content":"","ast-featured-img":"","footer-sml-layout":"","theme-transparent-header-meta":"","adv-header-id-meta":"","stick-header-meta":"","header-above-stick-meta":"","header-main-stick-meta":"","header-below-stick-meta":"","astra-migrate-meta-layouts":"default","ast-page-background-enabled":"default","ast-page-background-meta":{"desktop":{"background-color":"var(--ast-global-color-4)","background-image":"","background-repeat":"repeat","background-position":"center center","background-size":"auto","background-attachment":"scroll","background-type":"","background-media":"","overlay-type":"","overlay-color":"","overlay-opacity":"","overlay-gradient":""},"tablet":{"background-color":"","background-image":"","background-repeat":"repeat","background-position":"center center","background-size":"auto","background-attachment":"scroll","background-type":"","background-media":"","overlay-type":"","overlay-color":"","overlay-opacity":"","overlay-gradient":""},"mobile":{"background-color":"","background-image":"","background-repeat":"repeat","background-position":"center center","background-size":"auto","background-attachment":"scroll","background-type":"","background-media":"","overlay-type":"","overlay-color":"","overlay-opacity":"","overlay-gradient":""}},"ast-content-background-meta":{"desktop":{"background-color":"var(--ast-global-color-5)","background-image":"","background-repeat":"repeat","background-position":"center center","background-size":"auto","background-attachment":"scroll","background-type":"","background-media":"","overlay-type":"","overlay-color":"","overlay-opacity":"","overlay-gradient":""},"tablet":{"background-color":"var(--ast-global-color-5)","background-image":"","background-repeat":"repeat","background-position":"center center","background-size":"auto","background-attachment":"scroll","background-type":"","background-media":"","overlay-type":"","overlay-color":"","overlay-opacity":"","overlay-gradient":""},"mobile":{"background-color":"var(--ast-global-color-5)","background-image":"","background-repeat":"repeat","background-position":"center center","background-size":"auto","background-attachment":"scroll","background-type":"","background-media":"","overlay-type":"","overlay-color":"","overlay-opacity":"","overlay-gradient":""}},"footnotes":""},"class_list":["post-2843","page","type-page","status-publish","hentry"],"post_mailing_queue_ids":[],"_links":{"self":[{"href":"https:\/\/agora.xtec.cat\/iessert\/wp-json\/wp\/v2\/pages\/2843","targetHints":{"allow":["GET"]}}],"collection":[{"href":"https:\/\/agora.xtec.cat\/iessert\/wp-json\/wp\/v2\/pages"}],"about":[{"href":"https:\/\/agora.xtec.cat\/iessert\/wp-json\/wp\/v2\/types\/page"}],"author":[{"embeddable":true,"href":"https:\/\/agora.xtec.cat\/iessert\/wp-json\/wp\/v2\/users\/1"}],"replies":[{"embeddable":true,"href":"https:\/\/agora.xtec.cat\/iessert\/wp-json\/wp\/v2\/comments?post=2843"}],"version-history":[{"count":7,"href":"https:\/\/agora.xtec.cat\/iessert\/wp-json\/wp\/v2\/pages\/2843\/revisions"}],"predecessor-version":[{"id":9301,"href":"https:\/\/agora.xtec.cat\/iessert\/wp-json\/wp\/v2\/pages\/2843\/revisions\/9301"}],"wp:attachment":[{"href":"https:\/\/agora.xtec.cat\/iessert\/wp-json\/wp\/v2\/media?parent=2843"}],"curies":[{"name":"wp","href":"https:\/\/api.w.org\/{rel}","templated":true}]}}