{"id":10233,"date":"2025-04-24T09:22:05","date_gmt":"2025-04-24T07:22:05","guid":{"rendered":"https:\/\/agora.xtec.cat\/iessert\/?page_id=10233"},"modified":"2025-10-13T14:02:09","modified_gmt":"2025-10-13T12:02:09","slug":"erasmus","status":"publish","type":"page","link":"https:\/\/agora.xtec.cat\/iessert\/erasmus\/","title":{"rendered":"ERASMUS+"},"content":{"rendered":"\n<p>A continuaci\u00f3 podeu consultar les not\u00edcies relacionades amb l&#8217;Erasmus+ i el Bloc Erasmus+ amb informaci\u00f3 rellevant sobre el programa i les mobilitats.<\/p>\n\n\n\n<p class=\"has-medium-font-size\">\u2b50<strong><a href=\"https:\/\/agora.xtec.cat\/iessert\/categoria\/erasmus-2021-27\/\">Not\u00edcies Erasmus+ al Sert<\/a><\/strong><\/p>\n\n\n\n<p class=\"has-medium-font-size\">\u2b50<strong><a href=\"https:\/\/sites.google.com\/xtec.cat\/ins-josep-lluis-sert?usp=sharing\">Bloc Erasmus+<\/a><\/strong><\/p>\n\n\n\n<figure class=\"wp-block-image aligncenter size-large is-resized\"><a href=\"https:\/\/agora.xtec.cat\/iessert\/wp-content\/uploads\/usu642\/2025\/10\/Erasmus_Logo.svg.png\"><img loading=\"lazy\" decoding=\"async\" width=\"1024\" height=\"293\" src=\"https:\/\/agora.xtec.cat\/iessert\/wp-content\/uploads\/usu642\/2025\/10\/Erasmus_Logo.svg-1024x293.png\" alt=\"\" class=\"wp-image-10672\" style=\"width:787px;height:auto\" srcset=\"https:\/\/agora.xtec.cat\/iessert\/wp-content\/uploads\/usu642\/2025\/10\/Erasmus_Logo.svg-1024x293.png 1024w, https:\/\/agora.xtec.cat\/iessert\/wp-content\/uploads\/usu642\/2025\/10\/Erasmus_Logo.svg-300x86.png 300w, https:\/\/agora.xtec.cat\/iessert\/wp-content\/uploads\/usu642\/2025\/10\/Erasmus_Logo.svg-768x220.png 768w, https:\/\/agora.xtec.cat\/iessert\/wp-content\/uploads\/usu642\/2025\/10\/Erasmus_Logo.svg-1536x440.png 1536w, https:\/\/agora.xtec.cat\/iessert\/wp-content\/uploads\/usu642\/2025\/10\/Erasmus_Logo.svg-2048x586.png 2048w\" sizes=\"auto, (max-width: 1024px) 100vw, 1024px\" \/><\/a><\/figure>\n","protected":false},"excerpt":{"rendered":"<p>A continuaci\u00f3 podeu consultar les not\u00edcies relacionades amb l&#8217;Erasmus+ i el Bloc Erasmus+ amb informaci\u00f3 rellevant sobre el programa i les mobilitats. \u2b50Not\u00edcies Erasmus+ al Sert \u2b50Bloc Erasmus+<\/p>\n","protected":false},"author":1,"featured_media":0,"parent":0,"menu_order":0,"comment_status":"closed","ping_status":"close","template":"","meta":{"_bbp_topic_count":0,"_bbp_reply_count":0,"_bbp_total_topic_count":0,"_bbp_total_reply_count":0,"_bbp_voice_count":0,"_bbp_anonymous_reply_count":0,"_bbp_topic_count_hidden":0,"_bbp_reply_count_hidden":0,"_bbp_forum_subforum_count":0,"site-sidebar-layout":"default","site-content-layout":"","ast-site-content-layout":"default","site-content-style":"default","site-sidebar-style":"default","ast-global-header-display":"","ast-banner-title-visibility":"","ast-main-header-display":"","ast-hfb-above-header-display":"","ast-hfb-below-header-display":"","ast-hfb-mobile-header-display":"","site-post-title":"","ast-breadcrumbs-content":"","ast-featured-img":"","footer-sml-layout":"","theme-transparent-header-meta":"","adv-header-id-meta":"","stick-header-meta":"","header-above-stick-meta":"","header-main-stick-meta":"","header-below-stick-meta":"","astra-migrate-meta-layouts":"set","ast-page-background-enabled":"default","ast-page-background-meta":{"desktop":{"background-color":"var(--ast-global-color-4)","background-image":"","background-repeat":"repeat","background-position":"center center","background-size":"auto","background-attachment":"scroll","background-type":"","background-media":"","overlay-type":"","overlay-color":"","overlay-opacity":"","overlay-gradient":""},"tablet":{"background-color":"","background-image":"","background-repeat":"repeat","background-position":"center center","background-size":"auto","background-attachment":"scroll","background-type":"","background-media":"","overlay-type":"","overlay-color":"","overlay-opacity":"","overlay-gradient":""},"mobile":{"background-color":"","background-image":"","background-repeat":"repeat","background-position":"center center","background-size":"auto","background-attachment":"scroll","background-type":"","background-media":"","overlay-type":"","overlay-color":"","overlay-opacity":"","overlay-gradient":""}},"ast-content-background-meta":{"desktop":{"background-color":"var(--ast-global-color-5)","background-image":"","background-repeat":"repeat","background-position":"center center","background-size":"auto","background-attachment":"scroll","background-type":"","background-media":"","overlay-type":"","overlay-color":"","overlay-opacity":"","overlay-gradient":""},"tablet":{"background-color":"var(--ast-global-color-5)","background-image":"","background-repeat":"repeat","background-position":"center center","background-size":"auto","background-attachment":"scroll","background-type":"","background-media":"","overlay-type":"","overlay-color":"","overlay-opacity":"","overlay-gradient":""},"mobile":{"background-color":"var(--ast-global-color-5)","background-image":"","background-repeat":"repeat","background-position":"center center","background-size":"auto","background-attachment":"scroll","background-type":"","background-media":"","overlay-type":"","overlay-color":"","overlay-opacity":"","overlay-gradient":""}},"footnotes":""},"class_list":["post-10233","page","type-page","status-publish","hentry"],"post_mailing_queue_ids":[],"_links":{"self":[{"href":"https:\/\/agora.xtec.cat\/iessert\/wp-json\/wp\/v2\/pages\/10233","targetHints":{"allow":["GET"]}}],"collection":[{"href":"https:\/\/agora.xtec.cat\/iessert\/wp-json\/wp\/v2\/pages"}],"about":[{"href":"https:\/\/agora.xtec.cat\/iessert\/wp-json\/wp\/v2\/types\/page"}],"author":[{"embeddable":true,"href":"https:\/\/agora.xtec.cat\/iessert\/wp-json\/wp\/v2\/users\/1"}],"replies":[{"embeddable":true,"href":"https:\/\/agora.xtec.cat\/iessert\/wp-json\/wp\/v2\/comments?post=10233"}],"version-history":[{"count":5,"href":"https:\/\/agora.xtec.cat\/iessert\/wp-json\/wp\/v2\/pages\/10233\/revisions"}],"predecessor-version":[{"id":10673,"href":"https:\/\/agora.xtec.cat\/iessert\/wp-json\/wp\/v2\/pages\/10233\/revisions\/10673"}],"wp:attachment":[{"href":"https:\/\/agora.xtec.cat\/iessert\/wp-json\/wp\/v2\/media?parent=10233"}],"curies":[{"name":"wp","href":"https:\/\/api.w.org\/{rel}","templated":true}]}}