{"id":953,"date":"2020-04-12T14:20:00","date_gmt":"2020-04-12T12:20:00","guid":{"rendered":"https:\/\/agora.xtec.cat\/iesserreta\/?page_id=953"},"modified":"2020-04-12T14:33:10","modified_gmt":"2020-04-12T12:33:10","slug":"missio-visio-valors","status":"publish","type":"page","link":"https:\/\/agora.xtec.cat\/iesserreta\/linstitut\/missio-visio-valors\/","title":{"rendered":"Una manera de veure&#8230;"},"content":{"rendered":"<h1>Missi\u00f3<\/h1>\n<p>L\u2019 Institut com a centre p\u00fablic del Departament d\u2019Ensenyament projecta la normativa i instruccions que estableix aquest dins del marc d\u2019autonomia que li permet. Amb projecte educatiu propi i valors ben definits facilita ser un centre obert, pluralista i democr\u00e0tic, inserit en el nostre municipi, al servei d\u2019una educaci\u00f3 integradora que fomenta els diversos \u00e0mbits de cada persona: l\u2019autoestima, l\u2019autonomia, el rigor cient\u00edfic, la toler\u00e0ncia i el respecte aix\u00ed com el desenvolupament d\u2019aprenentatges.<\/p>\n<h1>Visi\u00f3<\/h1>\n<p>L\u2019 Institut vol ser:<\/p>\n<ul>\n<li>Una comunitat educativa de car\u00e0cter inclusiu i fortament arrelada al nostre municipi i comarca.<\/li>\n<li>Un centre de refer\u00e8ncia educativa amb iniciativa i dinamisme, que educa i forma persones, sensible a les noves tecnologies, reconegut i percebut d\u2019aquesta manera per la societat.<\/li>\n<li>Un Institut orientat cap a l\u2019excel\u00b7l\u00e8ncia educativa basat en una cultura de qualitat, d\u2019esfor\u00e7 i d\u2019innovaci\u00f3, amb capacitat d\u2019adaptaci\u00f3, obert i integrat al seu entorn sociocultural, econ\u00f2mic i sectorial.<\/li>\n<li>Un Centre de Refer\u00e8ncia de la fam\u00edlia Professional de Serveis Socioculturals i a la Comunitat per a la comarca i arreu de Catalunya, Integral en la formaci\u00f3 inicial, ocupacional i cont\u00ednua i Experimental de noves qualificacions que sorgeixen a la nostra societat en un sector que dia a dia t\u00e9 m\u00e9s demanda.<\/li>\n<li>Un Centre de Refer\u00e8ncia de la fam\u00edlia Professional d\u2019Imatge Personal per a la comarca reconegut i amb projecci\u00f3 al sector.<\/li>\n<\/ul>\n<h1>Valors<\/h1>\n<p>Els valors del nostre Institut, definits al Projecte Educatiu de Centre, s\u00f3n:<\/p>\n<p>L\u2019Institut es defineix com integrador, no discriminatori, democr\u00e0tic, laic, catal\u00e0, progressista, respectu\u00f3s amb totes les cultures i ideologies en el marc de la conviv\u00e8ncia democr\u00e0tica.<\/p>\n<p>Est\u00e0 implicat en la millora de la qualitat dels ensenyaments i serveis que proporciona a l\u2019alumnat, i vetlla perqu\u00e8 la relaci\u00f3 entre les persones de la nostra comunitat educativa estigui fonamentada en la toler\u00e0ncia, la llibertat, la responsabilitat, la inclusi\u00f3, el di\u00e0leg i el respecte pel medi ambient.<\/p>\n","protected":false},"excerpt":{"rendered":"<p>Missi\u00f3<br \/>\nL\u2019 Institut com a centre p\u00fablic del Departament d\u2019Ensenyament projecta la normativa i instruccions que estableix aquest dins del marc d\u2019autonomia que li permet. Amb projecte educatiu propi i valors ben definits facilita ser un centre obert, pluralista i democr\u00e0tic, inserit en el nostre municipi,&hellip;  <a href=\"https:\/\/agora.xtec.cat\/iesserreta\/linstitut\/missio-visio-valors\/\" title=\"Read Una manera de veure&#8230;\">Llegeix m\u00e9s\u00bb<\/a><\/p>\n","protected":false},"author":3,"featured_media":0,"parent":19,"menu_order":10,"comment_status":"closed","ping_status":"closed","template":"page-templates\/side-menu.php","meta":{"_bbp_topic_count":0,"_bbp_reply_count":0,"_bbp_total_topic_count":0,"_bbp_total_reply_count":0,"_bbp_voice_count":0,"_bbp_anonymous_reply_count":0,"_bbp_topic_count_hidden":0,"_bbp_reply_count_hidden":0,"_bbp_forum_subforum_count":0,"footnotes":""},"class_list":["post-953","page","type-page","status-publish","hentry"],"post_mailing_queue_ids":[],"_links":{"self":[{"href":"https:\/\/agora.xtec.cat\/iesserreta\/wp-json\/wp\/v2\/pages\/953","targetHints":{"allow":["GET"]}}],"collection":[{"href":"https:\/\/agora.xtec.cat\/iesserreta\/wp-json\/wp\/v2\/pages"}],"about":[{"href":"https:\/\/agora.xtec.cat\/iesserreta\/wp-json\/wp\/v2\/types\/page"}],"author":[{"embeddable":true,"href":"https:\/\/agora.xtec.cat\/iesserreta\/wp-json\/wp\/v2\/users\/3"}],"replies":[{"embeddable":true,"href":"https:\/\/agora.xtec.cat\/iesserreta\/wp-json\/wp\/v2\/comments?post=953"}],"version-history":[{"count":3,"href":"https:\/\/agora.xtec.cat\/iesserreta\/wp-json\/wp\/v2\/pages\/953\/revisions"}],"predecessor-version":[{"id":960,"href":"https:\/\/agora.xtec.cat\/iesserreta\/wp-json\/wp\/v2\/pages\/953\/revisions\/960"}],"up":[{"embeddable":true,"href":"https:\/\/agora.xtec.cat\/iesserreta\/wp-json\/wp\/v2\/pages\/19"}],"wp:attachment":[{"href":"https:\/\/agora.xtec.cat\/iesserreta\/wp-json\/wp\/v2\/media?parent=953"}],"curies":[{"name":"wp","href":"https:\/\/api.w.org\/{rel}","templated":true}]}}