{"id":81,"date":"2014-09-18T10:38:05","date_gmt":"2014-09-18T10:38:05","guid":{"rendered":"http:\/\/agora.xtec.cat\/iesserreta\/?page_id=81"},"modified":"2026-04-08T09:50:31","modified_gmt":"2026-04-08T07:50:31","slug":"secretaria","status":"publish","type":"page","link":"https:\/\/agora.xtec.cat\/iesserreta\/documentacio-gestio\/secretaria\/","title":{"rendered":"Secretaria, tr\u00e0mits i gestions"},"content":{"rendered":"<h4>Contacte:<\/h4>\n<p><a href=\"mailto:secretaria@serreta.cat\"><span style=\"font-size: 14pt;\">secretaria@serreta.cat <\/span><\/a><span style=\"font-size: 14pt;\"><span style=\"color: #000000;\">(aquest correu \u00e9s exclusiu per a tr\u00e0mits acad\u00e8mics, per a avisos per sortir abans, sortides m\u00e8diques, etc. feu servir <a href=\"mailto:consergeria@serreta.cat\">consergeria@serreta.cat<\/a>)<\/span><\/span><\/p>\n<h4>Horari de Secretaria del centre:<\/h4>\n<p><span style=\"font-size: 14pt;\">L&#8217;activitat administrativa t\u00e9 el seg\u00fcent horari d&#8217;atenci\u00f3 al p\u00fablic:<\/span><\/p>\n<p><span style=\"font-size: 14pt;\">Juny, juliol i setembre:<\/span><\/p>\n<p style=\"padding-left: 40px;\"><span style=\"font-size: 14pt;\"><strong>de dilluns a divendres<\/strong>: de <strong>9.00<\/strong> a <strong>13.00<\/strong><\/span><\/p>\n<p><span style=\"font-size: 14pt;\">D\u2019octubre a maig:<\/span><\/p>\n<p style=\"padding-left: 40px;\"><span style=\"font-size: 14pt;\">matins <strong>de dilluns a divendres<\/strong>: de <strong>9.00<\/strong> a <strong>13.00.<\/strong><\/span><\/p>\n<p style=\"padding-left: 40px;\"><span style=\"font-size: 14pt;\">tardes <strong>dilluns, dimarts i dijous<\/strong>: de <strong>15.00<\/strong> a <strong>18.00.<\/strong><\/span><\/p>\n<hr \/>\n<ul>\n<li><span style=\"font-size: 14pt;\"><a href=\"https:\/\/agora.xtec.cat\/iesserreta\/queixes-i-suggeriments\/\">B\u00fastia de demandes queixes, suggeriments i felicitacions&#8230;<\/a><\/span><span style=\"font-size: 14pt;\"><br \/>\n<\/span><\/li>\n<\/ul>\n","protected":false},"excerpt":{"rendered":"<p>Contacte:<br \/>\n<a href=\"mailto:secretaria@serreta.cat\">secretaria@serreta.cat <\/a>(aquest correu \u00e9s exclusiu per a tr\u00e0mits acad\u00e8mics, per a avisos per sortir abans, sortides m\u00e8diques, etc. feu servir <a href=\"mailto:consergeria@serreta.cat\">consergeria@serreta.cat<\/a>)<br \/>\nHorari de Secretaria del centre:<br \/>\nL&#8217;activitat administrativa t\u00e9 el seg\u00fcent horari d&#8217;atenci\u00f3 al p\u00fablic:<br \/>\nJuny, juliol i setembre:<br \/>\nde dilluns a divendres: de 9.00 a 13.00<br \/>\nD\u2019octubre&hellip;  <a href=\"https:\/\/agora.xtec.cat\/iesserreta\/documentacio-gestio\/secretaria\/\" title=\"Read Secretaria, tr\u00e0mits i gestions\">Llegeix m\u00e9s\u00bb<\/a><\/p>\n","protected":false},"author":1,"featured_media":0,"parent":1049,"menu_order":60,"comment_status":"closed","ping_status":"closed","template":"page-templates\/side-menu.php","meta":{"_bbp_topic_count":0,"_bbp_reply_count":0,"_bbp_total_topic_count":0,"_bbp_total_reply_count":0,"_bbp_voice_count":0,"_bbp_anonymous_reply_count":0,"_bbp_topic_count_hidden":0,"_bbp_reply_count_hidden":0,"_bbp_forum_subforum_count":0,"footnotes":""},"class_list":["post-81","page","type-page","status-publish","hentry"],"post_mailing_queue_ids":[],"_links":{"self":[{"href":"https:\/\/agora.xtec.cat\/iesserreta\/wp-json\/wp\/v2\/pages\/81","targetHints":{"allow":["GET"]}}],"collection":[{"href":"https:\/\/agora.xtec.cat\/iesserreta\/wp-json\/wp\/v2\/pages"}],"about":[{"href":"https:\/\/agora.xtec.cat\/iesserreta\/wp-json\/wp\/v2\/types\/page"}],"author":[{"embeddable":true,"href":"https:\/\/agora.xtec.cat\/iesserreta\/wp-json\/wp\/v2\/users\/1"}],"replies":[{"embeddable":true,"href":"https:\/\/agora.xtec.cat\/iesserreta\/wp-json\/wp\/v2\/comments?post=81"}],"version-history":[{"count":8,"href":"https:\/\/agora.xtec.cat\/iesserreta\/wp-json\/wp\/v2\/pages\/81\/revisions"}],"predecessor-version":[{"id":6781,"href":"https:\/\/agora.xtec.cat\/iesserreta\/wp-json\/wp\/v2\/pages\/81\/revisions\/6781"}],"up":[{"embeddable":true,"href":"https:\/\/agora.xtec.cat\/iesserreta\/wp-json\/wp\/v2\/pages\/1049"}],"wp:attachment":[{"href":"https:\/\/agora.xtec.cat\/iesserreta\/wp-json\/wp\/v2\/media?parent=81"}],"curies":[{"name":"wp","href":"https:\/\/api.w.org\/{rel}","templated":true}]}}