{"id":5223,"date":"2023-04-21T16:10:44","date_gmt":"2023-04-21T14:10:44","guid":{"rendered":"https:\/\/agora.xtec.cat\/iesserreta\/?page_id=5223"},"modified":"2026-04-30T11:08:50","modified_gmt":"2026-04-30T09:08:50","slug":"preinscripcio-i-matricula-dates-llistes-oferta-barems","status":"publish","type":"page","link":"https:\/\/agora.xtec.cat\/iesserreta\/preinscripcio-i-matricula-dates-llistes-oferta-barems\/","title":{"rendered":"Preinscripci\u00f3 i matr\u00edcula: dates, llistes, oferta, barems&#8230;"},"content":{"rendered":"<p style=\"text-align: left;\"><span style=\"font-size: 14pt;\">Aqu\u00ed trobareu les dates importants de la preinscripci\u00f3 d&#8217;ESO, Batxillerat i Cicles per al curs 2026-2027. Tamb\u00e9 anireu trobant enlla\u00e7os a les llistes, ofertes de places, etc. <strong>(<a href=\"https:\/\/preinscripcio.gencat.cat\/ca\/inici\/\">M\u00e9s informaci\u00f3 sobre el proc\u00e9s de preinscripci\u00f3<\/a>)<\/strong><\/span><\/p>\n<p>Feu clic per anar directament a la secci\u00f3:<\/p>\n<p style=\"padding-left: 40px;\"><a href=\"https:\/\/agora.xtec.cat\/iesserreta\/preinscripcio-i-matricula-dates-llistes-oferta-barems\/#ESO\"><span style=\"font-size: 14pt;\">ESO<\/span><\/a><\/p>\n<p style=\"padding-left: 40px;\"><a href=\"https:\/\/agora.xtec.cat\/iesserreta\/preinscripcio-i-matricula-dates-llistes-oferta-barems\/#batxillerat\"><span style=\"font-size: 14pt;\">Batxillerat<\/span><\/a><\/p>\n<p style=\"padding-left: 40px;\"><a href=\"https:\/\/agora.xtec.cat\/iesserreta\/preinscripcio-i-matricula-dates-llistes-oferta-barems\/#cfgm\"><span style=\"font-size: 14pt;\">Cicles Formatius de Grau Mitj\u00e0<\/span><\/a><\/p>\n<p style=\"padding-left: 40px;\"><a href=\"https:\/\/agora.xtec.cat\/iesserreta\/preinscripcio-i-matricula-dates-llistes-oferta-barems\/#cfgs\"><span style=\"font-size: 14pt;\">Cicles Formatius de Grau Superior<\/span><\/a><\/p>\n<p style=\"padding-left: 40px;\"><span style=\"font-size: 14pt;\"><a href=\"https:\/\/agora.xtec.cat\/iesserreta\/preinscripcio-i-matricula-dates-llistes-oferta-barems\/#pfi\">PFI<\/a><\/span><\/p>\n<h1><span style=\"font-size: 18pt;\"><strong><a id=\"ESO\"><\/a>EDUCACI\u00d3 SECUND\u00c0RIA OBLIGAT\u00d2RIA (ESO)<\/strong><\/span><\/h1>\n<table style=\"width: 100%;\">\n<tbody>\n<tr>\n<td style=\"width: 68.4807%;\"><b>Fases de la preinscripci\u00f3\u00a0<\/b><\/td>\n<td style=\"width: 29.7052%;\"><b>Dates<\/b><\/td>\n<\/tr>\n<tr>\n<td style=\"width: 68.4807%;\"><a href=\"https:\/\/agora.xtec.cat\/iesserreta\/wp-content\/uploads\/usu2147\/2026\/03\/oferta-inicial-eso-la-serreta-2026-2027.png\">Publicaci\u00f3 de l&#8217;oferta inicial<\/a><span style=\"font-weight: 400;\"><br \/>\n<\/span><\/td>\n<td style=\"width: 29.7052%;\">3 de mar\u00e7<\/td>\n<\/tr>\n<tr>\n<td style=\"width: 68.4807%;\"><span style=\"font-weight: 400;\">Presentaci\u00f3 i\/o modificaci\u00f3 de sol\u00b7licituds\u00a0<\/span><\/td>\n<td style=\"width: 29.7052%;\">del 6 al 18 de mar\u00e7 de 2026<\/td>\n<\/tr>\n<tr>\n<td style=\"width: 68.4807%;\"><span style=\"font-weight: 400;\">Presentaci\u00f3 de documentaci\u00f3\u00a0<\/span><\/td>\n<td style=\"width: 29.7052%;\">fins al 19 de mar\u00e7 de 2026<\/td>\n<\/tr>\n<tr>\n<td style=\"width: 68.4807%;\"><a href=\"https:\/\/agora.xtec.cat\/iesserreta\/wp-content\/uploads\/usu2147\/2026\/04\/INFORME_BAREM_PROVISIONAL_BAREM.pdf\"><span style=\"font-weight: 400;\">Publicaci\u00f3 de la llista de sol\u00b7licituds amb la puntuaci\u00f3 provisional.<\/span><\/a><\/td>\n<td style=\"width: 29.7052%;\">15 d&#8217;abril de 2026<\/td>\n<\/tr>\n<tr>\n<td style=\"width: 68.4807%;\"><span style=\"font-weight: 400;\">Presentaci\u00f3 de reclamacions a la llista amb la puntuaci\u00f3 provisional\u00a0<\/span><\/td>\n<td style=\"width: 29.7052%;\">del 15 al 20 d&#8217;abril de 2026<\/td>\n<\/tr>\n<tr>\n<td style=\"width: 68.4807%;\"><a href=\"https:\/\/agora.xtec.cat\/iesserreta\/wp-content\/uploads\/usu2147\/2026\/04\/INFORME_BAREM_RESOLTES_BAREM.pdf\"><span style=\"font-weight: 400;\">Publicaci\u00f3 de la llista amb la puntuaci\u00f3, resoltes les reclamacions\u00a0<\/span><\/a><\/td>\n<td style=\"width: 29.7052%;\">23 d&#8217;abril de 2026<\/td>\n<\/tr>\n<tr>\n<td style=\"width: 68.4807%;\"><span style=\"font-weight: 400;\">Sorteig\u00a0<\/span><\/td>\n<td style=\"width: 29.7052%;\">28 d&#8217;abril de 2026 a les 11h<\/td>\n<\/tr>\n<tr>\n<td style=\"width: 68.4807%;\">Ampliaci\u00f3 de peticions de preinscripci\u00f3 per a alumnes sense pla\u00e7a assignada a cap centre<span style=\"font-weight: 400;\"><br \/>\n<\/span><\/td>\n<td style=\"width: 29.7052%;\">De l\u20191 al 3 de juny de 2026<\/td>\n<\/tr>\n<tr>\n<td style=\"width: 68.4807%;\"><a href=\"https:\/\/agora.xtec.cat\/iesserreta\/wp-content\/uploads\/usu2147\/2026\/04\/INFORME_BAREM_DEFINITIU_BAREM.pdf\"><span style=\"font-weight: 400;\">Publicaci\u00f3 de la llista ordenada\u00a0<\/span><\/a><\/td>\n<td style=\"width: 29.7052%;\">29 d&#8217;abril de 2026<\/td>\n<\/tr>\n<tr>\n<td style=\"width: 68.4807%;\"><span style=\"font-weight: 400;\">Publicaci\u00f3 de l&#8217;oferta final<\/span><\/td>\n<td style=\"width: 29.7052%;\">10 de juny de 2026<\/td>\n<\/tr>\n<tr>\n<td style=\"width: 68.4807%;\"><span style=\"font-weight: 400;\">Publicaci\u00f3 de la llista d&#8217;admesos i la llista d&#8217;espera<\/span><\/p>\n<ul style=\"list-style-type: circle;\">\n<li><span style=\"font-size: 14pt;\">Llistat de preinscrits.<\/span><\/li>\n<li><span style=\"font-size: 14pt;\">Llistat de places assignades.<\/span><\/li>\n<li><span style=\"font-size: 14pt;\">Llista d&#8217;espera.<\/span><\/li>\n<\/ul>\n<p>+ Informaci\u00f3.<\/td>\n<td style=\"width: 29.7052%;\">10 de juny de 2026<\/td>\n<\/tr>\n<tr>\n<td style=\"width: 68.4807%;\"><strong>Per\u00edode de matriculaci\u00f3\u00a0<\/strong><\/td>\n<td style=\"width: 29.7052%;\">del\u00a022 al 30 de juny de 2026<\/td>\n<\/tr>\n<\/tbody>\n<\/table>\n<p>M\u00e9s informaci\u00f3 sobre el tr\u00e0mit a <a href=\"https:\/\/preinscripcio.gencat.cat\/ca\/inici\/\">Preinscripci\u00f3<\/a>.<\/p>\n<p style=\"text-align: justify;\">\u200bU\u200bs recomanem no imprimir aquests calendaris i consultar-los\u00a0en l\u00ednia, per si hi ha \u200b\u200bmodificacions al llarg del procediment.\u200b<\/p>\n<hr \/>\n<h1><span style=\"font-size: 18pt;\"><strong><a id=\"batxillerat\"><\/a>BATXILLERAT<\/strong><\/span><\/h1>\n<table style=\"width: 48.2259%; height: 685px;\">\n<tbody>\n<tr style=\"height: 33px;\">\n<td style=\"height: 33px; width: 35.5539%;\"><b>Fases de la preinscripci\u00f3\u00a0<\/b><\/td>\n<td style=\"height: 33px; width: 12.1651%;\"><b>Dates<\/b><\/td>\n<\/tr>\n<tr style=\"height: 33px;\">\n<td style=\"height: 33px; width: 35.5539%;\"><a href=\"https:\/\/agora.xtec.cat\/iesserreta\/wp-content\/uploads\/usu2147\/2026\/04\/oferta-inicial-de-places-batxillerat-la-serreta-2026-2027.png\">Publicaci\u00f3 de l&#8217;oferta inicial<\/a><\/td>\n<td style=\"height: 33px; width: 12.1651%;\">8 d&#8217;abril de 2026<\/td>\n<\/tr>\n<tr style=\"height: 49px;\">\n<td style=\"height: 49px; width: 35.5539%;\">Presentaci\u00f3 de sol\u00b7licituds<\/td>\n<td style=\"height: 49px; width: 12.1651%;\">del 9 al 16 d&#8217;abril de 2026<\/td>\n<\/tr>\n<tr style=\"height: 49px;\">\n<td style=\"height: 49px; width: 35.5539%;\"><span style=\"font-weight: 400;\">Presentaci\u00f3 de documentaci\u00f3\u00a0<\/span><\/td>\n<td style=\"height: 49px; width: 12.1651%;\">Fins al 17 d&#8217;abril de 2026<\/td>\n<\/tr>\n<tr style=\"height: 49px;\">\n<td style=\"height: 49px; width: 35.5539%;\"><span style=\"font-weight: 400;\">Publicaci\u00f3 de la llista de sol\u00b7licituds amb la puntuaci\u00f3 provisional\u00a0<\/span><\/td>\n<td style=\"height: 49px; width: 12.1651%;\">14 de maig de 2026<\/td>\n<\/tr>\n<tr style=\"height: 49px;\">\n<td style=\"height: 49px; width: 35.5539%;\"><span style=\"font-weight: 400;\">Presentaci\u00f3 de reclamacions al barem provisional\u00a0<\/span><\/td>\n<td style=\"height: 49px; width: 12.1651%;\">del 14 al 20 de maig de 2026<\/td>\n<\/tr>\n<tr style=\"height: 49px;\">\n<td style=\"height: 49px; width: 35.5539%;\"><span style=\"font-weight: 400;\">Publicaci\u00f3 de la llista amb la puntuaci\u00f3 un cop resoltes les reclamacions + Sorteig (n\u00famero de desempat)<\/span><\/td>\n<td style=\"height: 49px; width: 12.1651%;\">26 de maig de 2026<\/td>\n<\/tr>\n<tr style=\"height: 33px;\">\n<td style=\"height: 33px; width: 35.5539%;\"><span style=\"font-weight: 400;\">Publicaci\u00f3 de la llista ordenada\u00a0<\/span><\/td>\n<td style=\"height: 33px; width: 12.1651%;\">29 de maig de 2026<\/td>\n<\/tr>\n<tr style=\"height: 33px;\">\n<td style=\"height: 33px; width: 35.5539%;\"><span style=\"font-weight: 400;\">Publicaci\u00f3 oferta final\u00a0<\/span><\/td>\n<td style=\"height: 33px; width: 12.1651%;\">17 de juny de 2026<\/td>\n<\/tr>\n<tr style=\"height: 227px;\">\n<td style=\"height: 227px; width: 35.5539%;\"><span style=\"font-weight: 400;\">Publicaci\u00f3 de la llista d&#8217;admesos i la llista d&#8217;espera\u00a0<\/span><\/p>\n<ul style=\"list-style-type: circle;\">\n<li><span style=\"font-size: 14pt;\">Llistat de preinscrits.<\/span><\/li>\n<li><span style=\"font-size: 14pt;\">Llistat de places assignades.<\/span><\/li>\n<li><span style=\"font-size: 14pt;\">Llista d&#8217;espera.<\/span><\/li>\n<\/ul>\n<p>+ Informaci\u00f3.<\/td>\n<td style=\"height: 227px; width: 12.1651%;\">17 de juny de 2026<\/td>\n<\/tr>\n<tr style=\"height: 48px;\">\n<td style=\"height: 48px; width: 35.5539%;\"><strong>Per\u00edode de matriculaci\u00f3\u00a0<\/strong><\/td>\n<td style=\"height: 48px; width: 12.1651%;\">Del 18 al 30 de juny de 2026<\/td>\n<\/tr>\n<\/tbody>\n<\/table>\n<p>&nbsp;<\/p>\n<p>M\u00e9s informaci\u00f3 sobre el tr\u00e0mit a <a href=\"https:\/\/preinscripcio.gencat.cat\/ca\/inici\/\">Preinscripci\u00f3<\/a>.<\/p>\n<p><span style=\"font-size: 14pt;\">U\u200bs recomanem no imprimir aquests calendaris i consultar-los en l\u00ednia, per si hi ha \u200b\u200bmodificacions al llarg del procediment.\u200b\u200b<\/span><\/p>\n<p>&nbsp;<\/p>\n<hr \/>\n<h1 id=\"h20\"><strong><span style=\"font-size: 18pt;\"><a id=\"cfgm\"><\/a>Cicles formatius de grau mitj\u00e0 de formaci\u00f3 professional\u200b<\/span><\/strong><\/h1>\n<div>\n<table style=\"width: 57.6103%; height: 787px;\">\n<tbody>\n<tr style=\"height: 33px;\">\n<td style=\"height: 33px; width: 59.3873%;\" colspan=\"2\"><b>Fa\u200bses de la preinscripci\u00f3 Dates<\/b><\/td>\n<\/tr>\n<tr style=\"height: 33px;\">\n<td style=\"height: 33px; width: 44.3286%;\">Oferta inicial de places<\/td>\n<td style=\"height: 33px; width: 15.0587%;\"><\/td>\n<\/tr>\n<tr style=\"height: 33px;\">\n<td style=\"height: 33px; width: 44.3286%;\">Presentaci\u00f3 de sol\u00b7licituds (electr\u00f2nica o de suport inform\u00e0tic)<\/td>\n<td style=\"height: 33px; width: 15.0587%;\">del 26 de maig a l&#8217;1 de juny de 2026<\/td>\n<\/tr>\n<tr style=\"height: 33px;\">\n<td style=\"height: 33px; width: 44.3286%;\"><span style=\"font-weight: 400;\">Presentaci\u00f3 de documentaci\u00f3 \u200b\u00a0<\/span><\/td>\n<td style=\"height: 33px; width: 15.0587%;\"><\/td>\n<\/tr>\n<tr style=\"height: 33px;\">\n<td style=\"height: 33px; width: 44.3286%;\"><span style=\"font-weight: 400;\">Publicaci\u00f3 de la llista amb la puntuaci\u00f3 provisional\u00a0<\/span><\/td>\n<td style=\"height: 33px; width: 15.0587%;\"><\/td>\n<\/tr>\n<tr style=\"height: 33px;\">\n<td style=\"height: 33px; width: 44.3286%;\"><span style=\"font-weight: 400;\">Presentaci\u00f3 de reclamacions\u00a0<\/span><\/td>\n<td style=\"height: 33px; width: 15.0587%;\"><\/td>\n<\/tr>\n<tr style=\"height: 33px;\">\n<td style=\"height: 33px; width: 44.3286%;\"><span style=\"font-weight: 400;\">Resoluci\u00f3 reclamacions\u00a0<\/span><\/td>\n<td style=\"height: 33px; width: 15.0587%;\"><\/td>\n<\/tr>\n<tr style=\"height: 33px;\">\n<td style=\"height: 33px; width: 44.3286%;\"><span style=\"font-weight: 400;\">Publicaci\u00f3 de llistes amb el barem un cop resoltes les reclamacions\u00a0<\/span><\/p>\n<p><span style=\"font-weight: 400;\">Sorteig del n\u00famero per al desempat\u00a0<\/span><\/td>\n<td style=\"height: 33px; width: 15.0587%;\"><\/td>\n<\/tr>\n<tr style=\"height: 33px;\">\n<td style=\"height: 33px; width: 44.3286%;\"><span style=\"font-weight: 400;\">Publicaci\u00f3 de l\u2019oferta final\u00a0<\/span><\/td>\n<td style=\"height: 33px; width: 15.0587%;\"><\/td>\n<\/tr>\n<tr style=\"height: 134px;\">\n<td style=\"height: 134px; width: 44.3286%;\"><span style=\"font-weight: 400;\">Publicaci\u00f3 de la primera tanda d\u2019assignacions\u00a0<\/span><\/p>\n<ul style=\"list-style-type: circle;\">\n<li><span style=\"font-size: 14pt;\">Llistat de preinscrits.<\/span><\/li>\n<li><span style=\"font-size: 14pt;\">Llistat de places assignades.<\/span><\/li>\n<\/ul>\n<\/td>\n<td style=\"height: 134px; width: 15.0587%;\"><\/td>\n<\/tr>\n<tr style=\"height: 33px;\">\n<td style=\"height: 33px; width: 44.3286%;\"><span style=\"font-weight: 400;\">Per\u00edode de confirmaci\u00f3 o renuncia de pla\u00e7a de la primera tanda d\u2019assignacions (alumnat 1a petici\u00f3)\u00a0<\/span><\/td>\n<td style=\"height: 33px; width: 15.0587%;\"><\/td>\n<\/tr>\n<tr style=\"height: 134px;\">\n<td style=\"height: 134px; width: 44.3286%;\"><span style=\"font-weight: 400;\">\u200bPublicaci\u00f3 de la segona tanda d\u2019assignacions\u00a0<\/span><\/p>\n<ul>\n<li><span style=\"font-size: 14pt;\">Llistat de preinscrits.<\/span><\/li>\n<li><span style=\"font-size: 14pt;\">Llistat de places assignades<\/span>.<\/li>\n<\/ul>\n<\/td>\n<td style=\"height: 134px; width: 15.0587%;\"><\/td>\n<\/tr>\n<tr style=\"height: 33px;\">\n<td style=\"height: 33px; width: 44.3286%;\"><span style=\"font-weight: 400;\">Per\u00edode de confirmaci\u00f3 o renuncia de pla\u00e7a de la segona tanda d\u2019assignacions\u00a0<\/span><\/td>\n<td style=\"height: 33px; width: 15.0587%;\"><\/td>\n<\/tr>\n<tr style=\"height: 33px;\">\n<td style=\"height: 33px; width: 44.3286%;\"><span style=\"font-weight: 400;\">Publicaci\u00f3 de la tercera tanda d\u2019assignacions\u00a0<\/span><\/p>\n<ul>\n<li>Llistat de preinscrits.<\/li>\n<li>Llistat de places assignades.<\/li>\n<\/ul>\n<\/td>\n<td style=\"height: 33px; width: 15.0587%;\"><\/td>\n<\/tr>\n<tr style=\"height: 57px;\">\n<td style=\"height: 57px; width: 44.3286%;\"><span style=\"font-weight: 400;\">Per\u00edode de confirmaci\u00f3 o renuncia de pla\u00e7a de la tercera <\/span><span style=\"font-weight: 400;\">tanda d\u2019assignacions\u00a0<\/span><\/td>\n<td style=\"height: 57px; width: 15.0587%;\"><\/td>\n<\/tr>\n<tr style=\"height: 33px;\">\n<td style=\"height: 33px; width: 44.3286%;\"><span style=\"font-weight: 400;\">\u200b<strong>Finalitzaci\u00f3 de matr\u00edcula\u00a0<\/strong><\/span><\/p>\n<p><strong>Primera tanda\u00a0<\/strong><\/p>\n<p><strong>Segona tanda\u00a0<\/strong><\/p>\n<p><strong>Tercera tanda\u00a0<\/strong><\/td>\n<td style=\"height: 33px; width: 15.0587%;\"><\/td>\n<\/tr>\n<\/tbody>\n<\/table>\n<p>M\u00e9s informaci\u00f3 sobre el tr\u00e0mit a <a href=\"https:\/\/preinscripcio.gencat.cat\/ca\/inici\/\">Preinscripci\u00f3<\/a>.<\/p>\n<p>U\u200bs recomanem no imprimir aquests calendaris i consultar-los en l\u00ednia, per si hi ha \u200b\u200bmodificacions al llarg del procediment.\u200b\u200b\u200b\u200b<\/p>\n<hr \/>\n<h1 id=\"h21\"><strong><span style=\"font-size: 18pt;\"><a id=\"cfgs\"><\/a>Cicles formatius de grau superior de formaci\u00f3 professional<\/span><\/strong><\/h1>\n<table style=\"width: 666px; height: 1103px;\">\n<tbody>\n<tr style=\"height: 33px;\">\n<td style=\"width: 497.745px; height: 33px;\"><b>Fases de la preinscripci\u00f3\u00a0<\/b><\/td>\n<td style=\"width: 160.255px; height: 33px;\"><b>Dates\u00a0<\/b><\/td>\n<\/tr>\n<tr style=\"height: 33px;\">\n<td style=\"width: 497.745px; height: 33px;\"><span style=\"font-weight: 400;\">Oferta inicial de places<\/span><\/td>\n<td style=\"width: 160.255px; height: 33px;\"><\/td>\n<\/tr>\n<tr style=\"height: 33px;\">\n<td style=\"width: 497.745px; height: 33px;\"><span style=\"font-weight: 400;\">Presentaci\u00f3 de sol\u00b7licituds (electr\u00f2nica o de suport inform\u00e0tic)\u00a0<\/span><\/td>\n<td style=\"width: 160.255px; height: 33px;\">del 26 de maig a l&#8217;1 de juny de 2026<\/td>\n<\/tr>\n<tr style=\"height: 33px;\">\n<td style=\"width: 497.745px; height: 33px;\"><span style=\"font-weight: 400;\">Presentaci\u00f3 de documentaci\u00f3\u00a0<\/span><\/td>\n<td style=\"width: 160.255px; height: 33px;\"><\/td>\n<\/tr>\n<tr style=\"height: 33px;\">\n<td style=\"width: 497.745px; height: 33px;\"><span style=\"font-weight: 400;\">Publicaci\u00f3 de la llista amb la puntuaci\u00f3 provisional\u00a0<\/span><\/td>\n<td style=\"width: 160.255px; height: 33px;\"><\/td>\n<\/tr>\n<tr style=\"height: 49px;\">\n<td style=\"width: 497.745px; height: 49px;\"><span style=\"font-weight: 400;\">Presentaci\u00f3 de reclamacions\u00a0<\/span><\/td>\n<td style=\"width: 160.255px; height: 49px;\"><\/td>\n<\/tr>\n<tr style=\"height: 33px;\">\n<td style=\"width: 497.745px; height: 33px;\"><span style=\"font-weight: 400;\">Resoluci\u00f3 reclamacions\u00a0<\/span><\/td>\n<td style=\"width: 160.255px; height: 33px;\"><\/td>\n<\/tr>\n<tr style=\"height: 97px;\">\n<td style=\"width: 497.745px; height: 97px;\"><span style=\"font-weight: 400;\">Publicaci\u00f3 de llistes amb el barem un cop resoltes les reclamacions\u00a0<\/span><\/p>\n<p><span style=\"font-weight: 400;\">Sorteig del n\u00famero per al desempat\u00a0<\/span><\/td>\n<td style=\"width: 160.255px; height: 97px;\"><\/td>\n<\/tr>\n<tr style=\"height: 33px;\">\n<td style=\"width: 497.745px; height: 33px;\"><span style=\"font-weight: 400;\">Publicaci\u00f3 de l\u2019oferta final\u00a0<\/span><\/td>\n<td style=\"width: 160.255px; height: 33px;\"><\/td>\n<\/tr>\n<tr style=\"height: 134px;\">\n<td style=\"width: 497.745px; height: 134px;\"><span style=\"font-weight: 400;\">Publicaci\u00f3 de la primera tanda d\u2019assignacions\u00a0<\/span><\/p>\n<ul style=\"list-style-type: circle;\">\n<li><span style=\"font-size: 14pt;\">Llistat de preinscrits.<\/span><\/li>\n<li><span style=\"font-size: 14pt;\">Llistat de places assignades.<\/span><\/li>\n<\/ul>\n<\/td>\n<td style=\"width: 160.255px; height: 134px;\"><\/td>\n<\/tr>\n<tr style=\"height: 49px;\">\n<td style=\"width: 497.745px; height: 49px;\"><span style=\"font-weight: 400;\">Per\u00edode de confirmaci\u00f3 o renuncia de pla\u00e7a de la primera tanda d\u2019assignacions (alumnat 1a\u00a0 petici\u00f3)\u00a0<\/span><\/td>\n<td style=\"width: 160.255px; height: 49px;\"><\/td>\n<\/tr>\n<tr style=\"height: 134px;\">\n<td style=\"width: 497.745px; height: 134px;\"><span style=\"font-weight: 400;\">Publicaci\u00f3 de la segona tanda d\u2019assignacions\u00a0<\/span><\/p>\n<ul>\n<li><span style=\"font-size: 14pt;\">Llistat de preinscrits.<\/span><\/li>\n<li><span style=\"font-size: 14pt;\">Llistat de places assignades<\/span>.<\/li>\n<\/ul>\n<\/td>\n<td style=\"width: 160.255px; height: 134px;\"><\/td>\n<\/tr>\n<tr style=\"height: 49px;\">\n<td style=\"width: 497.745px; height: 49px;\"><span style=\"font-weight: 400;\">Per\u00edode de confirmaci\u00f3 o renuncia de pla\u00e7a de la segona tanda d\u2019assignacions\u00a0<\/span><\/td>\n<td style=\"width: 160.255px; height: 49px;\"><\/td>\n<\/tr>\n<tr style=\"height: 134px;\">\n<td style=\"width: 497.745px; height: 134px;\"><span style=\"font-weight: 400;\">Publicaci\u00f3 de la tercera tanda d\u2019assignacions\u00a0<\/span><\/p>\n<ul>\n<li><span style=\"font-size: 14pt;\">Llistat de preinscrits.<\/span><\/li>\n<li><span style=\"font-size: 14pt;\">Llistat de places assignades<\/span>.<\/li>\n<\/ul>\n<\/td>\n<td style=\"width: 160.255px; height: 134px;\"><\/td>\n<\/tr>\n<tr style=\"height: 49px;\">\n<td style=\"width: 497.745px; height: 49px;\"><span style=\"font-weight: 400;\">Per\u00edode de confirmaci\u00f3 o renuncia de pla\u00e7a de la tercera tanda d\u2019assignacions\u00a0<\/span><\/td>\n<td style=\"width: 160.255px; height: 49px;\"><\/td>\n<\/tr>\n<tr style=\"height: 177px;\">\n<td style=\"width: 497.745px; height: 177px;\"><span style=\"font-weight: 400;\">\u200b<strong>Finalitzaci\u00f3 de matr\u00edcula\u00a0<\/strong><\/span><\/p>\n<p><strong>Primera tanda\u00a0<\/strong><\/p>\n<p><strong>Segona tanda\u00a0<\/strong><\/p>\n<p><strong>Tercera tanda\u00a0<\/strong><\/td>\n<td style=\"width: 160.255px; height: 177px;\"><\/td>\n<\/tr>\n<\/tbody>\n<\/table>\n<p><span style=\"font-size: 14pt;\"><strong>Oferta inicial de places:<\/strong><\/span><\/p>\n<p>U\u200bs recomanem no imprimir aquests calendaris i consultar-los\u00a0en l\u00ednia, per si hi ha \u200b\u200bmodificacions al llarg del procediment.\u200b\u200b<\/p>\n<hr \/>\n<h1 id=\"h21\"><strong><span style=\"font-size: 18pt;\"><a id=\"pfi\"><\/a>PFI: Programes de Formaci\u00f3 i Inserci\u00f3\u00a0<\/span><\/strong><\/h1>\n<table style=\"width: 89.8412%; height: 615px;\">\n<tbody>\n<tr style=\"height: 33px;\">\n<td style=\"height: 33px;\"><b>Fases de la preinscripci\u00f3\u00a0<\/b><\/td>\n<td style=\"height: 33px;\"><b>Dates<\/b><\/td>\n<\/tr>\n<tr style=\"height: 33px;\">\n<td style=\"height: 33px;\"><a href=\"https:\/\/agora.xtec.cat\/iesserreta\/wp-content\/uploads\/usu2147\/2026\/04\/oferta-inicial-PFI.jpg\">Publicaci\u00f3 de l&#8217;oferta inicial<\/a> <span style=\"font-weight: 400;\"><br \/>\n<\/span><\/td>\n<td style=\"height: 33px;\">30 d&#8217;abril del 2026<\/td>\n<\/tr>\n<tr style=\"height: 33px;\">\n<td style=\"height: 33px;\"><span style=\"font-weight: 400;\">Presentaci\u00f3 i\/o modificaci\u00f3 de sol\u00b7licituds\u00a0<\/span><\/td>\n<td style=\"height: 33px;\">del 4 al 13 de maig de 2026<\/td>\n<\/tr>\n<tr style=\"height: 33px;\">\n<td style=\"height: 33px;\"><span style=\"font-weight: 400;\">Presentaci\u00f3 de documentaci\u00f3\u00a0<\/span><\/td>\n<td style=\"height: 33px;\">del 4 al 14 de maig de 2026<\/td>\n<\/tr>\n<tr style=\"height: 33px;\">\n<td style=\"height: 33px;\">Entrevistes d\u2019orientaci\u00f3 <span style=\"font-weight: 400;\"><br \/>\n<\/span><\/td>\n<td style=\"height: 33px;\">del 4 al 26 de maig de 2026<\/td>\n<\/tr>\n<tr style=\"height: 33px;\">\n<td style=\"height: 33px;\"><span style=\"font-weight: 400;\">Publicaci\u00f3 de la llista de sol\u00b7licituds amb la puntuaci\u00f3 provisional.\u00a0<\/span><\/td>\n<td style=\"height: 33px;\">28 de maig de 2026<\/td>\n<\/tr>\n<tr style=\"height: 48px;\">\n<td style=\"height: 48px;\"><span style=\"font-weight: 400;\">Presentaci\u00f3 de reclamacions a la llista amb la puntuaci\u00f3 provisional\u00a0<\/span><\/td>\n<td style=\"height: 48px;\">del 28 de maig al 3 de juny de 2026<\/td>\n<\/tr>\n<tr style=\"height: 33px;\">\n<td style=\"height: 33px;\"><span style=\"font-weight: 400;\">Publicaci\u00f3 de la llista amb la puntuaci\u00f3, resoltes les reclamacions\u00a0<\/span><\/td>\n<td style=\"height: 33px;\">8 de juny de 2026<\/td>\n<\/tr>\n<tr style=\"height: 33px;\">\n<td style=\"height: 33px;\"><span style=\"font-weight: 400;\">Sorteig\u00a0<\/span><\/td>\n<td style=\"height: 33px;\">8 de juny de 2026<\/td>\n<\/tr>\n<tr style=\"height: 33px;\">\n<td style=\"height: 33px;\"><span style=\"font-weight: 400;\">Publicaci\u00f3 de la llista ordenada<\/span><\/td>\n<td style=\"height: 33px;\">11 de juny de 2026<\/td>\n<\/tr>\n<tr style=\"height: 33px;\">\n<td style=\"height: 33px;\"><span style=\"font-weight: 400;\">Publicaci\u00f3 de l&#8217;oferta final\u00a0<\/span><\/td>\n<td style=\"height: 33px;\">3 de juliol de 2026<\/td>\n<\/tr>\n<tr style=\"height: 204px;\">\n<td style=\"height: 204px;\"><span style=\"font-weight: 400;\">Publicaci\u00f3 de la llista d&#8217;admesos i la llista d&#8217;espera\u00a0<\/span><\/p>\n<ul style=\"list-style-type: circle;\">\n<li><span style=\"font-size: 14pt;\">Llistat de preinscrits.<\/span><\/li>\n<li><span style=\"font-size: 14pt;\">Llistat de places assignades.<\/span><\/li>\n<li><span style=\"font-size: 14pt;\">Llista d&#8217;espera.<\/span><\/li>\n<\/ul>\n<\/td>\n<td style=\"height: 204px;\">3 de juliol de 2026<\/td>\n<\/tr>\n<tr style=\"height: 33px;\">\n<td style=\"height: 33px;\"><span style=\"font-weight: 400;\">Per\u00edode de matriculaci\u00f3\u00a0<\/span><\/td>\n<td style=\"height: 33px;\">del 6 al 10 de juliol de 2026<\/td>\n<\/tr>\n<\/tbody>\n<\/table>\n<p>M\u00e9s informaci\u00f3 sobre el tr\u00e0mit a <a href=\"https:\/\/preinscripcio.gencat.cat\/ca\/inici\/\">Preinscripci\u00f3<\/a>.<\/p>\n<p>U\u200bs recomanem no imprimir aquests calendaris i consultar-los\u00a0en l\u00ednia, per si hi ha \u200b\u200bmodificacions al llarg del procediment.\u200b\u200b<\/p>\n<\/div>\n","protected":false},"excerpt":{"rendered":"<p>Aqu\u00ed trobareu les dates importants de la preinscripci\u00f3 d&#8217;ESO, Batxillerat i Cicles per al curs 2026-2027. Tamb\u00e9 anireu trobant enlla\u00e7os a les llistes, ofertes de places, etc. (<a href=\"https:\/\/preinscripcio.gencat.cat\/ca\/inici\/\">M\u00e9s informaci\u00f3 sobre el proc\u00e9s de preinscripci\u00f3<\/a>)<br \/>\nFeu clic per anar directament a la secci\u00f3:<br \/>\n<a href=\"https:\/\/agora.xtec.cat\/iesserreta\/preinscripcio-i-matricula-dates-llistes-oferta-barems\/#ESO\">ESO<\/a><br \/>\n<a href=\"https:\/\/agora.xtec.cat\/iesserreta\/preinscripcio-i-matricula-dates-llistes-oferta-barems\/#batxillerat\">Batxillerat<\/a><br \/>\n<a href=\"https:\/\/agora.xtec.cat\/iesserreta\/preinscripcio-i-matricula-dates-llistes-oferta-barems\/#cfgm\">Cicles&hellip;  <a href=\"https:\/\/agora.xtec.cat\/iesserreta\/preinscripcio-i-matricula-dates-llistes-oferta-barems\/\" title=\"Read Preinscripci\u00f3 i matr\u00edcula: dates, llistes, oferta, barems&#8230;\">Llegeix m\u00e9s\u00bb<\/a><\/p>\n","protected":false},"author":15,"featured_media":0,"parent":0,"menu_order":0,"comment_status":"closed","ping_status":"closed","template":"","meta":{"_bbp_topic_count":0,"_bbp_reply_count":0,"_bbp_total_topic_count":0,"_bbp_total_reply_count":0,"_bbp_voice_count":0,"_bbp_anonymous_reply_count":0,"_bbp_topic_count_hidden":0,"_bbp_reply_count_hidden":0,"_bbp_forum_subforum_count":0,"footnotes":""},"class_list":["post-5223","page","type-page","status-publish","hentry"],"post_mailing_queue_ids":[],"_links":{"self":[{"href":"https:\/\/agora.xtec.cat\/iesserreta\/wp-json\/wp\/v2\/pages\/5223","targetHints":{"allow":["GET"]}}],"collection":[{"href":"https:\/\/agora.xtec.cat\/iesserreta\/wp-json\/wp\/v2\/pages"}],"about":[{"href":"https:\/\/agora.xtec.cat\/iesserreta\/wp-json\/wp\/v2\/types\/page"}],"author":[{"embeddable":true,"href":"https:\/\/agora.xtec.cat\/iesserreta\/wp-json\/wp\/v2\/users\/15"}],"replies":[{"embeddable":true,"href":"https:\/\/agora.xtec.cat\/iesserreta\/wp-json\/wp\/v2\/comments?post=5223"}],"version-history":[{"count":7,"href":"https:\/\/agora.xtec.cat\/iesserreta\/wp-json\/wp\/v2\/pages\/5223\/revisions"}],"predecessor-version":[{"id":6801,"href":"https:\/\/agora.xtec.cat\/iesserreta\/wp-json\/wp\/v2\/pages\/5223\/revisions\/6801"}],"wp:attachment":[{"href":"https:\/\/agora.xtec.cat\/iesserreta\/wp-json\/wp\/v2\/media?parent=5223"}],"curies":[{"name":"wp","href":"https:\/\/api.w.org\/{rel}","templated":true}]}}