{"id":5149,"date":"2023-03-15T13:35:42","date_gmt":"2023-03-15T12:35:42","guid":{"rendered":"https:\/\/agora.xtec.cat\/iesserreta\/?page_id=5149"},"modified":"2026-04-07T09:48:50","modified_gmt":"2026-04-07T07:48:50","slug":"pfi","status":"publish","type":"page","link":"https:\/\/agora.xtec.cat\/iesserreta\/portes-obertes\/pfi\/","title":{"rendered":"PFI: Programes de formaci\u00f3 i inserci\u00f3"},"content":{"rendered":"<p style=\"text-align: justify;\"><span style=\"font-size: 14pt;\">Els programes de formaci\u00f3 i inserci\u00f3 (PFI) s\u00f3n el primer nivell de qualificaci\u00f3 dins dels estudis de formaci\u00f3 professional i s&#8217;adscriuen a diferents fam\u00edlies professionals.<\/span><\/p>\n<p style=\"text-align: justify;\"><span style=\"font-size: 14pt;\">Els PFI s&#8217;adrecen a joves d&#8217;entre 16 i 21 anys que no han finalitzat l&#8217;educaci\u00f3 secund\u00e0ria obligat\u00f2ria. S\u00f3n estudis voluntaris i la seva durada \u00e9s d&#8217;un curs acad\u00e8mic (1.000 hores).<\/span><\/p>\n<p style=\"text-align: justify;\"><span style=\"font-size: 14pt;\">Els i les alumnes de PFI reben un acompanyament i una tutoritzaci\u00f3 essencial per a l&#8217;assoliment dels objectius del programa. Els aprenentatges s\u00f3n vivencials i vinculats amb l&#8217;entorn proper, i inclouen pr\u00e0ctiques en empresa; s&#8217;apr\u00e8n fent, utilitzant metodologies actives i globals.<\/span><\/p>\n<p style=\"text-align: justify;\"><span style=\"font-size: 14pt;\">Amb els PFI, d&#8217;una banda, es facilita la continu\u00eftat formativa dins de la formaci\u00f3 professional i, de l&#8217;altra, l&#8217;aprenentatge de les compet\u00e8ncies transversals i professionals necess\u00e0ries per al m\u00f3n del treball.<\/span><\/p>\n<p><span style=\"font-size: 14pt;\">Al nostre institut podeu estudiar dos tipus de PFI diferents:<\/span><\/p>\n<ul>\n<li><span style=\"font-size: 14pt;\">Auxiliar de Comer\u00e7 i Atenci\u00f3 al P\u00fablic<\/span><\/li>\n<li><span style=\"font-size: 14pt;\">Auxiliar de Perruqueria i Est\u00e8tica<\/span><\/li>\n<\/ul>\n<hr \/>\n<h2 style=\"text-align: justify;\">OFERTA DE PFI A LA SERRETA<\/h2>\n<h3 style=\"text-align: justify;\"><strong>Auxiliar de Comer\u00e7 i Atenci\u00f3 al P\u00fablic<\/strong><\/h3>\n<p style=\"text-align: justify;\"><span style=\"font-size: 14pt;\">Formaci\u00f3 professional : Comer\u00e7 i m\u00e0rqueting<\/span><\/p>\n<p style=\"text-align: justify;\"><span style=\"font-size: 14pt;\">Aquest estudis capaciten per dur a terme operacions auxiliars de comercialitzaci\u00f3, marxandatge i emmagatzematge de productes i mercaderies, aix\u00ed com les operacions de tractament de dades relacionats amb aquesta activitat empresarial, tot seguint protocols establerts, criteri comercial i d\u2019imatge i operant amb la qualitat indicada i les normes de prevenci\u00f3 de riscos laborals i protecci\u00f3 mediambiental corresponents, i l\u2019assoliment de les compet\u00e8ncies transversals necess\u00e0ries per a la continu\u00eftat formativa i la inserci\u00f3 al m\u00f3n del treball. <\/span><br \/>\n<span style=\"font-size: 14pt;\">La durada 1000h, un curs acad\u00e8mic, en modalitat presencial de tarda.<\/span><\/p>\n<p style=\"text-align: justify;\"><a href=\"https:\/\/agora.xtec.cat\/iesserreta\/wp-content\/uploads\/usu2147\/2026\/03\/auxiliar-de-comerc-i-atencio-al-public-institut-la-serreta-grau-mitja-Catalunya-FP-cicles-formatius-moduls-professionals.png\"><img loading=\"lazy\" decoding=\"async\" class=\"alignnone\" src=\"https:\/\/agora.xtec.cat\/iesserreta\/wp-content\/uploads\/usu2147\/2026\/03\/auxiliar-de-comerc-i-atencio-al-public-institut-la-serreta-grau-mitja-Catalunya-FP-cicles-formatius-moduls-professionals.png\" alt=\"\" width=\"737\" height=\"375\" \/><\/a><\/p>\n<p style=\"text-align: justify;\"><span style=\"font-size: 14pt;\"><strong>Sortides acad\u00e8miques<\/strong><\/span><\/p>\n<ul style=\"text-align: justify;\">\n<li><span style=\"font-size: 14pt;\">Certificat acad\u00e8mic i professional, que cont\u00e9 la qualificaci\u00f3 final obtinguda en el PFI i acredita les compet\u00e8ncies professionals assolides.<\/span><\/li>\n<li><span style=\"font-size: 14pt;\">Acc\u00e9s als cicles formatius de grau mitj\u00e0, d\u2019acord amb la Resoluci\u00f3 EDF\/4245\/2024, de 26 de novembre.<\/span><\/li>\n<li><span style=\"font-size: 14pt;\">Reconeixement dels m\u00f2duls professionals superats en el PFI per a l&#8217;obtenci\u00f3 del t\u00edtol professional b\u00e0sic associat al perfil.<\/span><\/li>\n<li><span style=\"font-size: 14pt;\">Certificat de professionalitat que emet l&#8217;Administraci\u00f3 laboral.<\/span><\/li>\n<li><span style=\"font-size: 14pt;\">Acc\u00e9s als centres de formaci\u00f3 d&#8217;adults per obtenir el graduat en educaci\u00f3 secund\u00e0ria obligat\u00f2ria (GESO), sense complir el requisit de tenir 18 anys.<\/span><\/li>\n<\/ul>\n<p style=\"text-align: justify;\"><span style=\"font-size: 14pt;\"><strong>Sortides professionals\u00a0\u00a0\u00a0<\/strong>\u00a0<\/span><\/p>\n<ul style=\"text-align: justify;\">\n<li style=\"text-align: justify;\"><span style=\"font-size: 14pt;\">auxiliar de dependent de comer\u00e7,<\/span><\/li>\n<li style=\"text-align: justify;\"><span style=\"font-size: 14pt;\"> auxiliar d\u2019animaci\u00f3 del punt de venda,<\/span><\/li>\n<li style=\"text-align: justify;\"><span style=\"font-size: 14pt;\"> auxiliar de venda,<\/span><\/li>\n<li style=\"text-align: justify;\"><span style=\"font-size: 14pt;\"> auxiliar de promoci\u00f3 de vendes,<\/span><\/li>\n<li style=\"text-align: justify;\"><span style=\"font-size: 14pt;\"> reposador o reposadora,<\/span><\/li>\n<li style=\"text-align: justify;\"><span style=\"font-size: 14pt;\"> preparador o preparadora de comandes <\/span><\/li>\n<\/ul>\n<p style=\"text-align: justify;\"><img loading=\"lazy\" decoding=\"async\" class=\"size-medium wp-image-5150 alignnone\" src=\"https:\/\/agora.xtec.cat\/iesserreta\/wp-content\/uploads\/usu2147\/2023\/03\/PFI-Auxiliar-de-Vendes-Oficina-i-Atencio-al-Public-La-Serreta-1-300x225.png\" alt=\"\" width=\"300\" height=\"225\" srcset=\"https:\/\/agora.xtec.cat\/iesserreta\/wp-content\/uploads\/usu2147\/2023\/03\/PFI-Auxiliar-de-Vendes-Oficina-i-Atencio-al-Public-La-Serreta-1-300x225.png 300w, https:\/\/agora.xtec.cat\/iesserreta\/wp-content\/uploads\/usu2147\/2023\/03\/PFI-Auxiliar-de-Vendes-Oficina-i-Atencio-al-Public-La-Serreta-1-200x150.png 200w, https:\/\/agora.xtec.cat\/iesserreta\/wp-content\/uploads\/usu2147\/2023\/03\/PFI-Auxiliar-de-Vendes-Oficina-i-Atencio-al-Public-La-Serreta-1.png 577w\" sizes=\"auto, (max-width: 300px) 100vw, 300px\" \/> <img loading=\"lazy\" decoding=\"async\" class=\"size-medium wp-image-5151 alignnone\" src=\"https:\/\/agora.xtec.cat\/iesserreta\/wp-content\/uploads\/usu2147\/2023\/03\/PFI-Auxiliar-de-Vendes-Oficina-i-Atencio-al-Public-La-Serreta-2-300x225.png\" alt=\"\" width=\"300\" height=\"225\" srcset=\"https:\/\/agora.xtec.cat\/iesserreta\/wp-content\/uploads\/usu2147\/2023\/03\/PFI-Auxiliar-de-Vendes-Oficina-i-Atencio-al-Public-La-Serreta-2-300x225.png 300w, https:\/\/agora.xtec.cat\/iesserreta\/wp-content\/uploads\/usu2147\/2023\/03\/PFI-Auxiliar-de-Vendes-Oficina-i-Atencio-al-Public-La-Serreta-2-200x150.png 200w, https:\/\/agora.xtec.cat\/iesserreta\/wp-content\/uploads\/usu2147\/2023\/03\/PFI-Auxiliar-de-Vendes-Oficina-i-Atencio-al-Public-La-Serreta-2.png 683w\" sizes=\"auto, (max-width: 300px) 100vw, 300px\" \/> <img loading=\"lazy\" decoding=\"async\" class=\"size-medium wp-image-5152 alignnone\" src=\"https:\/\/agora.xtec.cat\/iesserreta\/wp-content\/uploads\/usu2147\/2023\/03\/PFI-Auxiliar-de-Vendes-Oficina-i-Atencio-al-Public-La-Serreta-3-169x300.png\" alt=\"\" width=\"169\" height=\"300\" srcset=\"https:\/\/agora.xtec.cat\/iesserreta\/wp-content\/uploads\/usu2147\/2023\/03\/PFI-Auxiliar-de-Vendes-Oficina-i-Atencio-al-Public-La-Serreta-3-169x300.png 169w, https:\/\/agora.xtec.cat\/iesserreta\/wp-content\/uploads\/usu2147\/2023\/03\/PFI-Auxiliar-de-Vendes-Oficina-i-Atencio-al-Public-La-Serreta-3.png 250w\" sizes=\"auto, (max-width: 169px) 100vw, 169px\" \/><\/p>\n<hr \/>\n<h3 style=\"text-align: justify;\"><strong>Auxiliar de Perruqueria i Est\u00e8tica<\/strong><\/h3>\n<p style=\"text-align: justify;\"><span style=\"font-size: 14pt;\">Formaci\u00f3 professional : Programes de formaci\u00f3 i inserci\u00f3<\/span><br \/>\n<span style=\"font-size: 14pt;\">Fam\u00edlia professional: Imatge personal<\/span><\/p>\n<p style=\"text-align: justify;\"><span style=\"font-size: 14pt;\">Aquests estudis capaciten per dur a terme tasques b\u00e0siques de neteja, canvis de forma i color del cabell, aix\u00ed com t\u00e8cniques b\u00e0siques de maquillatge, depilaci\u00f3, manicura i pedicura, atenent al client i preparant els equips, materials i \u00e0rees de treball. <\/span><span style=\"font-size: 14pt;\">La durada de 1.000 hores, un curs acad\u00e8mic, en modalitat presencial de tarda.<\/span><\/p>\n<p style=\"text-align: justify;\"><a href=\"https:\/\/agora.xtec.cat\/iesserreta\/wp-content\/uploads\/usu2147\/2026\/03\/Auxiliar-de-perruqueria-i-estetica-institut-la-serreta-PFI-programa-formacio-i-insercio-Catalunya-FP-cicles-formatius-moduls-professionals.png\"><img loading=\"lazy\" decoding=\"async\" class=\"alignnone\" src=\"https:\/\/agora.xtec.cat\/iesserreta\/wp-content\/uploads\/usu2147\/2026\/03\/Auxiliar-de-perruqueria-i-estetica-institut-la-serreta-PFI-programa-formacio-i-insercio-Catalunya-FP-cicles-formatius-moduls-professionals.png\" alt=\"\" width=\"737\" height=\"375\" \/><\/a><\/p>\n<p style=\"text-align: justify;\"><strong><span style=\"font-size: 14pt;\">Sortides acad\u00e8miques<\/span><\/strong><br \/>\n<span style=\"font-size: 14pt;\">\u2022 Certificat acad\u00e8mic i professional, que cont\u00e9 la qualificaci\u00f3 final obtinguda en el PFI i acredita les compet\u00e8ncies professionals assolides.<\/span><br \/>\n<span style=\"font-size: 14pt;\">\u2022 Acc\u00e9s als cicles formatius de grau mitj\u00e0, d\u2019acord amb la Resoluci\u00f3 EDF\/4245\/2024, de 26 de novembre.<\/span><br \/>\n<span style=\"font-size: 14pt;\">\u2022 Reconeixement dels m\u00f2duls professionals superats en el PFI per a l&#8217;obtenci\u00f3 del t\u00edtol professional b\u00e0sic associat al perfil. <\/span><br \/>\n<span style=\"font-size: 14pt;\">\u2022 Certificat de professionalitat que emet l&#8217;Administraci\u00f3 laboral. <\/span><br \/>\n<span style=\"font-size: 14pt;\">\u2022 Acc\u00e9s als centres de formaci\u00f3 d&#8217;adults per obtenir el graduat en educaci\u00f3 secund\u00e0ria obligat\u00f2ria (GESO), sense complir el requisit de tenir 18 anys.<\/span><\/p>\n<p style=\"text-align: justify;\"><strong><span style=\"font-size: 14pt;\">Sortides professionals <\/span><\/strong><br \/>\n<span style=\"font-size: 14pt;\">\u2022 auxiliar de perruqueria, <\/span><br \/>\n<span style=\"font-size: 14pt;\">\u2022 ajudant de manicura i pedicura, <\/span><br \/>\n<span style=\"font-size: 14pt;\">\u2022 ajudant de maquillatge, <\/span><br \/>\n<span style=\"font-size: 14pt;\">\u2022 auxiliar de depilaci\u00f3.<\/span><\/p>\n<p style=\"text-align: justify;\"><img loading=\"lazy\" decoding=\"async\" class=\"size-medium wp-image-5154 alignnone\" src=\"https:\/\/agora.xtec.cat\/iesserreta\/wp-content\/uploads\/usu2147\/2023\/03\/PFI-Auxiliar-en-Imatge-Personal-Perruqueria-i-Estetica-La-Serreta-1-300x225.jpg\" alt=\"\" width=\"300\" height=\"225\" srcset=\"https:\/\/agora.xtec.cat\/iesserreta\/wp-content\/uploads\/usu2147\/2023\/03\/PFI-Auxiliar-en-Imatge-Personal-Perruqueria-i-Estetica-La-Serreta-1-300x225.jpg 300w, https:\/\/agora.xtec.cat\/iesserreta\/wp-content\/uploads\/usu2147\/2023\/03\/PFI-Auxiliar-en-Imatge-Personal-Perruqueria-i-Estetica-La-Serreta-1-2000x1500.jpg 2000w, https:\/\/agora.xtec.cat\/iesserreta\/wp-content\/uploads\/usu2147\/2023\/03\/PFI-Auxiliar-en-Imatge-Personal-Perruqueria-i-Estetica-La-Serreta-1-768x576.jpg 768w, https:\/\/agora.xtec.cat\/iesserreta\/wp-content\/uploads\/usu2147\/2023\/03\/PFI-Auxiliar-en-Imatge-Personal-Perruqueria-i-Estetica-La-Serreta-1-1536x1152.jpg 1536w, https:\/\/agora.xtec.cat\/iesserreta\/wp-content\/uploads\/usu2147\/2023\/03\/PFI-Auxiliar-en-Imatge-Personal-Perruqueria-i-Estetica-La-Serreta-1-200x150.jpg 200w, https:\/\/agora.xtec.cat\/iesserreta\/wp-content\/uploads\/usu2147\/2023\/03\/PFI-Auxiliar-en-Imatge-Personal-Perruqueria-i-Estetica-La-Serreta-1.jpg 2048w\" sizes=\"auto, (max-width: 300px) 100vw, 300px\" \/> <img loading=\"lazy\" decoding=\"async\" class=\"size-medium wp-image-5155 alignnone\" src=\"https:\/\/agora.xtec.cat\/iesserreta\/wp-content\/uploads\/usu2147\/2023\/03\/PFI-Auxiliar-en-Imatge-Personal-Perruqueria-i-Estetica-La-Serreta-2-256x300.png\" alt=\"\" width=\"256\" height=\"300\" srcset=\"https:\/\/agora.xtec.cat\/iesserreta\/wp-content\/uploads\/usu2147\/2023\/03\/PFI-Auxiliar-en-Imatge-Personal-Perruqueria-i-Estetica-La-Serreta-2-256x300.png 256w, https:\/\/agora.xtec.cat\/iesserreta\/wp-content\/uploads\/usu2147\/2023\/03\/PFI-Auxiliar-en-Imatge-Personal-Perruqueria-i-Estetica-La-Serreta-2.png 314w\" sizes=\"auto, (max-width: 256px) 100vw, 256px\" \/> <img loading=\"lazy\" decoding=\"async\" class=\"size-medium wp-image-5156 alignnone\" src=\"https:\/\/agora.xtec.cat\/iesserreta\/wp-content\/uploads\/usu2147\/2023\/03\/PFI-Auxiliar-en-Imatge-Personal-Perruqueria-i-Estetica-La-Serreta-3-300x225.png\" alt=\"\" width=\"300\" height=\"225\" srcset=\"https:\/\/agora.xtec.cat\/iesserreta\/wp-content\/uploads\/usu2147\/2023\/03\/PFI-Auxiliar-en-Imatge-Personal-Perruqueria-i-Estetica-La-Serreta-3-300x225.png 300w, https:\/\/agora.xtec.cat\/iesserreta\/wp-content\/uploads\/usu2147\/2023\/03\/PFI-Auxiliar-en-Imatge-Personal-Perruqueria-i-Estetica-La-Serreta-3-200x150.png 200w, https:\/\/agora.xtec.cat\/iesserreta\/wp-content\/uploads\/usu2147\/2023\/03\/PFI-Auxiliar-en-Imatge-Personal-Perruqueria-i-Estetica-La-Serreta-3.png 591w\" sizes=\"auto, (max-width: 300px) 100vw, 300px\" \/><\/p>\n","protected":false},"excerpt":{"rendered":"<p>Els programes de formaci\u00f3 i inserci\u00f3 (PFI) s\u00f3n el primer nivell de qualificaci\u00f3 dins dels estudis de formaci\u00f3 professional i s&#8217;adscriuen a diferents fam\u00edlies professionals.<br \/>\nEls PFI s&#8217;adrecen a joves d&#8217;entre 16 i 21 anys que no han finalitzat l&#8217;educaci\u00f3 secund\u00e0ria obligat\u00f2ria. S\u00f3n estudis voluntaris i&hellip;  <a href=\"https:\/\/agora.xtec.cat\/iesserreta\/portes-obertes\/pfi\/\" title=\"Read PFI: Programes de formaci\u00f3 i inserci\u00f3\">Llegeix m\u00e9s\u00bb<\/a><\/p>\n","protected":false},"author":15,"featured_media":0,"parent":3887,"menu_order":0,"comment_status":"closed","ping_status":"closed","template":"","meta":{"_bbp_topic_count":0,"_bbp_reply_count":0,"_bbp_total_topic_count":0,"_bbp_total_reply_count":0,"_bbp_voice_count":0,"_bbp_anonymous_reply_count":0,"_bbp_topic_count_hidden":0,"_bbp_reply_count_hidden":0,"_bbp_forum_subforum_count":0,"footnotes":""},"class_list":["post-5149","page","type-page","status-publish","hentry"],"post_mailing_queue_ids":[],"_links":{"self":[{"href":"https:\/\/agora.xtec.cat\/iesserreta\/wp-json\/wp\/v2\/pages\/5149","targetHints":{"allow":["GET"]}}],"collection":[{"href":"https:\/\/agora.xtec.cat\/iesserreta\/wp-json\/wp\/v2\/pages"}],"about":[{"href":"https:\/\/agora.xtec.cat\/iesserreta\/wp-json\/wp\/v2\/types\/page"}],"author":[{"embeddable":true,"href":"https:\/\/agora.xtec.cat\/iesserreta\/wp-json\/wp\/v2\/users\/15"}],"replies":[{"embeddable":true,"href":"https:\/\/agora.xtec.cat\/iesserreta\/wp-json\/wp\/v2\/comments?post=5149"}],"version-history":[{"count":7,"href":"https:\/\/agora.xtec.cat\/iesserreta\/wp-json\/wp\/v2\/pages\/5149\/revisions"}],"predecessor-version":[{"id":6774,"href":"https:\/\/agora.xtec.cat\/iesserreta\/wp-json\/wp\/v2\/pages\/5149\/revisions\/6774"}],"up":[{"embeddable":true,"href":"https:\/\/agora.xtec.cat\/iesserreta\/wp-json\/wp\/v2\/pages\/3887"}],"wp:attachment":[{"href":"https:\/\/agora.xtec.cat\/iesserreta\/wp-json\/wp\/v2\/media?parent=5149"}],"curies":[{"name":"wp","href":"https:\/\/api.w.org\/{rel}","templated":true}]}}