{"id":4905,"date":"2023-01-15T17:54:20","date_gmt":"2023-01-15T16:54:20","guid":{"rendered":"https:\/\/agora.xtec.cat\/iesserreta\/?page_id=4905"},"modified":"2026-01-20T12:26:40","modified_gmt":"2026-01-20T11:26:40","slug":"eso","status":"publish","type":"page","link":"https:\/\/agora.xtec.cat\/iesserreta\/portes-obertes\/eso\/","title":{"rendered":"ESO"},"content":{"rendered":"<p>&nbsp;<\/p>\n<p><a href=\"https:\/\/agora.xtec.cat\/iesserreta\/wp-content\/uploads\/usu2147\/2024\/02\/portes-obertes-eso-la-serreta-1.png\"><img loading=\"lazy\" decoding=\"async\" class=\"aligncenter size-full wp-image-5637\" src=\"https:\/\/agora.xtec.cat\/iesserreta\/wp-content\/uploads\/usu2147\/2024\/02\/portes-obertes-eso-la-serreta-1.png\" alt=\"\" width=\"1350\" height=\"606\" srcset=\"https:\/\/agora.xtec.cat\/iesserreta\/wp-content\/uploads\/usu2147\/2024\/02\/portes-obertes-eso-la-serreta-1.png 1350w, https:\/\/agora.xtec.cat\/iesserreta\/wp-content\/uploads\/usu2147\/2024\/02\/portes-obertes-eso-la-serreta-1-300x135.png 300w, https:\/\/agora.xtec.cat\/iesserreta\/wp-content\/uploads\/usu2147\/2024\/02\/portes-obertes-eso-la-serreta-1-768x345.png 768w\" sizes=\"auto, (max-width: 1350px) 100vw, 1350px\" \/><\/a> <a href=\"https:\/\/agora.xtec.cat\/iesserreta\/wp-content\/uploads\/usu2147\/2024\/02\/portes-obertes-eso-la-serreta-2.png\"><img loading=\"lazy\" decoding=\"async\" class=\"aligncenter wp-image-5638\" src=\"https:\/\/agora.xtec.cat\/iesserreta\/wp-content\/uploads\/usu2147\/2024\/02\/portes-obertes-eso-la-serreta-2.png\" alt=\"\" width=\"1350\" height=\"466\" srcset=\"https:\/\/agora.xtec.cat\/iesserreta\/wp-content\/uploads\/usu2147\/2024\/02\/portes-obertes-eso-la-serreta-2.png 1200w, https:\/\/agora.xtec.cat\/iesserreta\/wp-content\/uploads\/usu2147\/2024\/02\/portes-obertes-eso-la-serreta-2-300x104.png 300w, https:\/\/agora.xtec.cat\/iesserreta\/wp-content\/uploads\/usu2147\/2024\/02\/portes-obertes-eso-la-serreta-2-768x265.png 768w\" sizes=\"auto, (max-width: 1350px) 100vw, 1350px\" \/><\/a><\/p>\n<h2><span style=\"font-size: 24pt;\"><strong>Qu\u00e8 prioritzem al PROJECTE EDUCATIU<\/strong><\/span><\/h2>\n<h3><span style=\"font-size: 14pt;\">ORIENTACI\u00d3 I ACOMPANYAMENT<\/span><\/h3>\n<p><span style=\"font-size: 14pt;\">Posem la mirada en garantir el benestar de l\u2019alumnat en totes les seves vessants, competencial, emocional i social en tot el seu proc\u00e9s d\u2019escolaritzaci\u00f3. Ho realitzem a trav\u00e9s de l\u2019acci\u00f3 tutorial, l\u2019orientaci\u00f3, l\u2019atenci\u00f3 a la diversitat, la codoc\u00e8ncia, les activitats interdepartamentals, desdoblaments\u2026<\/span><\/p>\n<h3><span style=\"font-size: 14pt;\">PROJECTE MAGNET<\/span><\/h3>\n<p><span style=\"font-size: 14pt;\">El programa Magnet acompanya els centres educatius i institucions en el desenvolupament de la seva alian\u00e7a. El nostre partner \u00e9s EINA Centre Universitari de Disseny i Art de Barcelona, per tant la nostra alian\u00e7a es vehicula principalment a trav\u00e9s dels conceptes d\u2019art i disseny i ens permet desenvolupar un projecte educatiu innovador, de qualitat i atractiu.<\/span><\/p>\n<h3><span style=\"font-size: 14pt;\">IMPULS DE LA LECTURA( ILEC)<\/span><\/h3>\n<p><span style=\"font-size: 14pt;\">Pla de lectura de centre:<\/span><br \/>\n<span style=\"font-size: 14pt;\">&#8211; Per millorar els resultats acad\u00e8mics.<\/span><br \/>\n<span style=\"font-size: 14pt;\">&#8211; Gust per llegir ( 30 minuts diaris de lectura )<\/span><br \/>\n<span style=\"font-size: 14pt;\">&#8211; Acc\u00e9s a la Biblioteca del centre.<\/span><\/p>\n<h3><span style=\"font-size: 14pt;\">LES LLENG\u00dcES ESTRANGERES:<\/span><\/h3>\n<p><span style=\"font-size: 14pt;\">&#8211; Impuls del franc\u00e8s i l\u2019angl\u00e8s.<\/span><br \/>\n<span style=\"font-size: 14pt;\">&#8211; Intercanvis ESO, Batxillerat i Cicles.<\/span><br \/>\n<span style=\"font-size: 14pt;\">&#8211; Erasmus +<\/span><\/p>\n<p><a href=\"https:\/\/agora.xtec.cat\/iesserreta\/wp-content\/uploads\/usu2147\/2023\/02\/ESCOLES-ADSCRITES-A-LA-SERRETA-1.png\"><img loading=\"lazy\" decoding=\"async\" class=\"aligncenter wp-image-5040\" src=\"https:\/\/agora.xtec.cat\/iesserreta\/wp-content\/uploads\/usu2147\/2023\/02\/ESCOLES-ADSCRITES-A-LA-SERRETA-1.png\" alt=\"\" width=\"408\" height=\"680\" srcset=\"https:\/\/agora.xtec.cat\/iesserreta\/wp-content\/uploads\/usu2147\/2023\/02\/ESCOLES-ADSCRITES-A-LA-SERRETA-1.png 1181w, https:\/\/agora.xtec.cat\/iesserreta\/wp-content\/uploads\/usu2147\/2023\/02\/ESCOLES-ADSCRITES-A-LA-SERRETA-1-180x300.png 180w, https:\/\/agora.xtec.cat\/iesserreta\/wp-content\/uploads\/usu2147\/2023\/02\/ESCOLES-ADSCRITES-A-LA-SERRETA-1-768x1279.png 768w, https:\/\/agora.xtec.cat\/iesserreta\/wp-content\/uploads\/usu2147\/2023\/02\/ESCOLES-ADSCRITES-A-LA-SERRETA-1-922x1536.png 922w\" sizes=\"auto, (max-width: 408px) 100vw, 408px\" \/><\/a><\/p>\n<hr \/>\n<h2 style=\"text-align: justify;\"><span style=\"font-size: 24pt;\"><strong>Desenvolupament del Curr\u00edculum d&#8217;ESO a La Serreta<\/strong><\/span><\/h2>\n<p style=\"text-align: justify;\"><span style=\"font-size: 14pt;\">Etapa generalment dels 12 als 16 anys.<\/span><\/p>\n<p style=\"text-align: justify;\"><strong><span style=\"font-size: 14pt;\">1r, 2n i 3r d&#8217;ESO. Mat\u00e8ries dels tres primers cursos:<\/span><\/strong><\/p>\n<p style=\"padding-left: 40px; text-align: justify;\"><span style=\"font-size: 14pt;\"><strong>Mat\u00e8ries comunes:<\/strong><\/span><br \/>\n<span style=\"font-size: 14pt;\">Ci\u00e8ncies de la Naturalesa: Biologia i Geologia; F\u00edsica i Qu\u00edmica.<\/span><br \/>\n<span style=\"font-size: 14pt;\">Ci\u00e8ncies Socials: Geografia i Hist\u00f2ria.<\/span><br \/>\n<span style=\"font-size: 14pt;\">Educaci\u00f3 F\u00edsica.<\/span><br \/>\n<span style=\"font-size: 14pt;\">Educaci\u00f3 Visual i Pl\u00e0stica.<\/span><br \/>\n<span style=\"font-size: 14pt;\">Llengua Catalana i Literatura.<\/span><br \/>\n<span style=\"font-size: 14pt;\">Llengua Castellana i Literatura.<\/span><br \/>\n<span style=\"font-size: 14pt;\">Llengua Estrangera (Angl\u00e8s).<\/span><br \/>\n<span style=\"font-size: 14pt;\">Matem\u00e0tiques.<\/span><br \/>\n<span style=\"font-size: 14pt;\">M\u00fasica.<\/span><br \/>\n<span style=\"font-size: 14pt;\">Tecnologia.<\/span><br \/>\n<span style=\"font-size: 14pt;\">Cultura i Valors \u00c8tics (o Religi\u00f3).<\/span><br \/>\n<span style=\"font-size: 14pt;\">Tutoria.<\/span><\/p>\n<p style=\"padding-left: 40px; text-align: justify;\"><span style=\"font-size: 14pt;\"><strong>Mat\u00e8ries optatives.<\/strong><\/span><\/p>\n<p style=\"padding-left: 40px; text-align: justify;\"><span style=\"font-size: 14pt;\"><strong>Treball de S\u00edntesi.<\/strong><\/span><\/p>\n<p style=\"text-align: justify;\"><span style=\"font-size: 14pt;\"><strong>4t d&#8217;ESO<\/strong><\/span><\/p>\n<p style=\"padding-left: 40px; text-align: justify;\"><span style=\"font-size: 14pt;\"><strong>Mat\u00e8ries comunes:<\/strong><\/span><br \/>\n<span style=\"font-size: 14pt;\">Ci\u00e8ncies Socials: Geografia i Hist\u00f2ria.<\/span><br \/>\n<span style=\"font-size: 14pt;\">Educaci\u00f3 F\u00edsica.<\/span><br \/>\n<span style=\"font-size: 14pt;\">Educaci\u00f3 Visual i Pl\u00e0stica.<\/span><br \/>\n<span style=\"font-size: 14pt;\">Llengua Catalana i Literatura.<\/span><br \/>\n<span style=\"font-size: 14pt;\">Llengua Castellana i Literatura.<\/span><br \/>\n<span style=\"font-size: 14pt;\">Llengua Estrangera (Angl\u00e8s).<\/span><br \/>\n<span style=\"font-size: 14pt;\">Matem\u00e0tiques.<\/span><br \/>\n<span style=\"font-size: 14pt;\">Cultura i Valors \u00c8tics (o Religi\u00f3).<\/span><br \/>\n<span style=\"font-size: 14pt;\">Tutoria.<\/span><\/p>\n<p style=\"padding-left: 40px; text-align: justify;\"><strong><span style=\"font-size: 14pt;\">Servei Comunitari.<\/span><\/strong><\/p>\n<p style=\"padding-left: 40px; text-align: justify;\"><span style=\"font-size: 14pt;\"><strong>Mat\u00e8ries Optatives:<\/strong><\/span><br \/>\n<span style=\"font-size: 14pt;\">Biologia i Geologia<br \/>\nF\u00edsica i Qu\u00edmica<br \/>\nLlat\u00ed<br \/>\nEconomia<br \/>\nCi\u00e8ncies Aplicades a l&#8217;Activitat Professional<br \/>\nEmprenedoria<br \/>\nTecnologia<br \/>\nSegona Llengua Estrangera.<br \/>\nEducaci\u00f3 Visual i Pl\u00e0stica<br \/>\nFilosofia<br \/>\nCultura Cl\u00e0ssica<br \/>\nM\u00fasica<br \/>\nArts Esc\u00e8niques i Dansa<br \/>\n<\/span><\/p>\n<p style=\"padding-left: 40px; text-align: justify;\"><strong><span style=\"font-size: 14pt;\">Projecte de Recerca.<\/span><\/strong><\/p>\n<p style=\"text-align: justify;\">\n","protected":false},"excerpt":{"rendered":"<p>&nbsp;<br \/>\n<a href=\"https:\/\/agora.xtec.cat\/iesserreta\/wp-content\/uploads\/usu2147\/2024\/02\/portes-obertes-eso-la-serreta-1.png\"><\/a> <a href=\"https:\/\/agora.xtec.cat\/iesserreta\/wp-content\/uploads\/usu2147\/2024\/02\/portes-obertes-eso-la-serreta-2.png\"><\/a><br \/>\nQu\u00e8 prioritzem al PROJECTE EDUCATIU<br \/>\nORIENTACI\u00d3 I ACOMPANYAMENT<br \/>\nPosem la mirada en garantir el benestar de l\u2019alumnat en totes les seves vessants, competencial, emocional i social en tot el seu proc\u00e9s d\u2019escolaritzaci\u00f3. Ho realitzem a trav\u00e9s de l\u2019acci\u00f3 tutorial, l\u2019orientaci\u00f3, l\u2019atenci\u00f3 a la diversitat,&hellip;  <a href=\"https:\/\/agora.xtec.cat\/iesserreta\/portes-obertes\/eso\/\" title=\"Read ESO\">Llegeix m\u00e9s\u00bb<\/a><\/p>\n","protected":false},"author":15,"featured_media":0,"parent":3887,"menu_order":0,"comment_status":"closed","ping_status":"closed","template":"","meta":{"_bbp_topic_count":0,"_bbp_reply_count":0,"_bbp_total_topic_count":0,"_bbp_total_reply_count":0,"_bbp_voice_count":0,"_bbp_anonymous_reply_count":0,"_bbp_topic_count_hidden":0,"_bbp_reply_count_hidden":0,"_bbp_forum_subforum_count":0,"footnotes":""},"class_list":["post-4905","page","type-page","status-publish","hentry"],"post_mailing_queue_ids":[],"_links":{"self":[{"href":"https:\/\/agora.xtec.cat\/iesserreta\/wp-json\/wp\/v2\/pages\/4905","targetHints":{"allow":["GET"]}}],"collection":[{"href":"https:\/\/agora.xtec.cat\/iesserreta\/wp-json\/wp\/v2\/pages"}],"about":[{"href":"https:\/\/agora.xtec.cat\/iesserreta\/wp-json\/wp\/v2\/types\/page"}],"author":[{"embeddable":true,"href":"https:\/\/agora.xtec.cat\/iesserreta\/wp-json\/wp\/v2\/users\/15"}],"replies":[{"embeddable":true,"href":"https:\/\/agora.xtec.cat\/iesserreta\/wp-json\/wp\/v2\/comments?post=4905"}],"version-history":[{"count":7,"href":"https:\/\/agora.xtec.cat\/iesserreta\/wp-json\/wp\/v2\/pages\/4905\/revisions"}],"predecessor-version":[{"id":6670,"href":"https:\/\/agora.xtec.cat\/iesserreta\/wp-json\/wp\/v2\/pages\/4905\/revisions\/6670"}],"up":[{"embeddable":true,"href":"https:\/\/agora.xtec.cat\/iesserreta\/wp-json\/wp\/v2\/pages\/3887"}],"wp:attachment":[{"href":"https:\/\/agora.xtec.cat\/iesserreta\/wp-json\/wp\/v2\/media?parent=4905"}],"curies":[{"name":"wp","href":"https:\/\/api.w.org\/{rel}","templated":true}]}}