{"id":4445,"date":"2022-06-11T10:17:55","date_gmt":"2022-06-11T08:17:55","guid":{"rendered":"https:\/\/agora.xtec.cat\/iesserreta\/?page_id=4445"},"modified":"2022-06-11T10:56:25","modified_gmt":"2022-06-11T08:56:25","slug":"fct-fp-dual","status":"publish","type":"page","link":"https:\/\/agora.xtec.cat\/iesserreta\/serveis-fp\/fct-fp-dual\/","title":{"rendered":"FCT i FP DUAL"},"content":{"rendered":"<p>COORDINADORA: M\u00f2nica Puig<a href=\"https:\/\/agora.xtec.cat\/iesserreta\/wp-content\/uploads\/usu2147\/2021\/07\/fctdual.jpg\"><img loading=\"lazy\" decoding=\"async\" class=\" wp-image-3486 alignright\" src=\"https:\/\/agora.xtec.cat\/iesserreta\/wp-content\/uploads\/usu2147\/2021\/07\/fctdual.jpg\" alt=\"\" width=\"361\" height=\"177\" srcset=\"https:\/\/agora.xtec.cat\/iesserreta\/wp-content\/uploads\/usu2147\/2021\/07\/fctdual.jpg 489w, https:\/\/agora.xtec.cat\/iesserreta\/wp-content\/uploads\/usu2147\/2021\/07\/fctdual-300x147.jpg 300w\" sizes=\"auto, (max-width: 361px) 100vw, 361px\" \/><\/a><\/p>\n<h1><span style=\"text-decoration: underline;\"><strong>1. FCT<\/strong><\/span><\/h1>\n<h3 style=\"text-align: justify;\"><span style=\"font-size: 14pt;\"><b>QU\u00c8 \u00c9S L\u2019FCT?\u00a0<\/b><\/span><\/h3>\n<p style=\"text-align: justify; padding-left: 40px;\"><span style=\"font-weight: 400; font-size: 14pt;\">\u00b7 S\u00f3n pr\u00e0ctiques i estades formatives no laborals que realitza l\u2019alumnat d\u2019ensenyaments postobligatoris.\u00a0<\/span><\/p>\n<p style=\"text-align: justify; padding-left: 40px;\"><span style=\"font-weight: 400; font-size: 14pt;\">\u00b7 Es realitzen en centres de treball (empreses, entitats, institucions, fundacions\u2026).<\/span><\/p>\n<p style=\"text-align: justify; padding-left: 40px;\"><span style=\"font-size: 14pt;\"><span style=\"font-weight: 400;\">\u00b7 Mitjan\u00e7ant un conveni de col\u00b7laboraci\u00f3 que subscriuen el centre docent, l\u2019alumne\/a i l\u2019empresa<\/span><span style=\"font-weight: 400;\">.\u00a0<\/span><\/span><\/p>\n<h3 style=\"text-align: justify;\"><span style=\"font-size: 14pt;\"><b>QU\u00c8 COMPORTA L\u2019FCT PER L\u2019ALUMNAT?\u00a0<\/b><\/span><\/h3>\n<p style=\"text-align: justify; padding-left: 40px;\"><span style=\"font-weight: 400; font-size: 14pt;\">\u00b7 El coneixement del m\u00f3n laboral i de l\u2019empresa.\u00a0<\/span><\/p>\n<p style=\"text-align: justify; padding-left: 40px;\"><span style=\"font-weight: 400; font-size: 14pt;\">\u00b7 Completar la seva formaci\u00f3 professional, per capacitar-se per a la seva incorporaci\u00f3 al m\u00f3n laboral.\u00a0<\/span><\/p>\n<p style=\"text-align: justify; padding-left: 40px;\"><span style=\"font-weight: 400; font-size: 14pt;\">\u00b7 L\u2019experi\u00e8ncia en el m\u00f3n laboral com a pas previ per a la primera ocupaci\u00f3.\u00a0<\/span><\/p>\n<p style=\"text-align: justify; padding-left: 40px;\"><span style=\"font-weight: 400; font-size: 14pt;\">\u00b7 La superaci\u00f3 del M\u00f2dul de Formaci\u00f3 en Centres de Treball\u00a0<\/span><\/p>\n<h3 style=\"text-align: justify;\"><span style=\"font-size: 14pt;\"><b>QUAN DUREN LES PR\u00c0CTIQUES?\u00a0<\/b><\/span><\/h3>\n<p style=\"text-align: justify; padding-left: 40px;\"><span style=\"font-weight: 400; font-size: 14pt;\">Dep\u00e8n del cicle que s\u2019est\u00e0 cursant:\u00a0<\/span><\/p>\n<p style=\"text-align: justify; padding-left: 80px;\"><span style=\"font-weight: 400; font-size: 14pt;\">\u00b7 CFGM PERRUQUERIA I COSM\u00c8TICA CAPILAR: 383h\u00a0<\/span><\/p>\n<p style=\"text-align: justify; padding-left: 80px;\"><span style=\"font-weight: 400; font-size: 14pt;\">\u00b7 CFGM ATENCI\u00d3 A PERSONES EN SITUACI\u00d3 DE DEPEND\u00c8NCIA: 449h CFGS EDUCACI\u00d3 INFANTIL: 449h\u00a0<\/span><\/p>\n<p style=\"text-align: justify; padding-left: 80px;\"><span style=\"font-weight: 400; font-size: 14pt;\">\u00b7 CFGS INTEGRACI\u00d3 SOCIAL: 449h\u00a0<\/span><\/p>\n<h3 style=\"text-align: justify;\"><span style=\"font-size: 14pt;\"><b>QUI POT FER L\u2019FCT?\u00a0<\/b><\/span><\/h3>\n<p style=\"text-align: justify; padding-left: 40px;\"><span style=\"font-weight: 400; font-size: 14pt;\">\u00b7 Tot aquell alumnat que estigui matriculat al m\u00f2dul i que tingui les capacitats acad\u00e8miques, professionals i personals necess\u00e0ries.\u00a0<\/span><\/p>\n<p style=\"text-align: justify; padding-left: 40px;\"><span style=\"font-weight: 400; font-size: 14pt;\">\u00b7 L\u2019alumnat que ha finalitzat el 1r curs de forma satisfact\u00f2ria al mes de maig, per poder comen\u00e7ar al juny i continuar amb l\u2019FCT al llarg del 2n curs.<\/span><\/p>\n<p><span style=\"font-size: 14pt;\">+ Informaci\u00f3 a <a href=\"https:\/\/xtec.gencat.cat\/ca\/curriculum\/professionals\/fct\/\">https:\/\/xtec.gencat.cat\/ca\/curriculum\/professionals\/fct\/<\/a><\/span><\/p>\n<hr \/>\n<h1><span style=\"text-decoration: underline;\"><strong>2. FP DUAL<\/strong><\/span><\/h1>\n<h3 style=\"text-align: justify;\"><span style=\"font-size: 14pt;\"><b>QU\u00c8 \u00c9S L\u2019FP DUAL?\u00a0<\/b><\/span><\/h3>\n<p style=\"text-align: justify; padding-left: 40px;\"><span style=\"font-weight: 400; font-size: 14pt;\">\u00c9s la modalitat de formaci\u00f3 professional en la qual l&#8217;estudiant esdev\u00e9 aprenent i combina la formaci\u00f3 en el centre educatiu amb l&#8217;activitat productiva de l&#8217;empresa.\u00a0<\/span><\/p>\n<p style=\"text-align: justify; padding-left: 40px;\"><span style=\"font-weight: 400; font-size: 14pt;\">On s\u2019estableix una major vinculaci\u00f3 i coresponsabilitat entre els centres de formaci\u00f3 professional i les empreses\/entitats, en el proc\u00e9s formatiu dels joves.\u00a0<\/span><\/p>\n<h3 style=\"text-align: justify;\"><span style=\"font-size: 14pt;\"><b>QU\u00c8 IMPLICA L\u2019FP DUAL PER L\u2019ALUMNAT?\u00a0<\/b><\/span><\/h3>\n<p style=\"text-align: justify; padding-left: 40px;\"><span style=\"font-weight: 400; font-size: 14pt;\">\u00b7 Compaginaci\u00f3 d\u2019estudis amb el treball.\u00a0<\/span><\/p>\n<p style=\"text-align: justify; padding-left: 40px;\"><span style=\"font-weight: 400; font-size: 14pt;\">\u00b7 Compensaci\u00f3 econ\u00f2mica.\u00a0<\/span><\/p>\n<p style=\"text-align: justify; padding-left: 40px;\"><span style=\"font-weight: 400; font-size: 14pt;\">\u00b7 Adquisici\u00f3 de compet\u00e8ncies (d\u2019autonomia, iniciativa, treball en equip, responsabilitat&#8230;) en l\u2019\u00e0mbit del treball.\u00a0<\/span><\/p>\n<p style=\"text-align: justify; padding-left: 40px;\"><span style=\"font-weight: 400; font-size: 14pt;\">\u00b7 Reconeixement dels aprenentatges que s\u2019adquireixen en l\u2019entorn laboral.\u00a0<\/span><\/p>\n<p style=\"text-align: justify; padding-left: 40px;\"><span style=\"font-weight: 400; font-size: 14pt;\">\u00b7 Facilita la transici\u00f3 de l\u2019escola al m\u00f3n laboral.\u00a0<\/span><\/p>\n<p style=\"text-align: justify; padding-left: 40px;\"><span style=\"font-weight: 400; font-size: 14pt;\">\u00b7 Adquisici\u00f3 d\u2019experi\u00e8ncia laboral i ser una persona titulada amb experi\u00e8ncia.\u00a0<\/span><\/p>\n<h3 style=\"text-align: justify;\"><span style=\"font-size: 14pt;\"><b>COM FUNCIONA?\u00a0<\/b><\/span><\/h3>\n<h4 style=\"text-align: justify; padding-left: 40px;\"><span style=\"font-size: 14pt;\"><b>FASE 0\u00a0<\/b><\/span><\/h4>\n<p style=\"text-align: justify; padding-left: 40px;\"><span style=\"font-weight: 400; font-size: 14pt;\">\u00b7 Proc\u00e9s de selecci\u00f3 d\u2019aquell alumnat interessat durant el segon quadrimestre de 1r curs.\u00a0<\/span><\/p>\n<p style=\"text-align: justify; padding-left: 40px;\"><span style=\"font-weight: 400; font-size: 14pt;\">\u00b7 En el proc\u00e9s de selecci\u00f3 es t\u00e9 en compte tant els resultats acad\u00e8mics com les capacitats claus. L&#8217;empresa tamb\u00e9 fa una entrevista a les diferents persones candidates.\u00a0<\/span><\/p>\n<h4 style=\"text-align: justify; padding-left: 40px;\"><span style=\"font-size: 14pt;\"><b>FASE 1\u00a0<\/b><\/span><\/h4>\n<p style=\"text-align: justify; padding-left: 40px;\"><span style=\"font-weight: 400; font-size: 14pt;\">100h d\u2019FCT durant el mes de juny de 1r curs, amb l\u2019objectiu de promoure el coneixement mutu entre l&#8217;alumnat i l&#8217;empresa, abans de formalitzar una relaci\u00f3 contractual o becada.<\/span><\/p>\n<h4 style=\"text-align: justify; padding-left: 40px;\"><span style=\"font-size: 14pt;\"><b>FASE 2\u00a0<\/b><\/span><\/h4>\n<p style=\"text-align: justify; padding-left: 40px;\"><span style=\"font-weight: 400; font-size: 14pt;\">Les empreses o entitats decidiran com formalitzar la pla\u00e7a DUAL, si ho fan a trav\u00e9s d\u2019una beca formativa o d\u2019un contracte de treball:\u00a0<\/span><\/p>\n<ol>\n<li style=\"list-style-type: none;\">\n<ol>\n<li style=\"list-style-type: none;\">\n<ol style=\"text-align: justify;\">\n<li><span style=\"font-size: 14pt;\"><b> Contracte per a la formaci\u00f3 i l\u2019aprenentatge: <\/b><span style=\"font-weight: 400;\">m\u00ednim 1 any d\u2019estada a l\u2019empresa, retribucions acordades&#8230;\u00a0<\/span><\/span><\/li>\n<li><span style=\"font-size: 14pt;\"><b> Beca: <\/b><span style=\"font-weight: 400;\">1000h d\u2019estada a l\u2019empresa, alta a la seguretat social com a becaris, gratificaci\u00f3 acordada&#8230;\u00a0<\/span><\/span><\/li>\n<\/ol>\n<\/li>\n<\/ol>\n<\/li>\n<\/ol>\n<p style=\"text-align: justify; padding-left: 80px;\"><span style=\"font-size: 14pt;\"><b>*<\/b><span style=\"font-weight: 400;\">les estades a l\u2019empresa es combinen amb l&#8217;assist\u00e8ncia al centre docent.\u00a0<\/span><\/span><\/p>\n<p style=\"text-align: justify; padding-left: 80px;\"><span style=\"font-size: 14pt;\"><span style=\"font-weight: 400;\">A la promoci\u00f3 20-22, l\u2019Institut La Serreta ha ofert 7 places: 2 alumnes a la <\/span><i><span style=\"font-weight: 400;\">Resid\u00e8ncia El Cel de Rub\u00ed<\/span><\/i><span style=\"font-weight: 400;\">. Beca. (APSD)\u00a0<\/span><\/span><\/p>\n<p style=\"text-align: justify; padding-left: 80px;\"><span style=\"font-size: 14pt;\"><span style=\"font-weight: 400;\">2 alumnes al centre de treball <\/span><i><span style=\"font-weight: 400;\">Serveis a la gent gran i depend\u00e8ncia Can Fatj\u00f3<\/span><\/i><span style=\"font-weight: 400;\">, de l\u2019Ajuntament de Rub\u00ed. Contracte d&#8217;ensenyament aprenentatge. (APSD)\u00a0<\/span><\/span><\/p>\n<p style=\"text-align: justify; padding-left: 80px;\"><span style=\"font-size: 14pt;\"><span style=\"font-weight: 400;\">2 alumnes a l\u2019<\/span><i><span style=\"font-weight: 400;\">Escola Bressol Municipal La Bruna, <\/span><\/i><span style=\"font-weight: 400;\">de l\u2019Ajuntament de Rub\u00ed. Contracte d&#8217;ensenyament aprenentatge. (Educaci\u00f3 Infantil)\u00a0<\/span><\/span><\/p>\n<p style=\"text-align: justify; padding-left: 80px;\"><span style=\"font-size: 14pt;\"><span style=\"font-weight: 400;\">1 alumna a l&#8217;<\/span><i><span style=\"font-weight: 400;\">Equipament municipal Espai jove Torre Bassas<\/span><\/i><span style=\"font-weight: 400;\">, de l\u2019Ajuntament de Rub\u00ed. Contracte temporal.\u00a0<\/span><\/span><\/p>\n<p style=\"text-align: justify;\"><span style=\"font-size: 14pt;\"><b>Si vols m\u00e9s informaci\u00f3 sobre l\u2019FP dual pots consultar: <a href=\"https:\/\/agora.xtec.cat\/fpdual\/\">https:\/\/agora.xtec.cat\/fpdual\/<\/a><\/b><b><\/b><\/span><\/p>\n","protected":false},"excerpt":{"rendered":"<p>COORDINADORA: M\u00f2nica Puig<a href=\"https:\/\/agora.xtec.cat\/iesserreta\/wp-content\/uploads\/usu2147\/2021\/07\/fctdual.jpg\"><\/a><br \/>\n1. FCT<br \/>\nQU\u00c8 \u00c9S L\u2019FCT?\u00a0<br \/>\n\u00b7 S\u00f3n pr\u00e0ctiques i estades formatives no laborals que realitza l\u2019alumnat d\u2019ensenyaments postobligatoris.\u00a0<br \/>\n\u00b7 Es realitzen en centres de treball (empreses, entitats, institucions, fundacions\u2026).<br \/>\n\u00b7 Mitjan\u00e7ant un conveni de col\u00b7laboraci\u00f3 que subscriuen el centre docent, l\u2019alumne\/a i l\u2019empresa.\u00a0<br \/>\nQU\u00c8 COMPORTA L\u2019FCT PER&hellip;  <a href=\"https:\/\/agora.xtec.cat\/iesserreta\/serveis-fp\/fct-fp-dual\/\" title=\"Read FCT i FP DUAL\">Llegeix m\u00e9s\u00bb<\/a><\/p>\n","protected":false},"author":15,"featured_media":0,"parent":632,"menu_order":10,"comment_status":"closed","ping_status":"closed","template":"page-templates\/side-menu.php","meta":{"_bbp_topic_count":0,"_bbp_reply_count":0,"_bbp_total_topic_count":0,"_bbp_total_reply_count":0,"_bbp_voice_count":0,"_bbp_anonymous_reply_count":0,"_bbp_topic_count_hidden":0,"_bbp_reply_count_hidden":0,"_bbp_forum_subforum_count":0,"footnotes":""},"class_list":["post-4445","page","type-page","status-publish","hentry"],"post_mailing_queue_ids":[],"_links":{"self":[{"href":"https:\/\/agora.xtec.cat\/iesserreta\/wp-json\/wp\/v2\/pages\/4445","targetHints":{"allow":["GET"]}}],"collection":[{"href":"https:\/\/agora.xtec.cat\/iesserreta\/wp-json\/wp\/v2\/pages"}],"about":[{"href":"https:\/\/agora.xtec.cat\/iesserreta\/wp-json\/wp\/v2\/types\/page"}],"author":[{"embeddable":true,"href":"https:\/\/agora.xtec.cat\/iesserreta\/wp-json\/wp\/v2\/users\/15"}],"replies":[{"embeddable":true,"href":"https:\/\/agora.xtec.cat\/iesserreta\/wp-json\/wp\/v2\/comments?post=4445"}],"version-history":[{"count":3,"href":"https:\/\/agora.xtec.cat\/iesserreta\/wp-json\/wp\/v2\/pages\/4445\/revisions"}],"predecessor-version":[{"id":4452,"href":"https:\/\/agora.xtec.cat\/iesserreta\/wp-json\/wp\/v2\/pages\/4445\/revisions\/4452"}],"up":[{"embeddable":true,"href":"https:\/\/agora.xtec.cat\/iesserreta\/wp-json\/wp\/v2\/pages\/632"}],"wp:attachment":[{"href":"https:\/\/agora.xtec.cat\/iesserreta\/wp-json\/wp\/v2\/media?parent=4445"}],"curies":[{"name":"wp","href":"https:\/\/api.w.org\/{rel}","templated":true}]}}