{"id":3943,"date":"2022-02-01T14:03:23","date_gmt":"2022-02-01T13:03:23","guid":{"rendered":"https:\/\/agora.xtec.cat\/iesserreta\/?page_id=3943"},"modified":"2022-02-01T14:12:21","modified_gmt":"2022-02-01T13:12:21","slug":"batxillerat-artistic-3x2-amb-grau-mitja-darts-plastiques-i-disseny","status":"publish","type":"page","link":"https:\/\/agora.xtec.cat\/iesserreta\/batxillerat-artistic-3x2-amb-grau-mitja-darts-plastiques-i-disseny\/","title":{"rendered":"Batxillerat Art\u00edstic 3\u00d72 (amb Grau Mitj\u00e0 d\u2019Arts Pl\u00e0stiques i Disseny)"},"content":{"rendered":"<p><img loading=\"lazy\" decoding=\"async\" class=\"wp-image-3944 aligncenter\" src=\"https:\/\/agora.xtec.cat\/iesserreta\/wp-content\/uploads\/usu2147\/2022\/02\/EDRA_DobleTit_FB.jpg\" alt=\"\" width=\"564\" height=\"295\" srcset=\"https:\/\/agora.xtec.cat\/iesserreta\/wp-content\/uploads\/usu2147\/2022\/02\/EDRA_DobleTit_FB.jpg 1201w, https:\/\/agora.xtec.cat\/iesserreta\/wp-content\/uploads\/usu2147\/2022\/02\/EDRA_DobleTit_FB-300x157.jpg 300w, https:\/\/agora.xtec.cat\/iesserreta\/wp-content\/uploads\/usu2147\/2022\/02\/EDRA_DobleTit_FB-768x402.jpg 768w\" sizes=\"auto, (max-width: 564px) 100vw, 564px\" \/><\/p>\n<p style=\"text-align: justify;\"><span style=\"font-size: 14pt;\">El curs 2021-2022, l\u2019IES La Serreta i l\u2019Escola d\u2019Art i Disseny de Rub\u00ed amplien la seva oferta formativa amb una\u00a0<strong>doble titulaci\u00f3 de Batxillerat Art\u00edstic i CFGM d&#8217;Assist\u00e8ncia al Producte Gr\u00e0fic Interactiu<\/strong>.<\/span><\/p>\n<p style=\"text-align: justify;\"><span style=\"font-size: 14pt;\">Podeu consultar tota la informaci\u00f3 oficial del Departament d&#8217;Ensenyament de la Generalitat\u00a0<a href=\"https:\/\/triaeducativa.gencat.cat\/ca\/artistics\/apd\/doble-titulacio\/batxillerat-arts-apd-grau-mitja\/\">AQU\u00cd<\/a>.<\/span><\/p>\n<h2 style=\"text-align: justify;\">En qu\u00e8 consisteix?<\/h2>\n<p style=\"text-align: justify;\"><span style=\"font-size: 14pt;\">Escollir aquesta modalitat ofereix la possibilitat d\u2019aconseguir dues titulacions en tres anys. En els dos primers, l&#8217;alumnat obt\u00e9 el t\u00edtol del CFGM de Gr\u00e0fica Interactiva i en el tercer curs, el de Batxillerat d\u2019Arts.<\/span><\/p>\n<p style=\"text-align: justify;\"><span style=\"font-size: 14pt;\">Aquest itinerari es fa possible amb l&#8217;equival\u00e8ncia entre m\u00f2duls i mat\u00e8ries establerts entre el Cicle formatiu de grau mitj\u00e0 de Gr\u00e0fica interactiva d&#8217;edRa i el Batxillerat d\u2019Arts de l&#8217;IES La Serreta.<\/span><\/p>\n<h2 style=\"text-align: justify;\">Funcionament del 3&#215;2, 3 cursos i 2 titulacions:<\/h2>\n<ul style=\"text-align: justify;\">\n<li><span style=\"font-size: 14pt;\">1r curs \u2014 4 M\u00f2duls de primer de Batxillerat art\u00edstic i 7 m\u00f2duls de primer de GM d\u2019Assist\u00e8ncia al Producte Gr\u00e0fic Interactiu.<\/span><\/li>\n<li><span style=\"font-size: 14pt;\">2n curs \u2014 5 M\u00f2duls de primer de Batxillerat art\u00edstic i 6 m\u00f2duls de segon de GM d\u2019Assist\u00e8ncia al Producte Gr\u00e0fic Interactiu. S\u2019obt\u00e9 la titulaci\u00f3 del grau mitj\u00e0.<\/span><\/li>\n<li><span style=\"font-size: 14pt;\">3r curs \u2014 8 m\u00f2duls de segon de Batxillerat. S\u2019obt\u00e9 la titulaci\u00f3 de Batxillerat d\u2019arts.<\/span><\/li>\n<\/ul>\n<h2 style=\"text-align: justify;\">Com pots accedir al cicle?<\/h2>\n<p style=\"text-align: justify;\"><span style=\"font-size: 14pt;\">Haur\u00e0s de fer una prova d&#8217;acc\u00e9s (part comuna i part espec\u00edfica). Per fer-la et caldr\u00e0 tenir com a m\u00ednim 17 anys l&#8217;any en qu\u00e8 fas la prova. Si ja tens el t\u00edtol de l&#8217;ESO nom\u00e9s et caldr\u00e0 superar la part espec\u00edfica de la prova. Et recomanem que consultis l&#8217;apartat de\u00a0<a href=\"https:\/\/artedra.net\/\">proves d&#8217;acc\u00e9s<\/a>\u00a0per ampliar informaci\u00f3.<\/span><\/p>\n<h2 style=\"text-align: justify;\">Qu\u00e8 pots fer despr\u00e9s?<\/h2>\n<ul style=\"text-align: justify;\">\n<li><span style=\"font-size: 14pt;\">Pots accedir directament a un cicle de grau superior, a estudis art\u00edstics superiors de disseny o conservaci\u00f3 de b\u00e9ns culturals, o b\u00e9 a un grau universitari (superant les PAU).<\/span><\/li>\n<li><span style=\"font-size: 14pt;\">Pots anar al m\u00f3n laboral, per dur a terme tasques com ara les seg\u00fcents:<\/span><br \/>\n<span style=\"font-size: 14pt;\">&#8211; Realitzaci\u00f3 i correcci\u00f3 del tractament inform\u00e0tic de preparaci\u00f3 i composici\u00f3 de text i imatge destinats a l&#8217;edici\u00f3 web i multim\u00e8dia.<\/span><br \/>\n<span style=\"font-size: 14pt;\">&#8211; \u00das de programari, llenguatges i entorns de treball d&#8217;edici\u00f3 web i multim\u00e8dia. Interpretaci\u00f3 de les especificacions d&#8217;un dissenyador i la realitzaci\u00f3 dels elements gr\u00e0fics en un projecte de comunicaci\u00f3 gr\u00e0fica interactiva.<\/span><\/li>\n<\/ul>\n<p style=\"text-align: justify;\"><span style=\"font-size: 14pt;\"><b>La organitzaci\u00f3<\/b>\u00a0i el\u00a0<b>Pla d&#8217;estudis<\/b>\u00a0s\u00f3n els propis de cada titulaci\u00f3. Mireu detalls\u00a0<a href=\"https:\/\/artedra.net\/\">AQU\u00cd<\/a>.\u00a0<\/span><\/p>\n<h2 style=\"text-align: justify;\">Matr\u00edcula<\/h2>\n<p style=\"text-align: justify;\"><span style=\"font-size: 14pt;\">Podeu consultar el per\u00edode de matr\u00edcula en\u00a0<a href=\"http:\/\/queestudiar.gencat.cat\/ca\/preinscripcio\/estudis\/apd-gm\/calendari\/\">aquest enlla\u00e7<\/a>\u00a0del Departament d&#8217;Ensenyament de la Generalitat.<\/span><\/p>\n","protected":false},"excerpt":{"rendered":"<p>El curs 2021-2022, l\u2019IES La Serreta i l\u2019Escola d\u2019Art i Disseny de Rub\u00ed amplien la seva oferta formativa amb una\u00a0doble titulaci\u00f3 de Batxillerat Art\u00edstic i CFGM d&#8217;Assist\u00e8ncia al Producte Gr\u00e0fic Interactiu.<br \/>\nPodeu consultar tota la informaci\u00f3 oficial del Departament d&#8217;Ensenyament de la Generalitat\u00a0<a href=\"https:\/\/triaeducativa.gencat.cat\/ca\/artistics\/apd\/doble-titulacio\/batxillerat-arts-apd-grau-mitja\/\">AQU\u00cd<\/a>.<br \/>\nEn qu\u00e8 consisteix?<br \/>\nEscollir&hellip;  <a href=\"https:\/\/agora.xtec.cat\/iesserreta\/batxillerat-artistic-3x2-amb-grau-mitja-darts-plastiques-i-disseny\/\" title=\"Read Batxillerat Art\u00edstic 3\u00d72 (amb Grau Mitj\u00e0 d\u2019Arts Pl\u00e0stiques i Disseny)\">Llegeix m\u00e9s\u00bb<\/a><\/p>\n","protected":false},"author":15,"featured_media":0,"parent":0,"menu_order":0,"comment_status":"closed","ping_status":"closed","template":"","meta":{"_bbp_topic_count":0,"_bbp_reply_count":0,"_bbp_total_topic_count":0,"_bbp_total_reply_count":0,"_bbp_voice_count":0,"_bbp_anonymous_reply_count":0,"_bbp_topic_count_hidden":0,"_bbp_reply_count_hidden":0,"_bbp_forum_subforum_count":0,"footnotes":""},"class_list":["post-3943","page","type-page","status-publish","hentry"],"post_mailing_queue_ids":[],"_links":{"self":[{"href":"https:\/\/agora.xtec.cat\/iesserreta\/wp-json\/wp\/v2\/pages\/3943","targetHints":{"allow":["GET"]}}],"collection":[{"href":"https:\/\/agora.xtec.cat\/iesserreta\/wp-json\/wp\/v2\/pages"}],"about":[{"href":"https:\/\/agora.xtec.cat\/iesserreta\/wp-json\/wp\/v2\/types\/page"}],"author":[{"embeddable":true,"href":"https:\/\/agora.xtec.cat\/iesserreta\/wp-json\/wp\/v2\/users\/15"}],"replies":[{"embeddable":true,"href":"https:\/\/agora.xtec.cat\/iesserreta\/wp-json\/wp\/v2\/comments?post=3943"}],"version-history":[{"count":3,"href":"https:\/\/agora.xtec.cat\/iesserreta\/wp-json\/wp\/v2\/pages\/3943\/revisions"}],"predecessor-version":[{"id":3951,"href":"https:\/\/agora.xtec.cat\/iesserreta\/wp-json\/wp\/v2\/pages\/3943\/revisions\/3951"}],"wp:attachment":[{"href":"https:\/\/agora.xtec.cat\/iesserreta\/wp-json\/wp\/v2\/media?parent=3943"}],"curies":[{"name":"wp","href":"https:\/\/api.w.org\/{rel}","templated":true}]}}