{"id":3795,"date":"2021-11-24T09:23:37","date_gmt":"2021-11-24T08:23:37","guid":{"rendered":"https:\/\/agora.xtec.cat\/iesserreta\/?page_id=3795"},"modified":"2023-02-08T23:24:47","modified_gmt":"2023-02-08T22:24:47","slug":"programa-magnet","status":"publish","type":"page","link":"https:\/\/agora.xtec.cat\/iesserreta\/programa-magnet\/","title":{"rendered":"Programa Magnet"},"content":{"rendered":"<p><img loading=\"lazy\" decoding=\"async\" class=\"wp-image-3798 aligncenter\" src=\"https:\/\/agora.xtec.cat\/iesserreta\/wp-content\/uploads\/usu2147\/2021\/11\/logo-footer.png\" alt=\"\" width=\"108\" height=\"158\" srcset=\"https:\/\/agora.xtec.cat\/iesserreta\/wp-content\/uploads\/usu2147\/2021\/11\/logo-footer.png 237w, https:\/\/agora.xtec.cat\/iesserreta\/wp-content\/uploads\/usu2147\/2021\/11\/logo-footer-205x300.png 205w\" sizes=\"auto, (max-width: 108px) 100vw, 108px\" \/><\/p>\n<h1 style=\"text-align: left;\"><span style=\"color: #ff6600;\">QU\u00c8 \u00c9S MAGNET?<\/span><\/h1>\n<p style=\"text-align: justify; font-size: large;\"><span style=\"font-size: 14pt;\">Magnet \u00e9s un <strong>programa d\u2019innovaci\u00f3<\/strong> per a l\u2019<strong>equitat educativa<\/strong> a trav\u00e9s d\u2019aliances per a l\u2019\u00e8xit educatiu. <\/span>El programa Magnet &#8220;<strong>Aliances per a l\u2019\u00e8xit educatiu&#8221;<\/strong> acompanya els centres educatius en el desenvolupament d\u2019un projecte en alian\u00e7a amb una instituci\u00f3 d\u2019excel\u00b7l\u00e8ncia. Aquesta col\u00b7laboraci\u00f3 entre el centre educatiu i la instituci\u00f3 ha de permetre al centre desenvolupar un projecte educatiu innovador i de qualitat, un projecte atractiu, que tingui magnetisme i que es converteixi en un projecte de refer\u00e8ncia en el seu territori, tant per a les fam\u00edlies com per a la comunitat educativa.<\/p>\n<p style=\"text-align: justify; font-size: large;\"><span style=\"font-size: 14pt;\">El programa Magnet vol <strong>afavorir l\u2019heterogene\u00eftat dels centres educatius<\/strong> mitjan\u00e7ant la <strong>col\u00b7laboraci\u00f3<\/strong> d\u2019una instituci\u00f3 de refer\u00e8ncia (anomenada partner) amb un centre educatiu, la qual permet dur a terme un <strong>projecte innovador<\/strong>, de <strong>qualitat<\/strong> i <strong>atractiu<\/strong> per a les fam\u00edlies. M\u00e9s informaci\u00f3 a <a href=\"http:\/\/magnet.cat\">magnet.cat<\/a>.<\/span><\/p>\n<p style=\"font-size: large; text-align: justify;\"><span style=\"font-size: 14pt;\">En aquest v\u00eddeo presentaci\u00f3 podeu con\u00e8ixer les bases fonamentals del projecte Magnet a Catalunya.<\/span><\/p>\n<p style=\"font-size: large; text-align: center;\"><iframe loading=\"lazy\" title=\"YouTube video player\" src=\"https:\/\/www.youtube.com\/embed\/eOgi5Puu_Jg\" width=\"720\" height=\"405\" frameborder=\"0\" allowfullscreen=\"allowfullscreen\"><\/iframe><\/p>\n<h1 style=\"text-align: left;\"><span style=\"color: #ff6600;\">LA NOSTRA ALIAN\u00c7A: EINA I LA SERRETA<\/span><\/h1>\n<p><img loading=\"lazy\" decoding=\"async\" class=\"wp-image-3624 aligncenter\" src=\"https:\/\/agora.xtec.cat\/iesserreta\/wp-content\/uploads\/usu2147\/2021\/09\/alianca-magnet-fons-blanc.png\" alt=\"\" width=\"420\" height=\"185\" srcset=\"https:\/\/agora.xtec.cat\/iesserreta\/wp-content\/uploads\/usu2147\/2021\/09\/alianca-magnet-fons-blanc.png 640w, https:\/\/agora.xtec.cat\/iesserreta\/wp-content\/uploads\/usu2147\/2021\/09\/alianca-magnet-fons-blanc-300x132.png 300w\" sizes=\"auto, (max-width: 420px) 100vw, 420px\" \/><\/p>\n<p style=\"text-align: justify; font-size: large;\"><span style=\"font-size: 14pt;\"><span style=\"font-family: inherit;\">El nostre company en aquesta aventura de transformaci\u00f3 del nostre projecte \u00e9s <\/span><span class=\" aw5Odc\" style=\"font-family: inherit;\"><a class=\"XqQF9c\" href=\"https:\/\/www.eina.cat\/ca\" target=\"_blank\" rel=\"noopener\">EINA<\/a><\/span><span style=\"font-family: inherit;\">, Centre Universitari de Disseny i Art de Barcelona. Per tant, \u00e9s una alian\u00e7a que es vehicula principalment a trav\u00e9s dels conceptes d&#8217;art i de disseny, \u00e9s a dir, des d&#8217;una mirada que, fent petits canvis, vol millorar el m\u00f3n. Si voleu llegir una mica m\u00e9s sobre EINA, consulteu <\/span><span class=\" aw5Odc\" style=\"font-family: inherit;\"><a class=\"XqQF9c\" href=\"https:\/\/www.eina.cat\/ca\/coneix-eina\/historia-deina\" target=\"_blank\" rel=\"noopener\">la seva hist\u00f2ria<\/a><\/span><span style=\"font-family: inherit;\"> al seu web.<\/span><\/span><\/p>\n<p style=\"text-align: justify; font-size: large;\"><span style=\"font-size: 14pt;\"><span style=\"font-family: inherit;\">Esperem llavors que aquesta alian\u00e7a suposi un viatge enriquidor en la seva durada de 4 anys (vam comen\u00e7ar la formaci\u00f3 i la preparaci\u00f3 per aquest viatge al 2019)<\/span><span style=\"font-family: inherit;\">.<\/span><\/span><\/p>\n<p style=\"text-align: justify; font-size: large;\"><span style=\"font-size: 14pt;\"><strong><span style=\"font-family: inherit;\">Not\u00edcies relacionades:<\/span><\/strong><\/span><\/p>\n<ul>\n<li><a href=\"https:\/\/agora.xtec.cat\/iesserreta\/general\/la-serreta-de-rubi-presenta-una-alianca-magnet-amb-eina-centre-universitari-de-disseny-i-art\/\"><span style=\"font-size: 14pt;\">La Serreta de Rub\u00ed presenta una alian\u00e7a Magnet amb EINA, centre universitari de disseny i art.<\/span><\/a><span style=\"font-size: 14pt;\"> (24-11-2021)<\/span><\/li>\n<\/ul>\n","protected":false},"excerpt":{"rendered":"<p>QU\u00c8 \u00c9S MAGNET?<br \/>\nMagnet \u00e9s un programa d\u2019innovaci\u00f3 per a l\u2019equitat educativa a trav\u00e9s d\u2019aliances per a l\u2019\u00e8xit educatiu. El programa Magnet &#8220;Aliances per a l\u2019\u00e8xit educatiu&#8221; acompanya els centres educatius en el desenvolupament d\u2019un projecte en alian\u00e7a amb una instituci\u00f3 d\u2019excel\u00b7l\u00e8ncia. Aquesta col\u00b7laboraci\u00f3 entre el&hellip;  <a href=\"https:\/\/agora.xtec.cat\/iesserreta\/programa-magnet\/\" title=\"Read Programa Magnet\">Llegeix m\u00e9s\u00bb<\/a><\/p>\n","protected":false},"author":15,"featured_media":0,"parent":0,"menu_order":0,"comment_status":"closed","ping_status":"closed","template":"","meta":{"_bbp_topic_count":0,"_bbp_reply_count":0,"_bbp_total_topic_count":0,"_bbp_total_reply_count":0,"_bbp_voice_count":0,"_bbp_anonymous_reply_count":0,"_bbp_topic_count_hidden":0,"_bbp_reply_count_hidden":0,"_bbp_forum_subforum_count":0,"footnotes":""},"class_list":["post-3795","page","type-page","status-publish","hentry"],"post_mailing_queue_ids":[],"_links":{"self":[{"href":"https:\/\/agora.xtec.cat\/iesserreta\/wp-json\/wp\/v2\/pages\/3795","targetHints":{"allow":["GET"]}}],"collection":[{"href":"https:\/\/agora.xtec.cat\/iesserreta\/wp-json\/wp\/v2\/pages"}],"about":[{"href":"https:\/\/agora.xtec.cat\/iesserreta\/wp-json\/wp\/v2\/types\/page"}],"author":[{"embeddable":true,"href":"https:\/\/agora.xtec.cat\/iesserreta\/wp-json\/wp\/v2\/users\/15"}],"replies":[{"embeddable":true,"href":"https:\/\/agora.xtec.cat\/iesserreta\/wp-json\/wp\/v2\/comments?post=3795"}],"version-history":[{"count":4,"href":"https:\/\/agora.xtec.cat\/iesserreta\/wp-json\/wp\/v2\/pages\/3795\/revisions"}],"predecessor-version":[{"id":5050,"href":"https:\/\/agora.xtec.cat\/iesserreta\/wp-json\/wp\/v2\/pages\/3795\/revisions\/5050"}],"wp:attachment":[{"href":"https:\/\/agora.xtec.cat\/iesserreta\/wp-json\/wp\/v2\/media?parent=3795"}],"curies":[{"name":"wp","href":"https:\/\/api.w.org\/{rel}","templated":true}]}}