{"id":3631,"date":"2021-09-30T19:37:00","date_gmt":"2021-09-30T17:37:00","guid":{"rendered":"https:\/\/agora.xtec.cat\/iesserreta\/?page_id=3631"},"modified":"2022-01-26T15:50:22","modified_gmt":"2022-01-26T14:50:22","slug":"ieduca","status":"publish","type":"page","link":"https:\/\/agora.xtec.cat\/iesserreta\/serveis\/ieduca\/","title":{"rendered":"iEduca"},"content":{"rendered":"<p><span style=\"font-size: 14pt;\"><a href=\"https:\/\/insserreta.ieduca.com\/\"><img loading=\"lazy\" decoding=\"async\" class=\"alignnone wp-image-3637\" src=\"https:\/\/agora.xtec.cat\/iesserreta\/wp-content\/uploads\/usu2147\/2021\/09\/iEducaserreta-1024x256.png\" alt=\"\" width=\"584\" height=\"146\" srcset=\"https:\/\/agora.xtec.cat\/iesserreta\/wp-content\/uploads\/usu2147\/2021\/09\/iEducaserreta-1024x256.png 1024w, https:\/\/agora.xtec.cat\/iesserreta\/wp-content\/uploads\/usu2147\/2021\/09\/iEducaserreta-300x75.png 300w, https:\/\/agora.xtec.cat\/iesserreta\/wp-content\/uploads\/usu2147\/2021\/09\/iEducaserreta-768x192.png 768w, https:\/\/agora.xtec.cat\/iesserreta\/wp-content\/uploads\/usu2147\/2021\/09\/iEducaserreta-1536x383.png 1536w, https:\/\/agora.xtec.cat\/iesserreta\/wp-content\/uploads\/usu2147\/2021\/09\/iEducaserreta.png 1551w\" sizes=\"auto, (max-width: 584px) 100vw, 584px\" \/><\/a><\/span><\/p>\n<p style=\"text-align: justify;\"><span style=\"font-size: 14pt;\"><strong>Qu\u00e8 \u00e9s iEduca?<\/strong><\/span><\/p>\n<p style=\"text-align: justify;\"><span style=\"font-size: 14pt;\">\u00c9s una eina d&#8217;administraci\u00f3 i comunicaci\u00f3 per a la comunitat educativa.<\/span><\/p>\n<p style=\"text-align: justify;\"><span style=\"font-size: 14pt;\"><strong>Qu\u00e8 podem fer amb iEduca?<\/strong><\/span><\/p>\n<p style=\"text-align: justify;\"><span style=\"font-size: 14pt;\">Les fam\u00edlies poden consultar l&#8217;agenda, els horaris, comunicar-se amb el professorat i accedir al control de faltes d&#8217;assist\u00e8ncia i altres incid\u00e8ncies. Tamb\u00e9 es podran fer els pagaments i autoritzacions per sortides i activitats de manera senzilla i sistematitzada.<\/span><\/p>\n<p style=\"text-align: justify;\"><span style=\"font-size: 14pt;\"><strong>Com accedir-hi?<\/strong><\/span><\/p>\n<p style=\"text-align: justify;\"><span style=\"font-size: 14pt;\">Es pot accedir per dues vies, a trav\u00e9s del navegador web (adre\u00e7a: <a href=\"https:\/\/insserreta.ieduca.com\/\">https:\/\/insserreta.ieduca.com\/<\/a>) i a trav\u00e9s de l&#8217;aplicaci\u00f3 m\u00f2bil <em>Tokapp<\/em>. L&#8217;acc\u00e9s per primera vegada a l&#8217;aplicaci\u00f3 m\u00f2bil funciona en dos passos. Abans de tot, hem de descarregar l&#8217;aplicaci\u00f3 a <a href=\"https:\/\/play.google.com\/store\/apps\/details?id=com.MultiExpo.ieduca\">Google Play<\/a> o a\u00a0 l&#8217;<a href=\"https:\/\/apps.apple.com\/es\/app\/ieduca-tokapp\/id1082664178\">AppStore<\/a>.<\/span><\/p>\n<p style=\"text-align: justify;\"><span style=\"font-size: 14pt;\">Primer pas: cal registrar-se creant un compte general per a l&#8217;app. Un cop registrats, haurem de validar el compte amb el n\u00famero de tel\u00e8fon o per correu electr\u00f2nic que harem facilitat al centre pr\u00e8viament en el moment de la matr\u00edcula. En 24h el nou usuari estar\u00e0 vinculat amb el centre. Si no \u00e9s aix\u00ed, posa\u2019t en contacte amb el centre i facilita el teu n\u00famero de tel\u00e8fon, correu electr\u00f2nic o el teu usuari de Tokapp.<\/span><\/p>\n<p style=\"text-align: justify;\"><span style=\"font-size: 14pt;\">Segon pas: Posteriorment, a l&#8217;hora d&#8217;accedir a la Intranet, introduirem l&#8217;usuari i contrasenya que us haur\u00e0 proporcionat l&#8217;institut.<\/span><\/p>\n<p style=\"text-align: center;\"><span style=\"font-size: 14pt;\"><strong>Mireu el nostre v\u00eddeo explicant com accedir i fer servir iEduca!<br \/>\n<\/strong><span style=\"font-size: 12pt;\">(subt\u00edtols disponibles en catal\u00e0 i castell\u00e0)<\/span><\/span><\/p>\n<p style=\"text-align: center;\"><iframe loading=\"lazy\" title=\"YouTube video player\" src=\"https:\/\/www.youtube.com\/embed\/pvLNL1BYXU8\" width=\"1120\" height=\"630\" frameborder=\"0\" allowfullscreen=\"allowfullscreen\"><span data-mce-type=\"bookmark\" style=\"display: inline-block; width: 0px; overflow: hidden; line-height: 0;\" class=\"mce_SELRES_start\">\ufeff<\/span><\/iframe><\/p>\n<p><span style=\"font-size: 14pt;\"><strong>Documents guia en PDF molt \u00fatils!<\/strong><\/span><\/p>\n<ul>\n<li><strong><span style=\"font-size: 14pt;\"><a href=\"https:\/\/agora.xtec.cat\/iesserreta\/wp-content\/uploads\/usu2147\/2022\/01\/iEduca-TokApp.pdf\">La nostra guia en PDF de l&#8217;aplicaci\u00f3 iEduca Tokapp<\/a>.<\/span><\/strong><\/li>\n<\/ul>\n<p><strong><span style=\"font-size: 14pt;\">Altres guies:<\/span><\/strong><\/p>\n<ul>\n<li><span style=\"font-size: 14pt;\"><a href=\"https:\/\/agora.xtec.cat\/iesserreta\/wp-content\/uploads\/usu2147\/2021\/10\/Guia-dinstallacio-de-laplicacio-iEduca-Tokapp-v.04.pdf\" target=\"_blank\" rel=\"noopener\">Guia d&#8217;instal\u00b7laci\u00f3 de l&#8217;aplicaci\u00f3 iEduca Tokapp<\/a><\/span><\/li>\n<li><span style=\"font-size: 14pt;\"><a href=\"https:\/\/agora.xtec.cat\/iesserreta\/wp-content\/uploads\/usu2147\/2021\/10\/Guia-web-iEduca-per-les-families.pdf\" target=\"_blank\" rel=\"noopener\">Guia d&#8217;\u00fas web iEduca per les fam\u00edlies<\/a><\/span><\/li>\n<li><span style=\"font-size: 14pt;\"><a href=\"https:\/\/agora.xtec.cat\/iesserreta\/wp-content\/uploads\/usu2147\/2021\/10\/Guia-dus-de-lAPP-iEduca-per-les-families.pdf\" target=\"_blank\" rel=\"noopener\">Guia d&#8217;\u00fas de l&#8217;APP iEduca per les fam\u00edlies<\/a><\/span><br \/>\n<hr \/>\n<\/li>\n<\/ul>\n<p><span style=\"font-size: 14pt;\"><strong>ALTRES VIDEOTUTORIALS:<\/strong><\/span><\/p>\n<p>Aqu\u00ed teniu alguns v\u00eddeos de les funcions principals. Podeu veure tots els v\u00eddeos disponibles al <a href=\"https:\/\/www.youtube.com\/channel\/UChsXQ30KxSPCZdBDsBvOTBA\/videos\">canal de YouTube d&#8217;iEduca<\/a>.<\/p>\n<p><span style=\"font-size: 14pt;\"><strong>Com justificar una falta d&#8217;assist\u00e8ncia?<\/strong><\/span><\/p>\n<p><iframe loading=\"lazy\" title=\"FAM - Com justificar una falta d&#039;assist\u00e8ncia?\" width=\"500\" height=\"281\" src=\"https:\/\/www.youtube.com\/embed\/uXd3RJxJ8m8?feature=oembed\" frameborder=\"0\" allow=\"accelerometer; autoplay; clipboard-write; encrypted-media; gyroscope; picture-in-picture; web-share\" referrerpolicy=\"strict-origin-when-cross-origin\" allowfullscreen><\/iframe><\/p>\n<p><span style=\"font-size: 14pt;\"><strong>Com veure les notes?<\/strong><\/span><\/p>\n<p><iframe loading=\"lazy\" title=\"FAM - NOTES - Com veure les notes?\" width=\"500\" height=\"281\" src=\"https:\/\/www.youtube.com\/embed\/FI2hzoF8w50?feature=oembed\" frameborder=\"0\" allow=\"accelerometer; autoplay; clipboard-write; encrypted-media; gyroscope; picture-in-picture; web-share\" referrerpolicy=\"strict-origin-when-cross-origin\" allowfullscreen><\/iframe><\/p>\n<p><span style=\"font-size: 14pt;\"><strong>Com recuperar la Clau per entrar a iEduca?<\/strong><\/span><\/p>\n<p>https:\/\/youtu.be\/Qfu52jDoEmE<\/p>\n<p>&nbsp;<\/p>\n<p>&nbsp;<\/p>\n","protected":false},"excerpt":{"rendered":"<p><a href=\"https:\/\/insserreta.ieduca.com\/\"><\/a><br \/>\nQu\u00e8 \u00e9s iEduca?<br \/>\n\u00c9s una eina d&#8217;administraci\u00f3 i comunicaci\u00f3 per a la comunitat educativa.<br \/>\nQu\u00e8 podem fer amb iEduca?<br \/>\nLes fam\u00edlies poden consultar l&#8217;agenda, els horaris, comunicar-se amb el professorat i accedir al control de faltes d&#8217;assist\u00e8ncia i altres incid\u00e8ncies. Tamb\u00e9 es podran fer els pagaments i&hellip;  <a href=\"https:\/\/agora.xtec.cat\/iesserreta\/serveis\/ieduca\/\" title=\"Read iEduca\">Llegeix m\u00e9s\u00bb<\/a><\/p>\n","protected":false},"author":15,"featured_media":0,"parent":63,"menu_order":0,"comment_status":"closed","ping_status":"closed","template":"","meta":{"_bbp_topic_count":0,"_bbp_reply_count":0,"_bbp_total_topic_count":0,"_bbp_total_reply_count":0,"_bbp_voice_count":0,"_bbp_anonymous_reply_count":0,"_bbp_topic_count_hidden":0,"_bbp_reply_count_hidden":0,"_bbp_forum_subforum_count":0,"footnotes":""},"class_list":["post-3631","page","type-page","status-publish","hentry"],"post_mailing_queue_ids":[],"_links":{"self":[{"href":"https:\/\/agora.xtec.cat\/iesserreta\/wp-json\/wp\/v2\/pages\/3631","targetHints":{"allow":["GET"]}}],"collection":[{"href":"https:\/\/agora.xtec.cat\/iesserreta\/wp-json\/wp\/v2\/pages"}],"about":[{"href":"https:\/\/agora.xtec.cat\/iesserreta\/wp-json\/wp\/v2\/types\/page"}],"author":[{"embeddable":true,"href":"https:\/\/agora.xtec.cat\/iesserreta\/wp-json\/wp\/v2\/users\/15"}],"replies":[{"embeddable":true,"href":"https:\/\/agora.xtec.cat\/iesserreta\/wp-json\/wp\/v2\/comments?post=3631"}],"version-history":[{"count":4,"href":"https:\/\/agora.xtec.cat\/iesserreta\/wp-json\/wp\/v2\/pages\/3631\/revisions"}],"predecessor-version":[{"id":3906,"href":"https:\/\/agora.xtec.cat\/iesserreta\/wp-json\/wp\/v2\/pages\/3631\/revisions\/3906"}],"up":[{"embeddable":true,"href":"https:\/\/agora.xtec.cat\/iesserreta\/wp-json\/wp\/v2\/pages\/63"}],"wp:attachment":[{"href":"https:\/\/agora.xtec.cat\/iesserreta\/wp-json\/wp\/v2\/media?parent=3631"}],"curies":[{"name":"wp","href":"https:\/\/api.w.org\/{rel}","templated":true}]}}