{"id":1994,"date":"2020-05-06T08:55:05","date_gmt":"2020-05-06T06:55:05","guid":{"rendered":"https:\/\/agora.xtec.cat\/iesserreta\/?page_id=1994"},"modified":"2022-02-23T11:25:19","modified_gmt":"2022-02-23T10:25:19","slug":"queixes-i-suggeriments","status":"publish","type":"page","link":"https:\/\/agora.xtec.cat\/iesserreta\/queixes-i-suggeriments\/","title":{"rendered":"Queixes i suggeriments"},"content":{"rendered":"<p style=\"text-align: justify;\"><strong><span style=\"font-size: 14pt;\">Nota important respecte el formulari web que trobareu aqu\u00ed:<\/span><\/strong><\/p>\n<p style=\"text-align: justify;\"><span style=\"font-size: 14pt;\">Aquest formulari web t\u00e9 car\u00e0cter informatiu per al centre. Perqu\u00e8 les queixes o suggeriments tinguin validesa cal que quedin registrats amb el segell oficial de centre. El <strong>procediment oficial amb segell \u00e9s presencial<\/strong> i cal presentar la queixa amb el <a href=\"https:\/\/agora.xtec.cat\/iesserreta\/wp-content\/uploads\/usu2147\/2020\/04\/REGISTRE_Demandes_Queixes_i_Suggeriments.pdf\">document impr\u00e8s del registre de demandes, queixes i suggeriments<\/a>\u00a0i el documents adjunts pertinents que calguin.<\/span><\/p>\n<p><iframe loading=\"lazy\" src=\"https:\/\/forms.gle\/XQEUvNsq9CC4f9p69\" width=\"640\" height=\"1500\" frameborder=\"0\" marginwidth=\"0\" marginheight=\"0\"><span data-mce-type=\"bookmark\" style=\"display: inline-block; width: 0px; overflow: hidden; line-height: 0;\" class=\"mce_SELRES_start\">\ufeff<\/span><span data-mce-type=\"bookmark\" style=\"display: inline-block; width: 0px; overflow: hidden; line-height: 0;\" class=\"mce_SELRES_start\">\ufeff<\/span>S&#8217;est\u00e0 carregant\u2026<\/iframe><\/p>\n","protected":false},"excerpt":{"rendered":"<p>Nota important respecte el formulari web que trobareu aqu\u00ed:<br \/>\nAquest formulari web t\u00e9 car\u00e0cter informatiu per al centre. Perqu\u00e8 les queixes o suggeriments tinguin validesa cal que quedin registrats amb el segell oficial de centre. El procediment oficial amb segell \u00e9s presencial i cal presentar la&hellip;  <a href=\"https:\/\/agora.xtec.cat\/iesserreta\/queixes-i-suggeriments\/\" title=\"Read Queixes i suggeriments\">Llegeix m\u00e9s\u00bb<\/a><\/p>\n","protected":false},"author":3,"featured_media":0,"parent":0,"menu_order":0,"comment_status":"closed","ping_status":"closed","template":"page-templates\/side-menu.php","meta":{"_bbp_topic_count":0,"_bbp_reply_count":0,"_bbp_total_topic_count":0,"_bbp_total_reply_count":0,"_bbp_voice_count":0,"_bbp_anonymous_reply_count":0,"_bbp_topic_count_hidden":0,"_bbp_reply_count_hidden":0,"_bbp_forum_subforum_count":0,"footnotes":""},"class_list":["post-1994","page","type-page","status-publish","hentry"],"post_mailing_queue_ids":[],"_links":{"self":[{"href":"https:\/\/agora.xtec.cat\/iesserreta\/wp-json\/wp\/v2\/pages\/1994","targetHints":{"allow":["GET"]}}],"collection":[{"href":"https:\/\/agora.xtec.cat\/iesserreta\/wp-json\/wp\/v2\/pages"}],"about":[{"href":"https:\/\/agora.xtec.cat\/iesserreta\/wp-json\/wp\/v2\/types\/page"}],"author":[{"embeddable":true,"href":"https:\/\/agora.xtec.cat\/iesserreta\/wp-json\/wp\/v2\/users\/3"}],"replies":[{"embeddable":true,"href":"https:\/\/agora.xtec.cat\/iesserreta\/wp-json\/wp\/v2\/comments?post=1994"}],"version-history":[{"count":3,"href":"https:\/\/agora.xtec.cat\/iesserreta\/wp-json\/wp\/v2\/pages\/1994\/revisions"}],"predecessor-version":[{"id":4025,"href":"https:\/\/agora.xtec.cat\/iesserreta\/wp-json\/wp\/v2\/pages\/1994\/revisions\/4025"}],"wp:attachment":[{"href":"https:\/\/agora.xtec.cat\/iesserreta\/wp-json\/wp\/v2\/media?parent=1994"}],"curies":[{"name":"wp","href":"https:\/\/api.w.org\/{rel}","templated":true}]}}