{"id":1381,"date":"2020-04-21T20:06:50","date_gmt":"2020-04-21T18:06:50","guid":{"rendered":"https:\/\/agora.xtec.cat\/iesserreta\/?page_id=1381"},"modified":"2020-04-23T07:39:22","modified_gmt":"2020-04-23T05:39:22","slug":"reconeixement-2019-20","status":"publish","type":"page","link":"https:\/\/agora.xtec.cat\/iesserreta\/reconeixement-2019-20\/","title":{"rendered":"Reconeixement 2019-20"},"content":{"rendered":"<h4>Oferta de places. Curs 2019 \/ 20<\/h4>\n<p>Les Fam\u00edlies professionals i els Cicles associats per les quals s\u2019ofereix el servei s\u00f3n:<\/p>\n<ul>\n<li>Fam\u00edlia Professional d\u2019Imatge Personal (<em>5 places<\/em>)\n<ul>\n<li>CFPM Perruqueria i Cosm\u00e8tica Capil\u00b7lar (<em>5 places<\/em>)<\/li>\n<\/ul>\n<\/li>\n<li>Fam\u00edlia Professional de Serveis Socioculturals i a la Comunitat (<em>15 places<\/em>)\n<ul>\n<li>CFPM Atenci\u00f3 a Persones en Situaci\u00f3 de Depend\u00e8ncia (<em>5 places<\/em>)<\/li>\n<li>CFPS Educaci\u00f3 Infantil (<em>5 places<\/em>)<\/li>\n<li>CFPS Integraci\u00f3 Social (<em>5 places<\/em>)<\/li>\n<\/ul>\n<\/li>\n<\/ul>\n<p>Les persones que fan l&#8217;assessorament durant el curs 2019\/20 al nostre centre <strong>han d&#8217;esperar indicacions<\/strong> dels seus assessors per a realitzar el reconeixement.<\/p>\n<h4>Calendari general. Curs 2019 \/ 20<\/h4>\n<table style=\"width: 988px; height: 256px;\">\n<tbody>\n<tr style=\"background-color: #cccccc;\">\n<td style=\"width: 459px; height: 32px;\"><strong><span style=\"font-size: 16px;\">CONCEPTE<\/span><\/strong><\/td>\n<td style=\"width: 103px; height: 32px;\"><strong><span style=\"font-size: 16px;\">del DIA<\/span><\/strong><\/td>\n<td style=\"width: 105px; height: 32px;\"><strong><span style=\"font-size: 16px;\">al DIA<\/span><\/strong><\/td>\n<td style=\"width: 178px; height: 32px;\"><strong><span style=\"font-size: 16px;\">LLOC<\/span><\/strong><\/td>\n<td style=\"width: 129px; height: 32px; background-color: #aaaaaa;\"><strong><span style=\"font-size: 16px;\">Estat<\/span><\/strong><\/td>\n<\/tr>\n<tr style=\"height: 32px;\">\n<td style=\"width: 459px; height: 32px;\"><span style=\"font-size: 16px;\"><a href=\"https:\/\/agora.xtec.cat\/iesserreta\/wp-content\/uploads\/usu2147\/2020\/04\/Sol\u00b7licitud_reconeixement_centres_Departament.pdf\" target=\"_blank\" rel=\"noopener noreferrer\"><strong>Sol\u00b7licitud<\/strong><\/a> al servei de reconeixement<\/span><\/td>\n<td style=\"width: 103px; height: 32px;\"><span style=\"font-size: 16px;\">\u00a014\/11\/2019<\/span><\/td>\n<td style=\"width: 105px; height: 32px;\"><span style=\"font-size: 16px;\">\u00a022\/11\/2019<\/span><\/td>\n<td style=\"width: 178px; height: 32px;\"><span style=\"font-size: 16px;\">\u00a0Secretaria del Centre<\/span><\/td>\n<td style=\"width: 129px; height: 32px; background-color: #bbbbbb;\"><\/td>\n<\/tr>\n<tr style=\"height: 48px;\">\n<td style=\"width: 459px; height: 48px;\"><span style=\"font-size: 16px;\">Publicaci\u00f3 llista provisional d\u2019admesos i places de reserva<\/span><\/td>\n<td style=\"width: 103px; height: 48px;\"><span style=\"font-size: 16px;\">\u00a026\/11\/2019<\/span><\/td>\n<td style=\"width: 105px; height: 48px;\"><span style=\"font-size: 16px;\">&#8212;\u00a0<\/span><\/td>\n<td style=\"width: 178px; height: 48px;\"><span style=\"font-size: 16px;\">Web\u00a0<\/span><\/td>\n<td style=\"width: 129px; height: 48px; background-color: #cccccc;\"><span style=\"font-size: 16px;\">Llista buida<br \/>\n(<span style=\"color: #ff0000;\"><em>no sol\u00b7licituds<\/em><\/span>)<\/span><\/td>\n<\/tr>\n<tr style=\"height: 32px;\">\n<td style=\"width: 459px; height: 32px;\"><span style=\"font-size: 16px;\"><a href=\"https:\/\/agora.xtec.cat\/iesserreta\/wp-content\/uploads\/usu2147\/2020\/04\/Reclamacio_reconeixement_centres_Departament.pdf\" target=\"_blank\" rel=\"noopener noreferrer\"><strong>Reclamacions<\/strong><\/a> a la llista de persones admeses<\/span><\/td>\n<td style=\"width: 103px; height: 32px;\"><span style=\"font-size: 16px;\">\u00a027\/11\/2019<\/span><\/td>\n<td style=\"width: 105px; height: 32px;\"><span style=\"font-size: 16px;\">29\/11\/2019\u00a0<\/span><\/td>\n<td style=\"width: 178px; height: 32px;\"><span style=\"font-size: 16px;\"> Secretaria del Centre<\/span><\/td>\n<td style=\"width: 129px; height: 32px; background-color: #bbbbbb;\"><span style=\"font-size: 16px;\">\u00a0<\/span><\/td>\n<\/tr>\n<tr style=\"height: 64px;\">\n<td style=\"width: 459px; height: 64px;\"><span style=\"font-size: 16px;\">Publicaci\u00f3 de la llista definitiva de les persones admeses,<br \/>\nde les instruccions i calendari de pagament i de l\u2019inici de les juntes d\u2019avaluaci\u00f3<\/span><\/td>\n<td style=\"width: 103px; height: 64px;\"><span style=\"font-size: 16px;\">\u00a03\/12\/2019<\/span><\/td>\n<td style=\"width: 105px; height: 64px;\"><span style=\"font-size: 16px;\">&#8212;\u00a0<\/span><\/td>\n<td style=\"width: 178px; height: 64px;\"><span style=\"font-size: 16px;\">Web\u00a0<\/span><\/td>\n<td style=\"width: 129px; height: 64px; background-color: #cccccc;\"><span style=\"font-size: 16px;\">Llista buida<\/span><\/td>\n<\/tr>\n<tr style=\"height: 48px;\">\n<td style=\"width: 459px; height: 48px;\"><span style=\"font-size: 16px;\">Pagament preu p\u00fablic i lliurament <a href=\"https:\/\/agora.xtec.cat\/iesserreta\/wp-content\/uploads\/usu2147\/2020\/04\/Inscripcio_reconeixement_centres_Departament-1.pdf\" target=\"_blank\" rel=\"noopener noreferrer\"><strong>inscripci\u00f3<\/strong><\/a> al servei<\/span><\/td>\n<td style=\"width: 103px; height: 48px;\"><span style=\"font-size: 16px;\">\u00a04\/12\/2019<\/span><\/td>\n<td style=\"width: 105px; height: 48px;\"><span style=\"font-size: 16px;\">10\/12\/2019\u00a0<\/span><\/td>\n<td style=\"width: 178px; height: 48px;\"><span style=\"font-size: 16px;\">Oficines banc\u00e0ries i<br \/>\nSecretaria del Centre<\/span><\/td>\n<td style=\"width: 129px; height: 48px; background-color: #bbbbbb;\"><span style=\"font-size: 16px;\">\u00a0<\/span><\/td>\n<\/tr>\n<\/tbody>\n<\/table>\n","protected":false},"excerpt":{"rendered":"<p>Oferta de places. Curs 2019 \/ 20<br \/>\nLes Fam\u00edlies professionals i els Cicles associats per les quals s\u2019ofereix el servei s\u00f3n:<\/p>\n<ul>\n<li>Fam\u00edlia Professional d\u2019Imatge Personal (5 places)\n<ul>\n<li>CFPM Perruqueria i Cosm\u00e8tica Capil\u00b7lar (5 places)<\/li>\n<\/ul>\n<\/li>\n<li>Fam\u00edlia Professional de Serveis Socioculturals i a la Comunitat (15 places)\n<ul>\n<li>CFPM Atenci\u00f3 a Persones en&hellip;  <a href=\"https:\/\/agora.xtec.cat\/iesserreta\/reconeixement-2019-20\/\" title=\"Read Reconeixement 2019-20\">Llegeix m\u00e9s\u00bb<\/a><br \/>\n","protected":false},"author":3,"featured_media":0,"parent":0,"menu_order":0,"comment_status":"closed","ping_status":"closed","template":"","meta":{"_bbp_topic_count":0,"_bbp_reply_count":0,"_bbp_total_topic_count":0,"_bbp_total_reply_count":0,"_bbp_voice_count":0,"_bbp_anonymous_reply_count":0,"_bbp_topic_count_hidden":0,"_bbp_reply_count_hidden":0,"_bbp_forum_subforum_count":0,"footnotes":""},"class_list":["post-1381","page","type-page","status-publish","hentry"],"post_mailing_queue_ids":[],"_links":{"self":[{"href":"https:\/\/agora.xtec.cat\/iesserreta\/wp-json\/wp\/v2\/pages\/1381","targetHints":{"allow":["GET"]}}],"collection":[{"href":"https:\/\/agora.xtec.cat\/iesserreta\/wp-json\/wp\/v2\/pages"}],"about":[{"href":"https:\/\/agora.xtec.cat\/iesserreta\/wp-json\/wp\/v2\/types\/page"}],"author":[{"embeddable":true,"href":"https:\/\/agora.xtec.cat\/iesserreta\/wp-json\/wp\/v2\/users\/3"}],"replies":[{"embeddable":true,"href":"https:\/\/agora.xtec.cat\/iesserreta\/wp-json\/wp\/v2\/comments?post=1381"}],"version-history":[{"count":1,"href":"https:\/\/agora.xtec.cat\/iesserreta\/wp-json\/wp\/v2\/pages\/1381\/revisions"}],"predecessor-version":[{"id":1382,"href":"https:\/\/agora.xtec.cat\/iesserreta\/wp-json\/wp\/v2\/pages\/1381\/revisions\/1382"}],"wp:attachment":[{"href":"https:\/\/agora.xtec.cat\/iesserreta\/wp-json\/wp\/v2\/media?parent=1381"}],"curies":[{"name":"wp","href":"https:\/\/api.w.org\/{rel}","templated":true}]}}