{"id":1340,"date":"2020-04-20T21:55:28","date_gmt":"2020-04-20T19:55:28","guid":{"rendered":"https:\/\/agora.xtec.cat\/iesserreta\/?page_id=1340"},"modified":"2025-09-24T18:49:03","modified_gmt":"2025-09-24T16:49:03","slug":"biblioteca","status":"publish","type":"page","link":"https:\/\/agora.xtec.cat\/iesserreta\/serveis\/biblioteca\/","title":{"rendered":"Biblioteca"},"content":{"rendered":"<p>La biblioteca de La Serreta, que t\u00e9 com a nom <strong>Biblioteca Neus catal\u00e0<\/strong>,\u00a0ret homenatge a <a href=\"https:\/\/ca.wikipedia.org\/wiki\/Neus_Catal%C3%A0_i_Pallej%C3%A0\">Neus Catal\u00e0<\/a>, activista antifeixista catalana i supervivent d&#8217;un camp de concentraci\u00f3 nazi. La nostra biblioteca compta tamb\u00e9 amb un perfil a Instagram (<a href=\"https:\/\/www.instagram.com\/bibliotecaneuscat\/\" target=\"_blank\" rel=\"noopener noreferrer\">@bibliotecaneuscat<\/a>).<\/p>\n<p><span style=\"font-size: 14pt;\"><strong>Horari de pr\u00e9stec presencial:<\/strong> dimecres i divendres de 10:45 a 11:45.<br \/>\n<strong>Horari d&#8217;estudi per a l&#8217;alumnat de Batxillerat:<\/strong> tots els dies de 11:15 a 11:45.<\/span><\/p>\n<p><span style=\"font-size: 14pt;\"><strong>Consulteu del <a href=\"https:\/\/inslaserreta-genedu.eu.iiivega.com\/\">cat\u00e0leg de llibres<\/a><\/strong> de la nostra biblioteca!<b><\/b><\/span><\/p>\n<p><span style=\"font-size: 14pt;\">Contacte amb la biblioteca: <a href=\"mailto:biblioteca@serreta.cat\" target=\"_blank\" rel=\"noopener noreferrer\">biblioteca@serreta.cat<\/a><\/span><\/p>\n<h2><strong>PLAMIB: Pla de millora de les biblioteques escolars de Catalunya<\/strong><\/h2>\n<p>El curs 2024-2025 hem comen\u00e7at un proc\u00e9s de millora amb la inclusi\u00f3 de la nostra biblioteca al Pla de millora de les biblioteques escolars de Catalunya (<a href=\"https:\/\/xtec.gencat.cat\/ca\/projectes\/biblioteca\/plamib\/\">PLAMIB<\/a>). La nostra participaci\u00f3 en el pla ens permet:<a href=\"https:\/\/agora.xtec.cat\/iesserreta\/wp-content\/uploads\/usu2147\/2024\/11\/logo-plamib.png\"><img loading=\"lazy\" decoding=\"async\" class=\"wp-image-6056 alignright\" src=\"https:\/\/agora.xtec.cat\/iesserreta\/wp-content\/uploads\/usu2147\/2024\/11\/logo-plamib.png\" alt=\"\" width=\"458\" height=\"159\" srcset=\"https:\/\/agora.xtec.cat\/iesserreta\/wp-content\/uploads\/usu2147\/2024\/11\/logo-plamib.png 685w, https:\/\/agora.xtec.cat\/iesserreta\/wp-content\/uploads\/usu2147\/2024\/11\/logo-plamib-300x104.png 300w\" sizes=\"auto, (max-width: 458px) 100vw, 458px\" \/><\/a><\/p>\n<ul>\n<li>Actualitzar el model de biblioteca escolar (BE).<\/li>\n<li>Actualitzar el fons de llibres.<\/li>\n<li>Rebre l&#8217;acompanyament d&#8217;una Bibliotec\u00e0ria Guia, una figura professional que ens ajuda en la nostra tasca.<\/li>\n<li>Compartir en xarxa amb altres escoles i instituts bones pr\u00e0ctiques i maneres de fer.<\/li>\n<li>Utilitzaci\u00f3 de nous programes de gesti\u00f3 bibliotec\u00e0ria com Polaris i Vega.<\/li>\n<\/ul>\n<p>&nbsp;<\/p>\n<h1><strong>La reforma de la Biblioteca<\/strong><\/h1>\n<p><span style=\"font-size: 14pt;\">Els darrers dos cursos hem engegat una reforma integral de la biblioteca. No nom\u00e9s hem canviat la distribuci\u00f3 d&#8217;acord amb les propostes de disseny del nostre partner EINA, sin\u00f3 que tamb\u00e9 hem fet tasques de control del fons de llibres i d&#8217;esporga dels elements desactualitzats.<\/span><\/p>\n<h2><strong><span style=\"font-size: 18pt;\">L&#8217;abans&#8230;<\/span><\/strong><\/h2>\n<p><a href=\"https:\/\/agora.xtec.cat\/iesserreta\/wp-content\/uploads\/usu2147\/2025\/09\/biblioteca-abans.png\"><img loading=\"lazy\" decoding=\"async\" class=\"aligncenter wp-image-6564\" src=\"https:\/\/agora.xtec.cat\/iesserreta\/wp-content\/uploads\/usu2147\/2025\/09\/biblioteca-abans.png\" alt=\"\" width=\"861\" height=\"323\" srcset=\"https:\/\/agora.xtec.cat\/iesserreta\/wp-content\/uploads\/usu2147\/2025\/09\/biblioteca-abans.png 960w, https:\/\/agora.xtec.cat\/iesserreta\/wp-content\/uploads\/usu2147\/2025\/09\/biblioteca-abans-300x113.png 300w, https:\/\/agora.xtec.cat\/iesserreta\/wp-content\/uploads\/usu2147\/2025\/09\/biblioteca-abans-768x288.png 768w\" sizes=\"auto, (max-width: 861px) 100vw, 861px\" \/><\/a><a href=\"https:\/\/agora.xtec.cat\/iesserreta\/wp-content\/uploads\/usu2147\/2025\/09\/biblioteca-serreta-abans.jpeg\"><img loading=\"lazy\" decoding=\"async\" class=\"wp-image-6568 aligncenter\" src=\"https:\/\/agora.xtec.cat\/iesserreta\/wp-content\/uploads\/usu2147\/2025\/09\/biblioteca-serreta-abans.jpeg\" alt=\"\" width=\"570\" height=\"321\" srcset=\"https:\/\/agora.xtec.cat\/iesserreta\/wp-content\/uploads\/usu2147\/2025\/09\/biblioteca-serreta-abans.jpeg 1701w, https:\/\/agora.xtec.cat\/iesserreta\/wp-content\/uploads\/usu2147\/2025\/09\/biblioteca-serreta-abans-300x169.jpeg 300w, https:\/\/agora.xtec.cat\/iesserreta\/wp-content\/uploads\/usu2147\/2025\/09\/biblioteca-serreta-abans-768x432.jpeg 768w, https:\/\/agora.xtec.cat\/iesserreta\/wp-content\/uploads\/usu2147\/2025\/09\/biblioteca-serreta-abans-1536x864.jpeg 1536w\" sizes=\"auto, (max-width: 570px) 100vw, 570px\" \/><\/a><\/p>\n<p><a href=\"https:\/\/agora.xtec.cat\/iesserreta\/wp-content\/uploads\/usu2147\/2025\/09\/biblioteca-serreta-abans-2.jpeg\"><img loading=\"lazy\" decoding=\"async\" class=\"wp-image-6567 aligncenter\" src=\"https:\/\/agora.xtec.cat\/iesserreta\/wp-content\/uploads\/usu2147\/2025\/09\/biblioteca-serreta-abans-2.jpeg\" alt=\"\" width=\"551\" height=\"413\" data-wp-editing=\"1\" srcset=\"https:\/\/agora.xtec.cat\/iesserreta\/wp-content\/uploads\/usu2147\/2025\/09\/biblioteca-serreta-abans-2.jpeg 1276w, https:\/\/agora.xtec.cat\/iesserreta\/wp-content\/uploads\/usu2147\/2025\/09\/biblioteca-serreta-abans-2-300x225.jpeg 300w, https:\/\/agora.xtec.cat\/iesserreta\/wp-content\/uploads\/usu2147\/2025\/09\/biblioteca-serreta-abans-2-768x576.jpeg 768w, https:\/\/agora.xtec.cat\/iesserreta\/wp-content\/uploads\/usu2147\/2025\/09\/biblioteca-serreta-abans-2-200x150.jpeg 200w\" sizes=\"auto, (max-width: 551px) 100vw, 551px\" \/><\/a><\/p>\n<h2><strong><span style=\"font-size: 18pt;\">El despr\u00e9s<\/span><\/strong><\/h2>\n<p><a href=\"https:\/\/agora.xtec.cat\/iesserreta\/wp-content\/uploads\/usu2147\/2025\/09\/bilbio-ara-scaled.jpg\"><img loading=\"lazy\" decoding=\"async\" class=\"aligncenter wp-image-6565\" src=\"https:\/\/agora.xtec.cat\/iesserreta\/wp-content\/uploads\/usu2147\/2025\/09\/bilbio-ara-scaled.jpg\" alt=\"\" width=\"1106\" height=\"624\" srcset=\"https:\/\/agora.xtec.cat\/iesserreta\/wp-content\/uploads\/usu2147\/2025\/09\/bilbio-ara-scaled.jpg 2560w, https:\/\/agora.xtec.cat\/iesserreta\/wp-content\/uploads\/usu2147\/2025\/09\/bilbio-ara-300x169.jpg 300w, https:\/\/agora.xtec.cat\/iesserreta\/wp-content\/uploads\/usu2147\/2025\/09\/bilbio-ara-2000x1128.jpg 2000w, https:\/\/agora.xtec.cat\/iesserreta\/wp-content\/uploads\/usu2147\/2025\/09\/bilbio-ara-768x433.jpg 768w, https:\/\/agora.xtec.cat\/iesserreta\/wp-content\/uploads\/usu2147\/2025\/09\/bilbio-ara-1536x866.jpg 1536w, https:\/\/agora.xtec.cat\/iesserreta\/wp-content\/uploads\/usu2147\/2025\/09\/bilbio-ara-2048x1155.jpg 2048w\" sizes=\"auto, (max-width: 1106px) 100vw, 1106px\" \/><\/a><\/p>\n<p><a href=\"https:\/\/agora.xtec.cat\/iesserreta\/wp-content\/uploads\/usu2147\/2025\/09\/biblioteca-serreta-ara-1.jpeg\"><img loading=\"lazy\" decoding=\"async\" class=\" wp-image-6570\" src=\"https:\/\/agora.xtec.cat\/iesserreta\/wp-content\/uploads\/usu2147\/2025\/09\/biblioteca-serreta-ara-1.jpeg\" alt=\"\" width=\"1092\" height=\"616\" srcset=\"https:\/\/agora.xtec.cat\/iesserreta\/wp-content\/uploads\/usu2147\/2025\/09\/biblioteca-serreta-ara-1.jpeg 1697w, https:\/\/agora.xtec.cat\/iesserreta\/wp-content\/uploads\/usu2147\/2025\/09\/biblioteca-serreta-ara-1-300x169.jpeg 300w, https:\/\/agora.xtec.cat\/iesserreta\/wp-content\/uploads\/usu2147\/2025\/09\/biblioteca-serreta-ara-1-768x433.jpeg 768w, https:\/\/agora.xtec.cat\/iesserreta\/wp-content\/uploads\/usu2147\/2025\/09\/biblioteca-serreta-ara-1-1536x866.jpeg 1536w\" sizes=\"auto, (max-width: 1092px) 100vw, 1092px\" \/><\/a><\/p>\n","protected":false},"excerpt":{"rendered":"<p>La biblioteca de La Serreta, que t\u00e9 com a nom Biblioteca Neus catal\u00e0,\u00a0ret homenatge a <a href=\"https:\/\/ca.wikipedia.org\/wiki\/Neus_Catal%C3%A0_i_Pallej%C3%A0\">Neus Catal\u00e0<\/a>, activista antifeixista catalana i supervivent d&#8217;un camp de concentraci\u00f3 nazi. La nostra biblioteca compta tamb\u00e9 amb un perfil a Instagram (<a href=\"https:\/\/www.instagram.com\/bibliotecaneuscat\/\" target=\"_blank\" rel=\"noopener noreferrer\">@bibliotecaneuscat<\/a>).<br \/>\nHorari de pr\u00e9stec&hellip;  <a href=\"https:\/\/agora.xtec.cat\/iesserreta\/serveis\/biblioteca\/\" title=\"Read Biblioteca\">Llegeix m\u00e9s\u00bb<\/a><\/p>\n","protected":false},"author":3,"featured_media":0,"parent":63,"menu_order":0,"comment_status":"closed","ping_status":"closed","template":"page-templates\/side-menu.php","meta":{"_bbp_topic_count":0,"_bbp_reply_count":0,"_bbp_total_topic_count":0,"_bbp_total_reply_count":0,"_bbp_voice_count":0,"_bbp_anonymous_reply_count":0,"_bbp_topic_count_hidden":0,"_bbp_reply_count_hidden":0,"_bbp_forum_subforum_count":0,"footnotes":""},"class_list":["post-1340","page","type-page","status-publish","hentry"],"post_mailing_queue_ids":[],"_links":{"self":[{"href":"https:\/\/agora.xtec.cat\/iesserreta\/wp-json\/wp\/v2\/pages\/1340","targetHints":{"allow":["GET"]}}],"collection":[{"href":"https:\/\/agora.xtec.cat\/iesserreta\/wp-json\/wp\/v2\/pages"}],"about":[{"href":"https:\/\/agora.xtec.cat\/iesserreta\/wp-json\/wp\/v2\/types\/page"}],"author":[{"embeddable":true,"href":"https:\/\/agora.xtec.cat\/iesserreta\/wp-json\/wp\/v2\/users\/3"}],"replies":[{"embeddable":true,"href":"https:\/\/agora.xtec.cat\/iesserreta\/wp-json\/wp\/v2\/comments?post=1340"}],"version-history":[{"count":7,"href":"https:\/\/agora.xtec.cat\/iesserreta\/wp-json\/wp\/v2\/pages\/1340\/revisions"}],"predecessor-version":[{"id":6574,"href":"https:\/\/agora.xtec.cat\/iesserreta\/wp-json\/wp\/v2\/pages\/1340\/revisions\/6574"}],"up":[{"embeddable":true,"href":"https:\/\/agora.xtec.cat\/iesserreta\/wp-json\/wp\/v2\/pages\/63"}],"wp:attachment":[{"href":"https:\/\/agora.xtec.cat\/iesserreta\/wp-json\/wp\/v2\/media?parent=1340"}],"curies":[{"name":"wp","href":"https:\/\/api.w.org\/{rel}","templated":true}]}}