{"id":69,"date":"2014-09-18T10:15:07","date_gmt":"2014-09-18T10:15:07","guid":{"rendered":"http:\/\/agora.xtec.cat\/iesserrallarga\/?page_id=69"},"modified":"2015-04-08T20:21:14","modified_gmt":"2015-04-08T19:21:14","slug":"menjador-escolar","status":"publish","type":"page","link":"https:\/\/agora.xtec.cat\/iesserrallarga\/serveis\/menjador-escolar\/","title":{"rendered":"Servei de cantina escolar"},"content":{"rendered":"<p>L\u2019institut ofereix el servei de \u00a0cantina\u00a0que \u00e9s oberta durant tot l\u2019horari lectiu i que ofereix servei de bar a l\u2019hora del pati, i servei de restaurant amb men\u00fas i plats combinats, a l\u2019hora de dinar (de les 14:40 a les 16 h.)<\/p>\n<p>El servei de cantina escolar tamb\u00e9 va adre\u00e7at als alumnes que prefereixin portar el dinar de casa. Els alumnes tenen a la seva disposici\u00f3 un microones.<\/p>\n","protected":false},"excerpt":{"rendered":"<p>L\u2019institut ofereix el servei de \u00a0cantina\u00a0que \u00e9s oberta durant tot l\u2019horari lectiu i que ofereix servei de bar a l\u2019hora del pati, i servei de restaurant amb men\u00fas i plats combinats, a l\u2019hora de dinar (de les 14:40 a les 16 h.)<br \/>\nEl servei de cantina&hellip;  <a href=\"https:\/\/agora.xtec.cat\/iesserrallarga\/serveis\/menjador-escolar\/\" title=\"Read Servei de cantina escolar\">Llegeix m\u00e9s\u00bb<\/a><\/p>\n","protected":false},"author":2,"featured_media":0,"parent":63,"menu_order":20,"comment_status":"closed","ping_status":"closed","template":"page-templates\/side-menu.php","meta":{"footnotes":""},"class_list":["post-69","page","type-page","status-publish","hentry"],"post_mailing_queue_ids":[],"_links":{"self":[{"href":"https:\/\/agora.xtec.cat\/iesserrallarga\/wp-json\/wp\/v2\/pages\/69","targetHints":{"allow":["GET"]}}],"collection":[{"href":"https:\/\/agora.xtec.cat\/iesserrallarga\/wp-json\/wp\/v2\/pages"}],"about":[{"href":"https:\/\/agora.xtec.cat\/iesserrallarga\/wp-json\/wp\/v2\/types\/page"}],"author":[{"embeddable":true,"href":"https:\/\/agora.xtec.cat\/iesserrallarga\/wp-json\/wp\/v2\/users\/2"}],"replies":[{"embeddable":true,"href":"https:\/\/agora.xtec.cat\/iesserrallarga\/wp-json\/wp\/v2\/comments?post=69"}],"version-history":[{"count":3,"href":"https:\/\/agora.xtec.cat\/iesserrallarga\/wp-json\/wp\/v2\/pages\/69\/revisions"}],"predecessor-version":[{"id":656,"href":"https:\/\/agora.xtec.cat\/iesserrallarga\/wp-json\/wp\/v2\/pages\/69\/revisions\/656"}],"up":[{"embeddable":true,"href":"https:\/\/agora.xtec.cat\/iesserrallarga\/wp-json\/wp\/v2\/pages\/63"}],"wp:attachment":[{"href":"https:\/\/agora.xtec.cat\/iesserrallarga\/wp-json\/wp\/v2\/media?parent=69"}],"curies":[{"name":"wp","href":"https:\/\/api.w.org\/{rel}","templated":true}]}}