{"id":67,"date":"2014-09-18T10:14:18","date_gmt":"2014-09-18T10:14:18","guid":{"rendered":"http:\/\/agora.xtec.cat\/iesserrallarga\/?page_id=67"},"modified":"2025-11-27T16:29:59","modified_gmt":"2025-11-27T15:29:59","slug":"acollida","status":"publish","type":"page","link":"https:\/\/agora.xtec.cat\/iesserrallarga\/linstitut\/acollida\/","title":{"rendered":"Pla d&#8217;emerg\u00e8ncia"},"content":{"rendered":"<p><a href=\"https:\/\/agora.xtec.cat\/iesserrallarga\/wp-content\/uploads\/usu54\/2025\/11\/2025-_26_Fitxa_Pla_emergencia.pdf\">Fitxa Pla emerg\u00e8ncia 2025-26<\/a><br \/>\n<a href=\"http:\/\/agora.xtec.cat\/iesserrallarga\/wp-content\/uploads\/usu54\/2016\/06\/Gesti\u00f3-de-la-prevenci\u00f3-de-riscos-laborals_v2.pdf\" target=\"_blank\" rel=\"noopener\">Gesti\u00f3 de la prevenci\u00f3 de riscos laborals<\/a><\/p>\n<p><strong>Professorat<\/strong><\/p>\n<p><em>Qu\u00e8 faran<\/em><\/p>\n<p>El professor\/a que hi hagi en el moment de l\u2019emerg\u00e8ncia a cada aula \u00e9s el responsable dels alumnes, i s\u2019ha d\u2019encarregar de:<\/p>\n<p><em>En cas d\u2019evacuaci\u00f3:<\/em><br \/>\n&#8211; Complir les instruccions del coordinador\/a de planta.<br \/>\n&#8211;\u00a0Tancar les portes i les finestres de l\u2019aula, abans d\u2019evacuar-la.<br \/>\n&#8211; Mantenir els alumnes en ordre i controlar que segueixin les seves instruccions, de manera que es faci una evacuaci\u00f3 ordenada.<br \/>\n&#8211; Rebre i fer el recompte dels alumnes al punt de concentraci\u00f3.<\/p>\n<p><em>En cas de confinament:<\/em><br \/>\n&#8211; Complir les instruccions del coordinador\/a de planta.<br \/>\n&#8211; Tancar les finestres, porticons o persianes.<br \/>\n&#8211; Fer entrar els alumnes a l\u2019aula o a l\u2019espai protegit.<br \/>\n&#8211; Fer el recompte dels alumnes a l\u2019aula o a l\u2019espai protegit.<\/p>\n<p><strong>Alumnes<\/strong><\/p>\n<p><em>Qu\u00e8 faran<\/em><\/p>\n<p><em>En cas d\u2019evacuaci\u00f3<\/em>:<br \/>\nA cada aula, els alumnes:<br \/>\n&#8211; Hauran d\u2019anar a la seva aula si quan sona l\u2019alarma s\u00f3n fora de classe, a la seva planta.<br \/>\n&#8211; Hauran d\u2019anar a l\u2019aula m\u00e9s pr\u00f2xima i incorporar-se a un grup si quan sona l\u2019alarma s\u00f3n en una planta que no \u00e9s la seva; quan arribin al punt de concentraci\u00f3, hauran de buscar el grup de la seva classe.<br \/>\n&#8211; Hauran de deixar els objectes personals i evacuar l\u2019aula amb tranquil. litat; de pressa, per\u00f2 sense c\u00f3rrer, sense tornar mai enrere.<br \/>\n&#8211; Hauran de posar-se en fila \u00edndia, darrere del professor\/a, que far\u00e0 de guia.<\/p>\n<p><em>En cas de confinament:<\/em><br \/>\n&#8211; Hauran d\u2019entrar a l\u2019escola si s\u00f3n a fora.<br \/>\n&#8211; Hauran d\u2019anar a la seva aula si quan sona l\u2019alarma s\u00f3n a fora.<br \/>\n&#8211; Hauran de posar-se en fila \u00edndia, darrera del professor\/a, que far\u00e0 de guia, si han de confinar-se en una zona del centre que no sigui la seva aula.<\/p>\n","protected":false},"excerpt":{"rendered":"<p><a href=\"https:\/\/agora.xtec.cat\/iesserrallarga\/wp-content\/uploads\/usu54\/2025\/11\/2025-_26_Fitxa_Pla_emergencia.pdf\">Fitxa Pla emerg\u00e8ncia 2025-26<\/a><br \/>\n<a href=\"http:\/\/agora.xtec.cat\/iesserrallarga\/wp-content\/uploads\/usu54\/2016\/06\/Gesti\u00f3-de-la-prevenci\u00f3-de-riscos-laborals_v2.pdf\" target=\"_blank\" rel=\"noopener\">Gesti\u00f3 de la prevenci\u00f3 de riscos laborals<\/a><br \/>\nProfessorat<br \/>\nQu\u00e8 faran<br \/>\nEl professor\/a que hi hagi en el moment de l\u2019emerg\u00e8ncia a cada aula \u00e9s el responsable dels alumnes, i s\u2019ha d\u2019encarregar de:<br \/>\nEn cas d\u2019evacuaci\u00f3:<br \/>\n&#8211; Complir les instruccions del coordinador\/a de planta.<br \/>\n&#8211;\u00a0Tancar&hellip;  <a href=\"https:\/\/agora.xtec.cat\/iesserrallarga\/linstitut\/acollida\/\" title=\"Read Pla d&#8217;emerg\u00e8ncia\">Llegeix m\u00e9s\u00bb<\/a><\/p>\n","protected":false},"author":2,"featured_media":0,"parent":19,"menu_order":91,"comment_status":"closed","ping_status":"closed","template":"page-templates\/side-menu.php","meta":{"_bbp_topic_count":0,"_bbp_reply_count":0,"_bbp_total_topic_count":0,"_bbp_total_reply_count":0,"_bbp_voice_count":0,"_bbp_anonymous_reply_count":0,"_bbp_topic_count_hidden":0,"_bbp_reply_count_hidden":0,"_bbp_forum_subforum_count":0,"footnotes":""},"class_list":["post-67","page","type-page","status-publish","hentry"],"post_mailing_queue_ids":[],"_links":{"self":[{"href":"https:\/\/agora.xtec.cat\/iesserrallarga\/wp-json\/wp\/v2\/pages\/67","targetHints":{"allow":["GET"]}}],"collection":[{"href":"https:\/\/agora.xtec.cat\/iesserrallarga\/wp-json\/wp\/v2\/pages"}],"about":[{"href":"https:\/\/agora.xtec.cat\/iesserrallarga\/wp-json\/wp\/v2\/types\/page"}],"author":[{"embeddable":true,"href":"https:\/\/agora.xtec.cat\/iesserrallarga\/wp-json\/wp\/v2\/users\/2"}],"replies":[{"embeddable":true,"href":"https:\/\/agora.xtec.cat\/iesserrallarga\/wp-json\/wp\/v2\/comments?post=67"}],"version-history":[{"count":6,"href":"https:\/\/agora.xtec.cat\/iesserrallarga\/wp-json\/wp\/v2\/pages\/67\/revisions"}],"predecessor-version":[{"id":15077,"href":"https:\/\/agora.xtec.cat\/iesserrallarga\/wp-json\/wp\/v2\/pages\/67\/revisions\/15077"}],"up":[{"embeddable":true,"href":"https:\/\/agora.xtec.cat\/iesserrallarga\/wp-json\/wp\/v2\/pages\/19"}],"wp:attachment":[{"href":"https:\/\/agora.xtec.cat\/iesserrallarga\/wp-json\/wp\/v2\/media?parent=67"}],"curies":[{"name":"wp","href":"https:\/\/api.w.org\/{rel}","templated":true}]}}