{"id":6547,"date":"2021-06-08T19:38:17","date_gmt":"2021-06-08T17:38:17","guid":{"rendered":"https:\/\/agora.xtec.cat\/iesserrallarga\/?page_id=6547"},"modified":"2026-03-16T13:34:13","modified_gmt":"2026-03-16T12:34:13","slug":"matriculacio","status":"publish","type":"page","link":"https:\/\/agora.xtec.cat\/iesserrallarga\/secretaria\/matriculacio\/","title":{"rendered":"Preinscripcions i matriculaci\u00f3"},"content":{"rendered":"<p><strong>PREINSCRIPCI\u00d3 I MATR\u00cdCULA 26\/27<\/strong><\/p>\n<table style=\"border-collapse: collapse; width: 100%;\">\n<tbody>\n<tr>\n<td style=\"width: 25%; border-color: #95dced; background-color: #8ba2e8; text-align: center;\"><strong>ESO<\/strong><\/td>\n<td style=\"width: 25%; background-color: #f7bee5; border-color: #eb44b0; text-align: center;\"><strong>BATXILLERAT<\/strong><\/td>\n<td style=\"width: 25%; background-color: #f7ae77; border-color: #de7a33; text-align: center;\"><strong>GRAU MITJ\u00c0<\/strong><\/td>\n<td style=\"width: 25%; background-color: #63db8d; border-color: #2a5727; text-align: center;\"><strong>GRAU SUPERIOR<\/strong><\/td>\n<\/tr>\n<tr>\n<td style=\"width: 25%;\">Presentaci\u00f3 de sol\u00b7licituds: 6\/03-18\/03<\/p>\n<p><a href=\"https:\/\/agora.xtec.cat\/iesserrallarga\/wp-content\/uploads\/usu54\/2026\/02\/ESO_publicitat.pdf\">ESO- PUBLICITAT PREINSCRIPCI\u00d3<\/a><\/p>\n<p><a href=\"https:\/\/agora.xtec.cat\/iesserrallarga\/wp-content\/uploads\/usu54\/2026\/03\/Oferta-inicial-ESO.pdf\">ESO- OFERTA INICIAL<\/a><\/td>\n<td style=\"width: 25%;\">Presentaci\u00f3 de sol\u00b7licituds: 09\/04-16\/04<\/td>\n<td style=\"width: 25%;\"><\/td>\n<td style=\"width: 25%;\"><\/td>\n<\/tr>\n<tr>\n<td style=\"width: 25%; background-color: #eceda1; border-color: #e0c446; text-align: center;\"><strong>PFI<\/strong><\/td>\n<td style=\"width: 25%; background-color: #b47cde; border-color: #ab1ce8; text-align: center;\"><strong>IFE<\/strong><\/td>\n<td style=\"width: 25%; background-color: #f02645; border-color: #910303; text-align: center;\"><strong>GRAU B\u00c0SIC<\/strong><\/td>\n<td style=\"width: 25%; background-color: #918d8d; border-color: #4a4747; text-align: center;\"><strong>ESPORTS<\/strong><\/td>\n<\/tr>\n<tr>\n<td style=\"width: 25%;\"><\/td>\n<td style=\"width: 25%;\"><\/td>\n<td style=\"width: 25%;\"><\/td>\n<td style=\"width: 25%;\"><\/td>\n<\/tr>\n<\/tbody>\n<\/table>\n","protected":false},"excerpt":{"rendered":"<p>PREINSCRIPCI\u00d3 I MATR\u00cdCULA 26\/27<\/p>\n<p>ESO<br \/>\nBATXILLERAT<br \/>\nGRAU MITJ\u00c0<br \/>\nGRAU SUPERIOR<\/p>\n<p>Presentaci\u00f3 de sol\u00b7licituds: 6\/03-18\/03<br \/>\n<a href=\"https:\/\/agora.xtec.cat\/iesserrallarga\/wp-content\/uploads\/usu54\/2026\/02\/ESO_publicitat.pdf\">ESO- PUBLICITAT PREINSCRIPCI\u00d3<\/a><br \/>\n<a href=\"https:\/\/agora.xtec.cat\/iesserrallarga\/wp-content\/uploads\/usu54\/2026\/03\/Oferta-inicial-ESO.pdf\">ESO- OFERTA INICIAL<\/a><br \/>\nPresentaci\u00f3 de sol\u00b7licituds: 09\/04-16\/04<\/p>\n<p>PFI<br \/>\nIFE<br \/>\nGRAU B\u00c0SIC<br \/>\nESPORTS<\/p>\n","protected":false},"author":1,"featured_media":0,"parent":81,"menu_order":0,"comment_status":"closed","ping_status":"closed","template":"","meta":{"_bbp_topic_count":0,"_bbp_reply_count":0,"_bbp_total_topic_count":0,"_bbp_total_reply_count":0,"_bbp_voice_count":0,"_bbp_anonymous_reply_count":0,"_bbp_topic_count_hidden":0,"_bbp_reply_count_hidden":0,"_bbp_forum_subforum_count":0,"footnotes":""},"class_list":["post-6547","page","type-page","status-publish","hentry"],"post_mailing_queue_ids":[],"_links":{"self":[{"href":"https:\/\/agora.xtec.cat\/iesserrallarga\/wp-json\/wp\/v2\/pages\/6547","targetHints":{"allow":["GET"]}}],"collection":[{"href":"https:\/\/agora.xtec.cat\/iesserrallarga\/wp-json\/wp\/v2\/pages"}],"about":[{"href":"https:\/\/agora.xtec.cat\/iesserrallarga\/wp-json\/wp\/v2\/types\/page"}],"author":[{"embeddable":true,"href":"https:\/\/agora.xtec.cat\/iesserrallarga\/wp-json\/wp\/v2\/users\/1"}],"replies":[{"embeddable":true,"href":"https:\/\/agora.xtec.cat\/iesserrallarga\/wp-json\/wp\/v2\/comments?post=6547"}],"version-history":[{"count":6,"href":"https:\/\/agora.xtec.cat\/iesserrallarga\/wp-json\/wp\/v2\/pages\/6547\/revisions"}],"predecessor-version":[{"id":15786,"href":"https:\/\/agora.xtec.cat\/iesserrallarga\/wp-json\/wp\/v2\/pages\/6547\/revisions\/15786"}],"up":[{"embeddable":true,"href":"https:\/\/agora.xtec.cat\/iesserrallarga\/wp-json\/wp\/v2\/pages\/81"}],"wp:attachment":[{"href":"https:\/\/agora.xtec.cat\/iesserrallarga\/wp-json\/wp\/v2\/media?parent=6547"}],"curies":[{"name":"wp","href":"https:\/\/api.w.org\/{rel}","templated":true}]}}