{"id":4963,"date":"2020-05-15T14:51:58","date_gmt":"2020-05-15T12:51:58","guid":{"rendered":"https:\/\/agora.xtec.cat\/iesserrallarga\/?page_id=4963"},"modified":"2022-06-20T11:38:18","modified_gmt":"2022-06-20T09:38:18","slug":"ife","status":"publish","type":"page","link":"https:\/\/agora.xtec.cat\/iesserrallarga\/ensenyaments\/ife\/","title":{"rendered":"IFE"},"content":{"rendered":"<p>L\u2019IFE \u00e9s un itinerari formatiu espec\u00edfic que aquest curs 2019-2020 s\u2019ha comen\u00e7at a impartir en el nostre centre.<a style=\"font-family: inherit; font-size: 1em;\" href=\"https:\/\/agora.xtec.cat\/iesserrallarga\/ensenyaments\/ife\/attachment\/fullet-ife-1\/\" rel=\"attachment wp-att-5075\"><img loading=\"lazy\" decoding=\"async\" class=\"alignnone size-large wp-image-5075\" src=\"https:\/\/agora.xtec.cat\/iesserrallarga\/wp-content\/uploads\/usu54\/2020\/05\/Fullet-IFE-1-724x1024.jpg\" alt=\"\" width=\"724\" height=\"1024\" srcset=\"https:\/\/agora.xtec.cat\/iesserrallarga\/wp-content\/uploads\/usu54\/2020\/05\/Fullet-IFE-1-724x1024.jpg 724w, https:\/\/agora.xtec.cat\/iesserrallarga\/wp-content\/uploads\/usu54\/2020\/05\/Fullet-IFE-1-212x300.jpg 212w, https:\/\/agora.xtec.cat\/iesserrallarga\/wp-content\/uploads\/usu54\/2020\/05\/Fullet-IFE-1-768x1086.jpg 768w, https:\/\/agora.xtec.cat\/iesserrallarga\/wp-content\/uploads\/usu54\/2020\/05\/Fullet-IFE-1.jpg 1414w\" sizes=\"auto, (max-width: 724px) 100vw, 724px\" \/><\/a><\/p>\n<p>Qu\u00e8 \u00e9s? Qu\u00e8 fan els alumnes? Qu\u00e8 opinen els propis alumnes dels estudis que cursen? I els seus pares?<\/p>\n<p><iframe loading=\"lazy\" src=\"https:\/\/www.youtube.com\/embed\/jEGRhxQtNjM\" width=\"560\" height=\"315\" frameborder=\"0\"><\/iframe><\/p>\n<p><iframe loading=\"lazy\" src=\"https:\/\/www.youtube.com\/embed\/qPpKMt3ijEM\" width=\"560\" height=\"315\" frameborder=\"0\"><\/iframe><\/p>\n<p><a href=\"https:\/\/agora.xtec.cat\/iesserrallarga\/general\/xerrades-virtuals-sobre-life\/attachment\/0\/\" rel=\"attachment wp-att-4891\"><img loading=\"lazy\" decoding=\"async\" class=\"alignnone size-full wp-image-4891\" src=\"https:\/\/agora.xtec.cat\/iesserrallarga\/wp-content\/uploads\/usu54\/2020\/05\/0.jpg\" alt=\"\" width=\"480\" height=\"360\" srcset=\"https:\/\/agora.xtec.cat\/iesserrallarga\/wp-content\/uploads\/usu54\/2020\/05\/0.jpg 480w, https:\/\/agora.xtec.cat\/iesserrallarga\/wp-content\/uploads\/usu54\/2020\/05\/0-300x225.jpg 300w, https:\/\/agora.xtec.cat\/iesserrallarga\/wp-content\/uploads\/usu54\/2020\/05\/0-200x150.jpg 200w\" sizes=\"auto, (max-width: 480px) 100vw, 480px\" \/><\/a><\/p>\n","protected":false},"excerpt":{"rendered":"<p>L\u2019IFE \u00e9s un itinerari formatiu espec\u00edfic que aquest curs 2019-2020 s\u2019ha comen\u00e7at a impartir en el nostre centre.<a style=\"font-family: inherit; font-size: 1em;\" href=\"https:\/\/agora.xtec.cat\/iesserrallarga\/ensenyaments\/ife\/attachment\/fullet-ife-1\/\" rel=\"attachment wp-att-5075\"><\/a><br \/>\nQu\u00e8 \u00e9s? Qu\u00e8 fan els alumnes? Qu\u00e8 opinen els propis alumnes dels estudis que cursen? I els seus pares?<\/p>\n<p><a href=\"https:\/\/agora.xtec.cat\/iesserrallarga\/general\/xerrades-virtuals-sobre-life\/attachment\/0\/\" rel=\"attachment&hellip;  <a href=\"https:\/\/agora.xtec.cat\/iesserrallarga\/ensenyaments\/ife\/\" title=\"Read IFE\">Llegeix m\u00e9s\u00bb<\/a><\/p>\n","protected":false},"author":1,"featured_media":0,"parent":1103,"menu_order":12,"comment_status":"closed","ping_status":"closed","template":"","meta":{"_bbp_topic_count":0,"_bbp_reply_count":0,"_bbp_total_topic_count":0,"_bbp_total_reply_count":0,"_bbp_voice_count":0,"_bbp_anonymous_reply_count":0,"_bbp_topic_count_hidden":0,"_bbp_reply_count_hidden":0,"_bbp_forum_subforum_count":0,"footnotes":""},"class_list":["post-4963","page","type-page","status-publish","hentry"],"post_mailing_queue_ids":[],"_links":{"self":[{"href":"https:\/\/agora.xtec.cat\/iesserrallarga\/wp-json\/wp\/v2\/pages\/4963","targetHints":{"allow":["GET"]}}],"collection":[{"href":"https:\/\/agora.xtec.cat\/iesserrallarga\/wp-json\/wp\/v2\/pages"}],"about":[{"href":"https:\/\/agora.xtec.cat\/iesserrallarga\/wp-json\/wp\/v2\/types\/page"}],"author":[{"embeddable":true,"href":"https:\/\/agora.xtec.cat\/iesserrallarga\/wp-json\/wp\/v2\/users\/1"}],"replies":[{"embeddable":true,"href":"https:\/\/agora.xtec.cat\/iesserrallarga\/wp-json\/wp\/v2\/comments?post=4963"}],"version-history":[{"count":4,"href":"https:\/\/agora.xtec.cat\/iesserrallarga\/wp-json\/wp\/v2\/pages\/4963\/revisions"}],"predecessor-version":[{"id":8252,"href":"https:\/\/agora.xtec.cat\/iesserrallarga\/wp-json\/wp\/v2\/pages\/4963\/revisions\/8252"}],"up":[{"embeddable":true,"href":"https:\/\/agora.xtec.cat\/iesserrallarga\/wp-json\/wp\/v2\/pages\/1103"}],"wp:attachment":[{"href":"https:\/\/agora.xtec.cat\/iesserrallarga\/wp-json\/wp\/v2\/media?parent=4963"}],"curies":[{"name":"wp","href":"https:\/\/api.w.org\/{rel}","templated":true}]}}