{"id":4898,"date":"2020-05-10T14:09:39","date_gmt":"2020-05-10T12:09:39","guid":{"rendered":"https:\/\/agora.xtec.cat\/iesserrallarga\/?page_id=4898"},"modified":"2021-02-24T11:05:23","modified_gmt":"2021-02-24T10:05:23","slug":"preinscripcions","status":"publish","type":"page","link":"https:\/\/agora.xtec.cat\/iesserrallarga\/preinscripcions\/","title":{"rendered":"Preinscripcions"},"content":{"rendered":"<p><a href=\"https:\/\/preinscripcio.gencat.cat\/ca\/inici\/\">Informaci\u00f3 general de les preinscripcions<\/a><\/p>\n<p>Aquest curs, a causa de les restriccions derivades de la pand\u00e8mia, <strong>les jornades de portes obertes tindran un format diferent<\/strong>, per\u00f2 estem segurs que podran complir amb l\u2019objectiu: mostrar-vos com \u00e9s el nostre centre i que el fa diferent.<\/p>\n<p>Per a aquells que tingueu la possibilitat d\u2019assistir <strong>de manera presencial<\/strong>, tindreu l\u2019oportunitat de veure l\u2019institut i fer una reuni\u00f3 amb l\u2019equip directiu<strong> el dissabte 6 de mar\u00e7<\/strong>.<\/p>\n<p>Aquestes visites estan pensades perqu\u00e8 assisteixi un pare o mare per fam\u00edlia, ja que el Departament d\u2019Educaci\u00f3 ha establert un m\u00e0xim de 10 persones per grup. Els alumnes rebran tota la informaci\u00f3 per con\u00e8ixer el centre per altres vies.<\/p>\n<p><strong>Tamb\u00e9 realitzarem una s\u00e8rie de reunions virtuals<\/strong> pensades per a aquelles fam\u00edlies que no puguin venir al centre o que ja el coneguin. Les sessions virtuals es realitzaran<strong> el dilluns 8 de mar\u00e7<\/strong> en horari de tarda (a partir de les 17.00 h).<\/p>\n<p><strong>Tant les sessions presencials com les telem\u00e0tiques requereixen que us inscriviu<\/strong>. Per fer-ho, <strong>podeu trucar o enviar un WhatsApp al n\u00famero 634762115<\/strong> indicant si voleu participar de manera presencial o telem\u00e0tica, el vostre nom, tel\u00e8fon de contacte i l\u2019escola del vostre fill o filla. Un cop feta la sol\u00b7licitud, rebreu un correu on us indicarem l\u2019hora assignada i, si correspon, l\u2019enlla\u00e7 per la reuni\u00f3.<\/p>\n<p>En aquest enlla\u00e7 teniu tota la informaci\u00f3 sobre les <a href=\"https:\/\/preinscripcio.gencat.cat\/ca\/inici\/\">preinscripcions<\/a>.<\/p>\n<p><a href=\"https:\/\/agora.xtec.cat\/iesserrallarga\/general\/jornada-de-portes-obertes-2\/attachment\/carta-preinscripcions-i-portes-obertes-2\/\" rel=\"attachment wp-att-5962\">Carta preinscripcions i portes obertes<\/a><\/p>\n<p><iframe loading=\"lazy\" src=\"https:\/\/www.youtube.com\/embed\/wo0EWDXhhz4\" width=\"560\" height=\"315\" frameborder=\"0\"><\/iframe><\/p>\n<p><iframe loading=\"lazy\" src=\"https:\/\/www.youtube.com\/embed\/sJUnma_9yKg\" width=\"560\" height=\"315\" frameborder=\"0\"><\/iframe><br \/>\n<a href=\"https:\/\/agora.xtec.cat\/iesserrallarga\/general\/jornada-de-portes-obertes-2\/attachment\/vertical-baner-rosa-preins-quadrat-centres\/\" rel=\"attachment wp-att-5946\"><img loading=\"lazy\" decoding=\"async\" class=\"alignnone size-full wp-image-5946\" src=\"https:\/\/agora.xtec.cat\/iesserrallarga\/wp-content\/uploads\/usu54\/2021\/02\/Vertical-Baner-rosa-preins-quadrat-centres.png\" alt=\"\" width=\"300\" height=\"300\" srcset=\"https:\/\/agora.xtec.cat\/iesserrallarga\/wp-content\/uploads\/usu54\/2021\/02\/Vertical-Baner-rosa-preins-quadrat-centres.png 300w, https:\/\/agora.xtec.cat\/iesserrallarga\/wp-content\/uploads\/usu54\/2021\/02\/Vertical-Baner-rosa-preins-quadrat-centres-150x150.png 150w\" sizes=\"auto, (max-width: 300px) 100vw, 300px\" \/><\/a><\/p>\n","protected":false},"excerpt":{"rendered":"<p><a href=\"https:\/\/preinscripcio.gencat.cat\/ca\/inici\/\">Informaci\u00f3 general de les preinscripcions<\/a><br \/>\nAquest curs, a causa de les restriccions derivades de la pand\u00e8mia, les jornades de portes obertes tindran un format diferent, per\u00f2 estem segurs que podran complir amb l\u2019objectiu: mostrar-vos com \u00e9s el nostre centre i que el fa diferent.<br \/>\nPer a&hellip;  <a href=\"https:\/\/agora.xtec.cat\/iesserrallarga\/preinscripcions\/\" title=\"Read Preinscripcions\">Llegeix m\u00e9s\u00bb<\/a><\/p>\n","protected":false},"author":1,"featured_media":0,"parent":0,"menu_order":0,"comment_status":"closed","ping_status":"closed","template":"","meta":{"_bbp_topic_count":0,"_bbp_reply_count":0,"_bbp_total_topic_count":0,"_bbp_total_reply_count":0,"_bbp_voice_count":0,"_bbp_anonymous_reply_count":0,"_bbp_topic_count_hidden":0,"_bbp_reply_count_hidden":0,"_bbp_forum_subforum_count":0,"footnotes":""},"class_list":["post-4898","page","type-page","status-publish","hentry"],"post_mailing_queue_ids":[],"_links":{"self":[{"href":"https:\/\/agora.xtec.cat\/iesserrallarga\/wp-json\/wp\/v2\/pages\/4898","targetHints":{"allow":["GET"]}}],"collection":[{"href":"https:\/\/agora.xtec.cat\/iesserrallarga\/wp-json\/wp\/v2\/pages"}],"about":[{"href":"https:\/\/agora.xtec.cat\/iesserrallarga\/wp-json\/wp\/v2\/types\/page"}],"author":[{"embeddable":true,"href":"https:\/\/agora.xtec.cat\/iesserrallarga\/wp-json\/wp\/v2\/users\/1"}],"replies":[{"embeddable":true,"href":"https:\/\/agora.xtec.cat\/iesserrallarga\/wp-json\/wp\/v2\/comments?post=4898"}],"version-history":[{"count":4,"href":"https:\/\/agora.xtec.cat\/iesserrallarga\/wp-json\/wp\/v2\/pages\/4898\/revisions"}],"predecessor-version":[{"id":5999,"href":"https:\/\/agora.xtec.cat\/iesserrallarga\/wp-json\/wp\/v2\/pages\/4898\/revisions\/5999"}],"wp:attachment":[{"href":"https:\/\/agora.xtec.cat\/iesserrallarga\/wp-json\/wp\/v2\/media?parent=4898"}],"curies":[{"name":"wp","href":"https:\/\/api.w.org\/{rel}","templated":true}]}}