{"id":3661,"date":"2019-10-04T21:32:39","date_gmt":"2019-10-04T19:32:39","guid":{"rendered":"http:\/\/agora.xtec.cat\/iesserrallarga\/?page_id=3661"},"modified":"2019-10-04T21:39:50","modified_gmt":"2019-10-04T19:39:50","slug":"serrallarga-radio","status":"publish","type":"page","link":"https:\/\/agora.xtec.cat\/iesserrallarga\/serrallarga-radio\/","title":{"rendered":"Serrallarga R\u00e0dio"},"content":{"rendered":"<p style=\"text-align: justify;\"><a href=\"https:\/\/blocs.xtec.cat\/serrallargaradio\/\">Serrallarga R\u00e0dio<\/a> \u00e9s un projecte de r\u00e0dio educativa que neix durant el curs escolar 2017-2018.<br \/>\n\u00c9s un projecte de centre -implica tots els Departaments- que permet ser una eina educativa que arribi a tota la comunitat: alumnes, pares i mares, professorat i poblaci\u00f3 en general.<\/p>\n<p><a href=\"http:\/\/agora.xtec.cat\/iesserrallarga\/serrallarga-radio\/attachment\/taula-del-directe\/\" rel=\"attachment wp-att-3666\"><img loading=\"lazy\" decoding=\"async\" class=\"alignnone size-full wp-image-3666\" src=\"https:\/\/agora.xtec.cat\/iesserrallarga\/wp-content\/uploads\/usu54\/2019\/10\/TAULA-DEL-DIRECTE.jpg\" alt=\"\" width=\"141\" height=\"141\" \/><\/a><\/p>\n<p style=\"text-align: justify;\">La r\u00e0dio \u00e9s un mitj\u00e0 que fomenta i facilita l\u2019expressi\u00f3 oral, la creativitat, la redacci\u00f3 de textos de diferents g\u00e8neres period\u00edstics i l\u2019edici\u00f3 t\u00e8cnica dels sons que s\u2019emeten, amb un treball que es fa des de l\u2019aula i des del mateix locutori. A m\u00e9s a m\u00e9s, fer r\u00e0dio facilita el treball en equip i permet un millor tractament de la diversitat entre l\u2019alumnat.<br \/>\nA banda d\u2019aconseguir millorar l\u2019expressi\u00f3 oral i l\u2019escrita, potencia el desenvolupament d\u2019activitats que desperten l\u2019inter\u00e8s cultural i formatiu dels estudiants.<br \/>\nTamb\u00e9 Serrallarga R\u00e0dio vol ser un canal multiplataforma d\u2019informaci\u00f3 de les activitats que es desenvolupen en el centre.<\/p>\n","protected":false},"excerpt":{"rendered":"<p><a href=\"https:\/\/blocs.xtec.cat\/serrallargaradio\/\">Serrallarga R\u00e0dio<\/a> \u00e9s un projecte de r\u00e0dio educativa que neix durant el curs escolar 2017-2018.<br \/>\n\u00c9s un projecte de centre -implica tots els Departaments- que permet ser una eina educativa que arribi a tota la comunitat: alumnes, pares i mares, professorat i poblaci\u00f3 en general.<br \/>\n<a&hellip;  <a href=\"https:\/\/agora.xtec.cat\/iesserrallarga\/serrallarga-radio\/\" title=\"Read Serrallarga R\u00e0dio\">Llegeix m\u00e9s\u00bb<\/a><\/p>\n","protected":false},"author":1,"featured_media":0,"parent":0,"menu_order":0,"comment_status":"closed","ping_status":"closed","template":"","meta":{"_bbp_topic_count":0,"_bbp_reply_count":0,"_bbp_total_topic_count":0,"_bbp_total_reply_count":0,"_bbp_voice_count":0,"_bbp_anonymous_reply_count":0,"_bbp_topic_count_hidden":0,"_bbp_reply_count_hidden":0,"_bbp_forum_subforum_count":0,"footnotes":""},"class_list":["post-3661","page","type-page","status-publish","hentry"],"post_mailing_queue_ids":[],"_links":{"self":[{"href":"https:\/\/agora.xtec.cat\/iesserrallarga\/wp-json\/wp\/v2\/pages\/3661","targetHints":{"allow":["GET"]}}],"collection":[{"href":"https:\/\/agora.xtec.cat\/iesserrallarga\/wp-json\/wp\/v2\/pages"}],"about":[{"href":"https:\/\/agora.xtec.cat\/iesserrallarga\/wp-json\/wp\/v2\/types\/page"}],"author":[{"embeddable":true,"href":"https:\/\/agora.xtec.cat\/iesserrallarga\/wp-json\/wp\/v2\/users\/1"}],"replies":[{"embeddable":true,"href":"https:\/\/agora.xtec.cat\/iesserrallarga\/wp-json\/wp\/v2\/comments?post=3661"}],"version-history":[{"count":3,"href":"https:\/\/agora.xtec.cat\/iesserrallarga\/wp-json\/wp\/v2\/pages\/3661\/revisions"}],"predecessor-version":[{"id":3667,"href":"https:\/\/agora.xtec.cat\/iesserrallarga\/wp-json\/wp\/v2\/pages\/3661\/revisions\/3667"}],"wp:attachment":[{"href":"https:\/\/agora.xtec.cat\/iesserrallarga\/wp-json\/wp\/v2\/media?parent=3661"}],"curies":[{"name":"wp","href":"https:\/\/api.w.org\/{rel}","templated":true}]}}